{"id":2697,"date":"2019-11-01T12:46:52","date_gmt":"2019-11-01T12:46:52","guid":{"rendered":"http:\/\/impreza15.us-themes.com\/?page_id=2697"},"modified":"2020-10-08T15:35:44","modified_gmt":"2020-10-08T12:35:44","slug":"falez-taslari-ve-dekoratif-kayalar","status":"publish","type":"page","link":"https:\/\/eskisehirdogaltas.com\/?page_id=2697","title":{"rendered":"Falez Ta\u015flar\u0131 ve Dekoratif Kayalar"},"content":{"rendered":"<section class=\"l-section wpb_row height_custom\"><div class=\"l-section-h i-cf\"><div class=\"g-cols vc_row via_flex valign_top type_default stacking_default\"><div class=\"vc_col-sm-12 wpb_column vc_column_container\"><div class=\"vc_column-inner\"><div class=\"wpb_wrapper\"><div class=\"w-grid type_grid layout_1840 hidden cols_5\" id=\"us_grid_1\" style=\"--columns:5;--gap:0.5rem;\" data-filterable=\"true\"><style>@media (max-width:1380px){#us_grid_1{--columns:3!important}}@media (max-width:1024px){#us_grid_1{--columns:2!important}}@media (max-width:600px){#us_grid_1{--columns:1!important}}.layout_1840 .w-grid-item-h{box-shadow:0 0rem 0rem rgba(0,0,0,0.1),0 0rem 0rem rgba(0,0,0,0.1);transition-duration:0.3s}.no-touch .layout_1840 .w-grid-item-h:hover{box-shadow:0 0.1rem 0.2rem rgba(0,0,0,0.1),0 0.33rem 1rem rgba(0,0,0,0.15);z-index:4}.layout_1840 .usg_post_taxonomy_2{transition-duration:0.3s;transform-origin:50% 50%;transform:scale(1) translate(0%,0%);opacity:0}.layout_1840 .w-grid-item-h:hover .usg_post_taxonomy_2{transform:scale(1) translate(0%,0%);opacity:1}.layout_1840 .usg_product_field_1{color:#ffffff!important;font-weight:600!important;text-transform:uppercase!important;font-size:12px!important;line-height:22px!important;padding-left:0.5rem!important;padding-right:0.5rem!important;position:absolute!important;left:0!important;top:0!important;background:#ff5722!important}.layout_1840 .usg_post_title_1{margin-bottom:0.3rem!important}.layout_1840 .usg_product_field_3{font-weight:600!important;font-size:1.3rem!important;margin-bottom:0.3rem!important}.layout_1840 .usg_vwrapper_1{font-size:0.9rem!important;line-height:1.4!important;padding:0.5rem 1rem 1rem 1rem!important}.layout_1840 .usg_post_taxonomy_1{color:#949799!important;margin-bottom:0!important}<\/style><div class=\"w-grid-list\"><\/div><div class=\"w-grid-preloader\">\t<div class=\"g-preloader type_1\">\r\n\t\t<div><\/div>\r\n\t<\/div>\r\n\t<\/div>\t<div class=\"w-grid-json hidden\" onclick='return {&quot;action&quot;:&quot;us_ajax_grid&quot;,&quot;infinite_scroll&quot;:0,&quot;max_num_pages&quot;:0,&quot;pagination&quot;:&quot;none&quot;,&quot;template_vars&quot;:{&quot;columns&quot;:&quot;5&quot;,&quot;exclude_items&quot;:&quot;none&quot;,&quot;img_size&quot;:&quot;default&quot;,&quot;ignore_items_size&quot;:0,&quot;items_layout&quot;:&quot;1840&quot;,&quot;items_offset&quot;:&quot;1&quot;,&quot;load_animation&quot;:&quot;none&quot;,&quot;overriding_link&quot;:&quot;{\\&quot;url\\&quot;:\\&quot;\\&quot;}&quot;,&quot;post_id&quot;:0,&quot;query_args&quot;:{&quot;post_type&quot;:[&quot;product&quot;],&quot;tax_query&quot;:[{&quot;taxonomy&quot;:&quot;product_cat&quot;,&quot;field&quot;:&quot;slug&quot;,&quot;terms&quot;:[&quot;falez-taslari-ve-dekoratif-kayalar&quot;]},{&quot;taxonomy&quot;:&quot;product_tag&quot;,&quot;field&quot;:&quot;slug&quot;,&quot;terms&quot;:[&quot;autumn-for-women&quot;]},{&quot;taxonomy&quot;:&quot;product_visibility&quot;,&quot;field&quot;:&quot;slug&quot;,&quot;terms&quot;:[&quot;exclude-from-catalog&quot;],&quot;operator&quot;:&quot;NOT IN&quot;}],&quot;post_status&quot;:[&quot;publish&quot;,&quot;acf-disabled&quot;],&quot;meta_query&quot;:[],&quot;posts_per_page&quot;:999},&quot;orderby_query_args&quot;:{&quot;orderby&quot;:{&quot;date&quot;:&quot;DESC&quot;}},&quot;type&quot;:&quot;grid&quot;,&quot;us_grid_post_type&quot;:&quot;product&quot;,&quot;us_grid_ajax_index&quot;:1,&quot;us_grid_filter_query_string&quot;:null,&quot;us_grid_index&quot;:1,&quot;page_args&quot;:[]}}'><\/div>\r\n\t<\/div><div class=\"w-grid-none type_message\">Herhangi bir sonu\u00e7 bulunamad\u0131.<\/div><\/div><\/div><\/div><\/div><\/div><\/section>\n","protected":false},"excerpt":{"rendered":"Herhangi bir sonu\u00e7 bulunamad\u0131.","protected":false},"author":1,"featured_media":7943,"parent":0,"menu_order":0,"comment_status":"closed","ping_status":"closed","template":"","meta":{"_acf_changed":false,"footnotes":""},"class_list":["post-2697","page","type-page","status-publish","has-post-thumbnail","hentry"],"acf":[],"yoast_head":"<!-- This site is optimized with the Yoast SEO plugin v24.6 - https:\/\/yoast.com\/wordpress\/plugins\/seo\/ -->\n<title>Falez Ta\u015flar\u0131 ve Dekoratif Kayalar - Eski\u015fehir do\u011falta\u015f<\/title>\n<meta name=\"robots\" content=\"index, follow, max-snippet:-1, max-image-preview:large, max-video-preview:-1\" \/>\n<link rel=\"canonical\" href=\"https:\/\/eskisehirdogaltas.com\/?page_id=2697\" \/>\n<meta property=\"og:locale\" content=\"tr_TR\" \/>\n<meta property=\"og:type\" content=\"article\" \/>\n<meta property=\"og:title\" content=\"Falez Ta\u015flar\u0131 ve Dekoratif Kayalar - Eski\u015fehir do\u011falta\u015f\" \/>\n<meta property=\"og:url\" content=\"https:\/\/eskisehirdogaltas.com\/?page_id=2697\" \/>\n<meta property=\"og:site_name\" content=\"Eski\u015fehir do\u011falta\u015f\" \/>\n<meta property=\"article:modified_time\" content=\"2020-10-08T12:35:44+00:00\" \/>\n<meta property=\"og:image\" content=\"https:\/\/eskisehirdogaltas.com\/wp-content\/uploads\/2020\/06\/falez-ve-meteor-kayalar\u0131-_5-1.gif\" \/>\n\t<meta property=\"og:image:width\" content=\"797\" \/>\n\t<meta property=\"og:image:height\" content=\"600\" \/>\n\t<meta property=\"og:image:type\" content=\"image\/gif\" \/>\n<meta name=\"twitter:card\" content=\"summary_large_image\" \/>\n<script type=\"application\/ld+json\" class=\"yoast-schema-graph\">{\"@context\":\"https:\/\/schema.org\",\"@graph\":[{\"@type\":\"WebPage\",\"@id\":\"https:\/\/eskisehirdogaltas.com\/?page_id=2697\",\"url\":\"https:\/\/eskisehirdogaltas.com\/?page_id=2697\",\"name\":\"Falez Ta\u015flar\u0131 ve Dekoratif Kayalar - Eski\u015fehir do\u011falta\u015f\",\"isPartOf\":{\"@id\":\"https:\/\/eskisehirdogaltas.com\/#website\"},\"primaryImageOfPage\":{\"@id\":\"https:\/\/eskisehirdogaltas.com\/?page_id=2697#primaryimage\"},\"image\":{\"@id\":\"https:\/\/eskisehirdogaltas.com\/?page_id=2697#primaryimage\"},\"thumbnailUrl\":\"https:\/\/eskisehirdogaltas.com\/wp-content\/uploads\/2020\/06\/falez-ve-meteor-kayalar\u0131-_5-1.gif\",\"datePublished\":\"2019-11-01T12:46:52+00:00\",\"dateModified\":\"2020-10-08T12:35:44+00:00\",\"breadcrumb\":{\"@id\":\"https:\/\/eskisehirdogaltas.com\/?page_id=2697#breadcrumb\"},\"inLanguage\":\"tr\",\"potentialAction\":[{\"@type\":\"ReadAction\",\"target\":[\"https:\/\/eskisehirdogaltas.com\/?page_id=2697\"]}]},{\"@type\":\"ImageObject\",\"inLanguage\":\"tr\",\"@id\":\"https:\/\/eskisehirdogaltas.com\/?page_id=2697#primaryimage\",\"url\":\"https:\/\/eskisehirdogaltas.com\/wp-content\/uploads\/2020\/06\/falez-ve-meteor-kayalar\u0131-_5-1.gif\",\"contentUrl\":\"https:\/\/eskisehirdogaltas.com\/wp-content\/uploads\/2020\/06\/falez-ve-meteor-kayalar\u0131-_5-1.gif\",\"width\":797,\"height\":600},{\"@type\":\"BreadcrumbList\",\"@id\":\"https:\/\/eskisehirdogaltas.com\/?page_id=2697#breadcrumb\",\"itemListElement\":[{\"@type\":\"ListItem\",\"position\":1,\"name\":\"Ana sayfa\",\"item\":\"https:\/\/eskisehirdogaltas.com\/\"},{\"@type\":\"ListItem\",\"position\":2,\"name\":\"Falez Ta\u015flar\u0131 ve Dekoratif Kayalar\"}]},{\"@type\":\"WebSite\",\"@id\":\"https:\/\/eskisehirdogaltas.com\/#website\",\"url\":\"https:\/\/eskisehirdogaltas.com\/\",\"name\":\"Eski\u015fehir do\u011falta\u015f\",\"description\":\"TA\u015e YAPI MARKET\",\"potentialAction\":[{\"@type\":\"SearchAction\",\"target\":{\"@type\":\"EntryPoint\",\"urlTemplate\":\"https:\/\/eskisehirdogaltas.com\/?s={search_term_string}\"},\"query-input\":{\"@type\":\"PropertyValueSpecification\",\"valueRequired\":true,\"valueName\":\"search_term_string\"}}],\"inLanguage\":\"tr\"}]}<\/script>\n<!-- \/ Yoast SEO plugin. -->","yoast_head_json":{"title":"Falez Ta\u015flar\u0131 ve Dekoratif Kayalar - Eski\u015fehir do\u011falta\u015f","robots":{"index":"index","follow":"follow","max-snippet":"max-snippet:-1","max-image-preview":"max-image-preview:large","max-video-preview":"max-video-preview:-1"},"canonical":"https:\/\/eskisehirdogaltas.com\/?page_id=2697","og_locale":"tr_TR","og_type":"article","og_title":"Falez Ta\u015flar\u0131 ve Dekoratif Kayalar - Eski\u015fehir do\u011falta\u015f","og_url":"https:\/\/eskisehirdogaltas.com\/?page_id=2697","og_site_name":"Eski\u015fehir do\u011falta\u015f","article_modified_time":"2020-10-08T12:35:44+00:00","og_image":[{"width":797,"height":600,"url":"https:\/\/eskisehirdogaltas.com\/wp-content\/uploads\/2020\/06\/falez-ve-meteor-kayalar\u0131-_5-1.gif","type":"image\/gif"}],"twitter_card":"summary_large_image","schema":{"@context":"https:\/\/schema.org","@graph":[{"@type":"WebPage","@id":"https:\/\/eskisehirdogaltas.com\/?page_id=2697","url":"https:\/\/eskisehirdogaltas.com\/?page_id=2697","name":"Falez Ta\u015flar\u0131 ve Dekoratif Kayalar - Eski\u015fehir do\u011falta\u015f","isPartOf":{"@id":"https:\/\/eskisehirdogaltas.com\/#website"},"primaryImageOfPage":{"@id":"https:\/\/eskisehirdogaltas.com\/?page_id=2697#primaryimage"},"image":{"@id":"https:\/\/eskisehirdogaltas.com\/?page_id=2697#primaryimage"},"thumbnailUrl":"https:\/\/eskisehirdogaltas.com\/wp-content\/uploads\/2020\/06\/falez-ve-meteor-kayalar\u0131-_5-1.gif","datePublished":"2019-11-01T12:46:52+00:00","dateModified":"2020-10-08T12:35:44+00:00","breadcrumb":{"@id":"https:\/\/eskisehirdogaltas.com\/?page_id=2697#breadcrumb"},"inLanguage":"tr","potentialAction":[{"@type":"ReadAction","target":["https:\/\/eskisehirdogaltas.com\/?page_id=2697"]}]},{"@type":"ImageObject","inLanguage":"tr","@id":"https:\/\/eskisehirdogaltas.com\/?page_id=2697#primaryimage","url":"https:\/\/eskisehirdogaltas.com\/wp-content\/uploads\/2020\/06\/falez-ve-meteor-kayalar\u0131-_5-1.gif","contentUrl":"https:\/\/eskisehirdogaltas.com\/wp-content\/uploads\/2020\/06\/falez-ve-meteor-kayalar\u0131-_5-1.gif","width":797,"height":600},{"@type":"BreadcrumbList","@id":"https:\/\/eskisehirdogaltas.com\/?page_id=2697#breadcrumb","itemListElement":[{"@type":"ListItem","position":1,"name":"Ana sayfa","item":"https:\/\/eskisehirdogaltas.com\/"},{"@type":"ListItem","position":2,"name":"Falez Ta\u015flar\u0131 ve Dekoratif Kayalar"}]},{"@type":"WebSite","@id":"https:\/\/eskisehirdogaltas.com\/#website","url":"https:\/\/eskisehirdogaltas.com\/","name":"Eski\u015fehir do\u011falta\u015f","description":"TA\u015e YAPI MARKET","potentialAction":[{"@type":"SearchAction","target":{"@type":"EntryPoint","urlTemplate":"https:\/\/eskisehirdogaltas.com\/?s={search_term_string}"},"query-input":{"@type":"PropertyValueSpecification","valueRequired":true,"valueName":"search_term_string"}}],"inLanguage":"tr"}]}},"_links":{"self":[{"href":"https:\/\/eskisehirdogaltas.com\/index.php?rest_route=\/wp\/v2\/pages\/2697","targetHints":{"allow":["GET"]}}],"collection":[{"href":"https:\/\/eskisehirdogaltas.com\/index.php?rest_route=\/wp\/v2\/pages"}],"about":[{"href":"https:\/\/eskisehirdogaltas.com\/index.php?rest_route=\/wp\/v2\/types\/page"}],"author":[{"embeddable":true,"href":"https:\/\/eskisehirdogaltas.com\/index.php?rest_route=\/wp\/v2\/users\/1"}],"replies":[{"embeddable":true,"href":"https:\/\/eskisehirdogaltas.com\/index.php?rest_route=%2Fwp%2Fv2%2Fcomments&post=2697"}],"version-history":[{"count":1,"href":"https:\/\/eskisehirdogaltas.com\/index.php?rest_route=\/wp\/v2\/pages\/2697\/revisions"}],"predecessor-version":[{"id":8254,"href":"https:\/\/eskisehirdogaltas.com\/index.php?rest_route=\/wp\/v2\/pages\/2697\/revisions\/8254"}],"wp:featuredmedia":[{"embeddable":true,"href":"https:\/\/eskisehirdogaltas.com\/index.php?rest_route=\/wp\/v2\/media\/7943"}],"wp:attachment":[{"href":"https:\/\/eskisehirdogaltas.com\/index.php?rest_route=%2Fwp%2Fv2%2Fmedia&parent=2697"}],"curies":[{"name":"wp","href":"https:\/\/api.w.org\/{rel}","templated":true}]}}