{"id":7748,"date":"2020-03-10T12:49:34","date_gmt":"2020-03-10T09:49:34","guid":{"rendered":"http:\/\/dogaltasci.com\/?page_id=7748"},"modified":"2021-03-25T17:03:44","modified_gmt":"2021-03-25T14:03:44","slug":"hakkimizda","status":"publish","type":"page","link":"https:\/\/eskisehirdogaltas.com\/?page_id=7748","title":{"rendered":"Hakk\u0131m\u0131zda"},"content":{"rendered":"<section class=\"l-section wpb_row height_custom\"><div class=\"l-section-h i-cf\"><div class=\"g-cols vc_row via_flex valign_top type_default stacking_default\"><div class=\"vc_col-sm-6 wpb_column vc_column_container\"><div class=\"vc_column-inner\"><div class=\"wpb_wrapper\"><div class=\"w-image align_none us_animate_afl\"><div class=\"w-image-h\"><img decoding=\"async\" width=\"1024\" height=\"734\" src=\"https:\/\/eskisehirdogaltas.com\/wp-content\/uploads\/2020\/03\/dogal-tas-kosk-5-1024x734.jpg\" class=\"attachment-large size-large\" alt=\"Do\u011fal ta\u015f yap\u0131\" loading=\"lazy\" srcset=\"https:\/\/eskisehirdogaltas.com\/wp-content\/uploads\/2020\/03\/dogal-tas-kosk-5-1024x734.jpg 1024w, https:\/\/eskisehirdogaltas.com\/wp-content\/uploads\/2020\/03\/dogal-tas-kosk-5-600x430.jpg 600w, https:\/\/eskisehirdogaltas.com\/wp-content\/uploads\/2020\/03\/dogal-tas-kosk-5-300x215.jpg 300w, https:\/\/eskisehirdogaltas.com\/wp-content\/uploads\/2020\/03\/dogal-tas-kosk-5.jpg 1420w\" sizes=\"auto, (max-width: 1024px) 100vw, 1024px\" \/><\/div><\/div><\/div><\/div><\/div><div class=\"vc_col-sm-6 wpb_column vc_column_container\"><div class=\"vc_column-inner\"><div class=\"wpb_wrapper\"><div class=\"wpb_text_column\"><div class=\"wpb_wrapper\"><h4><a href=\"https:\/\/eskisehirdogaltas.com\/\">eskisehirdogaltas.com<\/a><\/h4>\n<p>Eski\u015fehir merkezli firmam\u0131z 1980 y\u0131l\u0131ndan bu yana i\u00e7inde do\u011fal ta\u015f\u0131n\u00a0 bulundu\u011fu her t\u00fcrl\u00fc projeye uygun malzeme temini ve uygulamas\u0131 Konusunda faaliyetini s\u00fcrd\u00fcrmektedir.<\/p>\n<p>Kullan\u0131m\u0131\u015f Oldu\u011fu \u00c7ak\u0131l Ta\u015flar\u0131, Ebatl\u0131 D\u00f6\u015femeler, Kayrak Ta\u015flar\u0131, ya\u015fam alanlar\u0131n\u0131z\u0131n giri\u015f k\u0131s\u0131mlar\u0131nda kullan\u0131lan Kemerler, Madalyonlar istenilen \u00f6zelliklerde ve tam istenilen \u015fekilde imalat ve montaj\u0131 yap\u0131lan \u015e\u00f6mine, Ta\u015f Duvar, Traverten patlatma,eskitme Fileli, filesiz, Yapay Ta\u015flar, \u00e7evre d\u00fczenlemesinde kullan\u0131lan meteor kayalar\u0131 ile De\u011fer Kazanan mekanlar yap\u0131yor be\u011feni ve kazanmaya devam ediyoruz<\/p>\n<\/div><\/div><\/div><\/div><\/div><\/div><\/div><\/section>\n","protected":false},"excerpt":{"rendered":"eskisehirdogaltas.com Eski\u015fehir merkezli firmam\u0131z 1980 y\u0131l\u0131ndan bu yana i\u00e7inde do\u011fal ta\u015f\u0131n\u00a0 bulundu\u011fu her t\u00fcrl\u00fc projeye uygun malzeme temini ve uygulamas\u0131 Konusunda faaliyetini s\u00fcrd\u00fcrmektedir. Kullan\u0131m\u0131\u015f Oldu\u011fu \u00c7ak\u0131l Ta\u015flar\u0131, Ebatl\u0131 D\u00f6\u015femeler, Kayrak Ta\u015flar\u0131, ya\u015fam alanlar\u0131n\u0131z\u0131n giri\u015f k\u0131s\u0131mlar\u0131nda kullan\u0131lan Kemerler, Madalyonlar istenilen \u00f6zelliklerde ve tam istenilen \u015fekilde imalat ve montaj\u0131 yap\u0131lan \u015e\u00f6mine, Ta\u015f Duvar, Traverten patlatma,eskitme Fileli, filesiz,...","protected":false},"author":1,"featured_media":0,"parent":0,"menu_order":0,"comment_status":"closed","ping_status":"closed","template":"","meta":{"_acf_changed":false,"footnotes":""},"class_list":["post-7748","page","type-page","status-publish","hentry"],"acf":[],"yoast_head":"<!-- This site is optimized with the Yoast SEO plugin v24.6 - https:\/\/yoast.com\/wordpress\/plugins\/seo\/ -->\n<title>Hakk\u0131m\u0131zda - Eski\u015fehir do\u011falta\u015f<\/title>\n<meta name=\"robots\" content=\"index, follow, max-snippet:-1, max-image-preview:large, max-video-preview:-1\" \/>\n<link rel=\"canonical\" href=\"https:\/\/eskisehirdogaltas.com\/?page_id=7748\" \/>\n<meta property=\"og:locale\" content=\"tr_TR\" \/>\n<meta property=\"og:type\" content=\"article\" \/>\n<meta property=\"og:title\" content=\"Hakk\u0131m\u0131zda - Eski\u015fehir do\u011falta\u015f\" \/>\n<meta property=\"og:url\" content=\"https:\/\/eskisehirdogaltas.com\/?page_id=7748\" \/>\n<meta property=\"og:site_name\" content=\"Eski\u015fehir do\u011falta\u015f\" \/>\n<meta property=\"article:modified_time\" content=\"2021-03-25T14:03:44+00:00\" \/>\n<meta name=\"twitter:card\" content=\"summary_large_image\" \/>\n<meta name=\"twitter:label1\" content=\"Tahmini okuma s\u00fcresi\" \/>\n\t<meta name=\"twitter:data1\" content=\"1 dakika\" \/>\n<script type=\"application\/ld+json\" class=\"yoast-schema-graph\">{\"@context\":\"https:\/\/schema.org\",\"@graph\":[{\"@type\":\"WebPage\",\"@id\":\"https:\/\/eskisehirdogaltas.com\/?page_id=7748\",\"url\":\"https:\/\/eskisehirdogaltas.com\/?page_id=7748\",\"name\":\"Hakk\u0131m\u0131zda - Eski\u015fehir do\u011falta\u015f\",\"isPartOf\":{\"@id\":\"https:\/\/eskisehirdogaltas.com\/#website\"},\"datePublished\":\"2020-03-10T09:49:34+00:00\",\"dateModified\":\"2021-03-25T14:03:44+00:00\",\"breadcrumb\":{\"@id\":\"https:\/\/eskisehirdogaltas.com\/?page_id=7748#breadcrumb\"},\"inLanguage\":\"tr\",\"potentialAction\":[{\"@type\":\"ReadAction\",\"target\":[\"https:\/\/eskisehirdogaltas.com\/?page_id=7748\"]}]},{\"@type\":\"BreadcrumbList\",\"@id\":\"https:\/\/eskisehirdogaltas.com\/?page_id=7748#breadcrumb\",\"itemListElement\":[{\"@type\":\"ListItem\",\"position\":1,\"name\":\"Ana sayfa\",\"item\":\"https:\/\/eskisehirdogaltas.com\/\"},{\"@type\":\"ListItem\",\"position\":2,\"name\":\"Hakk\u0131m\u0131zda\"}]},{\"@type\":\"WebSite\",\"@id\":\"https:\/\/eskisehirdogaltas.com\/#website\",\"url\":\"https:\/\/eskisehirdogaltas.com\/\",\"name\":\"Eski\u015fehir do\u011falta\u015f\",\"description\":\"TA\u015e YAPI MARKET\",\"potentialAction\":[{\"@type\":\"SearchAction\",\"target\":{\"@type\":\"EntryPoint\",\"urlTemplate\":\"https:\/\/eskisehirdogaltas.com\/?s={search_term_string}\"},\"query-input\":{\"@type\":\"PropertyValueSpecification\",\"valueRequired\":true,\"valueName\":\"search_term_string\"}}],\"inLanguage\":\"tr\"}]}<\/script>\n<!-- \/ Yoast SEO plugin. -->","yoast_head_json":{"title":"Hakk\u0131m\u0131zda - Eski\u015fehir do\u011falta\u015f","robots":{"index":"index","follow":"follow","max-snippet":"max-snippet:-1","max-image-preview":"max-image-preview:large","max-video-preview":"max-video-preview:-1"},"canonical":"https:\/\/eskisehirdogaltas.com\/?page_id=7748","og_locale":"tr_TR","og_type":"article","og_title":"Hakk\u0131m\u0131zda - Eski\u015fehir do\u011falta\u015f","og_url":"https:\/\/eskisehirdogaltas.com\/?page_id=7748","og_site_name":"Eski\u015fehir do\u011falta\u015f","article_modified_time":"2021-03-25T14:03:44+00:00","twitter_card":"summary_large_image","twitter_misc":{"Tahmini okuma s\u00fcresi":"1 dakika"},"schema":{"@context":"https:\/\/schema.org","@graph":[{"@type":"WebPage","@id":"https:\/\/eskisehirdogaltas.com\/?page_id=7748","url":"https:\/\/eskisehirdogaltas.com\/?page_id=7748","name":"Hakk\u0131m\u0131zda - Eski\u015fehir do\u011falta\u015f","isPartOf":{"@id":"https:\/\/eskisehirdogaltas.com\/#website"},"datePublished":"2020-03-10T09:49:34+00:00","dateModified":"2021-03-25T14:03:44+00:00","breadcrumb":{"@id":"https:\/\/eskisehirdogaltas.com\/?page_id=7748#breadcrumb"},"inLanguage":"tr","potentialAction":[{"@type":"ReadAction","target":["https:\/\/eskisehirdogaltas.com\/?page_id=7748"]}]},{"@type":"BreadcrumbList","@id":"https:\/\/eskisehirdogaltas.com\/?page_id=7748#breadcrumb","itemListElement":[{"@type":"ListItem","position":1,"name":"Ana sayfa","item":"https:\/\/eskisehirdogaltas.com\/"},{"@type":"ListItem","position":2,"name":"Hakk\u0131m\u0131zda"}]},{"@type":"WebSite","@id":"https:\/\/eskisehirdogaltas.com\/#website","url":"https:\/\/eskisehirdogaltas.com\/","name":"Eski\u015fehir do\u011falta\u015f","description":"TA\u015e YAPI MARKET","potentialAction":[{"@type":"SearchAction","target":{"@type":"EntryPoint","urlTemplate":"https:\/\/eskisehirdogaltas.com\/?s={search_term_string}"},"query-input":{"@type":"PropertyValueSpecification","valueRequired":true,"valueName":"search_term_string"}}],"inLanguage":"tr"}]}},"_links":{"self":[{"href":"https:\/\/eskisehirdogaltas.com\/index.php?rest_route=\/wp\/v2\/pages\/7748","targetHints":{"allow":["GET"]}}],"collection":[{"href":"https:\/\/eskisehirdogaltas.com\/index.php?rest_route=\/wp\/v2\/pages"}],"about":[{"href":"https:\/\/eskisehirdogaltas.com\/index.php?rest_route=\/wp\/v2\/types\/page"}],"author":[{"embeddable":true,"href":"https:\/\/eskisehirdogaltas.com\/index.php?rest_route=\/wp\/v2\/users\/1"}],"replies":[{"embeddable":true,"href":"https:\/\/eskisehirdogaltas.com\/index.php?rest_route=%2Fwp%2Fv2%2Fcomments&post=7748"}],"version-history":[{"count":5,"href":"https:\/\/eskisehirdogaltas.com\/index.php?rest_route=\/wp\/v2\/pages\/7748\/revisions"}],"predecessor-version":[{"id":8522,"href":"https:\/\/eskisehirdogaltas.com\/index.php?rest_route=\/wp\/v2\/pages\/7748\/revisions\/8522"}],"wp:attachment":[{"href":"https:\/\/eskisehirdogaltas.com\/index.php?rest_route=%2Fwp%2Fv2%2Fmedia&parent=7748"}],"curies":[{"name":"wp","href":"https:\/\/api.w.org\/{rel}","templated":true}]}}