{"id":8606,"date":"2021-12-18T11:45:30","date_gmt":"2021-12-18T08:45:30","guid":{"rendered":"http:\/\/eskisehirdogaltas.com\/?page_id=8606"},"modified":"2022-02-03T15:07:26","modified_gmt":"2022-02-03T12:07:26","slug":"klinker-tugla","status":"publish","type":"page","link":"https:\/\/eskisehirdogaltas.com\/?page_id=8606","title":{"rendered":"Klinker tu\u011fla"},"content":{"rendered":"<div class=\"w-gallery fit_cover wp_gallery type_grid action_popup_image ratio_1x1 count_3\" style=\"--columns:3;--items-gap:0px;\"><div class=\"w-gallery-list\"><div class=\"w-gallery-item\"><div class=\"w-gallery-item-img\"><img loading=\"lazy\" decoding=\"async\" width=\"150\" height=\"150\" src=\"https:\/\/eskisehirdogaltas.com\/wp-content\/uploads\/2021\/12\/IMG_20211206_163621-150x150.jpg\" class=\"attachment-thumbnail size-thumbnail\" alt=\"\" srcset=\"https:\/\/eskisehirdogaltas.com\/wp-content\/uploads\/2021\/12\/IMG_20211206_163621-150x150.jpg 150w, https:\/\/eskisehirdogaltas.com\/wp-content\/uploads\/2021\/12\/IMG_20211206_163621-300x300.jpg 300w\" sizes=\"auto, (max-width: 150px) 100vw, 150px\" \/><\/div><a class=\"w-gallery-item-link\" aria-label=\"klinker tu\u011fla\" href=\"https:\/\/eskisehirdogaltas.com\/wp-content\/uploads\/2021\/12\/IMG_20211206_163621-scaled.jpg\" title=\"klinker tu\u011fla\"><\/a><\/div><div class=\"w-gallery-item\"><div class=\"w-gallery-item-img\"><img loading=\"lazy\" decoding=\"async\" width=\"150\" height=\"150\" src=\"https:\/\/eskisehirdogaltas.com\/wp-content\/uploads\/2021\/12\/IMG_20211206_163547-150x150.jpg\" class=\"attachment-thumbnail size-thumbnail\" alt=\"\" srcset=\"https:\/\/eskisehirdogaltas.com\/wp-content\/uploads\/2021\/12\/IMG_20211206_163547-150x150.jpg 150w, https:\/\/eskisehirdogaltas.com\/wp-content\/uploads\/2021\/12\/IMG_20211206_163547-300x300.jpg 300w\" sizes=\"auto, (max-width: 150px) 100vw, 150px\" \/><\/div><a class=\"w-gallery-item-link\" aria-label=\"klinker tu\u011fla\" href=\"https:\/\/eskisehirdogaltas.com\/wp-content\/uploads\/2021\/12\/IMG_20211206_163547-scaled.jpg\" title=\"klinker tu\u011fla\"><\/a><\/div><div class=\"w-gallery-item\"><div class=\"w-gallery-item-img\"><img loading=\"lazy\" decoding=\"async\" width=\"150\" height=\"150\" src=\"https:\/\/eskisehirdogaltas.com\/wp-content\/uploads\/2021\/12\/IMG_20211206_163605-150x150.jpg\" class=\"attachment-thumbnail size-thumbnail\" alt=\"\" srcset=\"https:\/\/eskisehirdogaltas.com\/wp-content\/uploads\/2021\/12\/IMG_20211206_163605-150x150.jpg 150w, https:\/\/eskisehirdogaltas.com\/wp-content\/uploads\/2021\/12\/IMG_20211206_163605-300x300.jpg 300w\" sizes=\"auto, (max-width: 150px) 100vw, 150px\" \/><\/div><a class=\"w-gallery-item-link\" aria-label=\"klinker tu\u011fla\" href=\"https:\/\/eskisehirdogaltas.com\/wp-content\/uploads\/2021\/12\/IMG_20211206_163605-scaled.jpg\" title=\"klinker tu\u011fla\"><\/a><\/div><\/div><\/div>\n","protected":false},"excerpt":{"rendered":"","protected":false},"author":1,"featured_media":8662,"parent":0,"menu_order":0,"comment_status":"closed","ping_status":"closed","template":"","meta":{"_acf_changed":false,"footnotes":""},"class_list":["post-8606","page","type-page","status-publish","has-post-thumbnail","hentry"],"acf":[],"yoast_head":"<!-- This site is optimized with the Yoast SEO plugin v24.6 - https:\/\/yoast.com\/wordpress\/plugins\/seo\/ -->\n<title>Klinker tu\u011fla - Eski\u015fehir do\u011falta\u015f<\/title>\n<meta name=\"description\" content=\"cephe kaplama tu\u011fla \u00e7e\u015fitleri ile uygun fiyat ve kaliteli \u00fcr\u00fcn i\u00e7in ta\u015fyap\u0131 do\u011falta\u015f ile ileti\u015fime ge\u00e7iniz\" \/>\n<meta name=\"robots\" content=\"index, follow, max-snippet:-1, max-image-preview:large, max-video-preview:-1\" \/>\n<link rel=\"canonical\" href=\"https:\/\/eskisehirdogaltas.com\/?page_id=8606\" \/>\n<meta property=\"og:locale\" content=\"tr_TR\" \/>\n<meta property=\"og:type\" content=\"article\" \/>\n<meta property=\"og:title\" content=\"Klinker tu\u011fla - Eski\u015fehir do\u011falta\u015f\" \/>\n<meta property=\"og:description\" content=\"cephe kaplama tu\u011fla \u00e7e\u015fitleri ile uygun fiyat ve kaliteli \u00fcr\u00fcn i\u00e7in ta\u015fyap\u0131 do\u011falta\u015f ile ileti\u015fime ge\u00e7iniz\" \/>\n<meta property=\"og:url\" content=\"https:\/\/eskisehirdogaltas.com\/?page_id=8606\" \/>\n<meta property=\"og:site_name\" content=\"Eski\u015fehir do\u011falta\u015f\" \/>\n<meta property=\"article:modified_time\" content=\"2022-02-03T12:07:26+00:00\" \/>\n<meta property=\"og:image\" content=\"https:\/\/eskisehirdogaltas.com\/wp-content\/uploads\/2022\/02\/tugla.jpg\" \/>\n\t<meta property=\"og:image:width\" content=\"225\" \/>\n\t<meta property=\"og:image:height\" content=\"225\" \/>\n\t<meta property=\"og:image:type\" content=\"image\/jpeg\" \/>\n<meta name=\"twitter:card\" content=\"summary_large_image\" \/>\n<meta name=\"twitter:label1\" content=\"Tahmini okuma s\u00fcresi\" \/>\n\t<meta name=\"twitter:data1\" content=\"1 dakika\" \/>\n<script type=\"application\/ld+json\" class=\"yoast-schema-graph\">{\"@context\":\"https:\/\/schema.org\",\"@graph\":[{\"@type\":\"WebPage\",\"@id\":\"https:\/\/eskisehirdogaltas.com\/?page_id=8606\",\"url\":\"https:\/\/eskisehirdogaltas.com\/?page_id=8606\",\"name\":\"Klinker tu\u011fla - Eski\u015fehir do\u011falta\u015f\",\"isPartOf\":{\"@id\":\"https:\/\/eskisehirdogaltas.com\/#website\"},\"primaryImageOfPage\":{\"@id\":\"https:\/\/eskisehirdogaltas.com\/?page_id=8606#primaryimage\"},\"image\":{\"@id\":\"https:\/\/eskisehirdogaltas.com\/?page_id=8606#primaryimage\"},\"thumbnailUrl\":\"https:\/\/eskisehirdogaltas.com\/wp-content\/uploads\/2022\/02\/tugla.jpg\",\"datePublished\":\"2021-12-18T08:45:30+00:00\",\"dateModified\":\"2022-02-03T12:07:26+00:00\",\"description\":\"cephe kaplama tu\u011fla \u00e7e\u015fitleri ile uygun fiyat ve kaliteli \u00fcr\u00fcn i\u00e7in ta\u015fyap\u0131 do\u011falta\u015f ile ileti\u015fime ge\u00e7iniz\",\"breadcrumb\":{\"@id\":\"https:\/\/eskisehirdogaltas.com\/?page_id=8606#breadcrumb\"},\"inLanguage\":\"tr\",\"potentialAction\":[{\"@type\":\"ReadAction\",\"target\":[\"https:\/\/eskisehirdogaltas.com\/?page_id=8606\"]}]},{\"@type\":\"ImageObject\",\"inLanguage\":\"tr\",\"@id\":\"https:\/\/eskisehirdogaltas.com\/?page_id=8606#primaryimage\",\"url\":\"https:\/\/eskisehirdogaltas.com\/wp-content\/uploads\/2022\/02\/tugla.jpg\",\"contentUrl\":\"https:\/\/eskisehirdogaltas.com\/wp-content\/uploads\/2022\/02\/tugla.jpg\",\"width\":225,\"height\":225,\"caption\":\"cephe kaplama tu\u011fla\"},{\"@type\":\"BreadcrumbList\",\"@id\":\"https:\/\/eskisehirdogaltas.com\/?page_id=8606#breadcrumb\",\"itemListElement\":[{\"@type\":\"ListItem\",\"position\":1,\"name\":\"Ana sayfa\",\"item\":\"https:\/\/eskisehirdogaltas.com\/\"},{\"@type\":\"ListItem\",\"position\":2,\"name\":\"Klinker tu\u011fla\"}]},{\"@type\":\"WebSite\",\"@id\":\"https:\/\/eskisehirdogaltas.com\/#website\",\"url\":\"https:\/\/eskisehirdogaltas.com\/\",\"name\":\"Eski\u015fehir do\u011falta\u015f\",\"description\":\"TA\u015e YAPI MARKET\",\"potentialAction\":[{\"@type\":\"SearchAction\",\"target\":{\"@type\":\"EntryPoint\",\"urlTemplate\":\"https:\/\/eskisehirdogaltas.com\/?s={search_term_string}\"},\"query-input\":{\"@type\":\"PropertyValueSpecification\",\"valueRequired\":true,\"valueName\":\"search_term_string\"}}],\"inLanguage\":\"tr\"}]}<\/script>\n<!-- \/ Yoast SEO plugin. -->","yoast_head_json":{"title":"Klinker tu\u011fla - Eski\u015fehir do\u011falta\u015f","description":"cephe kaplama tu\u011fla \u00e7e\u015fitleri ile uygun fiyat ve kaliteli \u00fcr\u00fcn i\u00e7in ta\u015fyap\u0131 do\u011falta\u015f ile ileti\u015fime ge\u00e7iniz","robots":{"index":"index","follow":"follow","max-snippet":"max-snippet:-1","max-image-preview":"max-image-preview:large","max-video-preview":"max-video-preview:-1"},"canonical":"https:\/\/eskisehirdogaltas.com\/?page_id=8606","og_locale":"tr_TR","og_type":"article","og_title":"Klinker tu\u011fla - Eski\u015fehir do\u011falta\u015f","og_description":"cephe kaplama tu\u011fla \u00e7e\u015fitleri ile uygun fiyat ve kaliteli \u00fcr\u00fcn i\u00e7in ta\u015fyap\u0131 do\u011falta\u015f ile ileti\u015fime ge\u00e7iniz","og_url":"https:\/\/eskisehirdogaltas.com\/?page_id=8606","og_site_name":"Eski\u015fehir do\u011falta\u015f","article_modified_time":"2022-02-03T12:07:26+00:00","og_image":[{"width":225,"height":225,"url":"https:\/\/eskisehirdogaltas.com\/wp-content\/uploads\/2022\/02\/tugla.jpg","type":"image\/jpeg"}],"twitter_card":"summary_large_image","twitter_misc":{"Tahmini okuma s\u00fcresi":"1 dakika"},"schema":{"@context":"https:\/\/schema.org","@graph":[{"@type":"WebPage","@id":"https:\/\/eskisehirdogaltas.com\/?page_id=8606","url":"https:\/\/eskisehirdogaltas.com\/?page_id=8606","name":"Klinker tu\u011fla - Eski\u015fehir do\u011falta\u015f","isPartOf":{"@id":"https:\/\/eskisehirdogaltas.com\/#website"},"primaryImageOfPage":{"@id":"https:\/\/eskisehirdogaltas.com\/?page_id=8606#primaryimage"},"image":{"@id":"https:\/\/eskisehirdogaltas.com\/?page_id=8606#primaryimage"},"thumbnailUrl":"https:\/\/eskisehirdogaltas.com\/wp-content\/uploads\/2022\/02\/tugla.jpg","datePublished":"2021-12-18T08:45:30+00:00","dateModified":"2022-02-03T12:07:26+00:00","description":"cephe kaplama tu\u011fla \u00e7e\u015fitleri ile uygun fiyat ve kaliteli \u00fcr\u00fcn i\u00e7in ta\u015fyap\u0131 do\u011falta\u015f ile ileti\u015fime ge\u00e7iniz","breadcrumb":{"@id":"https:\/\/eskisehirdogaltas.com\/?page_id=8606#breadcrumb"},"inLanguage":"tr","potentialAction":[{"@type":"ReadAction","target":["https:\/\/eskisehirdogaltas.com\/?page_id=8606"]}]},{"@type":"ImageObject","inLanguage":"tr","@id":"https:\/\/eskisehirdogaltas.com\/?page_id=8606#primaryimage","url":"https:\/\/eskisehirdogaltas.com\/wp-content\/uploads\/2022\/02\/tugla.jpg","contentUrl":"https:\/\/eskisehirdogaltas.com\/wp-content\/uploads\/2022\/02\/tugla.jpg","width":225,"height":225,"caption":"cephe kaplama tu\u011fla"},{"@type":"BreadcrumbList","@id":"https:\/\/eskisehirdogaltas.com\/?page_id=8606#breadcrumb","itemListElement":[{"@type":"ListItem","position":1,"name":"Ana sayfa","item":"https:\/\/eskisehirdogaltas.com\/"},{"@type":"ListItem","position":2,"name":"Klinker tu\u011fla"}]},{"@type":"WebSite","@id":"https:\/\/eskisehirdogaltas.com\/#website","url":"https:\/\/eskisehirdogaltas.com\/","name":"Eski\u015fehir do\u011falta\u015f","description":"TA\u015e YAPI MARKET","potentialAction":[{"@type":"SearchAction","target":{"@type":"EntryPoint","urlTemplate":"https:\/\/eskisehirdogaltas.com\/?s={search_term_string}"},"query-input":{"@type":"PropertyValueSpecification","valueRequired":true,"valueName":"search_term_string"}}],"inLanguage":"tr"}]}},"_links":{"self":[{"href":"https:\/\/eskisehirdogaltas.com\/index.php?rest_route=\/wp\/v2\/pages\/8606","targetHints":{"allow":["GET"]}}],"collection":[{"href":"https:\/\/eskisehirdogaltas.com\/index.php?rest_route=\/wp\/v2\/pages"}],"about":[{"href":"https:\/\/eskisehirdogaltas.com\/index.php?rest_route=\/wp\/v2\/types\/page"}],"author":[{"embeddable":true,"href":"https:\/\/eskisehirdogaltas.com\/index.php?rest_route=\/wp\/v2\/users\/1"}],"replies":[{"embeddable":true,"href":"https:\/\/eskisehirdogaltas.com\/index.php?rest_route=%2Fwp%2Fv2%2Fcomments&post=8606"}],"version-history":[{"count":3,"href":"https:\/\/eskisehirdogaltas.com\/index.php?rest_route=\/wp\/v2\/pages\/8606\/revisions"}],"predecessor-version":[{"id":8629,"href":"https:\/\/eskisehirdogaltas.com\/index.php?rest_route=\/wp\/v2\/pages\/8606\/revisions\/8629"}],"wp:featuredmedia":[{"embeddable":true,"href":"https:\/\/eskisehirdogaltas.com\/index.php?rest_route=\/wp\/v2\/media\/8662"}],"wp:attachment":[{"href":"https:\/\/eskisehirdogaltas.com\/index.php?rest_route=%2Fwp%2Fv2%2Fmedia&parent=8606"}],"curies":[{"name":"wp","href":"https:\/\/api.w.org\/{rel}","templated":true}]}}