{"id":7598,"date":"2020-03-09T17:52:52","date_gmt":"2020-03-09T14:52:52","guid":{"rendered":"http:\/\/dogaltasci.com\/?post_type=product&#038;p=7598"},"modified":"2024-03-18T15:09:12","modified_gmt":"2024-03-18T12:09:12","slug":"bodrum-kayrak-tasi","status":"publish","type":"product","link":"https:\/\/eskisehirdogaltas.com\/?product=bodrum-kayrak-tasi","title":{"rendered":"Bodrum Kayrak Ta\u015f\u0131"},"content":{"rendered":"<p>Bodrum kayrak ta\u015f\u0131 kendine has karakteristik \u00f6zellikleriyle \u00dclkemizde oldu\u011fu kadar yurt d\u0131\u015f\u0131nda da en \u00e7ok tercih edilen kayrak ta\u015f\u0131 \u00e7e\u015fitlerinden biridir.<\/p>\n<p>Bordum kayra\u011f\u0131 palet baz\u0131nda sat\u0131\u015f\u0131m\u0131z ve uygulamam\u0131z mevcuttur.<\/p>\n<p>Kayrak Ta\u015f\u0131 Nedir?<br \/>\nKayrak, \u015feyl veya \u00e7amur ta\u015f\u0131n\u0131n d\u00fc\u015f\u00fck dereceli b\u00f6lgesel metamorfizma ile de\u011fi\u015ftirilmesiyle olu\u015fturulan ince taneli, yaprakl\u0131 bir metamorfik kayad\u0131r. Dayan\u0131kl\u0131l\u0131\u011f\u0131 ve \u00e7ekici g\u00f6r\u00fcn\u00fcm\u00fc nedeniyle \u00e7at\u0131, d\u00f6\u015feme kaplama ve peyzaj gibi \u00e7ok \u00e7e\u015fitli kullan\u0131mlar i\u00e7in pop\u00fclerdir.<\/p>\n","protected":false},"excerpt":{"rendered":"<p>Bodrum kayrak ta\u015f\u0131 kendine has karakteristik \u00f6zellikleriyle \u00dclkemizde oldu\u011fu kadar yurt d\u0131\u015f\u0131nda da en \u00e7ok tercih edilen kayrak ta\u015f\u0131 \u00e7e\u015fitlerinden biridir. Bordum kayra\u011f\u0131 palet baz\u0131nda sat\u0131\u015f\u0131m\u0131z ve uygulamam\u0131z mevcuttur. Kayrak Ta\u015f\u0131 Nedir? Kayrak, \u015feyl veya \u00e7amur ta\u015f\u0131n\u0131n d\u00fc\u015f\u00fck dereceli b\u00f6lgesel metamorfizma ile de\u011fi\u015ftirilmesiyle olu\u015fturulan ince taneli, yaprakl\u0131 bir metamorfik kayad\u0131r. Dayan\u0131kl\u0131l\u0131\u011f\u0131 ve \u00e7ekici g\u00f6r\u00fcn\u00fcm\u00fc nedeniyle&#8230;<\/p>\n","protected":false},"featured_media":7614,"comment_status":"open","ping_status":"closed","template":"","meta":{"_acf_changed":false},"product_brand":[],"product_cat":[41],"product_tag":[],"class_list":{"0":"post-7598","1":"product","2":"type-product","3":"status-publish","4":"has-post-thumbnail","6":"product_cat-kayrak-taslari","8":"first","9":"instock","10":"sale","11":"shipping-taxable","12":"purchasable","13":"product-type-simple"},"acf":[],"yoast_head":"<!-- This site is optimized with the Yoast SEO plugin v24.6 - https:\/\/yoast.com\/wordpress\/plugins\/seo\/ -->\n<title>Bodrum Kayrak Ta\u015f\u0131 - Eski\u015fehir do\u011falta\u015f<\/title>\n<meta name=\"description\" content=\"Bodrum kayrak ta\u015f\u0131 siyah sar\u0131 renkleri olan yap\u0131s\u0131nda demir bulunuduran son derece sa\u011flam bir do\u011fal ta\u015f \u00e7e\u015fididir\" \/>\n<meta name=\"robots\" content=\"index, follow, max-snippet:-1, max-image-preview:large, max-video-preview:-1\" \/>\n<link rel=\"canonical\" href=\"https:\/\/eskisehirdogaltas.com\/?product=bodrum-kayrak-tasi\" \/>\n<meta property=\"og:locale\" content=\"tr_TR\" \/>\n<meta property=\"og:type\" content=\"article\" \/>\n<meta property=\"og:title\" content=\"Bodrum Kayrak Ta\u015f\u0131 - Eski\u015fehir do\u011falta\u015f\" \/>\n<meta property=\"og:description\" content=\"Bodrum kayrak ta\u015f\u0131 siyah sar\u0131 renkleri olan yap\u0131s\u0131nda demir bulunuduran son derece sa\u011flam bir do\u011fal ta\u015f \u00e7e\u015fididir\" \/>\n<meta property=\"og:url\" content=\"https:\/\/eskisehirdogaltas.com\/?product=bodrum-kayrak-tasi\" \/>\n<meta property=\"og:site_name\" content=\"Eski\u015fehir do\u011falta\u015f\" \/>\n<meta property=\"article:modified_time\" content=\"2024-03-18T12:09:12+00:00\" \/>\n<meta property=\"og:image\" content=\"https:\/\/eskisehirdogaltas.com\/wp-content\/uploads\/2020\/03\/bodrum-kayrak-tasi-15.jpg\" \/>\n\t<meta property=\"og:image:width\" content=\"800\" \/>\n\t<meta property=\"og:image:height\" content=\"389\" \/>\n\t<meta property=\"og:image:type\" content=\"image\/jpeg\" \/>\n<meta name=\"twitter:card\" content=\"summary_large_image\" \/>\n<script type=\"application\/ld+json\" class=\"yoast-schema-graph\">{\"@context\":\"https:\/\/schema.org\",\"@graph\":[{\"@type\":\"WebPage\",\"@id\":\"https:\/\/eskisehirdogaltas.com\/?product=bodrum-kayrak-tasi\",\"url\":\"https:\/\/eskisehirdogaltas.com\/?product=bodrum-kayrak-tasi\",\"name\":\"Bodrum Kayrak Ta\u015f\u0131 - Eski\u015fehir do\u011falta\u015f\",\"isPartOf\":{\"@id\":\"https:\/\/eskisehirdogaltas.com\/#website\"},\"primaryImageOfPage\":{\"@id\":\"https:\/\/eskisehirdogaltas.com\/?product=bodrum-kayrak-tasi#primaryimage\"},\"image\":{\"@id\":\"https:\/\/eskisehirdogaltas.com\/?product=bodrum-kayrak-tasi#primaryimage\"},\"thumbnailUrl\":\"https:\/\/eskisehirdogaltas.com\/wp-content\/uploads\/2020\/03\/bodrum-kayrak-tasi-15.jpg\",\"datePublished\":\"2020-03-09T14:52:52+00:00\",\"dateModified\":\"2024-03-18T12:09:12+00:00\",\"description\":\"Bodrum kayrak ta\u015f\u0131 siyah sar\u0131 renkleri olan yap\u0131s\u0131nda demir bulunuduran son derece sa\u011flam bir do\u011fal ta\u015f \u00e7e\u015fididir\",\"breadcrumb\":{\"@id\":\"https:\/\/eskisehirdogaltas.com\/?product=bodrum-kayrak-tasi#breadcrumb\"},\"inLanguage\":\"tr\",\"potentialAction\":[{\"@type\":\"ReadAction\",\"target\":[\"https:\/\/eskisehirdogaltas.com\/?product=bodrum-kayrak-tasi\"]}]},{\"@type\":\"ImageObject\",\"inLanguage\":\"tr\",\"@id\":\"https:\/\/eskisehirdogaltas.com\/?product=bodrum-kayrak-tasi#primaryimage\",\"url\":\"https:\/\/eskisehirdogaltas.com\/wp-content\/uploads\/2020\/03\/bodrum-kayrak-tasi-15.jpg\",\"contentUrl\":\"https:\/\/eskisehirdogaltas.com\/wp-content\/uploads\/2020\/03\/bodrum-kayrak-tasi-15.jpg\",\"width\":800,\"height\":389,\"caption\":\"Bodrum Kayrak Ta\u015f\u0131\"},{\"@type\":\"BreadcrumbList\",\"@id\":\"https:\/\/eskisehirdogaltas.com\/?product=bodrum-kayrak-tasi#breadcrumb\",\"itemListElement\":[{\"@type\":\"ListItem\",\"position\":1,\"name\":\"Ana sayfa\",\"item\":\"https:\/\/eskisehirdogaltas.com\/\"},{\"@type\":\"ListItem\",\"position\":2,\"name\":\"Shop\",\"item\":\"https:\/\/eskisehirdogaltas.com\/?page_id=2789\"},{\"@type\":\"ListItem\",\"position\":3,\"name\":\"Bodrum Kayrak Ta\u015f\u0131\"}]},{\"@type\":\"WebSite\",\"@id\":\"https:\/\/eskisehirdogaltas.com\/#website\",\"url\":\"https:\/\/eskisehirdogaltas.com\/\",\"name\":\"Eski\u015fehir do\u011falta\u015f\",\"description\":\"TA\u015e YAPI MARKET\",\"potentialAction\":[{\"@type\":\"SearchAction\",\"target\":{\"@type\":\"EntryPoint\",\"urlTemplate\":\"https:\/\/eskisehirdogaltas.com\/?s={search_term_string}\"},\"query-input\":{\"@type\":\"PropertyValueSpecification\",\"valueRequired\":true,\"valueName\":\"search_term_string\"}}],\"inLanguage\":\"tr\"}]}<\/script>\n<!-- \/ Yoast SEO plugin. -->","yoast_head_json":{"title":"Bodrum Kayrak Ta\u015f\u0131 - Eski\u015fehir do\u011falta\u015f","description":"Bodrum kayrak ta\u015f\u0131 siyah sar\u0131 renkleri olan yap\u0131s\u0131nda demir bulunuduran son derece sa\u011flam bir do\u011fal ta\u015f \u00e7e\u015fididir","robots":{"index":"index","follow":"follow","max-snippet":"max-snippet:-1","max-image-preview":"max-image-preview:large","max-video-preview":"max-video-preview:-1"},"canonical":"https:\/\/eskisehirdogaltas.com\/?product=bodrum-kayrak-tasi","og_locale":"tr_TR","og_type":"article","og_title":"Bodrum Kayrak Ta\u015f\u0131 - Eski\u015fehir do\u011falta\u015f","og_description":"Bodrum kayrak ta\u015f\u0131 siyah sar\u0131 renkleri olan yap\u0131s\u0131nda demir bulunuduran son derece sa\u011flam bir do\u011fal ta\u015f \u00e7e\u015fididir","og_url":"https:\/\/eskisehirdogaltas.com\/?product=bodrum-kayrak-tasi","og_site_name":"Eski\u015fehir do\u011falta\u015f","article_modified_time":"2024-03-18T12:09:12+00:00","og_image":[{"width":800,"height":389,"url":"https:\/\/eskisehirdogaltas.com\/wp-content\/uploads\/2020\/03\/bodrum-kayrak-tasi-15.jpg","type":"image\/jpeg"}],"twitter_card":"summary_large_image","schema":{"@context":"https:\/\/schema.org","@graph":[{"@type":"WebPage","@id":"https:\/\/eskisehirdogaltas.com\/?product=bodrum-kayrak-tasi","url":"https:\/\/eskisehirdogaltas.com\/?product=bodrum-kayrak-tasi","name":"Bodrum Kayrak Ta\u015f\u0131 - Eski\u015fehir do\u011falta\u015f","isPartOf":{"@id":"https:\/\/eskisehirdogaltas.com\/#website"},"primaryImageOfPage":{"@id":"https:\/\/eskisehirdogaltas.com\/?product=bodrum-kayrak-tasi#primaryimage"},"image":{"@id":"https:\/\/eskisehirdogaltas.com\/?product=bodrum-kayrak-tasi#primaryimage"},"thumbnailUrl":"https:\/\/eskisehirdogaltas.com\/wp-content\/uploads\/2020\/03\/bodrum-kayrak-tasi-15.jpg","datePublished":"2020-03-09T14:52:52+00:00","dateModified":"2024-03-18T12:09:12+00:00","description":"Bodrum kayrak ta\u015f\u0131 siyah sar\u0131 renkleri olan yap\u0131s\u0131nda demir bulunuduran son derece sa\u011flam bir do\u011fal ta\u015f \u00e7e\u015fididir","breadcrumb":{"@id":"https:\/\/eskisehirdogaltas.com\/?product=bodrum-kayrak-tasi#breadcrumb"},"inLanguage":"tr","potentialAction":[{"@type":"ReadAction","target":["https:\/\/eskisehirdogaltas.com\/?product=bodrum-kayrak-tasi"]}]},{"@type":"ImageObject","inLanguage":"tr","@id":"https:\/\/eskisehirdogaltas.com\/?product=bodrum-kayrak-tasi#primaryimage","url":"https:\/\/eskisehirdogaltas.com\/wp-content\/uploads\/2020\/03\/bodrum-kayrak-tasi-15.jpg","contentUrl":"https:\/\/eskisehirdogaltas.com\/wp-content\/uploads\/2020\/03\/bodrum-kayrak-tasi-15.jpg","width":800,"height":389,"caption":"Bodrum Kayrak Ta\u015f\u0131"},{"@type":"BreadcrumbList","@id":"https:\/\/eskisehirdogaltas.com\/?product=bodrum-kayrak-tasi#breadcrumb","itemListElement":[{"@type":"ListItem","position":1,"name":"Ana sayfa","item":"https:\/\/eskisehirdogaltas.com\/"},{"@type":"ListItem","position":2,"name":"Shop","item":"https:\/\/eskisehirdogaltas.com\/?page_id=2789"},{"@type":"ListItem","position":3,"name":"Bodrum Kayrak Ta\u015f\u0131"}]},{"@type":"WebSite","@id":"https:\/\/eskisehirdogaltas.com\/#website","url":"https:\/\/eskisehirdogaltas.com\/","name":"Eski\u015fehir do\u011falta\u015f","description":"TA\u015e YAPI MARKET","potentialAction":[{"@type":"SearchAction","target":{"@type":"EntryPoint","urlTemplate":"https:\/\/eskisehirdogaltas.com\/?s={search_term_string}"},"query-input":{"@type":"PropertyValueSpecification","valueRequired":true,"valueName":"search_term_string"}}],"inLanguage":"tr"}]}},"_links":{"self":[{"href":"https:\/\/eskisehirdogaltas.com\/index.php?rest_route=\/wp\/v2\/product\/7598","targetHints":{"allow":["GET"]}}],"collection":[{"href":"https:\/\/eskisehirdogaltas.com\/index.php?rest_route=\/wp\/v2\/product"}],"about":[{"href":"https:\/\/eskisehirdogaltas.com\/index.php?rest_route=\/wp\/v2\/types\/product"}],"replies":[{"embeddable":true,"href":"https:\/\/eskisehirdogaltas.com\/index.php?rest_route=%2Fwp%2Fv2%2Fcomments&post=7598"}],"wp:featuredmedia":[{"embeddable":true,"href":"https:\/\/eskisehirdogaltas.com\/index.php?rest_route=\/wp\/v2\/media\/7614"}],"wp:attachment":[{"href":"https:\/\/eskisehirdogaltas.com\/index.php?rest_route=%2Fwp%2Fv2%2Fmedia&parent=7598"}],"wp:term":[{"taxonomy":"product_brand","embeddable":true,"href":"https:\/\/eskisehirdogaltas.com\/index.php?rest_route=%2Fwp%2Fv2%2Fproduct_brand&post=7598"},{"taxonomy":"product_cat","embeddable":true,"href":"https:\/\/eskisehirdogaltas.com\/index.php?rest_route=%2Fwp%2Fv2%2Fproduct_cat&post=7598"},{"taxonomy":"product_tag","embeddable":true,"href":"https:\/\/eskisehirdogaltas.com\/index.php?rest_route=%2Fwp%2Fv2%2Fproduct_tag&post=7598"}],"curies":[{"name":"wp","href":"https:\/\/api.w.org\/{rel}","templated":true}]}}