{"id":7619,"date":"2020-03-10T10:38:11","date_gmt":"2020-03-10T07:38:11","guid":{"rendered":"http:\/\/dogaltasci.com\/?post_type=product&#038;p=7619"},"modified":"2024-03-18T15:08:48","modified_gmt":"2024-03-18T12:08:48","slug":"denizli-kayrak-tasi","status":"publish","type":"product","link":"https:\/\/eskisehirdogaltas.com\/?product=denizli-kayrak-tasi","title":{"rendered":"Denizli Kayrak Ta\u015f\u0131"},"content":{"rendered":"<p>Denizli Kayrak ta\u015f\u0131, ta\u015f madencili\u011fi konusunda olduk\u00e7a zengin olan Denizli \u0130linden \u00e7\u0131kar\u0131larak i\u015flenen y\u00fcksek kaliteli kayrak ta\u015f\u0131d\u0131r. Denizli kayra\u011f\u0131 pek \u00e7ok mimar, i\u00e7 mimar, peyzaj mimar\u0131 taraf\u0131ndan gerek bina cephe kaplamalar\u0131nda, gerekse havuz, bah\u00e7e gibi d\u0131\u015f mekanlarda kullan\u0131lmaktad\u0131r. \u0130\u00e7 mekan kullan\u0131m\u0131 da olduk\u00e7a yayg\u0131nd\u0131r.<\/p>\n<p>Kayraklar\u0131n \u00e7o\u011fu gri renktedir ve a\u00e7\u0131ktan koyu griye kadar bir ton s\u00fcreklili\u011finde de\u011fi\u015fir. Ayr\u0131ca ye\u015fil, k\u0131rm\u0131z\u0131, siyah, mor ve kahverengi tonlar\u0131nda da g\u00f6r\u00fcl\u00fcr. Kayra\u011f\u0131n rengini genellikle kayada bulunan demir ve organik malzemenin miktar\u0131 ve t\u00fcr\u00fc ile belirler.<\/p>\n<p>&nbsp;<\/p>\n","protected":false},"excerpt":{"rendered":"<p>Denizli Kayrak ta\u015f\u0131, ta\u015f madencili\u011fi konusunda olduk\u00e7a zengin olan Denizli \u0130linden \u00e7\u0131kar\u0131larak i\u015flenen y\u00fcksek kaliteli kayrak ta\u015f\u0131d\u0131r. Denizli kayra\u011f\u0131 pek \u00e7ok mimar, i\u00e7 mimar, peyzaj mimar\u0131 taraf\u0131ndan gerek bina cephe kaplamalar\u0131nda, gerekse havuz, bah\u00e7e gibi d\u0131\u015f mekanlarda kullan\u0131lmaktad\u0131r. \u0130\u00e7 mekan kullan\u0131m\u0131 da olduk\u00e7a yayg\u0131nd\u0131r. Kayraklar\u0131n \u00e7o\u011fu gri renktedir ve a\u00e7\u0131ktan koyu griye kadar bir ton&#8230;<\/p>\n","protected":false},"featured_media":7638,"comment_status":"open","ping_status":"closed","template":"","meta":{"_acf_changed":false},"product_brand":[],"product_cat":[41],"product_tag":[],"class_list":{"0":"post-7619","1":"product","2":"type-product","3":"status-publish","4":"has-post-thumbnail","6":"product_cat-kayrak-taslari","8":"first","9":"instock","10":"sale","11":"shipping-taxable","12":"purchasable","13":"product-type-simple"},"acf":[],"yoast_head":"<!-- This site is optimized with the Yoast SEO plugin v24.6 - https:\/\/yoast.com\/wordpress\/plugins\/seo\/ -->\n<title>Denizli Kayrak Ta\u015f\u0131 - Eski\u015fehir do\u011falta\u015f<\/title>\n<meta name=\"description\" content=\"denizli kayrak ta\u015f\u0131 yap\u0131s\u0131nda y\u00fcksek miktarda kuvars madeni bulundurmaktad\u0131r bu sebepten dolay\u0131 parlak ve simli bir g\u00f6r\u00fcn\u00fcme sahiptir\" \/>\n<meta name=\"robots\" content=\"index, follow, max-snippet:-1, max-image-preview:large, max-video-preview:-1\" \/>\n<link rel=\"canonical\" href=\"https:\/\/eskisehirdogaltas.com\/?product=denizli-kayrak-tasi\" \/>\n<meta property=\"og:locale\" content=\"tr_TR\" \/>\n<meta property=\"og:type\" content=\"article\" \/>\n<meta property=\"og:title\" content=\"Denizli Kayrak Ta\u015f\u0131 - Eski\u015fehir do\u011falta\u015f\" \/>\n<meta property=\"og:description\" content=\"denizli kayrak ta\u015f\u0131 yap\u0131s\u0131nda y\u00fcksek miktarda kuvars madeni bulundurmaktad\u0131r bu sebepten dolay\u0131 parlak ve simli bir g\u00f6r\u00fcn\u00fcme sahiptir\" \/>\n<meta property=\"og:url\" content=\"https:\/\/eskisehirdogaltas.com\/?product=denizli-kayrak-tasi\" \/>\n<meta property=\"og:site_name\" content=\"Eski\u015fehir do\u011falta\u015f\" \/>\n<meta property=\"article:modified_time\" content=\"2024-03-18T12:08:48+00:00\" \/>\n<meta property=\"og:image\" content=\"https:\/\/eskisehirdogaltas.com\/wp-content\/uploads\/2020\/03\/denizli-kayrak-tasi-18.jpg\" \/>\n\t<meta property=\"og:image:width\" content=\"450\" \/>\n\t<meta property=\"og:image:height\" content=\"600\" \/>\n\t<meta property=\"og:image:type\" content=\"image\/jpeg\" \/>\n<meta name=\"twitter:card\" content=\"summary_large_image\" \/>\n<meta name=\"twitter:label1\" content=\"Tahmini okuma s\u00fcresi\" \/>\n\t<meta name=\"twitter:data1\" content=\"1 dakika\" \/>\n<script type=\"application\/ld+json\" class=\"yoast-schema-graph\">{\"@context\":\"https:\/\/schema.org\",\"@graph\":[{\"@type\":\"WebPage\",\"@id\":\"https:\/\/eskisehirdogaltas.com\/?product=denizli-kayrak-tasi\",\"url\":\"https:\/\/eskisehirdogaltas.com\/?product=denizli-kayrak-tasi\",\"name\":\"Denizli Kayrak Ta\u015f\u0131 - Eski\u015fehir do\u011falta\u015f\",\"isPartOf\":{\"@id\":\"https:\/\/eskisehirdogaltas.com\/#website\"},\"primaryImageOfPage\":{\"@id\":\"https:\/\/eskisehirdogaltas.com\/?product=denizli-kayrak-tasi#primaryimage\"},\"image\":{\"@id\":\"https:\/\/eskisehirdogaltas.com\/?product=denizli-kayrak-tasi#primaryimage\"},\"thumbnailUrl\":\"https:\/\/eskisehirdogaltas.com\/wp-content\/uploads\/2020\/03\/denizli-kayrak-tasi-18.jpg\",\"datePublished\":\"2020-03-10T07:38:11+00:00\",\"dateModified\":\"2024-03-18T12:08:48+00:00\",\"description\":\"denizli kayrak ta\u015f\u0131 yap\u0131s\u0131nda y\u00fcksek miktarda kuvars madeni bulundurmaktad\u0131r bu sebepten dolay\u0131 parlak ve simli bir g\u00f6r\u00fcn\u00fcme sahiptir\",\"breadcrumb\":{\"@id\":\"https:\/\/eskisehirdogaltas.com\/?product=denizli-kayrak-tasi#breadcrumb\"},\"inLanguage\":\"tr\",\"potentialAction\":[{\"@type\":\"ReadAction\",\"target\":[\"https:\/\/eskisehirdogaltas.com\/?product=denizli-kayrak-tasi\"]}]},{\"@type\":\"ImageObject\",\"inLanguage\":\"tr\",\"@id\":\"https:\/\/eskisehirdogaltas.com\/?product=denizli-kayrak-tasi#primaryimage\",\"url\":\"https:\/\/eskisehirdogaltas.com\/wp-content\/uploads\/2020\/03\/denizli-kayrak-tasi-18.jpg\",\"contentUrl\":\"https:\/\/eskisehirdogaltas.com\/wp-content\/uploads\/2020\/03\/denizli-kayrak-tasi-18.jpg\",\"width\":450,\"height\":600,\"caption\":\"Denizli Kayrak Ta\u015f\u0131\"},{\"@type\":\"BreadcrumbList\",\"@id\":\"https:\/\/eskisehirdogaltas.com\/?product=denizli-kayrak-tasi#breadcrumb\",\"itemListElement\":[{\"@type\":\"ListItem\",\"position\":1,\"name\":\"Ana sayfa\",\"item\":\"https:\/\/eskisehirdogaltas.com\/\"},{\"@type\":\"ListItem\",\"position\":2,\"name\":\"Shop\",\"item\":\"https:\/\/eskisehirdogaltas.com\/?page_id=2789\"},{\"@type\":\"ListItem\",\"position\":3,\"name\":\"Denizli Kayrak Ta\u015f\u0131\"}]},{\"@type\":\"WebSite\",\"@id\":\"https:\/\/eskisehirdogaltas.com\/#website\",\"url\":\"https:\/\/eskisehirdogaltas.com\/\",\"name\":\"Eski\u015fehir do\u011falta\u015f\",\"description\":\"TA\u015e YAPI MARKET\",\"potentialAction\":[{\"@type\":\"SearchAction\",\"target\":{\"@type\":\"EntryPoint\",\"urlTemplate\":\"https:\/\/eskisehirdogaltas.com\/?s={search_term_string}\"},\"query-input\":{\"@type\":\"PropertyValueSpecification\",\"valueRequired\":true,\"valueName\":\"search_term_string\"}}],\"inLanguage\":\"tr\"}]}<\/script>\n<!-- \/ Yoast SEO plugin. -->","yoast_head_json":{"title":"Denizli Kayrak Ta\u015f\u0131 - Eski\u015fehir do\u011falta\u015f","description":"denizli kayrak ta\u015f\u0131 yap\u0131s\u0131nda y\u00fcksek miktarda kuvars madeni bulundurmaktad\u0131r bu sebepten dolay\u0131 parlak ve simli bir g\u00f6r\u00fcn\u00fcme sahiptir","robots":{"index":"index","follow":"follow","max-snippet":"max-snippet:-1","max-image-preview":"max-image-preview:large","max-video-preview":"max-video-preview:-1"},"canonical":"https:\/\/eskisehirdogaltas.com\/?product=denizli-kayrak-tasi","og_locale":"tr_TR","og_type":"article","og_title":"Denizli Kayrak Ta\u015f\u0131 - Eski\u015fehir do\u011falta\u015f","og_description":"denizli kayrak ta\u015f\u0131 yap\u0131s\u0131nda y\u00fcksek miktarda kuvars madeni bulundurmaktad\u0131r bu sebepten dolay\u0131 parlak ve simli bir g\u00f6r\u00fcn\u00fcme sahiptir","og_url":"https:\/\/eskisehirdogaltas.com\/?product=denizli-kayrak-tasi","og_site_name":"Eski\u015fehir do\u011falta\u015f","article_modified_time":"2024-03-18T12:08:48+00:00","og_image":[{"width":450,"height":600,"url":"https:\/\/eskisehirdogaltas.com\/wp-content\/uploads\/2020\/03\/denizli-kayrak-tasi-18.jpg","type":"image\/jpeg"}],"twitter_card":"summary_large_image","twitter_misc":{"Tahmini okuma s\u00fcresi":"1 dakika"},"schema":{"@context":"https:\/\/schema.org","@graph":[{"@type":"WebPage","@id":"https:\/\/eskisehirdogaltas.com\/?product=denizli-kayrak-tasi","url":"https:\/\/eskisehirdogaltas.com\/?product=denizli-kayrak-tasi","name":"Denizli Kayrak Ta\u015f\u0131 - Eski\u015fehir do\u011falta\u015f","isPartOf":{"@id":"https:\/\/eskisehirdogaltas.com\/#website"},"primaryImageOfPage":{"@id":"https:\/\/eskisehirdogaltas.com\/?product=denizli-kayrak-tasi#primaryimage"},"image":{"@id":"https:\/\/eskisehirdogaltas.com\/?product=denizli-kayrak-tasi#primaryimage"},"thumbnailUrl":"https:\/\/eskisehirdogaltas.com\/wp-content\/uploads\/2020\/03\/denizli-kayrak-tasi-18.jpg","datePublished":"2020-03-10T07:38:11+00:00","dateModified":"2024-03-18T12:08:48+00:00","description":"denizli kayrak ta\u015f\u0131 yap\u0131s\u0131nda y\u00fcksek miktarda kuvars madeni bulundurmaktad\u0131r bu sebepten dolay\u0131 parlak ve simli bir g\u00f6r\u00fcn\u00fcme sahiptir","breadcrumb":{"@id":"https:\/\/eskisehirdogaltas.com\/?product=denizli-kayrak-tasi#breadcrumb"},"inLanguage":"tr","potentialAction":[{"@type":"ReadAction","target":["https:\/\/eskisehirdogaltas.com\/?product=denizli-kayrak-tasi"]}]},{"@type":"ImageObject","inLanguage":"tr","@id":"https:\/\/eskisehirdogaltas.com\/?product=denizli-kayrak-tasi#primaryimage","url":"https:\/\/eskisehirdogaltas.com\/wp-content\/uploads\/2020\/03\/denizli-kayrak-tasi-18.jpg","contentUrl":"https:\/\/eskisehirdogaltas.com\/wp-content\/uploads\/2020\/03\/denizli-kayrak-tasi-18.jpg","width":450,"height":600,"caption":"Denizli Kayrak Ta\u015f\u0131"},{"@type":"BreadcrumbList","@id":"https:\/\/eskisehirdogaltas.com\/?product=denizli-kayrak-tasi#breadcrumb","itemListElement":[{"@type":"ListItem","position":1,"name":"Ana sayfa","item":"https:\/\/eskisehirdogaltas.com\/"},{"@type":"ListItem","position":2,"name":"Shop","item":"https:\/\/eskisehirdogaltas.com\/?page_id=2789"},{"@type":"ListItem","position":3,"name":"Denizli Kayrak Ta\u015f\u0131"}]},{"@type":"WebSite","@id":"https:\/\/eskisehirdogaltas.com\/#website","url":"https:\/\/eskisehirdogaltas.com\/","name":"Eski\u015fehir do\u011falta\u015f","description":"TA\u015e YAPI MARKET","potentialAction":[{"@type":"SearchAction","target":{"@type":"EntryPoint","urlTemplate":"https:\/\/eskisehirdogaltas.com\/?s={search_term_string}"},"query-input":{"@type":"PropertyValueSpecification","valueRequired":true,"valueName":"search_term_string"}}],"inLanguage":"tr"}]}},"_links":{"self":[{"href":"https:\/\/eskisehirdogaltas.com\/index.php?rest_route=\/wp\/v2\/product\/7619","targetHints":{"allow":["GET"]}}],"collection":[{"href":"https:\/\/eskisehirdogaltas.com\/index.php?rest_route=\/wp\/v2\/product"}],"about":[{"href":"https:\/\/eskisehirdogaltas.com\/index.php?rest_route=\/wp\/v2\/types\/product"}],"replies":[{"embeddable":true,"href":"https:\/\/eskisehirdogaltas.com\/index.php?rest_route=%2Fwp%2Fv2%2Fcomments&post=7619"}],"wp:featuredmedia":[{"embeddable":true,"href":"https:\/\/eskisehirdogaltas.com\/index.php?rest_route=\/wp\/v2\/media\/7638"}],"wp:attachment":[{"href":"https:\/\/eskisehirdogaltas.com\/index.php?rest_route=%2Fwp%2Fv2%2Fmedia&parent=7619"}],"wp:term":[{"taxonomy":"product_brand","embeddable":true,"href":"https:\/\/eskisehirdogaltas.com\/index.php?rest_route=%2Fwp%2Fv2%2Fproduct_brand&post=7619"},{"taxonomy":"product_cat","embeddable":true,"href":"https:\/\/eskisehirdogaltas.com\/index.php?rest_route=%2Fwp%2Fv2%2Fproduct_cat&post=7619"},{"taxonomy":"product_tag","embeddable":true,"href":"https:\/\/eskisehirdogaltas.com\/index.php?rest_route=%2Fwp%2Fv2%2Fproduct_tag&post=7619"}],"curies":[{"name":"wp","href":"https:\/\/api.w.org\/{rel}","templated":true}]}}