{"id":7639,"date":"2020-03-10T10:47:34","date_gmt":"2020-03-10T07:47:34","guid":{"rendered":"http:\/\/dogaltasci.com\/?post_type=product&#038;p=7639"},"modified":"2022-02-01T21:59:28","modified_gmt":"2022-02-01T18:59:28","slug":"eskisehir-kayrak-tasi","status":"publish","type":"product","link":"https:\/\/eskisehirdogaltas.com\/?product=eskisehir-kayrak-tasi","title":{"rendered":"Eski\u015fehir Kayrak Ta\u015f\u0131"},"content":{"rendered":"<p>Eski\u015fehir kayrak ta\u015f\u0131 da di\u011fer t\u00fcm kayrak \u00e7e\u015fitlerimiz gibi kendine has renk ve damar \u00f6zellikleriyle \u00f6zel yap\u0131 ve mimari merakl\u0131lar\u0131n\u0131n ilgilisini \u00e7ekmektedir. Di\u011fer t\u00fcm kayrak \u00e7e\u015fitlerimizde oldu\u011fu gibi, Eski\u015fehir kayra\u011f\u0131nda da palet ve tonaj baz\u0131nda sat\u0131\u015flar\u0131m\u0131z vard\u0131r.<\/p>\n<p>T\u00fcm d\u00fcnyada \u00e7\u0131kar\u0131lan kayraklar\u0131n \u00e7o\u011fu \u00e7at\u0131 kaplama levhalar\u0131 \u00fcretmek i\u00e7in kullan\u0131l\u0131r. Kayrak bu uygulamada iyi performans g\u00f6sterir, \u00e7\u00fcnk\u00fc ince tabakalar halinde kesilebilir, minimum nemi emer ve donma suyu ile temas halinde \u00f6zelli\u011fini kaybetmez. Bir dezavantaj olarak, di\u011fer \u00e7at\u0131 kaplama malzemelerine k\u0131yasla kayrak i\u015f\u00e7ili\u011fi ve malzemesi maliyetidir. Sonu\u00e7 olarak, yeni in\u015faatta kayrak esas olarak \u00fcst d\u00fczey projeler ve prestij mimarisi ile s\u0131n\u0131rl\u0131d\u0131r. Buna ra\u011fmen uzun vadede \u00f6m\u00fcr boyu dayan\u0131kl\u0131l\u0131\u011f\u0131 ve yap\u0131ya katt\u0131\u011f\u0131 de\u011fer mu maliyeti fazlas\u0131yla kar\u015f\u0131lar.<\/p>\n","protected":false},"excerpt":{"rendered":"<p>Eski\u015fehir kayrak ta\u015f\u0131 da di\u011fer t\u00fcm kayrak \u00e7e\u015fitlerimiz gibi kendine has renk ve damar \u00f6zellikleriyle \u00f6zel yap\u0131 ve mimari merakl\u0131lar\u0131n\u0131n ilgilisini \u00e7ekmektedir. Di\u011fer t\u00fcm kayrak \u00e7e\u015fitlerimizde oldu\u011fu gibi, Eski\u015fehir kayra\u011f\u0131nda da palet ve tonaj baz\u0131nda sat\u0131\u015flar\u0131m\u0131z vard\u0131r. T\u00fcm d\u00fcnyada \u00e7\u0131kar\u0131lan kayraklar\u0131n \u00e7o\u011fu \u00e7at\u0131 kaplama levhalar\u0131 \u00fcretmek i\u00e7in kullan\u0131l\u0131r. Kayrak bu uygulamada iyi performans g\u00f6sterir, \u00e7\u00fcnk\u00fc&#8230;<\/p>\n","protected":false},"featured_media":7645,"comment_status":"open","ping_status":"closed","template":"","meta":{"_acf_changed":false},"product_brand":[],"product_cat":[41],"product_tag":[],"class_list":{"0":"post-7639","1":"product","2":"type-product","3":"status-publish","4":"has-post-thumbnail","6":"product_cat-kayrak-taslari","8":"first","9":"instock","10":"shipping-taxable","11":"product-type-simple"},"acf":[],"yoast_head":"<!-- This site is optimized with the Yoast SEO plugin v24.6 - https:\/\/yoast.com\/wordpress\/plugins\/seo\/ -->\n<title>Eski\u015fehir Kayrak Ta\u015f\u0131 - Eski\u015fehir do\u011falta\u015f<\/title>\n<meta name=\"robots\" content=\"index, follow, max-snippet:-1, max-image-preview:large, max-video-preview:-1\" \/>\n<link rel=\"canonical\" href=\"https:\/\/eskisehirdogaltas.com\/?product=eskisehir-kayrak-tasi\" \/>\n<meta property=\"og:locale\" content=\"tr_TR\" \/>\n<meta property=\"og:type\" content=\"article\" \/>\n<meta property=\"og:title\" content=\"Eski\u015fehir Kayrak Ta\u015f\u0131 - Eski\u015fehir do\u011falta\u015f\" \/>\n<meta property=\"og:description\" content=\"Eski\u015fehir kayrak ta\u015f\u0131 da di\u011fer t\u00fcm kayrak \u00e7e\u015fitlerimiz gibi kendine has renk ve damar \u00f6zellikleriyle \u00f6zel yap\u0131 ve mimari merakl\u0131lar\u0131n\u0131n ilgilisini \u00e7ekmektedir. Di\u011fer t\u00fcm kayrak \u00e7e\u015fitlerimizde oldu\u011fu gibi, Eski\u015fehir kayra\u011f\u0131nda da palet ve tonaj baz\u0131nda sat\u0131\u015flar\u0131m\u0131z vard\u0131r. T\u00fcm d\u00fcnyada \u00e7\u0131kar\u0131lan kayraklar\u0131n \u00e7o\u011fu \u00e7at\u0131 kaplama levhalar\u0131 \u00fcretmek i\u00e7in kullan\u0131l\u0131r. Kayrak bu uygulamada iyi performans g\u00f6sterir, \u00e7\u00fcnk\u00fc...\" \/>\n<meta property=\"og:url\" content=\"https:\/\/eskisehirdogaltas.com\/?product=eskisehir-kayrak-tasi\" \/>\n<meta property=\"og:site_name\" content=\"Eski\u015fehir do\u011falta\u015f\" \/>\n<meta property=\"article:modified_time\" content=\"2022-02-01T18:59:28+00:00\" \/>\n<meta property=\"og:image\" content=\"https:\/\/eskisehirdogaltas.com\/wp-content\/uploads\/2020\/03\/eskisehir-kayrak-tasi-6.jpg\" \/>\n\t<meta property=\"og:image:width\" content=\"450\" \/>\n\t<meta property=\"og:image:height\" content=\"600\" \/>\n\t<meta property=\"og:image:type\" content=\"image\/jpeg\" \/>\n<meta name=\"twitter:card\" content=\"summary_large_image\" \/>\n<meta name=\"twitter:label1\" content=\"Tahmini okuma s\u00fcresi\" \/>\n\t<meta name=\"twitter:data1\" content=\"1 dakika\" \/>\n<script type=\"application\/ld+json\" class=\"yoast-schema-graph\">{\"@context\":\"https:\/\/schema.org\",\"@graph\":[{\"@type\":\"WebPage\",\"@id\":\"https:\/\/eskisehirdogaltas.com\/?product=eskisehir-kayrak-tasi\",\"url\":\"https:\/\/eskisehirdogaltas.com\/?product=eskisehir-kayrak-tasi\",\"name\":\"Eski\u015fehir Kayrak Ta\u015f\u0131 - Eski\u015fehir do\u011falta\u015f\",\"isPartOf\":{\"@id\":\"https:\/\/eskisehirdogaltas.com\/#website\"},\"primaryImageOfPage\":{\"@id\":\"https:\/\/eskisehirdogaltas.com\/?product=eskisehir-kayrak-tasi#primaryimage\"},\"image\":{\"@id\":\"https:\/\/eskisehirdogaltas.com\/?product=eskisehir-kayrak-tasi#primaryimage\"},\"thumbnailUrl\":\"https:\/\/eskisehirdogaltas.com\/wp-content\/uploads\/2020\/03\/eskisehir-kayrak-tasi-6.jpg\",\"datePublished\":\"2020-03-10T07:47:34+00:00\",\"dateModified\":\"2022-02-01T18:59:28+00:00\",\"breadcrumb\":{\"@id\":\"https:\/\/eskisehirdogaltas.com\/?product=eskisehir-kayrak-tasi#breadcrumb\"},\"inLanguage\":\"tr\",\"potentialAction\":[{\"@type\":\"ReadAction\",\"target\":[\"https:\/\/eskisehirdogaltas.com\/?product=eskisehir-kayrak-tasi\"]}]},{\"@type\":\"ImageObject\",\"inLanguage\":\"tr\",\"@id\":\"https:\/\/eskisehirdogaltas.com\/?product=eskisehir-kayrak-tasi#primaryimage\",\"url\":\"https:\/\/eskisehirdogaltas.com\/wp-content\/uploads\/2020\/03\/eskisehir-kayrak-tasi-6.jpg\",\"contentUrl\":\"https:\/\/eskisehirdogaltas.com\/wp-content\/uploads\/2020\/03\/eskisehir-kayrak-tasi-6.jpg\",\"width\":450,\"height\":600,\"caption\":\"Eski\u015fehir kayrak ta\u015f\u0131\"},{\"@type\":\"BreadcrumbList\",\"@id\":\"https:\/\/eskisehirdogaltas.com\/?product=eskisehir-kayrak-tasi#breadcrumb\",\"itemListElement\":[{\"@type\":\"ListItem\",\"position\":1,\"name\":\"Ana sayfa\",\"item\":\"https:\/\/eskisehirdogaltas.com\/\"},{\"@type\":\"ListItem\",\"position\":2,\"name\":\"Shop\",\"item\":\"https:\/\/eskisehirdogaltas.com\/?page_id=2789\"},{\"@type\":\"ListItem\",\"position\":3,\"name\":\"Eski\u015fehir Kayrak Ta\u015f\u0131\"}]},{\"@type\":\"WebSite\",\"@id\":\"https:\/\/eskisehirdogaltas.com\/#website\",\"url\":\"https:\/\/eskisehirdogaltas.com\/\",\"name\":\"Eski\u015fehir do\u011falta\u015f\",\"description\":\"TA\u015e YAPI MARKET\",\"potentialAction\":[{\"@type\":\"SearchAction\",\"target\":{\"@type\":\"EntryPoint\",\"urlTemplate\":\"https:\/\/eskisehirdogaltas.com\/?s={search_term_string}\"},\"query-input\":{\"@type\":\"PropertyValueSpecification\",\"valueRequired\":true,\"valueName\":\"search_term_string\"}}],\"inLanguage\":\"tr\"}]}<\/script>\n<!-- \/ Yoast SEO plugin. -->","yoast_head_json":{"title":"Eski\u015fehir Kayrak Ta\u015f\u0131 - Eski\u015fehir do\u011falta\u015f","robots":{"index":"index","follow":"follow","max-snippet":"max-snippet:-1","max-image-preview":"max-image-preview:large","max-video-preview":"max-video-preview:-1"},"canonical":"https:\/\/eskisehirdogaltas.com\/?product=eskisehir-kayrak-tasi","og_locale":"tr_TR","og_type":"article","og_title":"Eski\u015fehir Kayrak Ta\u015f\u0131 - Eski\u015fehir do\u011falta\u015f","og_description":"Eski\u015fehir kayrak ta\u015f\u0131 da di\u011fer t\u00fcm kayrak \u00e7e\u015fitlerimiz gibi kendine has renk ve damar \u00f6zellikleriyle \u00f6zel yap\u0131 ve mimari merakl\u0131lar\u0131n\u0131n ilgilisini \u00e7ekmektedir. Di\u011fer t\u00fcm kayrak \u00e7e\u015fitlerimizde oldu\u011fu gibi, Eski\u015fehir kayra\u011f\u0131nda da palet ve tonaj baz\u0131nda sat\u0131\u015flar\u0131m\u0131z vard\u0131r. T\u00fcm d\u00fcnyada \u00e7\u0131kar\u0131lan kayraklar\u0131n \u00e7o\u011fu \u00e7at\u0131 kaplama levhalar\u0131 \u00fcretmek i\u00e7in kullan\u0131l\u0131r. Kayrak bu uygulamada iyi performans g\u00f6sterir, \u00e7\u00fcnk\u00fc...","og_url":"https:\/\/eskisehirdogaltas.com\/?product=eskisehir-kayrak-tasi","og_site_name":"Eski\u015fehir do\u011falta\u015f","article_modified_time":"2022-02-01T18:59:28+00:00","og_image":[{"width":450,"height":600,"url":"https:\/\/eskisehirdogaltas.com\/wp-content\/uploads\/2020\/03\/eskisehir-kayrak-tasi-6.jpg","type":"image\/jpeg"}],"twitter_card":"summary_large_image","twitter_misc":{"Tahmini okuma s\u00fcresi":"1 dakika"},"schema":{"@context":"https:\/\/schema.org","@graph":[{"@type":"WebPage","@id":"https:\/\/eskisehirdogaltas.com\/?product=eskisehir-kayrak-tasi","url":"https:\/\/eskisehirdogaltas.com\/?product=eskisehir-kayrak-tasi","name":"Eski\u015fehir Kayrak Ta\u015f\u0131 - Eski\u015fehir do\u011falta\u015f","isPartOf":{"@id":"https:\/\/eskisehirdogaltas.com\/#website"},"primaryImageOfPage":{"@id":"https:\/\/eskisehirdogaltas.com\/?product=eskisehir-kayrak-tasi#primaryimage"},"image":{"@id":"https:\/\/eskisehirdogaltas.com\/?product=eskisehir-kayrak-tasi#primaryimage"},"thumbnailUrl":"https:\/\/eskisehirdogaltas.com\/wp-content\/uploads\/2020\/03\/eskisehir-kayrak-tasi-6.jpg","datePublished":"2020-03-10T07:47:34+00:00","dateModified":"2022-02-01T18:59:28+00:00","breadcrumb":{"@id":"https:\/\/eskisehirdogaltas.com\/?product=eskisehir-kayrak-tasi#breadcrumb"},"inLanguage":"tr","potentialAction":[{"@type":"ReadAction","target":["https:\/\/eskisehirdogaltas.com\/?product=eskisehir-kayrak-tasi"]}]},{"@type":"ImageObject","inLanguage":"tr","@id":"https:\/\/eskisehirdogaltas.com\/?product=eskisehir-kayrak-tasi#primaryimage","url":"https:\/\/eskisehirdogaltas.com\/wp-content\/uploads\/2020\/03\/eskisehir-kayrak-tasi-6.jpg","contentUrl":"https:\/\/eskisehirdogaltas.com\/wp-content\/uploads\/2020\/03\/eskisehir-kayrak-tasi-6.jpg","width":450,"height":600,"caption":"Eski\u015fehir kayrak ta\u015f\u0131"},{"@type":"BreadcrumbList","@id":"https:\/\/eskisehirdogaltas.com\/?product=eskisehir-kayrak-tasi#breadcrumb","itemListElement":[{"@type":"ListItem","position":1,"name":"Ana sayfa","item":"https:\/\/eskisehirdogaltas.com\/"},{"@type":"ListItem","position":2,"name":"Shop","item":"https:\/\/eskisehirdogaltas.com\/?page_id=2789"},{"@type":"ListItem","position":3,"name":"Eski\u015fehir Kayrak Ta\u015f\u0131"}]},{"@type":"WebSite","@id":"https:\/\/eskisehirdogaltas.com\/#website","url":"https:\/\/eskisehirdogaltas.com\/","name":"Eski\u015fehir do\u011falta\u015f","description":"TA\u015e YAPI MARKET","potentialAction":[{"@type":"SearchAction","target":{"@type":"EntryPoint","urlTemplate":"https:\/\/eskisehirdogaltas.com\/?s={search_term_string}"},"query-input":{"@type":"PropertyValueSpecification","valueRequired":true,"valueName":"search_term_string"}}],"inLanguage":"tr"}]}},"_links":{"self":[{"href":"https:\/\/eskisehirdogaltas.com\/index.php?rest_route=\/wp\/v2\/product\/7639","targetHints":{"allow":["GET"]}}],"collection":[{"href":"https:\/\/eskisehirdogaltas.com\/index.php?rest_route=\/wp\/v2\/product"}],"about":[{"href":"https:\/\/eskisehirdogaltas.com\/index.php?rest_route=\/wp\/v2\/types\/product"}],"replies":[{"embeddable":true,"href":"https:\/\/eskisehirdogaltas.com\/index.php?rest_route=%2Fwp%2Fv2%2Fcomments&post=7639"}],"wp:featuredmedia":[{"embeddable":true,"href":"https:\/\/eskisehirdogaltas.com\/index.php?rest_route=\/wp\/v2\/media\/7645"}],"wp:attachment":[{"href":"https:\/\/eskisehirdogaltas.com\/index.php?rest_route=%2Fwp%2Fv2%2Fmedia&parent=7639"}],"wp:term":[{"taxonomy":"product_brand","embeddable":true,"href":"https:\/\/eskisehirdogaltas.com\/index.php?rest_route=%2Fwp%2Fv2%2Fproduct_brand&post=7639"},{"taxonomy":"product_cat","embeddable":true,"href":"https:\/\/eskisehirdogaltas.com\/index.php?rest_route=%2Fwp%2Fv2%2Fproduct_cat&post=7639"},{"taxonomy":"product_tag","embeddable":true,"href":"https:\/\/eskisehirdogaltas.com\/index.php?rest_route=%2Fwp%2Fv2%2Fproduct_tag&post=7639"}],"curies":[{"name":"wp","href":"https:\/\/api.w.org\/{rel}","templated":true}]}}