{"id":7661,"date":"2020-03-10T11:01:31","date_gmt":"2020-03-10T08:01:31","guid":{"rendered":"http:\/\/dogaltasci.com\/?post_type=product&#038;p=7661"},"modified":"2022-05-27T10:17:18","modified_gmt":"2022-05-27T07:17:18","slug":"izmir-kayrak-tasi","status":"publish","type":"product","link":"https:\/\/eskisehirdogaltas.com\/?product=izmir-kayrak-tasi","title":{"rendered":"\u0130zmir Kayrak Ta\u015f\u0131"},"content":{"rendered":"<p>\u0130zmir kayrak ta\u015f\u0131, bir ba\u015fka bilinen ismiyle \u0130zmir kayra\u011f\u0131 k\u0131rm\u0131z\u0131-kahverengi yatay damarlar\u0131 ve katmanl\u0131 yap\u0131s\u0131yla son derece dekoratif bir kayrak \u00e7e\u015fididir.<\/p>\n<p>\u0130zmir \u0130li&#8217;nin muhtelif yerlerinden \u00e7\u0131kar\u0131lan \u0130zmir Kayra\u011f\u0131 ister i\u00e7 mekan olsun ister d\u0131\u015f mekan, uyguland\u0131\u011f\u0131 cephelerde muhte\u015fem bir g\u00f6rsellik ve etki olu\u015fturmaktad\u0131r.<\/p>\n<p>\u0130nsan\u0131n binlerce y\u0131ll\u0131k medeniyet yolculu\u011funda ta\u015f\u0131n \u00f6nemi \u00e7ok b\u00fcy\u00fckt\u00fcr. Son y\u00fczy\u0131lda yap\u0131 malzemeleri \u00e7ok \u00e7e\u015fitlenmi\u015f olsa da, ta\u015fla olan ili\u015fkisi ve kurdu\u011fu ba\u011f nesilden nesile ula\u015fm\u0131\u015ft\u0131r. Do\u011fal malzemelerin g\u00fcn\u00fcm\u00fcz insan\u0131na verdi\u011fi mutluluk da bundan kaynaklanmaktad\u0131r. Binalarda d\u0131\u015f cephelerde, zemin kaplamalar\u0131nda, i\u00e7 dekorasyonda yapt\u0131\u011f\u0131m\u0131z b\u00fct\u00fcn do\u011fal ta\u015f uygulamalar\u0131 bu mutluluk etkisini m\u00fc\u015fterilerimizde g\u00f6stermektedir.<\/p>\n","protected":false},"excerpt":{"rendered":"<p>\u0130zmir kayrak ta\u015f\u0131, bir ba\u015fka bilinen ismiyle \u0130zmir kayra\u011f\u0131 k\u0131rm\u0131z\u0131-kahverengi yatay damarlar\u0131 ve katmanl\u0131 yap\u0131s\u0131yla son derece dekoratif bir kayrak \u00e7e\u015fididir. \u0130zmir \u0130li&#8217;nin muhtelif yerlerinden \u00e7\u0131kar\u0131lan \u0130zmir Kayra\u011f\u0131 ister i\u00e7 mekan olsun ister d\u0131\u015f mekan, uyguland\u0131\u011f\u0131 cephelerde muhte\u015fem bir g\u00f6rsellik ve etki olu\u015fturmaktad\u0131r. \u0130nsan\u0131n binlerce y\u0131ll\u0131k medeniyet yolculu\u011funda ta\u015f\u0131n \u00f6nemi \u00e7ok b\u00fcy\u00fckt\u00fcr. Son y\u00fczy\u0131lda yap\u0131&#8230;<\/p>\n","protected":false},"featured_media":7664,"comment_status":"open","ping_status":"closed","template":"","meta":{"_acf_changed":false},"product_brand":[],"product_cat":[41],"product_tag":[],"class_list":{"0":"post-7661","1":"product","2":"type-product","3":"status-publish","4":"has-post-thumbnail","6":"product_cat-kayrak-taslari","8":"first","9":"instock","10":"shipping-taxable","11":"product-type-simple"},"acf":[],"yoast_head":"<!-- This site is optimized with the Yoast SEO plugin v24.6 - https:\/\/yoast.com\/wordpress\/plugins\/seo\/ -->\n<title>\u0130zmir Kayrak Ta\u015f\u0131 - Eski\u015fehir do\u011falta\u015f<\/title>\n<meta name=\"description\" content=\"izmir kayrak ta\u015f\u0131 ah\u015fap desenli g\u00f6r\u00fcnt\u00fcs\u00fc ile dikkat \u00e7ekmemektedir.yap\u0131lara estetik ve \u015f\u0131k bir g\u00f6r\u00fcnt\u00fcn\u00fcn yan\u0131nda sa\u011flaml\u0131kda katmakta\" \/>\n<meta name=\"robots\" content=\"index, follow, max-snippet:-1, max-image-preview:large, max-video-preview:-1\" \/>\n<link rel=\"canonical\" href=\"https:\/\/eskisehirdogaltas.com\/?product=izmir-kayrak-tasi\" \/>\n<meta property=\"og:locale\" content=\"tr_TR\" \/>\n<meta property=\"og:type\" content=\"article\" \/>\n<meta property=\"og:title\" content=\"\u0130zmir Kayrak Ta\u015f\u0131 - Eski\u015fehir do\u011falta\u015f\" \/>\n<meta property=\"og:description\" content=\"izmir kayrak ta\u015f\u0131 ah\u015fap desenli g\u00f6r\u00fcnt\u00fcs\u00fc ile dikkat \u00e7ekmemektedir.yap\u0131lara estetik ve \u015f\u0131k bir g\u00f6r\u00fcnt\u00fcn\u00fcn yan\u0131nda sa\u011flaml\u0131kda katmakta\" \/>\n<meta property=\"og:url\" content=\"https:\/\/eskisehirdogaltas.com\/?product=izmir-kayrak-tasi\" \/>\n<meta property=\"og:site_name\" content=\"Eski\u015fehir do\u011falta\u015f\" \/>\n<meta property=\"article:modified_time\" content=\"2022-05-27T07:17:18+00:00\" \/>\n<meta property=\"og:image\" content=\"https:\/\/eskisehirdogaltas.com\/wp-content\/uploads\/2020\/03\/izmir-kayrak-tasi-3.jpg\" \/>\n\t<meta property=\"og:image:width\" content=\"377\" \/>\n\t<meta property=\"og:image:height\" content=\"600\" \/>\n\t<meta property=\"og:image:type\" content=\"image\/jpeg\" \/>\n<meta name=\"twitter:card\" content=\"summary_large_image\" \/>\n<meta name=\"twitter:label1\" content=\"Tahmini okuma s\u00fcresi\" \/>\n\t<meta name=\"twitter:data1\" content=\"1 dakika\" \/>\n<script type=\"application\/ld+json\" class=\"yoast-schema-graph\">{\"@context\":\"https:\/\/schema.org\",\"@graph\":[{\"@type\":\"WebPage\",\"@id\":\"https:\/\/eskisehirdogaltas.com\/?product=izmir-kayrak-tasi\",\"url\":\"https:\/\/eskisehirdogaltas.com\/?product=izmir-kayrak-tasi\",\"name\":\"\u0130zmir Kayrak Ta\u015f\u0131 - Eski\u015fehir do\u011falta\u015f\",\"isPartOf\":{\"@id\":\"https:\/\/eskisehirdogaltas.com\/#website\"},\"primaryImageOfPage\":{\"@id\":\"https:\/\/eskisehirdogaltas.com\/?product=izmir-kayrak-tasi#primaryimage\"},\"image\":{\"@id\":\"https:\/\/eskisehirdogaltas.com\/?product=izmir-kayrak-tasi#primaryimage\"},\"thumbnailUrl\":\"https:\/\/eskisehirdogaltas.com\/wp-content\/uploads\/2020\/03\/izmir-kayrak-tasi-3.jpg\",\"datePublished\":\"2020-03-10T08:01:31+00:00\",\"dateModified\":\"2022-05-27T07:17:18+00:00\",\"description\":\"izmir kayrak ta\u015f\u0131 ah\u015fap desenli g\u00f6r\u00fcnt\u00fcs\u00fc ile dikkat \u00e7ekmemektedir.yap\u0131lara estetik ve \u015f\u0131k bir g\u00f6r\u00fcnt\u00fcn\u00fcn yan\u0131nda sa\u011flaml\u0131kda katmakta\",\"breadcrumb\":{\"@id\":\"https:\/\/eskisehirdogaltas.com\/?product=izmir-kayrak-tasi#breadcrumb\"},\"inLanguage\":\"tr\",\"potentialAction\":[{\"@type\":\"ReadAction\",\"target\":[\"https:\/\/eskisehirdogaltas.com\/?product=izmir-kayrak-tasi\"]}]},{\"@type\":\"ImageObject\",\"inLanguage\":\"tr\",\"@id\":\"https:\/\/eskisehirdogaltas.com\/?product=izmir-kayrak-tasi#primaryimage\",\"url\":\"https:\/\/eskisehirdogaltas.com\/wp-content\/uploads\/2020\/03\/izmir-kayrak-tasi-3.jpg\",\"contentUrl\":\"https:\/\/eskisehirdogaltas.com\/wp-content\/uploads\/2020\/03\/izmir-kayrak-tasi-3.jpg\",\"width\":377,\"height\":600,\"caption\":\"\u0130zmir kayrak ta\u015f\u0131\"},{\"@type\":\"BreadcrumbList\",\"@id\":\"https:\/\/eskisehirdogaltas.com\/?product=izmir-kayrak-tasi#breadcrumb\",\"itemListElement\":[{\"@type\":\"ListItem\",\"position\":1,\"name\":\"Ana sayfa\",\"item\":\"https:\/\/eskisehirdogaltas.com\/\"},{\"@type\":\"ListItem\",\"position\":2,\"name\":\"Shop\",\"item\":\"https:\/\/eskisehirdogaltas.com\/?page_id=2789\"},{\"@type\":\"ListItem\",\"position\":3,\"name\":\"\u0130zmir Kayrak Ta\u015f\u0131\"}]},{\"@type\":\"WebSite\",\"@id\":\"https:\/\/eskisehirdogaltas.com\/#website\",\"url\":\"https:\/\/eskisehirdogaltas.com\/\",\"name\":\"Eski\u015fehir do\u011falta\u015f\",\"description\":\"TA\u015e YAPI MARKET\",\"potentialAction\":[{\"@type\":\"SearchAction\",\"target\":{\"@type\":\"EntryPoint\",\"urlTemplate\":\"https:\/\/eskisehirdogaltas.com\/?s={search_term_string}\"},\"query-input\":{\"@type\":\"PropertyValueSpecification\",\"valueRequired\":true,\"valueName\":\"search_term_string\"}}],\"inLanguage\":\"tr\"}]}<\/script>\n<!-- \/ Yoast SEO plugin. -->","yoast_head_json":{"title":"\u0130zmir Kayrak Ta\u015f\u0131 - Eski\u015fehir do\u011falta\u015f","description":"izmir kayrak ta\u015f\u0131 ah\u015fap desenli g\u00f6r\u00fcnt\u00fcs\u00fc ile dikkat \u00e7ekmemektedir.yap\u0131lara estetik ve \u015f\u0131k bir g\u00f6r\u00fcnt\u00fcn\u00fcn yan\u0131nda sa\u011flaml\u0131kda katmakta","robots":{"index":"index","follow":"follow","max-snippet":"max-snippet:-1","max-image-preview":"max-image-preview:large","max-video-preview":"max-video-preview:-1"},"canonical":"https:\/\/eskisehirdogaltas.com\/?product=izmir-kayrak-tasi","og_locale":"tr_TR","og_type":"article","og_title":"\u0130zmir Kayrak Ta\u015f\u0131 - Eski\u015fehir do\u011falta\u015f","og_description":"izmir kayrak ta\u015f\u0131 ah\u015fap desenli g\u00f6r\u00fcnt\u00fcs\u00fc ile dikkat \u00e7ekmemektedir.yap\u0131lara estetik ve \u015f\u0131k bir g\u00f6r\u00fcnt\u00fcn\u00fcn yan\u0131nda sa\u011flaml\u0131kda katmakta","og_url":"https:\/\/eskisehirdogaltas.com\/?product=izmir-kayrak-tasi","og_site_name":"Eski\u015fehir do\u011falta\u015f","article_modified_time":"2022-05-27T07:17:18+00:00","og_image":[{"width":377,"height":600,"url":"https:\/\/eskisehirdogaltas.com\/wp-content\/uploads\/2020\/03\/izmir-kayrak-tasi-3.jpg","type":"image\/jpeg"}],"twitter_card":"summary_large_image","twitter_misc":{"Tahmini okuma s\u00fcresi":"1 dakika"},"schema":{"@context":"https:\/\/schema.org","@graph":[{"@type":"WebPage","@id":"https:\/\/eskisehirdogaltas.com\/?product=izmir-kayrak-tasi","url":"https:\/\/eskisehirdogaltas.com\/?product=izmir-kayrak-tasi","name":"\u0130zmir Kayrak Ta\u015f\u0131 - Eski\u015fehir do\u011falta\u015f","isPartOf":{"@id":"https:\/\/eskisehirdogaltas.com\/#website"},"primaryImageOfPage":{"@id":"https:\/\/eskisehirdogaltas.com\/?product=izmir-kayrak-tasi#primaryimage"},"image":{"@id":"https:\/\/eskisehirdogaltas.com\/?product=izmir-kayrak-tasi#primaryimage"},"thumbnailUrl":"https:\/\/eskisehirdogaltas.com\/wp-content\/uploads\/2020\/03\/izmir-kayrak-tasi-3.jpg","datePublished":"2020-03-10T08:01:31+00:00","dateModified":"2022-05-27T07:17:18+00:00","description":"izmir kayrak ta\u015f\u0131 ah\u015fap desenli g\u00f6r\u00fcnt\u00fcs\u00fc ile dikkat \u00e7ekmemektedir.yap\u0131lara estetik ve \u015f\u0131k bir g\u00f6r\u00fcnt\u00fcn\u00fcn yan\u0131nda sa\u011flaml\u0131kda katmakta","breadcrumb":{"@id":"https:\/\/eskisehirdogaltas.com\/?product=izmir-kayrak-tasi#breadcrumb"},"inLanguage":"tr","potentialAction":[{"@type":"ReadAction","target":["https:\/\/eskisehirdogaltas.com\/?product=izmir-kayrak-tasi"]}]},{"@type":"ImageObject","inLanguage":"tr","@id":"https:\/\/eskisehirdogaltas.com\/?product=izmir-kayrak-tasi#primaryimage","url":"https:\/\/eskisehirdogaltas.com\/wp-content\/uploads\/2020\/03\/izmir-kayrak-tasi-3.jpg","contentUrl":"https:\/\/eskisehirdogaltas.com\/wp-content\/uploads\/2020\/03\/izmir-kayrak-tasi-3.jpg","width":377,"height":600,"caption":"\u0130zmir kayrak ta\u015f\u0131"},{"@type":"BreadcrumbList","@id":"https:\/\/eskisehirdogaltas.com\/?product=izmir-kayrak-tasi#breadcrumb","itemListElement":[{"@type":"ListItem","position":1,"name":"Ana sayfa","item":"https:\/\/eskisehirdogaltas.com\/"},{"@type":"ListItem","position":2,"name":"Shop","item":"https:\/\/eskisehirdogaltas.com\/?page_id=2789"},{"@type":"ListItem","position":3,"name":"\u0130zmir Kayrak Ta\u015f\u0131"}]},{"@type":"WebSite","@id":"https:\/\/eskisehirdogaltas.com\/#website","url":"https:\/\/eskisehirdogaltas.com\/","name":"Eski\u015fehir do\u011falta\u015f","description":"TA\u015e YAPI MARKET","potentialAction":[{"@type":"SearchAction","target":{"@type":"EntryPoint","urlTemplate":"https:\/\/eskisehirdogaltas.com\/?s={search_term_string}"},"query-input":{"@type":"PropertyValueSpecification","valueRequired":true,"valueName":"search_term_string"}}],"inLanguage":"tr"}]}},"_links":{"self":[{"href":"https:\/\/eskisehirdogaltas.com\/index.php?rest_route=\/wp\/v2\/product\/7661","targetHints":{"allow":["GET"]}}],"collection":[{"href":"https:\/\/eskisehirdogaltas.com\/index.php?rest_route=\/wp\/v2\/product"}],"about":[{"href":"https:\/\/eskisehirdogaltas.com\/index.php?rest_route=\/wp\/v2\/types\/product"}],"replies":[{"embeddable":true,"href":"https:\/\/eskisehirdogaltas.com\/index.php?rest_route=%2Fwp%2Fv2%2Fcomments&post=7661"}],"wp:featuredmedia":[{"embeddable":true,"href":"https:\/\/eskisehirdogaltas.com\/index.php?rest_route=\/wp\/v2\/media\/7664"}],"wp:attachment":[{"href":"https:\/\/eskisehirdogaltas.com\/index.php?rest_route=%2Fwp%2Fv2%2Fmedia&parent=7661"}],"wp:term":[{"taxonomy":"product_brand","embeddable":true,"href":"https:\/\/eskisehirdogaltas.com\/index.php?rest_route=%2Fwp%2Fv2%2Fproduct_brand&post=7661"},{"taxonomy":"product_cat","embeddable":true,"href":"https:\/\/eskisehirdogaltas.com\/index.php?rest_route=%2Fwp%2Fv2%2Fproduct_cat&post=7661"},{"taxonomy":"product_tag","embeddable":true,"href":"https:\/\/eskisehirdogaltas.com\/index.php?rest_route=%2Fwp%2Fv2%2Fproduct_tag&post=7661"}],"curies":[{"name":"wp","href":"https:\/\/api.w.org\/{rel}","templated":true}]}}