{"id":7676,"date":"2020-03-10T11:12:57","date_gmt":"2020-03-10T08:12:57","guid":{"rendered":"http:\/\/dogaltasci.com\/?post_type=product&#038;p=7676"},"modified":"2025-02-10T11:53:51","modified_gmt":"2025-02-10T08:53:51","slug":"kesilmis-ebatli-kayrak-tasi","status":"publish","type":"product","link":"https:\/\/eskisehirdogaltas.com\/?product=kesilmis-ebatli-kayrak-tasi","title":{"rendered":"Kesilmi\u015f Ebatl\u0131 Kayrak Ta\u015f\u0131"},"content":{"rendered":"<p>Kesilmi\u015f ebatl\u0131 kayrak ta\u015f\u0131, kayrak oda\u011f\u0131ndan \u00e7\u0131kard\u0131\u011f\u0131m\u0131z\u00a0 \u00e7ap\u0131 ortalama\u00a0 30 cm ile yar\u0131m metre aras\u0131nda de\u011fi\u015fen kayrak plakalar\u0131n\u0131n belirli bir \u00f6l\u00e7\u00fcye g\u00f6re ebatlanarak, yani uygulanaca\u011f\u0131\u00a0 yere g\u00f6re standart bir \u00f6l\u00e7\u00fcye g\u00f6re dikd\u00f6rtgen ve ya kare olarak kesilerek bir levha \u00fczerine belirli say\u0131da dizilmesiyle haz\u0131rlad\u0131\u011f\u0131m\u0131z kayrak ta\u015flar\u0131d\u0131r. Dekoratif olarak uygulama yerleri hayal g\u00fcc\u00fcn\u00fczle s\u0131n\u0131rl\u0131d\u0131r. Binada \u00e7at\u0131 kaplamalar\u0131 hari\u00e7 hemen her herde uygulanabilir. Kesilmi\u015f kayrak kapl\u0131 bir \u015f\u00f6mine d\u00fc\u015f\u00fcn\u00fcn. Ya da TV \u00fcnitesi yerine duvar\u0131 kesilmi\u015f kayrakla kaplad\u0131\u011f\u0131m\u0131z\u0131 ve \u00fcstten ta\u015f\u0131n dokusu belirginle\u015fecek \u015fekilde lo\u015f bir ayd\u0131nlatma ile ayd\u0131nlatt\u0131\u011f\u0131m\u0131z\u0131.<\/p>\n<p>Bir ta\u015f dekorasyon uygulamas\u0131n\u0131n yerine g\u00f6re b\u00fct\u00fcn g\u00f6rselli\u011fini, b\u00fct\u00fcn ihti\u015fam\u0131n\u0131 ya da minimalizmini kesilmi\u015f ebatl\u0131 kayrak ta\u015f\u0131 ile yakalayabilirsiniz.<\/p>\n","protected":false},"excerpt":{"rendered":"<p>Kesilmi\u015f ebatl\u0131 kayrak ta\u015f\u0131, kayrak oda\u011f\u0131ndan \u00e7\u0131kard\u0131\u011f\u0131m\u0131z\u00a0 \u00e7ap\u0131 ortalama\u00a0 30 cm ile yar\u0131m metre aras\u0131nda de\u011fi\u015fen kayrak plakalar\u0131n\u0131n belirli bir \u00f6l\u00e7\u00fcye g\u00f6re ebatlanarak, yani uygulanaca\u011f\u0131\u00a0 yere g\u00f6re standart bir \u00f6l\u00e7\u00fcye g\u00f6re dikd\u00f6rtgen ve ya kare olarak kesilerek bir levha \u00fczerine belirli say\u0131da dizilmesiyle haz\u0131rlad\u0131\u011f\u0131m\u0131z kayrak ta\u015flar\u0131d\u0131r. Dekoratif olarak uygulama yerleri hayal g\u00fcc\u00fcn\u00fczle s\u0131n\u0131rl\u0131d\u0131r. Binada \u00e7at\u0131&#8230;<\/p>\n","protected":false},"featured_media":7689,"comment_status":"open","ping_status":"closed","template":"","meta":{"_acf_changed":false},"product_brand":[],"product_cat":[41],"product_tag":[],"class_list":{"0":"post-7676","1":"product","2":"type-product","3":"status-publish","4":"has-post-thumbnail","6":"product_cat-kayrak-taslari","8":"first","9":"instock","10":"shipping-taxable","11":"product-type-simple"},"acf":[],"yoast_head":"<!-- This site is optimized with the Yoast SEO plugin v24.6 - https:\/\/yoast.com\/wordpress\/plugins\/seo\/ -->\n<title>Kesilmi\u015f Ebatl\u0131 Kayrak Ta\u015f\u0131 - Eski\u015fehir do\u011falta\u015f<\/title>\n<meta name=\"description\" content=\"Kesilmi\u015f ebatl\u0131 kayrak ta\u015f\u0131, kayrak oca\u011f\u0131ndan \u00e7\u0131kard\u0131\u011f\u0131m\u0131z\u00a0 plakalardan ebatlayarak belirli \u00f6l\u00e7\u00fclere g\u00f6re haz\u0131r hale getiriyoruz.\" \/>\n<meta name=\"robots\" content=\"index, follow, max-snippet:-1, max-image-preview:large, max-video-preview:-1\" \/>\n<link rel=\"canonical\" href=\"https:\/\/eskisehirdogaltas.com\/?product=kesilmis-ebatli-kayrak-tasi\" \/>\n<meta property=\"og:locale\" content=\"tr_TR\" \/>\n<meta property=\"og:type\" content=\"article\" \/>\n<meta property=\"og:title\" content=\"Kesilmi\u015f Ebatl\u0131 Kayrak Ta\u015f\u0131 - Eski\u015fehir do\u011falta\u015f\" \/>\n<meta property=\"og:description\" content=\"Kesilmi\u015f ebatl\u0131 kayrak ta\u015f\u0131, kayrak oca\u011f\u0131ndan \u00e7\u0131kard\u0131\u011f\u0131m\u0131z\u00a0 plakalardan ebatlayarak belirli \u00f6l\u00e7\u00fclere g\u00f6re haz\u0131r hale getiriyoruz.\" \/>\n<meta property=\"og:url\" content=\"https:\/\/eskisehirdogaltas.com\/?product=kesilmis-ebatli-kayrak-tasi\" \/>\n<meta property=\"og:site_name\" content=\"Eski\u015fehir do\u011falta\u015f\" \/>\n<meta property=\"article:modified_time\" content=\"2025-02-10T08:53:51+00:00\" \/>\n<meta property=\"og:image\" content=\"https:\/\/eskisehirdogaltas.com\/wp-content\/uploads\/2020\/03\/kesilmis-ebatli-kayrak-tasi-11.jpg\" \/>\n\t<meta property=\"og:image:width\" content=\"350\" \/>\n\t<meta property=\"og:image:height\" content=\"454\" \/>\n\t<meta property=\"og:image:type\" content=\"image\/jpeg\" \/>\n<meta name=\"twitter:card\" content=\"summary_large_image\" \/>\n<meta name=\"twitter:label1\" content=\"Tahmini okuma s\u00fcresi\" \/>\n\t<meta name=\"twitter:data1\" content=\"1 dakika\" \/>\n<script type=\"application\/ld+json\" class=\"yoast-schema-graph\">{\"@context\":\"https:\/\/schema.org\",\"@graph\":[{\"@type\":\"WebPage\",\"@id\":\"https:\/\/eskisehirdogaltas.com\/?product=kesilmis-ebatli-kayrak-tasi\",\"url\":\"https:\/\/eskisehirdogaltas.com\/?product=kesilmis-ebatli-kayrak-tasi\",\"name\":\"Kesilmi\u015f Ebatl\u0131 Kayrak Ta\u015f\u0131 - Eski\u015fehir do\u011falta\u015f\",\"isPartOf\":{\"@id\":\"https:\/\/eskisehirdogaltas.com\/#website\"},\"primaryImageOfPage\":{\"@id\":\"https:\/\/eskisehirdogaltas.com\/?product=kesilmis-ebatli-kayrak-tasi#primaryimage\"},\"image\":{\"@id\":\"https:\/\/eskisehirdogaltas.com\/?product=kesilmis-ebatli-kayrak-tasi#primaryimage\"},\"thumbnailUrl\":\"https:\/\/eskisehirdogaltas.com\/wp-content\/uploads\/2020\/03\/kesilmis-ebatli-kayrak-tasi-11.jpg\",\"datePublished\":\"2020-03-10T08:12:57+00:00\",\"dateModified\":\"2025-02-10T08:53:51+00:00\",\"description\":\"Kesilmi\u015f ebatl\u0131 kayrak ta\u015f\u0131, kayrak oca\u011f\u0131ndan \u00e7\u0131kard\u0131\u011f\u0131m\u0131z\u00a0 plakalardan ebatlayarak belirli \u00f6l\u00e7\u00fclere g\u00f6re haz\u0131r hale getiriyoruz.\",\"breadcrumb\":{\"@id\":\"https:\/\/eskisehirdogaltas.com\/?product=kesilmis-ebatli-kayrak-tasi#breadcrumb\"},\"inLanguage\":\"tr\",\"potentialAction\":[{\"@type\":\"ReadAction\",\"target\":[\"https:\/\/eskisehirdogaltas.com\/?product=kesilmis-ebatli-kayrak-tasi\"]}]},{\"@type\":\"ImageObject\",\"inLanguage\":\"tr\",\"@id\":\"https:\/\/eskisehirdogaltas.com\/?product=kesilmis-ebatli-kayrak-tasi#primaryimage\",\"url\":\"https:\/\/eskisehirdogaltas.com\/wp-content\/uploads\/2020\/03\/kesilmis-ebatli-kayrak-tasi-11.jpg\",\"contentUrl\":\"https:\/\/eskisehirdogaltas.com\/wp-content\/uploads\/2020\/03\/kesilmis-ebatli-kayrak-tasi-11.jpg\",\"width\":350,\"height\":454,\"caption\":\"Kesilmi\u015f ebatl\u0131 kayrak ta\u015f\u0131\"},{\"@type\":\"BreadcrumbList\",\"@id\":\"https:\/\/eskisehirdogaltas.com\/?product=kesilmis-ebatli-kayrak-tasi#breadcrumb\",\"itemListElement\":[{\"@type\":\"ListItem\",\"position\":1,\"name\":\"Ana sayfa\",\"item\":\"https:\/\/eskisehirdogaltas.com\/\"},{\"@type\":\"ListItem\",\"position\":2,\"name\":\"Shop\",\"item\":\"https:\/\/eskisehirdogaltas.com\/?page_id=2789\"},{\"@type\":\"ListItem\",\"position\":3,\"name\":\"Kesilmi\u015f Ebatl\u0131 Kayrak Ta\u015f\u0131\"}]},{\"@type\":\"WebSite\",\"@id\":\"https:\/\/eskisehirdogaltas.com\/#website\",\"url\":\"https:\/\/eskisehirdogaltas.com\/\",\"name\":\"Eski\u015fehir do\u011falta\u015f\",\"description\":\"TA\u015e YAPI MARKET\",\"potentialAction\":[{\"@type\":\"SearchAction\",\"target\":{\"@type\":\"EntryPoint\",\"urlTemplate\":\"https:\/\/eskisehirdogaltas.com\/?s={search_term_string}\"},\"query-input\":{\"@type\":\"PropertyValueSpecification\",\"valueRequired\":true,\"valueName\":\"search_term_string\"}}],\"inLanguage\":\"tr\"}]}<\/script>\n<!-- \/ Yoast SEO plugin. -->","yoast_head_json":{"title":"Kesilmi\u015f Ebatl\u0131 Kayrak Ta\u015f\u0131 - Eski\u015fehir do\u011falta\u015f","description":"Kesilmi\u015f ebatl\u0131 kayrak ta\u015f\u0131, kayrak oca\u011f\u0131ndan \u00e7\u0131kard\u0131\u011f\u0131m\u0131z\u00a0 plakalardan ebatlayarak belirli \u00f6l\u00e7\u00fclere g\u00f6re haz\u0131r hale getiriyoruz.","robots":{"index":"index","follow":"follow","max-snippet":"max-snippet:-1","max-image-preview":"max-image-preview:large","max-video-preview":"max-video-preview:-1"},"canonical":"https:\/\/eskisehirdogaltas.com\/?product=kesilmis-ebatli-kayrak-tasi","og_locale":"tr_TR","og_type":"article","og_title":"Kesilmi\u015f Ebatl\u0131 Kayrak Ta\u015f\u0131 - Eski\u015fehir do\u011falta\u015f","og_description":"Kesilmi\u015f ebatl\u0131 kayrak ta\u015f\u0131, kayrak oca\u011f\u0131ndan \u00e7\u0131kard\u0131\u011f\u0131m\u0131z\u00a0 plakalardan ebatlayarak belirli \u00f6l\u00e7\u00fclere g\u00f6re haz\u0131r hale getiriyoruz.","og_url":"https:\/\/eskisehirdogaltas.com\/?product=kesilmis-ebatli-kayrak-tasi","og_site_name":"Eski\u015fehir do\u011falta\u015f","article_modified_time":"2025-02-10T08:53:51+00:00","og_image":[{"width":350,"height":454,"url":"https:\/\/eskisehirdogaltas.com\/wp-content\/uploads\/2020\/03\/kesilmis-ebatli-kayrak-tasi-11.jpg","type":"image\/jpeg"}],"twitter_card":"summary_large_image","twitter_misc":{"Tahmini okuma s\u00fcresi":"1 dakika"},"schema":{"@context":"https:\/\/schema.org","@graph":[{"@type":"WebPage","@id":"https:\/\/eskisehirdogaltas.com\/?product=kesilmis-ebatli-kayrak-tasi","url":"https:\/\/eskisehirdogaltas.com\/?product=kesilmis-ebatli-kayrak-tasi","name":"Kesilmi\u015f Ebatl\u0131 Kayrak Ta\u015f\u0131 - Eski\u015fehir do\u011falta\u015f","isPartOf":{"@id":"https:\/\/eskisehirdogaltas.com\/#website"},"primaryImageOfPage":{"@id":"https:\/\/eskisehirdogaltas.com\/?product=kesilmis-ebatli-kayrak-tasi#primaryimage"},"image":{"@id":"https:\/\/eskisehirdogaltas.com\/?product=kesilmis-ebatli-kayrak-tasi#primaryimage"},"thumbnailUrl":"https:\/\/eskisehirdogaltas.com\/wp-content\/uploads\/2020\/03\/kesilmis-ebatli-kayrak-tasi-11.jpg","datePublished":"2020-03-10T08:12:57+00:00","dateModified":"2025-02-10T08:53:51+00:00","description":"Kesilmi\u015f ebatl\u0131 kayrak ta\u015f\u0131, kayrak oca\u011f\u0131ndan \u00e7\u0131kard\u0131\u011f\u0131m\u0131z\u00a0 plakalardan ebatlayarak belirli \u00f6l\u00e7\u00fclere g\u00f6re haz\u0131r hale getiriyoruz.","breadcrumb":{"@id":"https:\/\/eskisehirdogaltas.com\/?product=kesilmis-ebatli-kayrak-tasi#breadcrumb"},"inLanguage":"tr","potentialAction":[{"@type":"ReadAction","target":["https:\/\/eskisehirdogaltas.com\/?product=kesilmis-ebatli-kayrak-tasi"]}]},{"@type":"ImageObject","inLanguage":"tr","@id":"https:\/\/eskisehirdogaltas.com\/?product=kesilmis-ebatli-kayrak-tasi#primaryimage","url":"https:\/\/eskisehirdogaltas.com\/wp-content\/uploads\/2020\/03\/kesilmis-ebatli-kayrak-tasi-11.jpg","contentUrl":"https:\/\/eskisehirdogaltas.com\/wp-content\/uploads\/2020\/03\/kesilmis-ebatli-kayrak-tasi-11.jpg","width":350,"height":454,"caption":"Kesilmi\u015f ebatl\u0131 kayrak ta\u015f\u0131"},{"@type":"BreadcrumbList","@id":"https:\/\/eskisehirdogaltas.com\/?product=kesilmis-ebatli-kayrak-tasi#breadcrumb","itemListElement":[{"@type":"ListItem","position":1,"name":"Ana sayfa","item":"https:\/\/eskisehirdogaltas.com\/"},{"@type":"ListItem","position":2,"name":"Shop","item":"https:\/\/eskisehirdogaltas.com\/?page_id=2789"},{"@type":"ListItem","position":3,"name":"Kesilmi\u015f Ebatl\u0131 Kayrak Ta\u015f\u0131"}]},{"@type":"WebSite","@id":"https:\/\/eskisehirdogaltas.com\/#website","url":"https:\/\/eskisehirdogaltas.com\/","name":"Eski\u015fehir do\u011falta\u015f","description":"TA\u015e YAPI MARKET","potentialAction":[{"@type":"SearchAction","target":{"@type":"EntryPoint","urlTemplate":"https:\/\/eskisehirdogaltas.com\/?s={search_term_string}"},"query-input":{"@type":"PropertyValueSpecification","valueRequired":true,"valueName":"search_term_string"}}],"inLanguage":"tr"}]}},"_links":{"self":[{"href":"https:\/\/eskisehirdogaltas.com\/index.php?rest_route=\/wp\/v2\/product\/7676","targetHints":{"allow":["GET"]}}],"collection":[{"href":"https:\/\/eskisehirdogaltas.com\/index.php?rest_route=\/wp\/v2\/product"}],"about":[{"href":"https:\/\/eskisehirdogaltas.com\/index.php?rest_route=\/wp\/v2\/types\/product"}],"replies":[{"embeddable":true,"href":"https:\/\/eskisehirdogaltas.com\/index.php?rest_route=%2Fwp%2Fv2%2Fcomments&post=7676"}],"wp:featuredmedia":[{"embeddable":true,"href":"https:\/\/eskisehirdogaltas.com\/index.php?rest_route=\/wp\/v2\/media\/7689"}],"wp:attachment":[{"href":"https:\/\/eskisehirdogaltas.com\/index.php?rest_route=%2Fwp%2Fv2%2Fmedia&parent=7676"}],"wp:term":[{"taxonomy":"product_brand","embeddable":true,"href":"https:\/\/eskisehirdogaltas.com\/index.php?rest_route=%2Fwp%2Fv2%2Fproduct_brand&post=7676"},{"taxonomy":"product_cat","embeddable":true,"href":"https:\/\/eskisehirdogaltas.com\/index.php?rest_route=%2Fwp%2Fv2%2Fproduct_cat&post=7676"},{"taxonomy":"product_tag","embeddable":true,"href":"https:\/\/eskisehirdogaltas.com\/index.php?rest_route=%2Fwp%2Fv2%2Fproduct_tag&post=7676"}],"curies":[{"name":"wp","href":"https:\/\/api.w.org\/{rel}","templated":true}]}}