{"id":7798,"date":"2020-05-31T17:48:34","date_gmt":"2020-05-31T14:48:34","guid":{"rendered":"http:\/\/dogaltasci.com\/?post_type=product&#038;p=7798"},"modified":"2020-06-02T16:12:04","modified_gmt":"2020-06-02T13:12:04","slug":"tamburlu-dolamit-3-5-cm","status":"publish","type":"product","link":"https:\/\/eskisehirdogaltas.com\/?product=tamburlu-dolamit-3-5-cm","title":{"rendered":"Tamburlu beyaz \u00e7ak\u0131l 2-4 cm"},"content":{"rendered":"","protected":false},"excerpt":{"rendered":"<p>Tamburlu dolamit \u00e7ak\u0131l ta\u015flar\u0131 peyzaj alan\u0131nda bir \u00e7ok yerde kullan\u0131l\u0131r bitki dipleri s\u00fcs havuzlar\u0131 kaya bah\u00e7eleri\u00a0 saks\u0131 i\u00e7lerinde tamburlu beyaz \u00e7ak\u0131lar kullan\u0131lmaktad\u0131r<\/p>\n<p>tamen do\u011falta\u015f lardan uzun s\u00fcre tamburlama y\u00f6ntemi ile \u00fcretilmektedir<\/p>\n<p>bir \u00e7ok ebat\u0131 ve boyutu vard\u0131r ton baz\u0131nda kilo baz\u0131nda t\u0131r baz\u0131nda sat\u0131\u015flar\u0131m\u0131z vard\u0131r<\/p>\n<p>tamburlu beyaz \u00e7ak\u0131l ta\u015f\u0131n do\u011fru adresi ta\u015f yap\u0131 do\u011fal ta\u015f t\u0131r<\/p>\n","protected":false},"featured_media":7799,"comment_status":"open","ping_status":"closed","template":"","meta":{"_acf_changed":false},"product_brand":[],"product_cat":[44],"product_tag":[],"class_list":{"0":"post-7798","1":"product","2":"type-product","3":"status-publish","4":"has-post-thumbnail","6":"product_cat-dolamit-ve-cakiltaslari","8":"first","9":"instock","10":"shipping-taxable","11":"product-type-simple"},"acf":[],"yoast_head":"<!-- This site is optimized with the Yoast SEO plugin v24.6 - https:\/\/yoast.com\/wordpress\/plugins\/seo\/ -->\n<title>Tamburlu beyaz \u00e7ak\u0131l 2-4 cm - Eski\u015fehir do\u011falta\u015f<\/title>\n<meta name=\"robots\" content=\"index, follow, max-snippet:-1, max-image-preview:large, max-video-preview:-1\" \/>\n<link rel=\"canonical\" href=\"https:\/\/eskisehirdogaltas.com\/?product=tamburlu-dolamit-3-5-cm\" \/>\n<meta property=\"og:locale\" content=\"tr_TR\" \/>\n<meta property=\"og:type\" content=\"article\" \/>\n<meta property=\"og:title\" content=\"Tamburlu beyaz \u00e7ak\u0131l 2-4 cm - Eski\u015fehir do\u011falta\u015f\" \/>\n<meta property=\"og:description\" content=\"Tamburlu dolamit \u00e7ak\u0131l ta\u015flar\u0131 peyzaj alan\u0131nda bir \u00e7ok yerde kullan\u0131l\u0131r bitki dipleri s\u00fcs havuzlar\u0131 kaya bah\u00e7eleri\u00a0 saks\u0131 i\u00e7lerinde tamburlu beyaz \u00e7ak\u0131lar kullan\u0131lmaktad\u0131r  tamen do\u011falta\u015f lardan uzun s\u00fcre tamburlama y\u00f6ntemi ile \u00fcretilmektedir  bir \u00e7ok ebat\u0131 ve boyutu vard\u0131r ton baz\u0131nda kilo baz\u0131nda t\u0131r baz\u0131nda sat\u0131\u015flar\u0131m\u0131z vard\u0131r  tamburlu beyaz \u00e7ak\u0131l ta\u015f\u0131n do\u011fru adresi ta\u015f yap\u0131 do\u011fal ta\u015f t\u0131r\" \/>\n<meta property=\"og:url\" content=\"https:\/\/eskisehirdogaltas.com\/?product=tamburlu-dolamit-3-5-cm\" \/>\n<meta property=\"og:site_name\" content=\"Eski\u015fehir do\u011falta\u015f\" \/>\n<meta property=\"article:modified_time\" content=\"2020-06-02T13:12:04+00:00\" \/>\n<meta property=\"og:image\" content=\"https:\/\/eskisehirdogaltas.com\/wp-content\/uploads\/2020\/05\/tamburlu-dolamit-3-5-cm_3.gif\" \/>\n\t<meta property=\"og:image:width\" content=\"858\" \/>\n\t<meta property=\"og:image:height\" content=\"768\" \/>\n\t<meta property=\"og:image:type\" content=\"image\/gif\" \/>\n<meta name=\"twitter:card\" content=\"summary_large_image\" \/>\n<script type=\"application\/ld+json\" class=\"yoast-schema-graph\">{\"@context\":\"https:\/\/schema.org\",\"@graph\":[{\"@type\":\"WebPage\",\"@id\":\"https:\/\/eskisehirdogaltas.com\/?product=tamburlu-dolamit-3-5-cm\",\"url\":\"https:\/\/eskisehirdogaltas.com\/?product=tamburlu-dolamit-3-5-cm\",\"name\":\"Tamburlu beyaz \u00e7ak\u0131l 2-4 cm - Eski\u015fehir do\u011falta\u015f\",\"isPartOf\":{\"@id\":\"https:\/\/eskisehirdogaltas.com\/#website\"},\"primaryImageOfPage\":{\"@id\":\"https:\/\/eskisehirdogaltas.com\/?product=tamburlu-dolamit-3-5-cm#primaryimage\"},\"image\":{\"@id\":\"https:\/\/eskisehirdogaltas.com\/?product=tamburlu-dolamit-3-5-cm#primaryimage\"},\"thumbnailUrl\":\"https:\/\/eskisehirdogaltas.com\/wp-content\/uploads\/2020\/05\/tamburlu-dolamit-3-5-cm_3.gif\",\"datePublished\":\"2020-05-31T14:48:34+00:00\",\"dateModified\":\"2020-06-02T13:12:04+00:00\",\"breadcrumb\":{\"@id\":\"https:\/\/eskisehirdogaltas.com\/?product=tamburlu-dolamit-3-5-cm#breadcrumb\"},\"inLanguage\":\"tr\",\"potentialAction\":[{\"@type\":\"ReadAction\",\"target\":[\"https:\/\/eskisehirdogaltas.com\/?product=tamburlu-dolamit-3-5-cm\"]}]},{\"@type\":\"ImageObject\",\"inLanguage\":\"tr\",\"@id\":\"https:\/\/eskisehirdogaltas.com\/?product=tamburlu-dolamit-3-5-cm#primaryimage\",\"url\":\"https:\/\/eskisehirdogaltas.com\/wp-content\/uploads\/2020\/05\/tamburlu-dolamit-3-5-cm_3.gif\",\"contentUrl\":\"https:\/\/eskisehirdogaltas.com\/wp-content\/uploads\/2020\/05\/tamburlu-dolamit-3-5-cm_3.gif\",\"width\":858,\"height\":768,\"caption\":\"Tamburlu dolamit 3-5cm\"},{\"@type\":\"BreadcrumbList\",\"@id\":\"https:\/\/eskisehirdogaltas.com\/?product=tamburlu-dolamit-3-5-cm#breadcrumb\",\"itemListElement\":[{\"@type\":\"ListItem\",\"position\":1,\"name\":\"Ana sayfa\",\"item\":\"https:\/\/eskisehirdogaltas.com\/\"},{\"@type\":\"ListItem\",\"position\":2,\"name\":\"Shop\",\"item\":\"https:\/\/eskisehirdogaltas.com\/?page_id=2789\"},{\"@type\":\"ListItem\",\"position\":3,\"name\":\"Tamburlu beyaz \u00e7ak\u0131l 2-4 cm\"}]},{\"@type\":\"WebSite\",\"@id\":\"https:\/\/eskisehirdogaltas.com\/#website\",\"url\":\"https:\/\/eskisehirdogaltas.com\/\",\"name\":\"Eski\u015fehir do\u011falta\u015f\",\"description\":\"TA\u015e YAPI MARKET\",\"potentialAction\":[{\"@type\":\"SearchAction\",\"target\":{\"@type\":\"EntryPoint\",\"urlTemplate\":\"https:\/\/eskisehirdogaltas.com\/?s={search_term_string}\"},\"query-input\":{\"@type\":\"PropertyValueSpecification\",\"valueRequired\":true,\"valueName\":\"search_term_string\"}}],\"inLanguage\":\"tr\"}]}<\/script>\n<!-- \/ Yoast SEO plugin. -->","yoast_head_json":{"title":"Tamburlu beyaz \u00e7ak\u0131l 2-4 cm - Eski\u015fehir do\u011falta\u015f","robots":{"index":"index","follow":"follow","max-snippet":"max-snippet:-1","max-image-preview":"max-image-preview:large","max-video-preview":"max-video-preview:-1"},"canonical":"https:\/\/eskisehirdogaltas.com\/?product=tamburlu-dolamit-3-5-cm","og_locale":"tr_TR","og_type":"article","og_title":"Tamburlu beyaz \u00e7ak\u0131l 2-4 cm - Eski\u015fehir do\u011falta\u015f","og_description":"Tamburlu dolamit \u00e7ak\u0131l ta\u015flar\u0131 peyzaj alan\u0131nda bir \u00e7ok yerde kullan\u0131l\u0131r bitki dipleri s\u00fcs havuzlar\u0131 kaya bah\u00e7eleri\u00a0 saks\u0131 i\u00e7lerinde tamburlu beyaz \u00e7ak\u0131lar kullan\u0131lmaktad\u0131r  tamen do\u011falta\u015f lardan uzun s\u00fcre tamburlama y\u00f6ntemi ile \u00fcretilmektedir  bir \u00e7ok ebat\u0131 ve boyutu vard\u0131r ton baz\u0131nda kilo baz\u0131nda t\u0131r baz\u0131nda sat\u0131\u015flar\u0131m\u0131z vard\u0131r  tamburlu beyaz \u00e7ak\u0131l ta\u015f\u0131n do\u011fru adresi ta\u015f yap\u0131 do\u011fal ta\u015f t\u0131r","og_url":"https:\/\/eskisehirdogaltas.com\/?product=tamburlu-dolamit-3-5-cm","og_site_name":"Eski\u015fehir do\u011falta\u015f","article_modified_time":"2020-06-02T13:12:04+00:00","og_image":[{"width":858,"height":768,"url":"https:\/\/eskisehirdogaltas.com\/wp-content\/uploads\/2020\/05\/tamburlu-dolamit-3-5-cm_3.gif","type":"image\/gif"}],"twitter_card":"summary_large_image","schema":{"@context":"https:\/\/schema.org","@graph":[{"@type":"WebPage","@id":"https:\/\/eskisehirdogaltas.com\/?product=tamburlu-dolamit-3-5-cm","url":"https:\/\/eskisehirdogaltas.com\/?product=tamburlu-dolamit-3-5-cm","name":"Tamburlu beyaz \u00e7ak\u0131l 2-4 cm - Eski\u015fehir do\u011falta\u015f","isPartOf":{"@id":"https:\/\/eskisehirdogaltas.com\/#website"},"primaryImageOfPage":{"@id":"https:\/\/eskisehirdogaltas.com\/?product=tamburlu-dolamit-3-5-cm#primaryimage"},"image":{"@id":"https:\/\/eskisehirdogaltas.com\/?product=tamburlu-dolamit-3-5-cm#primaryimage"},"thumbnailUrl":"https:\/\/eskisehirdogaltas.com\/wp-content\/uploads\/2020\/05\/tamburlu-dolamit-3-5-cm_3.gif","datePublished":"2020-05-31T14:48:34+00:00","dateModified":"2020-06-02T13:12:04+00:00","breadcrumb":{"@id":"https:\/\/eskisehirdogaltas.com\/?product=tamburlu-dolamit-3-5-cm#breadcrumb"},"inLanguage":"tr","potentialAction":[{"@type":"ReadAction","target":["https:\/\/eskisehirdogaltas.com\/?product=tamburlu-dolamit-3-5-cm"]}]},{"@type":"ImageObject","inLanguage":"tr","@id":"https:\/\/eskisehirdogaltas.com\/?product=tamburlu-dolamit-3-5-cm#primaryimage","url":"https:\/\/eskisehirdogaltas.com\/wp-content\/uploads\/2020\/05\/tamburlu-dolamit-3-5-cm_3.gif","contentUrl":"https:\/\/eskisehirdogaltas.com\/wp-content\/uploads\/2020\/05\/tamburlu-dolamit-3-5-cm_3.gif","width":858,"height":768,"caption":"Tamburlu dolamit 3-5cm"},{"@type":"BreadcrumbList","@id":"https:\/\/eskisehirdogaltas.com\/?product=tamburlu-dolamit-3-5-cm#breadcrumb","itemListElement":[{"@type":"ListItem","position":1,"name":"Ana sayfa","item":"https:\/\/eskisehirdogaltas.com\/"},{"@type":"ListItem","position":2,"name":"Shop","item":"https:\/\/eskisehirdogaltas.com\/?page_id=2789"},{"@type":"ListItem","position":3,"name":"Tamburlu beyaz \u00e7ak\u0131l 2-4 cm"}]},{"@type":"WebSite","@id":"https:\/\/eskisehirdogaltas.com\/#website","url":"https:\/\/eskisehirdogaltas.com\/","name":"Eski\u015fehir do\u011falta\u015f","description":"TA\u015e YAPI MARKET","potentialAction":[{"@type":"SearchAction","target":{"@type":"EntryPoint","urlTemplate":"https:\/\/eskisehirdogaltas.com\/?s={search_term_string}"},"query-input":{"@type":"PropertyValueSpecification","valueRequired":true,"valueName":"search_term_string"}}],"inLanguage":"tr"}]}},"_links":{"self":[{"href":"https:\/\/eskisehirdogaltas.com\/index.php?rest_route=\/wp\/v2\/product\/7798","targetHints":{"allow":["GET"]}}],"collection":[{"href":"https:\/\/eskisehirdogaltas.com\/index.php?rest_route=\/wp\/v2\/product"}],"about":[{"href":"https:\/\/eskisehirdogaltas.com\/index.php?rest_route=\/wp\/v2\/types\/product"}],"replies":[{"embeddable":true,"href":"https:\/\/eskisehirdogaltas.com\/index.php?rest_route=%2Fwp%2Fv2%2Fcomments&post=7798"}],"wp:featuredmedia":[{"embeddable":true,"href":"https:\/\/eskisehirdogaltas.com\/index.php?rest_route=\/wp\/v2\/media\/7799"}],"wp:attachment":[{"href":"https:\/\/eskisehirdogaltas.com\/index.php?rest_route=%2Fwp%2Fv2%2Fmedia&parent=7798"}],"wp:term":[{"taxonomy":"product_brand","embeddable":true,"href":"https:\/\/eskisehirdogaltas.com\/index.php?rest_route=%2Fwp%2Fv2%2Fproduct_brand&post=7798"},{"taxonomy":"product_cat","embeddable":true,"href":"https:\/\/eskisehirdogaltas.com\/index.php?rest_route=%2Fwp%2Fv2%2Fproduct_cat&post=7798"},{"taxonomy":"product_tag","embeddable":true,"href":"https:\/\/eskisehirdogaltas.com\/index.php?rest_route=%2Fwp%2Fv2%2Fproduct_tag&post=7798"}],"curies":[{"name":"wp","href":"https:\/\/api.w.org\/{rel}","templated":true}]}}