{"id":7804,"date":"2020-06-06T23:12:50","date_gmt":"2020-06-06T20:12:50","guid":{"rendered":"http:\/\/dogaltasci.com\/?post_type=product&#038;p=7804"},"modified":"2024-09-28T18:19:54","modified_gmt":"2024-09-28T15:19:54","slug":"tamburlu-cakil-tasi-3-5-cm","status":"publish","type":"product","link":"https:\/\/eskisehirdogaltas.com\/?product=tamburlu-cakil-tasi-3-5-cm","title":{"rendered":"Tamburlu \u00e7ak\u0131l ta\u015f\u0131 2-6 cm"},"content":{"rendered":"","protected":false},"excerpt":{"rendered":"","protected":false},"featured_media":7831,"comment_status":"open","ping_status":"closed","template":"","meta":{"_acf_changed":false},"product_brand":[],"product_cat":[44],"product_tag":[],"class_list":{"0":"post-7804","1":"product","2":"type-product","3":"status-publish","4":"has-post-thumbnail","6":"product_cat-dolamit-ve-cakiltaslari","8":"first","9":"instock","10":"sale","11":"shipping-taxable","12":"purchasable","13":"product-type-simple"},"acf":[],"yoast_head":"<!-- This site is optimized with the Yoast SEO plugin v24.6 - https:\/\/yoast.com\/wordpress\/plugins\/seo\/ -->\n<title>Tamburlu \u00e7ak\u0131l ta\u015f\u0131 2-6 cm - Eski\u015fehir do\u011falta\u015f<\/title>\n<meta name=\"robots\" content=\"index, follow, max-snippet:-1, max-image-preview:large, max-video-preview:-1\" \/>\n<link rel=\"canonical\" href=\"https:\/\/eskisehirdogaltas.com\/?product=tamburlu-cakil-tasi-3-5-cm\" \/>\n<meta property=\"og:locale\" content=\"tr_TR\" \/>\n<meta property=\"og:type\" content=\"article\" \/>\n<meta property=\"og:title\" content=\"Tamburlu \u00e7ak\u0131l ta\u015f\u0131 2-6 cm - Eski\u015fehir do\u011falta\u015f\" \/>\n<meta property=\"og:url\" content=\"https:\/\/eskisehirdogaltas.com\/?product=tamburlu-cakil-tasi-3-5-cm\" \/>\n<meta property=\"og:site_name\" content=\"Eski\u015fehir do\u011falta\u015f\" \/>\n<meta property=\"article:modified_time\" content=\"2024-09-28T15:19:54+00:00\" \/>\n<meta property=\"og:image\" content=\"https:\/\/eskisehirdogaltas.com\/wp-content\/uploads\/2020\/06\/tamburlu-b.jpg\" \/>\n\t<meta property=\"og:image:width\" content=\"512\" \/>\n\t<meta property=\"og:image:height\" content=\"512\" \/>\n\t<meta property=\"og:image:type\" content=\"image\/jpeg\" \/>\n<meta name=\"twitter:card\" content=\"summary_large_image\" \/>\n<script type=\"application\/ld+json\" class=\"yoast-schema-graph\">{\"@context\":\"https:\/\/schema.org\",\"@graph\":[{\"@type\":\"WebPage\",\"@id\":\"https:\/\/eskisehirdogaltas.com\/?product=tamburlu-cakil-tasi-3-5-cm\",\"url\":\"https:\/\/eskisehirdogaltas.com\/?product=tamburlu-cakil-tasi-3-5-cm\",\"name\":\"Tamburlu \u00e7ak\u0131l ta\u015f\u0131 2-6 cm - Eski\u015fehir do\u011falta\u015f\",\"isPartOf\":{\"@id\":\"https:\/\/eskisehirdogaltas.com\/#website\"},\"primaryImageOfPage\":{\"@id\":\"https:\/\/eskisehirdogaltas.com\/?product=tamburlu-cakil-tasi-3-5-cm#primaryimage\"},\"image\":{\"@id\":\"https:\/\/eskisehirdogaltas.com\/?product=tamburlu-cakil-tasi-3-5-cm#primaryimage\"},\"thumbnailUrl\":\"https:\/\/eskisehirdogaltas.com\/wp-content\/uploads\/2020\/06\/tamburlu-b.jpg\",\"datePublished\":\"2020-06-06T20:12:50+00:00\",\"dateModified\":\"2024-09-28T15:19:54+00:00\",\"breadcrumb\":{\"@id\":\"https:\/\/eskisehirdogaltas.com\/?product=tamburlu-cakil-tasi-3-5-cm#breadcrumb\"},\"inLanguage\":\"tr\",\"potentialAction\":[{\"@type\":\"ReadAction\",\"target\":[\"https:\/\/eskisehirdogaltas.com\/?product=tamburlu-cakil-tasi-3-5-cm\"]}]},{\"@type\":\"ImageObject\",\"inLanguage\":\"tr\",\"@id\":\"https:\/\/eskisehirdogaltas.com\/?product=tamburlu-cakil-tasi-3-5-cm#primaryimage\",\"url\":\"https:\/\/eskisehirdogaltas.com\/wp-content\/uploads\/2020\/06\/tamburlu-b.jpg\",\"contentUrl\":\"https:\/\/eskisehirdogaltas.com\/wp-content\/uploads\/2020\/06\/tamburlu-b.jpg\",\"width\":512,\"height\":512},{\"@type\":\"BreadcrumbList\",\"@id\":\"https:\/\/eskisehirdogaltas.com\/?product=tamburlu-cakil-tasi-3-5-cm#breadcrumb\",\"itemListElement\":[{\"@type\":\"ListItem\",\"position\":1,\"name\":\"Ana sayfa\",\"item\":\"https:\/\/eskisehirdogaltas.com\/\"},{\"@type\":\"ListItem\",\"position\":2,\"name\":\"Shop\",\"item\":\"https:\/\/eskisehirdogaltas.com\/?page_id=2789\"},{\"@type\":\"ListItem\",\"position\":3,\"name\":\"Tamburlu \u00e7ak\u0131l ta\u015f\u0131 2-6 cm\"}]},{\"@type\":\"WebSite\",\"@id\":\"https:\/\/eskisehirdogaltas.com\/#website\",\"url\":\"https:\/\/eskisehirdogaltas.com\/\",\"name\":\"Eski\u015fehir do\u011falta\u015f\",\"description\":\"TA\u015e YAPI MARKET\",\"potentialAction\":[{\"@type\":\"SearchAction\",\"target\":{\"@type\":\"EntryPoint\",\"urlTemplate\":\"https:\/\/eskisehirdogaltas.com\/?s={search_term_string}\"},\"query-input\":{\"@type\":\"PropertyValueSpecification\",\"valueRequired\":true,\"valueName\":\"search_term_string\"}}],\"inLanguage\":\"tr\"}]}<\/script>\n<!-- \/ Yoast SEO plugin. -->","yoast_head_json":{"title":"Tamburlu \u00e7ak\u0131l ta\u015f\u0131 2-6 cm - Eski\u015fehir do\u011falta\u015f","robots":{"index":"index","follow":"follow","max-snippet":"max-snippet:-1","max-image-preview":"max-image-preview:large","max-video-preview":"max-video-preview:-1"},"canonical":"https:\/\/eskisehirdogaltas.com\/?product=tamburlu-cakil-tasi-3-5-cm","og_locale":"tr_TR","og_type":"article","og_title":"Tamburlu \u00e7ak\u0131l ta\u015f\u0131 2-6 cm - Eski\u015fehir do\u011falta\u015f","og_url":"https:\/\/eskisehirdogaltas.com\/?product=tamburlu-cakil-tasi-3-5-cm","og_site_name":"Eski\u015fehir do\u011falta\u015f","article_modified_time":"2024-09-28T15:19:54+00:00","og_image":[{"width":512,"height":512,"url":"https:\/\/eskisehirdogaltas.com\/wp-content\/uploads\/2020\/06\/tamburlu-b.jpg","type":"image\/jpeg"}],"twitter_card":"summary_large_image","schema":{"@context":"https:\/\/schema.org","@graph":[{"@type":"WebPage","@id":"https:\/\/eskisehirdogaltas.com\/?product=tamburlu-cakil-tasi-3-5-cm","url":"https:\/\/eskisehirdogaltas.com\/?product=tamburlu-cakil-tasi-3-5-cm","name":"Tamburlu \u00e7ak\u0131l ta\u015f\u0131 2-6 cm - Eski\u015fehir do\u011falta\u015f","isPartOf":{"@id":"https:\/\/eskisehirdogaltas.com\/#website"},"primaryImageOfPage":{"@id":"https:\/\/eskisehirdogaltas.com\/?product=tamburlu-cakil-tasi-3-5-cm#primaryimage"},"image":{"@id":"https:\/\/eskisehirdogaltas.com\/?product=tamburlu-cakil-tasi-3-5-cm#primaryimage"},"thumbnailUrl":"https:\/\/eskisehirdogaltas.com\/wp-content\/uploads\/2020\/06\/tamburlu-b.jpg","datePublished":"2020-06-06T20:12:50+00:00","dateModified":"2024-09-28T15:19:54+00:00","breadcrumb":{"@id":"https:\/\/eskisehirdogaltas.com\/?product=tamburlu-cakil-tasi-3-5-cm#breadcrumb"},"inLanguage":"tr","potentialAction":[{"@type":"ReadAction","target":["https:\/\/eskisehirdogaltas.com\/?product=tamburlu-cakil-tasi-3-5-cm"]}]},{"@type":"ImageObject","inLanguage":"tr","@id":"https:\/\/eskisehirdogaltas.com\/?product=tamburlu-cakil-tasi-3-5-cm#primaryimage","url":"https:\/\/eskisehirdogaltas.com\/wp-content\/uploads\/2020\/06\/tamburlu-b.jpg","contentUrl":"https:\/\/eskisehirdogaltas.com\/wp-content\/uploads\/2020\/06\/tamburlu-b.jpg","width":512,"height":512},{"@type":"BreadcrumbList","@id":"https:\/\/eskisehirdogaltas.com\/?product=tamburlu-cakil-tasi-3-5-cm#breadcrumb","itemListElement":[{"@type":"ListItem","position":1,"name":"Ana sayfa","item":"https:\/\/eskisehirdogaltas.com\/"},{"@type":"ListItem","position":2,"name":"Shop","item":"https:\/\/eskisehirdogaltas.com\/?page_id=2789"},{"@type":"ListItem","position":3,"name":"Tamburlu \u00e7ak\u0131l ta\u015f\u0131 2-6 cm"}]},{"@type":"WebSite","@id":"https:\/\/eskisehirdogaltas.com\/#website","url":"https:\/\/eskisehirdogaltas.com\/","name":"Eski\u015fehir do\u011falta\u015f","description":"TA\u015e YAPI MARKET","potentialAction":[{"@type":"SearchAction","target":{"@type":"EntryPoint","urlTemplate":"https:\/\/eskisehirdogaltas.com\/?s={search_term_string}"},"query-input":{"@type":"PropertyValueSpecification","valueRequired":true,"valueName":"search_term_string"}}],"inLanguage":"tr"}]}},"_links":{"self":[{"href":"https:\/\/eskisehirdogaltas.com\/index.php?rest_route=\/wp\/v2\/product\/7804","targetHints":{"allow":["GET"]}}],"collection":[{"href":"https:\/\/eskisehirdogaltas.com\/index.php?rest_route=\/wp\/v2\/product"}],"about":[{"href":"https:\/\/eskisehirdogaltas.com\/index.php?rest_route=\/wp\/v2\/types\/product"}],"replies":[{"embeddable":true,"href":"https:\/\/eskisehirdogaltas.com\/index.php?rest_route=%2Fwp%2Fv2%2Fcomments&post=7804"}],"wp:featuredmedia":[{"embeddable":true,"href":"https:\/\/eskisehirdogaltas.com\/index.php?rest_route=\/wp\/v2\/media\/7831"}],"wp:attachment":[{"href":"https:\/\/eskisehirdogaltas.com\/index.php?rest_route=%2Fwp%2Fv2%2Fmedia&parent=7804"}],"wp:term":[{"taxonomy":"product_brand","embeddable":true,"href":"https:\/\/eskisehirdogaltas.com\/index.php?rest_route=%2Fwp%2Fv2%2Fproduct_brand&post=7804"},{"taxonomy":"product_cat","embeddable":true,"href":"https:\/\/eskisehirdogaltas.com\/index.php?rest_route=%2Fwp%2Fv2%2Fproduct_cat&post=7804"},{"taxonomy":"product_tag","embeddable":true,"href":"https:\/\/eskisehirdogaltas.com\/index.php?rest_route=%2Fwp%2Fv2%2Fproduct_tag&post=7804"}],"curies":[{"name":"wp","href":"https:\/\/api.w.org\/{rel}","templated":true}]}}