{"id":7882,"date":"2020-06-02T15:38:35","date_gmt":"2020-06-02T12:38:35","guid":{"rendered":"http:\/\/dogaltasci.com\/?post_type=product&#038;p=7882"},"modified":"2021-04-12T15:30:54","modified_gmt":"2021-04-12T12:30:54","slug":"harman-firin-tugla","status":"publish","type":"product","link":"https:\/\/eskisehirdogaltas.com\/?product=harman-firin-tugla","title":{"rendered":"Harman f\u0131r\u0131n tu\u011fla"},"content":{"rendered":"<h3>NEDEN HARMAN TU\u011eLA ?<\/h3>\n<p>\u00d6zellikle son y\u0131llarda dekoratif g\u00f6r\u00fcn\u00fcm\u00fc sebebi ile tercih edilen harman tu\u011fla asl\u0131nda bundan \u00e7ok daha fazlas\u0131n\u0131 sunmaktad\u0131r. Harman tu\u011fla havan\u0131n ge\u00e7i\u015fine izin veren nefes alan ferah ortamlar sa\u011flarken konu \u0131s\u0131ya geldi\u011finde ise m\u00fckemmel bir izolasyon sunmakta k\u0131\u015f\u0131n s\u0131cak, yaz\u0131n ise i\u00e7 mekan\u0131 serin tutmaktad\u0131r. Bir di\u011fer avantaj ise sundu\u011fu ola\u011fan \u00fcst\u00fc akustik performanst\u0131r. Harman tu\u011fla ile yap\u0131lm\u0131\u015f olan tarihi mekanlarda verilen konserlerin en \u00f6nemli sebebi de budur. Bu sebeple gece k\u00fcl\u00fcpleri\u00a0 resteorant kafe bar gibi mekanlarda da tercih edilmektedir.\u00a0 End\u00fcstriyel tu\u011flalar\u0131n aksine harman tu\u011fla y\u00fczlerce y\u0131ll\u0131k uzun bir \u00f6m\u00fcr\u00a0 vaat etmektedir. Bu durumun en b\u00fcy\u00fck kan\u0131t\u0131 ise \u00e7evrenizde g\u00f6rebilece\u011finiz y\u00fczlerce y\u0131ll\u0131k cami, klise, han kervansaray minere kemer k\u00f6pr\u00fc ve kale gibi tarihi eserlerdir. G\u00fcn\u00fcm\u00fczde end\u00fcstriyel tu\u011flalar ile in\u015fa edilen binalar i\u00e7in ise en fazla 100 y\u0131ll\u0131k \u00f6m\u00fcr \u00f6ng\u00f6r\u00fclebilmektedir.<\/p>\n","protected":false},"excerpt":{"rendered":"<p>Harman f\u0131r\u0131n yada antik eski tu\u011fla olarak ta bilinen harman tu\u011fla bilinen en eski duvar ve yap\u0131 \u00f6rme malzemesidir<\/p>\n<p>Harman antik tu\u011fla\u00a0 toprak saman ile harmanlanarak kal\u0131plara doldurulur \u00fcst\u00fc k\u00f6zlenmi\u015f ate\u015f \u00f6rt\u00fclerek pi\u015firilmeye b\u0131rak\u0131l\u0131r tamamen do\u011fal hi\u00e7 bir kimyasal madde kullan\u0131lmaz o a\u00e7\u0131dan en sa\u011fl\u0131kl\u0131 yap\u0131 malzemesi diyebiliriz harman antik eskitme tu\u011fla Ta\u015f yap\u0131 do\u011fal ta\u015f market fark\u0131 ile T\u00fcrkiye nin her yerine ula\u015ft\u0131rmaktay\u0131z<\/p>\n<p>Restorasyon ve dekorasyon i\u015flerinde, in\u015faat duvarlar\u0131nda, kalorifer bacalar\u0131nda, temel izolasyonunda, yeralt\u0131 kablo tesisat\u0131nda, \u015f\u00f6mine yap\u0131m\u0131nda, t\u00fcnel ve lokman f\u0131r\u0131nlar\u0131nda, rutubet ve nemin bol oldu\u011fu yerlerde, duvarlarda ve f\u0131r\u0131nlarda kullan\u0131lmaktad\u0131r<\/p>\n<p>&nbsp;<\/p>\n","protected":false},"featured_media":7862,"comment_status":"open","ping_status":"closed","template":"","meta":{"_acf_changed":false},"product_brand":[],"product_cat":[46],"product_tag":[],"class_list":{"0":"post-7882","1":"product","2":"type-product","3":"status-publish","4":"has-post-thumbnail","6":"product_cat-harman-firin-ocak-tugla","8":"first","9":"instock","10":"shipping-taxable","11":"product-type-simple"},"acf":[],"yoast_head":"<!-- This site is optimized with the Yoast SEO plugin v24.6 - https:\/\/yoast.com\/wordpress\/plugins\/seo\/ -->\n<title>Harman f\u0131r\u0131n tu\u011fla - Eski\u015fehir do\u011falta\u015f<\/title>\n<meta name=\"description\" content=\"harman tu\u011flas\u0131 bir di\u011fer ad\u0131 ile eski tu\u011fla topraktan imal edilmektedir .toprak saman ile harmanlanarak kal\u0131plara d\u00f6k\u00fcl\u00fcr ve pi\u015fmeye b\u0131rak\u0131l\u0131r\" \/>\n<meta name=\"robots\" content=\"index, follow, max-snippet:-1, max-image-preview:large, max-video-preview:-1\" \/>\n<link rel=\"canonical\" href=\"https:\/\/eskisehirdogaltas.com\/?product=harman-firin-tugla\" \/>\n<meta property=\"og:locale\" content=\"tr_TR\" \/>\n<meta property=\"og:type\" content=\"article\" \/>\n<meta property=\"og:title\" content=\"Harman f\u0131r\u0131n tu\u011fla - Eski\u015fehir do\u011falta\u015f\" \/>\n<meta property=\"og:description\" content=\"harman tu\u011flas\u0131 bir di\u011fer ad\u0131 ile eski tu\u011fla topraktan imal edilmektedir .toprak saman ile harmanlanarak kal\u0131plara d\u00f6k\u00fcl\u00fcr ve pi\u015fmeye b\u0131rak\u0131l\u0131r\" \/>\n<meta property=\"og:url\" content=\"https:\/\/eskisehirdogaltas.com\/?product=harman-firin-tugla\" \/>\n<meta property=\"og:site_name\" content=\"Eski\u015fehir do\u011falta\u015f\" \/>\n<meta property=\"article:modified_time\" content=\"2021-04-12T12:30:54+00:00\" \/>\n<meta property=\"og:image\" content=\"https:\/\/eskisehirdogaltas.com\/wp-content\/uploads\/2020\/06\/tamburlu-dolamit-3-5-cm_44.gif\" \/>\n\t<meta property=\"og:image:width\" content=\"1024\" \/>\n\t<meta property=\"og:image:height\" content=\"768\" \/>\n\t<meta property=\"og:image:type\" content=\"image\/gif\" \/>\n<meta name=\"twitter:card\" content=\"summary_large_image\" \/>\n<meta name=\"twitter:label1\" content=\"Tahmini okuma s\u00fcresi\" \/>\n\t<meta name=\"twitter:data1\" content=\"1 dakika\" \/>\n<script type=\"application\/ld+json\" class=\"yoast-schema-graph\">{\"@context\":\"https:\/\/schema.org\",\"@graph\":[{\"@type\":\"WebPage\",\"@id\":\"https:\/\/eskisehirdogaltas.com\/?product=harman-firin-tugla\",\"url\":\"https:\/\/eskisehirdogaltas.com\/?product=harman-firin-tugla\",\"name\":\"Harman f\u0131r\u0131n tu\u011fla - Eski\u015fehir do\u011falta\u015f\",\"isPartOf\":{\"@id\":\"https:\/\/eskisehirdogaltas.com\/#website\"},\"primaryImageOfPage\":{\"@id\":\"https:\/\/eskisehirdogaltas.com\/?product=harman-firin-tugla#primaryimage\"},\"image\":{\"@id\":\"https:\/\/eskisehirdogaltas.com\/?product=harman-firin-tugla#primaryimage\"},\"thumbnailUrl\":\"https:\/\/eskisehirdogaltas.com\/wp-content\/uploads\/2020\/06\/tamburlu-dolamit-3-5-cm_44.gif\",\"datePublished\":\"2020-06-02T12:38:35+00:00\",\"dateModified\":\"2021-04-12T12:30:54+00:00\",\"description\":\"harman tu\u011flas\u0131 bir di\u011fer ad\u0131 ile eski tu\u011fla topraktan imal edilmektedir .toprak saman ile harmanlanarak kal\u0131plara d\u00f6k\u00fcl\u00fcr ve pi\u015fmeye b\u0131rak\u0131l\u0131r\",\"breadcrumb\":{\"@id\":\"https:\/\/eskisehirdogaltas.com\/?product=harman-firin-tugla#breadcrumb\"},\"inLanguage\":\"tr\",\"potentialAction\":[{\"@type\":\"ReadAction\",\"target\":[\"https:\/\/eskisehirdogaltas.com\/?product=harman-firin-tugla\"]}]},{\"@type\":\"ImageObject\",\"inLanguage\":\"tr\",\"@id\":\"https:\/\/eskisehirdogaltas.com\/?product=harman-firin-tugla#primaryimage\",\"url\":\"https:\/\/eskisehirdogaltas.com\/wp-content\/uploads\/2020\/06\/tamburlu-dolamit-3-5-cm_44.gif\",\"contentUrl\":\"https:\/\/eskisehirdogaltas.com\/wp-content\/uploads\/2020\/06\/tamburlu-dolamit-3-5-cm_44.gif\",\"width\":1024,\"height\":768},{\"@type\":\"BreadcrumbList\",\"@id\":\"https:\/\/eskisehirdogaltas.com\/?product=harman-firin-tugla#breadcrumb\",\"itemListElement\":[{\"@type\":\"ListItem\",\"position\":1,\"name\":\"Ana sayfa\",\"item\":\"https:\/\/eskisehirdogaltas.com\/\"},{\"@type\":\"ListItem\",\"position\":2,\"name\":\"Shop\",\"item\":\"https:\/\/eskisehirdogaltas.com\/?page_id=2789\"},{\"@type\":\"ListItem\",\"position\":3,\"name\":\"Harman f\u0131r\u0131n tu\u011fla\"}]},{\"@type\":\"WebSite\",\"@id\":\"https:\/\/eskisehirdogaltas.com\/#website\",\"url\":\"https:\/\/eskisehirdogaltas.com\/\",\"name\":\"Eski\u015fehir do\u011falta\u015f\",\"description\":\"TA\u015e YAPI MARKET\",\"potentialAction\":[{\"@type\":\"SearchAction\",\"target\":{\"@type\":\"EntryPoint\",\"urlTemplate\":\"https:\/\/eskisehirdogaltas.com\/?s={search_term_string}\"},\"query-input\":{\"@type\":\"PropertyValueSpecification\",\"valueRequired\":true,\"valueName\":\"search_term_string\"}}],\"inLanguage\":\"tr\"}]}<\/script>\n<!-- \/ Yoast SEO plugin. -->","yoast_head_json":{"title":"Harman f\u0131r\u0131n tu\u011fla - Eski\u015fehir do\u011falta\u015f","description":"harman tu\u011flas\u0131 bir di\u011fer ad\u0131 ile eski tu\u011fla topraktan imal edilmektedir .toprak saman ile harmanlanarak kal\u0131plara d\u00f6k\u00fcl\u00fcr ve pi\u015fmeye b\u0131rak\u0131l\u0131r","robots":{"index":"index","follow":"follow","max-snippet":"max-snippet:-1","max-image-preview":"max-image-preview:large","max-video-preview":"max-video-preview:-1"},"canonical":"https:\/\/eskisehirdogaltas.com\/?product=harman-firin-tugla","og_locale":"tr_TR","og_type":"article","og_title":"Harman f\u0131r\u0131n tu\u011fla - Eski\u015fehir do\u011falta\u015f","og_description":"harman tu\u011flas\u0131 bir di\u011fer ad\u0131 ile eski tu\u011fla topraktan imal edilmektedir .toprak saman ile harmanlanarak kal\u0131plara d\u00f6k\u00fcl\u00fcr ve pi\u015fmeye b\u0131rak\u0131l\u0131r","og_url":"https:\/\/eskisehirdogaltas.com\/?product=harman-firin-tugla","og_site_name":"Eski\u015fehir do\u011falta\u015f","article_modified_time":"2021-04-12T12:30:54+00:00","og_image":[{"width":1024,"height":768,"url":"https:\/\/eskisehirdogaltas.com\/wp-content\/uploads\/2020\/06\/tamburlu-dolamit-3-5-cm_44.gif","type":"image\/gif"}],"twitter_card":"summary_large_image","twitter_misc":{"Tahmini okuma s\u00fcresi":"1 dakika"},"schema":{"@context":"https:\/\/schema.org","@graph":[{"@type":"WebPage","@id":"https:\/\/eskisehirdogaltas.com\/?product=harman-firin-tugla","url":"https:\/\/eskisehirdogaltas.com\/?product=harman-firin-tugla","name":"Harman f\u0131r\u0131n tu\u011fla - Eski\u015fehir do\u011falta\u015f","isPartOf":{"@id":"https:\/\/eskisehirdogaltas.com\/#website"},"primaryImageOfPage":{"@id":"https:\/\/eskisehirdogaltas.com\/?product=harman-firin-tugla#primaryimage"},"image":{"@id":"https:\/\/eskisehirdogaltas.com\/?product=harman-firin-tugla#primaryimage"},"thumbnailUrl":"https:\/\/eskisehirdogaltas.com\/wp-content\/uploads\/2020\/06\/tamburlu-dolamit-3-5-cm_44.gif","datePublished":"2020-06-02T12:38:35+00:00","dateModified":"2021-04-12T12:30:54+00:00","description":"harman tu\u011flas\u0131 bir di\u011fer ad\u0131 ile eski tu\u011fla topraktan imal edilmektedir .toprak saman ile harmanlanarak kal\u0131plara d\u00f6k\u00fcl\u00fcr ve pi\u015fmeye b\u0131rak\u0131l\u0131r","breadcrumb":{"@id":"https:\/\/eskisehirdogaltas.com\/?product=harman-firin-tugla#breadcrumb"},"inLanguage":"tr","potentialAction":[{"@type":"ReadAction","target":["https:\/\/eskisehirdogaltas.com\/?product=harman-firin-tugla"]}]},{"@type":"ImageObject","inLanguage":"tr","@id":"https:\/\/eskisehirdogaltas.com\/?product=harman-firin-tugla#primaryimage","url":"https:\/\/eskisehirdogaltas.com\/wp-content\/uploads\/2020\/06\/tamburlu-dolamit-3-5-cm_44.gif","contentUrl":"https:\/\/eskisehirdogaltas.com\/wp-content\/uploads\/2020\/06\/tamburlu-dolamit-3-5-cm_44.gif","width":1024,"height":768},{"@type":"BreadcrumbList","@id":"https:\/\/eskisehirdogaltas.com\/?product=harman-firin-tugla#breadcrumb","itemListElement":[{"@type":"ListItem","position":1,"name":"Ana sayfa","item":"https:\/\/eskisehirdogaltas.com\/"},{"@type":"ListItem","position":2,"name":"Shop","item":"https:\/\/eskisehirdogaltas.com\/?page_id=2789"},{"@type":"ListItem","position":3,"name":"Harman f\u0131r\u0131n tu\u011fla"}]},{"@type":"WebSite","@id":"https:\/\/eskisehirdogaltas.com\/#website","url":"https:\/\/eskisehirdogaltas.com\/","name":"Eski\u015fehir do\u011falta\u015f","description":"TA\u015e YAPI MARKET","potentialAction":[{"@type":"SearchAction","target":{"@type":"EntryPoint","urlTemplate":"https:\/\/eskisehirdogaltas.com\/?s={search_term_string}"},"query-input":{"@type":"PropertyValueSpecification","valueRequired":true,"valueName":"search_term_string"}}],"inLanguage":"tr"}]}},"_links":{"self":[{"href":"https:\/\/eskisehirdogaltas.com\/index.php?rest_route=\/wp\/v2\/product\/7882","targetHints":{"allow":["GET"]}}],"collection":[{"href":"https:\/\/eskisehirdogaltas.com\/index.php?rest_route=\/wp\/v2\/product"}],"about":[{"href":"https:\/\/eskisehirdogaltas.com\/index.php?rest_route=\/wp\/v2\/types\/product"}],"replies":[{"embeddable":true,"href":"https:\/\/eskisehirdogaltas.com\/index.php?rest_route=%2Fwp%2Fv2%2Fcomments&post=7882"}],"wp:featuredmedia":[{"embeddable":true,"href":"https:\/\/eskisehirdogaltas.com\/index.php?rest_route=\/wp\/v2\/media\/7862"}],"wp:attachment":[{"href":"https:\/\/eskisehirdogaltas.com\/index.php?rest_route=%2Fwp%2Fv2%2Fmedia&parent=7882"}],"wp:term":[{"taxonomy":"product_brand","embeddable":true,"href":"https:\/\/eskisehirdogaltas.com\/index.php?rest_route=%2Fwp%2Fv2%2Fproduct_brand&post=7882"},{"taxonomy":"product_cat","embeddable":true,"href":"https:\/\/eskisehirdogaltas.com\/index.php?rest_route=%2Fwp%2Fv2%2Fproduct_cat&post=7882"},{"taxonomy":"product_tag","embeddable":true,"href":"https:\/\/eskisehirdogaltas.com\/index.php?rest_route=%2Fwp%2Fv2%2Fproduct_tag&post=7882"}],"curies":[{"name":"wp","href":"https:\/\/api.w.org\/{rel}","templated":true}]}}