{"id":7970,"date":"2020-06-02T23:55:33","date_gmt":"2020-06-02T20:55:33","guid":{"rendered":"http:\/\/dogaltasci.com\/?post_type=product&#038;p=7970"},"modified":"2022-05-27T10:13:33","modified_gmt":"2022-05-27T07:13:33","slug":"falez-ve-dekoratif-kayalar","status":"publish","type":"product","link":"https:\/\/eskisehirdogaltas.com\/?product=falez-ve-dekoratif-kayalar","title":{"rendered":"Falez Ta\u015flar\u0131 ve Dekoratif Kayalar"},"content":{"rendered":"","protected":false},"excerpt":{"rendered":"<p>falez ve meteor dekoratif kayalar do\u011fada bulunan de\u011fi\u015fik yap\u0131da ve \u015fekilerde bulunan fosile\u015fmi\u015f ta\u015flard\u0131r falez ve meteor kayalar park ve bah\u00e7elerde kaya bah\u00e7elerinde akvaryum da ve peyzaj\u0131n bir \u00e7ok alan\u0131nda kullan\u0131lmaktad\u0131r falez ve meteor kayalar i\u00e7in ta\u015f yap\u0131 do\u011fal ta\u015f do\u011fru adrestir<\/p>\n","protected":false},"featured_media":7958,"comment_status":"open","ping_status":"closed","template":"","meta":{"_acf_changed":false},"product_brand":[],"product_cat":[47],"product_tag":[],"class_list":{"0":"post-7970","1":"product","2":"type-product","3":"status-publish","4":"has-post-thumbnail","6":"product_cat-falez-taslari-ve-dekoratif-kayalar","8":"first","9":"instock","10":"shipping-taxable","11":"product-type-simple"},"acf":[],"yoast_head":"<!-- This site is optimized with the Yoast SEO plugin v24.6 - https:\/\/yoast.com\/wordpress\/plugins\/seo\/ -->\n<title>Falez Ta\u015flar\u0131 ve Dekoratif Kayalar - Eski\u015fehir do\u011falta\u015f<\/title>\n<meta name=\"robots\" content=\"index, follow, max-snippet:-1, max-image-preview:large, max-video-preview:-1\" \/>\n<link rel=\"canonical\" href=\"https:\/\/eskisehirdogaltas.com\/?product=falez-ve-dekoratif-kayalar\" \/>\n<meta property=\"og:locale\" content=\"tr_TR\" \/>\n<meta property=\"og:type\" content=\"article\" \/>\n<meta property=\"og:title\" content=\"Falez Ta\u015flar\u0131 ve Dekoratif Kayalar - Eski\u015fehir do\u011falta\u015f\" \/>\n<meta property=\"og:description\" content=\"falez ve meteor dekoratif kayalar do\u011fada bulunan de\u011fi\u015fik yap\u0131da ve \u015fekilerde bulunan fosile\u015fmi\u015f ta\u015flard\u0131r falez ve meteor kayalar park ve bah\u00e7elerde kaya bah\u00e7elerinde akvaryum da ve peyzaj\u0131n bir \u00e7ok alan\u0131nda kullan\u0131lmaktad\u0131r falez ve meteor kayalar i\u00e7in ta\u015f yap\u0131 do\u011fal ta\u015f do\u011fru adrestir\" \/>\n<meta property=\"og:url\" content=\"https:\/\/eskisehirdogaltas.com\/?product=falez-ve-dekoratif-kayalar\" \/>\n<meta property=\"og:site_name\" content=\"Eski\u015fehir do\u011falta\u015f\" \/>\n<meta property=\"article:modified_time\" content=\"2022-05-27T07:13:33+00:00\" \/>\n<meta property=\"og:image\" content=\"https:\/\/eskisehirdogaltas.com\/wp-content\/uploads\/2020\/06\/falez-ve-meteor-kayalar\u0131-_20-1.gif\" \/>\n\t<meta property=\"og:image:width\" content=\"797\" \/>\n\t<meta property=\"og:image:height\" content=\"600\" \/>\n\t<meta property=\"og:image:type\" content=\"image\/gif\" \/>\n<meta name=\"twitter:card\" content=\"summary_large_image\" \/>\n<script type=\"application\/ld+json\" class=\"yoast-schema-graph\">{\"@context\":\"https:\/\/schema.org\",\"@graph\":[{\"@type\":\"WebPage\",\"@id\":\"https:\/\/eskisehirdogaltas.com\/?product=falez-ve-dekoratif-kayalar\",\"url\":\"https:\/\/eskisehirdogaltas.com\/?product=falez-ve-dekoratif-kayalar\",\"name\":\"Falez Ta\u015flar\u0131 ve Dekoratif Kayalar - Eski\u015fehir do\u011falta\u015f\",\"isPartOf\":{\"@id\":\"https:\/\/eskisehirdogaltas.com\/#website\"},\"primaryImageOfPage\":{\"@id\":\"https:\/\/eskisehirdogaltas.com\/?product=falez-ve-dekoratif-kayalar#primaryimage\"},\"image\":{\"@id\":\"https:\/\/eskisehirdogaltas.com\/?product=falez-ve-dekoratif-kayalar#primaryimage\"},\"thumbnailUrl\":\"https:\/\/eskisehirdogaltas.com\/wp-content\/uploads\/2020\/06\/falez-ve-meteor-kayalar\u0131-_20-1.gif\",\"datePublished\":\"2020-06-02T20:55:33+00:00\",\"dateModified\":\"2022-05-27T07:13:33+00:00\",\"breadcrumb\":{\"@id\":\"https:\/\/eskisehirdogaltas.com\/?product=falez-ve-dekoratif-kayalar#breadcrumb\"},\"inLanguage\":\"tr\",\"potentialAction\":[{\"@type\":\"ReadAction\",\"target\":[\"https:\/\/eskisehirdogaltas.com\/?product=falez-ve-dekoratif-kayalar\"]}]},{\"@type\":\"ImageObject\",\"inLanguage\":\"tr\",\"@id\":\"https:\/\/eskisehirdogaltas.com\/?product=falez-ve-dekoratif-kayalar#primaryimage\",\"url\":\"https:\/\/eskisehirdogaltas.com\/wp-content\/uploads\/2020\/06\/falez-ve-meteor-kayalar\u0131-_20-1.gif\",\"contentUrl\":\"https:\/\/eskisehirdogaltas.com\/wp-content\/uploads\/2020\/06\/falez-ve-meteor-kayalar\u0131-_20-1.gif\",\"width\":797,\"height\":600},{\"@type\":\"BreadcrumbList\",\"@id\":\"https:\/\/eskisehirdogaltas.com\/?product=falez-ve-dekoratif-kayalar#breadcrumb\",\"itemListElement\":[{\"@type\":\"ListItem\",\"position\":1,\"name\":\"Ana sayfa\",\"item\":\"https:\/\/eskisehirdogaltas.com\/\"},{\"@type\":\"ListItem\",\"position\":2,\"name\":\"Shop\",\"item\":\"https:\/\/eskisehirdogaltas.com\/?page_id=2789\"},{\"@type\":\"ListItem\",\"position\":3,\"name\":\"Falez Ta\u015flar\u0131 ve Dekoratif Kayalar\"}]},{\"@type\":\"WebSite\",\"@id\":\"https:\/\/eskisehirdogaltas.com\/#website\",\"url\":\"https:\/\/eskisehirdogaltas.com\/\",\"name\":\"Eski\u015fehir do\u011falta\u015f\",\"description\":\"TA\u015e YAPI MARKET\",\"potentialAction\":[{\"@type\":\"SearchAction\",\"target\":{\"@type\":\"EntryPoint\",\"urlTemplate\":\"https:\/\/eskisehirdogaltas.com\/?s={search_term_string}\"},\"query-input\":{\"@type\":\"PropertyValueSpecification\",\"valueRequired\":true,\"valueName\":\"search_term_string\"}}],\"inLanguage\":\"tr\"}]}<\/script>\n<!-- \/ Yoast SEO plugin. -->","yoast_head_json":{"title":"Falez Ta\u015flar\u0131 ve Dekoratif Kayalar - Eski\u015fehir do\u011falta\u015f","robots":{"index":"index","follow":"follow","max-snippet":"max-snippet:-1","max-image-preview":"max-image-preview:large","max-video-preview":"max-video-preview:-1"},"canonical":"https:\/\/eskisehirdogaltas.com\/?product=falez-ve-dekoratif-kayalar","og_locale":"tr_TR","og_type":"article","og_title":"Falez Ta\u015flar\u0131 ve Dekoratif Kayalar - Eski\u015fehir do\u011falta\u015f","og_description":"falez ve meteor dekoratif kayalar do\u011fada bulunan de\u011fi\u015fik yap\u0131da ve \u015fekilerde bulunan fosile\u015fmi\u015f ta\u015flard\u0131r falez ve meteor kayalar park ve bah\u00e7elerde kaya bah\u00e7elerinde akvaryum da ve peyzaj\u0131n bir \u00e7ok alan\u0131nda kullan\u0131lmaktad\u0131r falez ve meteor kayalar i\u00e7in ta\u015f yap\u0131 do\u011fal ta\u015f do\u011fru adrestir","og_url":"https:\/\/eskisehirdogaltas.com\/?product=falez-ve-dekoratif-kayalar","og_site_name":"Eski\u015fehir do\u011falta\u015f","article_modified_time":"2022-05-27T07:13:33+00:00","og_image":[{"width":797,"height":600,"url":"https:\/\/eskisehirdogaltas.com\/wp-content\/uploads\/2020\/06\/falez-ve-meteor-kayalar\u0131-_20-1.gif","type":"image\/gif"}],"twitter_card":"summary_large_image","schema":{"@context":"https:\/\/schema.org","@graph":[{"@type":"WebPage","@id":"https:\/\/eskisehirdogaltas.com\/?product=falez-ve-dekoratif-kayalar","url":"https:\/\/eskisehirdogaltas.com\/?product=falez-ve-dekoratif-kayalar","name":"Falez Ta\u015flar\u0131 ve Dekoratif Kayalar - Eski\u015fehir do\u011falta\u015f","isPartOf":{"@id":"https:\/\/eskisehirdogaltas.com\/#website"},"primaryImageOfPage":{"@id":"https:\/\/eskisehirdogaltas.com\/?product=falez-ve-dekoratif-kayalar#primaryimage"},"image":{"@id":"https:\/\/eskisehirdogaltas.com\/?product=falez-ve-dekoratif-kayalar#primaryimage"},"thumbnailUrl":"https:\/\/eskisehirdogaltas.com\/wp-content\/uploads\/2020\/06\/falez-ve-meteor-kayalar\u0131-_20-1.gif","datePublished":"2020-06-02T20:55:33+00:00","dateModified":"2022-05-27T07:13:33+00:00","breadcrumb":{"@id":"https:\/\/eskisehirdogaltas.com\/?product=falez-ve-dekoratif-kayalar#breadcrumb"},"inLanguage":"tr","potentialAction":[{"@type":"ReadAction","target":["https:\/\/eskisehirdogaltas.com\/?product=falez-ve-dekoratif-kayalar"]}]},{"@type":"ImageObject","inLanguage":"tr","@id":"https:\/\/eskisehirdogaltas.com\/?product=falez-ve-dekoratif-kayalar#primaryimage","url":"https:\/\/eskisehirdogaltas.com\/wp-content\/uploads\/2020\/06\/falez-ve-meteor-kayalar\u0131-_20-1.gif","contentUrl":"https:\/\/eskisehirdogaltas.com\/wp-content\/uploads\/2020\/06\/falez-ve-meteor-kayalar\u0131-_20-1.gif","width":797,"height":600},{"@type":"BreadcrumbList","@id":"https:\/\/eskisehirdogaltas.com\/?product=falez-ve-dekoratif-kayalar#breadcrumb","itemListElement":[{"@type":"ListItem","position":1,"name":"Ana sayfa","item":"https:\/\/eskisehirdogaltas.com\/"},{"@type":"ListItem","position":2,"name":"Shop","item":"https:\/\/eskisehirdogaltas.com\/?page_id=2789"},{"@type":"ListItem","position":3,"name":"Falez Ta\u015flar\u0131 ve Dekoratif Kayalar"}]},{"@type":"WebSite","@id":"https:\/\/eskisehirdogaltas.com\/#website","url":"https:\/\/eskisehirdogaltas.com\/","name":"Eski\u015fehir do\u011falta\u015f","description":"TA\u015e YAPI MARKET","potentialAction":[{"@type":"SearchAction","target":{"@type":"EntryPoint","urlTemplate":"https:\/\/eskisehirdogaltas.com\/?s={search_term_string}"},"query-input":{"@type":"PropertyValueSpecification","valueRequired":true,"valueName":"search_term_string"}}],"inLanguage":"tr"}]}},"_links":{"self":[{"href":"https:\/\/eskisehirdogaltas.com\/index.php?rest_route=\/wp\/v2\/product\/7970","targetHints":{"allow":["GET"]}}],"collection":[{"href":"https:\/\/eskisehirdogaltas.com\/index.php?rest_route=\/wp\/v2\/product"}],"about":[{"href":"https:\/\/eskisehirdogaltas.com\/index.php?rest_route=\/wp\/v2\/types\/product"}],"replies":[{"embeddable":true,"href":"https:\/\/eskisehirdogaltas.com\/index.php?rest_route=%2Fwp%2Fv2%2Fcomments&post=7970"}],"wp:featuredmedia":[{"embeddable":true,"href":"https:\/\/eskisehirdogaltas.com\/index.php?rest_route=\/wp\/v2\/media\/7958"}],"wp:attachment":[{"href":"https:\/\/eskisehirdogaltas.com\/index.php?rest_route=%2Fwp%2Fv2%2Fmedia&parent=7970"}],"wp:term":[{"taxonomy":"product_brand","embeddable":true,"href":"https:\/\/eskisehirdogaltas.com\/index.php?rest_route=%2Fwp%2Fv2%2Fproduct_brand&post=7970"},{"taxonomy":"product_cat","embeddable":true,"href":"https:\/\/eskisehirdogaltas.com\/index.php?rest_route=%2Fwp%2Fv2%2Fproduct_cat&post=7970"},{"taxonomy":"product_tag","embeddable":true,"href":"https:\/\/eskisehirdogaltas.com\/index.php?rest_route=%2Fwp%2Fv2%2Fproduct_tag&post=7970"}],"curies":[{"name":"wp","href":"https:\/\/api.w.org\/{rel}","templated":true}]}}