{"id":7980,"date":"2020-06-03T11:43:40","date_gmt":"2020-06-03T08:43:40","guid":{"rendered":"http:\/\/dogaltasci.com\/?post_type=product&#038;p=7980"},"modified":"2020-06-05T14:28:17","modified_gmt":"2020-06-05T11:28:17","slug":"selale-ve-sus-havuzlari","status":"publish","type":"product","link":"https:\/\/eskisehirdogaltas.com\/?product=selale-ve-sus-havuzlari","title":{"rendered":"\u015eelale ve S\u00fcs Havuzlar\u0131"},"content":{"rendered":"","protected":false},"excerpt":{"rendered":"<p>M\u00fcstakil evlerin veya sitelerin, peyzaj d\u00fczenlemesi yap\u0131m\u0131nda tercih ettikleri se\u00e7enekler aras\u0131nda, \u015felale veya s\u00fcs havuzlar\u0131 dekorasyonu olduk\u00e7a fazla yer almaktad\u0131r. Geni\u015f alanlara verdi\u011fi \u015f\u0131kl\u0131k ve suyun insanlar \u00fczerindeki g\u00f6rsel ve ruhsal \u00f6nemi baz al\u0131nd\u0131\u011f\u0131nda, \u00f6zellikle yaz aylar\u0131nda suya olduk\u00e7a fazla gereksinim duyulur.<br \/>\nSevdiklerinizle birlikte s\u0131cak yaz ak\u015famlar\u0131nda, havuz ba\u015f\u0131nda ho\u015f sohbetler ge\u00e7irmeyi istemez miydiniz? \u00dcstelik bunu ger\u00e7ekle\u015ftirmek \u00e7ok da zahmetli de\u011fil. Tek ihtiyac\u0131n\u0131z olan sadece bunun i\u00e7in gerekli bir alana sahip olmak. ve ta\u015f yap\u0131 do\u011fal ta\u015f ile ileti\u015fime ge\u00e7mektir<br \/>\nbah\u00e7enizdeki bitkilere \u00e7imlere \u00e7i\u00e7eklere zarar vermeden uygun fiyat avantajlar\u0131 ile hizmet vermekteyiz<\/p>\n","protected":false},"featured_media":7979,"comment_status":"open","ping_status":"closed","template":"","meta":{"_acf_changed":false},"product_brand":[],"product_cat":[49],"product_tag":[],"class_list":{"0":"post-7980","1":"product","2":"type-product","3":"status-publish","4":"has-post-thumbnail","6":"product_cat-selale-ve-sus-havuzlari","8":"first","9":"instock","10":"shipping-taxable","11":"product-type-simple"},"acf":[],"yoast_head":"<!-- This site is optimized with the Yoast SEO plugin v24.6 - https:\/\/yoast.com\/wordpress\/plugins\/seo\/ -->\n<title>\u015eelale ve S\u00fcs Havuzlar\u0131 - Eski\u015fehir do\u011falta\u015f<\/title>\n<meta name=\"robots\" content=\"index, follow, max-snippet:-1, max-image-preview:large, max-video-preview:-1\" \/>\n<link rel=\"canonical\" href=\"https:\/\/eskisehirdogaltas.com\/?product=selale-ve-sus-havuzlari\" \/>\n<meta property=\"og:locale\" content=\"tr_TR\" \/>\n<meta property=\"og:type\" content=\"article\" \/>\n<meta property=\"og:title\" content=\"\u015eelale ve S\u00fcs Havuzlar\u0131 - Eski\u015fehir do\u011falta\u015f\" \/>\n<meta property=\"og:description\" content=\"M\u00fcstakil evlerin veya sitelerin, peyzaj d\u00fczenlemesi yap\u0131m\u0131nda tercih ettikleri se\u00e7enekler aras\u0131nda, \u015felale veya s\u00fcs havuzlar\u0131 dekorasyonu olduk\u00e7a fazla yer almaktad\u0131r. Geni\u015f alanlara verdi\u011fi \u015f\u0131kl\u0131k ve suyun insanlar \u00fczerindeki g\u00f6rsel ve ruhsal \u00f6nemi baz al\u0131nd\u0131\u011f\u0131nda, \u00f6zellikle yaz aylar\u0131nda suya olduk\u00e7a fazla gereksinim duyulur. Sevdiklerinizle birlikte s\u0131cak yaz ak\u015famlar\u0131nda, havuz ba\u015f\u0131nda ho\u015f sohbetler ge\u00e7irmeyi istemez miydiniz? \u00dcstelik bunu ger\u00e7ekle\u015ftirmek \u00e7ok da zahmetli de\u011fil. Tek ihtiyac\u0131n\u0131z olan sadece bunun i\u00e7in gerekli bir alana sahip olmak. ve ta\u015f yap\u0131 do\u011fal ta\u015f ile ileti\u015fime ge\u00e7mektir bah\u00e7enizdeki bitkilere \u00e7imlere \u00e7i\u00e7eklere zarar vermeden uygun fiyat avantajlar\u0131 ile hizmet vermekteyiz\" \/>\n<meta property=\"og:url\" content=\"https:\/\/eskisehirdogaltas.com\/?product=selale-ve-sus-havuzlari\" \/>\n<meta property=\"og:site_name\" content=\"Eski\u015fehir do\u011falta\u015f\" \/>\n<meta property=\"article:modified_time\" content=\"2020-06-05T11:28:17+00:00\" \/>\n<meta property=\"og:image\" content=\"https:\/\/eskisehirdogaltas.com\/wp-content\/uploads\/2020\/06\/\u015felale-ve-s\u00fcs-havuzlar\u0131_10.gif\" \/>\n\t<meta property=\"og:image:width\" content=\"1024\" \/>\n\t<meta property=\"og:image:height\" content=\"576\" \/>\n\t<meta property=\"og:image:type\" content=\"image\/gif\" \/>\n<meta name=\"twitter:card\" content=\"summary_large_image\" \/>\n<script type=\"application\/ld+json\" class=\"yoast-schema-graph\">{\"@context\":\"https:\/\/schema.org\",\"@graph\":[{\"@type\":\"WebPage\",\"@id\":\"https:\/\/eskisehirdogaltas.com\/?product=selale-ve-sus-havuzlari\",\"url\":\"https:\/\/eskisehirdogaltas.com\/?product=selale-ve-sus-havuzlari\",\"name\":\"\u015eelale ve S\u00fcs Havuzlar\u0131 - Eski\u015fehir do\u011falta\u015f\",\"isPartOf\":{\"@id\":\"https:\/\/eskisehirdogaltas.com\/#website\"},\"primaryImageOfPage\":{\"@id\":\"https:\/\/eskisehirdogaltas.com\/?product=selale-ve-sus-havuzlari#primaryimage\"},\"image\":{\"@id\":\"https:\/\/eskisehirdogaltas.com\/?product=selale-ve-sus-havuzlari#primaryimage\"},\"thumbnailUrl\":\"https:\/\/eskisehirdogaltas.com\/wp-content\/uploads\/2020\/06\/\u015felale-ve-s\u00fcs-havuzlar\u0131_10.gif\",\"datePublished\":\"2020-06-03T08:43:40+00:00\",\"dateModified\":\"2020-06-05T11:28:17+00:00\",\"breadcrumb\":{\"@id\":\"https:\/\/eskisehirdogaltas.com\/?product=selale-ve-sus-havuzlari#breadcrumb\"},\"inLanguage\":\"tr\",\"potentialAction\":[{\"@type\":\"ReadAction\",\"target\":[\"https:\/\/eskisehirdogaltas.com\/?product=selale-ve-sus-havuzlari\"]}]},{\"@type\":\"ImageObject\",\"inLanguage\":\"tr\",\"@id\":\"https:\/\/eskisehirdogaltas.com\/?product=selale-ve-sus-havuzlari#primaryimage\",\"url\":\"https:\/\/eskisehirdogaltas.com\/wp-content\/uploads\/2020\/06\/\u015felale-ve-s\u00fcs-havuzlar\u0131_10.gif\",\"contentUrl\":\"https:\/\/eskisehirdogaltas.com\/wp-content\/uploads\/2020\/06\/\u015felale-ve-s\u00fcs-havuzlar\u0131_10.gif\",\"width\":1024,\"height\":576},{\"@type\":\"BreadcrumbList\",\"@id\":\"https:\/\/eskisehirdogaltas.com\/?product=selale-ve-sus-havuzlari#breadcrumb\",\"itemListElement\":[{\"@type\":\"ListItem\",\"position\":1,\"name\":\"Ana sayfa\",\"item\":\"https:\/\/eskisehirdogaltas.com\/\"},{\"@type\":\"ListItem\",\"position\":2,\"name\":\"Shop\",\"item\":\"https:\/\/eskisehirdogaltas.com\/?page_id=2789\"},{\"@type\":\"ListItem\",\"position\":3,\"name\":\"\u015eelale ve S\u00fcs Havuzlar\u0131\"}]},{\"@type\":\"WebSite\",\"@id\":\"https:\/\/eskisehirdogaltas.com\/#website\",\"url\":\"https:\/\/eskisehirdogaltas.com\/\",\"name\":\"Eski\u015fehir do\u011falta\u015f\",\"description\":\"TA\u015e YAPI MARKET\",\"potentialAction\":[{\"@type\":\"SearchAction\",\"target\":{\"@type\":\"EntryPoint\",\"urlTemplate\":\"https:\/\/eskisehirdogaltas.com\/?s={search_term_string}\"},\"query-input\":{\"@type\":\"PropertyValueSpecification\",\"valueRequired\":true,\"valueName\":\"search_term_string\"}}],\"inLanguage\":\"tr\"}]}<\/script>\n<!-- \/ Yoast SEO plugin. -->","yoast_head_json":{"title":"\u015eelale ve S\u00fcs Havuzlar\u0131 - Eski\u015fehir do\u011falta\u015f","robots":{"index":"index","follow":"follow","max-snippet":"max-snippet:-1","max-image-preview":"max-image-preview:large","max-video-preview":"max-video-preview:-1"},"canonical":"https:\/\/eskisehirdogaltas.com\/?product=selale-ve-sus-havuzlari","og_locale":"tr_TR","og_type":"article","og_title":"\u015eelale ve S\u00fcs Havuzlar\u0131 - Eski\u015fehir do\u011falta\u015f","og_description":"M\u00fcstakil evlerin veya sitelerin, peyzaj d\u00fczenlemesi yap\u0131m\u0131nda tercih ettikleri se\u00e7enekler aras\u0131nda, \u015felale veya s\u00fcs havuzlar\u0131 dekorasyonu olduk\u00e7a fazla yer almaktad\u0131r. Geni\u015f alanlara verdi\u011fi \u015f\u0131kl\u0131k ve suyun insanlar \u00fczerindeki g\u00f6rsel ve ruhsal \u00f6nemi baz al\u0131nd\u0131\u011f\u0131nda, \u00f6zellikle yaz aylar\u0131nda suya olduk\u00e7a fazla gereksinim duyulur. Sevdiklerinizle birlikte s\u0131cak yaz ak\u015famlar\u0131nda, havuz ba\u015f\u0131nda ho\u015f sohbetler ge\u00e7irmeyi istemez miydiniz? \u00dcstelik bunu ger\u00e7ekle\u015ftirmek \u00e7ok da zahmetli de\u011fil. Tek ihtiyac\u0131n\u0131z olan sadece bunun i\u00e7in gerekli bir alana sahip olmak. ve ta\u015f yap\u0131 do\u011fal ta\u015f ile ileti\u015fime ge\u00e7mektir bah\u00e7enizdeki bitkilere \u00e7imlere \u00e7i\u00e7eklere zarar vermeden uygun fiyat avantajlar\u0131 ile hizmet vermekteyiz","og_url":"https:\/\/eskisehirdogaltas.com\/?product=selale-ve-sus-havuzlari","og_site_name":"Eski\u015fehir do\u011falta\u015f","article_modified_time":"2020-06-05T11:28:17+00:00","og_image":[{"width":1024,"height":576,"url":"https:\/\/eskisehirdogaltas.com\/wp-content\/uploads\/2020\/06\/\u015felale-ve-s\u00fcs-havuzlar\u0131_10.gif","type":"image\/gif"}],"twitter_card":"summary_large_image","schema":{"@context":"https:\/\/schema.org","@graph":[{"@type":"WebPage","@id":"https:\/\/eskisehirdogaltas.com\/?product=selale-ve-sus-havuzlari","url":"https:\/\/eskisehirdogaltas.com\/?product=selale-ve-sus-havuzlari","name":"\u015eelale ve S\u00fcs Havuzlar\u0131 - Eski\u015fehir do\u011falta\u015f","isPartOf":{"@id":"https:\/\/eskisehirdogaltas.com\/#website"},"primaryImageOfPage":{"@id":"https:\/\/eskisehirdogaltas.com\/?product=selale-ve-sus-havuzlari#primaryimage"},"image":{"@id":"https:\/\/eskisehirdogaltas.com\/?product=selale-ve-sus-havuzlari#primaryimage"},"thumbnailUrl":"https:\/\/eskisehirdogaltas.com\/wp-content\/uploads\/2020\/06\/\u015felale-ve-s\u00fcs-havuzlar\u0131_10.gif","datePublished":"2020-06-03T08:43:40+00:00","dateModified":"2020-06-05T11:28:17+00:00","breadcrumb":{"@id":"https:\/\/eskisehirdogaltas.com\/?product=selale-ve-sus-havuzlari#breadcrumb"},"inLanguage":"tr","potentialAction":[{"@type":"ReadAction","target":["https:\/\/eskisehirdogaltas.com\/?product=selale-ve-sus-havuzlari"]}]},{"@type":"ImageObject","inLanguage":"tr","@id":"https:\/\/eskisehirdogaltas.com\/?product=selale-ve-sus-havuzlari#primaryimage","url":"https:\/\/eskisehirdogaltas.com\/wp-content\/uploads\/2020\/06\/\u015felale-ve-s\u00fcs-havuzlar\u0131_10.gif","contentUrl":"https:\/\/eskisehirdogaltas.com\/wp-content\/uploads\/2020\/06\/\u015felale-ve-s\u00fcs-havuzlar\u0131_10.gif","width":1024,"height":576},{"@type":"BreadcrumbList","@id":"https:\/\/eskisehirdogaltas.com\/?product=selale-ve-sus-havuzlari#breadcrumb","itemListElement":[{"@type":"ListItem","position":1,"name":"Ana sayfa","item":"https:\/\/eskisehirdogaltas.com\/"},{"@type":"ListItem","position":2,"name":"Shop","item":"https:\/\/eskisehirdogaltas.com\/?page_id=2789"},{"@type":"ListItem","position":3,"name":"\u015eelale ve S\u00fcs Havuzlar\u0131"}]},{"@type":"WebSite","@id":"https:\/\/eskisehirdogaltas.com\/#website","url":"https:\/\/eskisehirdogaltas.com\/","name":"Eski\u015fehir do\u011falta\u015f","description":"TA\u015e YAPI MARKET","potentialAction":[{"@type":"SearchAction","target":{"@type":"EntryPoint","urlTemplate":"https:\/\/eskisehirdogaltas.com\/?s={search_term_string}"},"query-input":{"@type":"PropertyValueSpecification","valueRequired":true,"valueName":"search_term_string"}}],"inLanguage":"tr"}]}},"_links":{"self":[{"href":"https:\/\/eskisehirdogaltas.com\/index.php?rest_route=\/wp\/v2\/product\/7980","targetHints":{"allow":["GET"]}}],"collection":[{"href":"https:\/\/eskisehirdogaltas.com\/index.php?rest_route=\/wp\/v2\/product"}],"about":[{"href":"https:\/\/eskisehirdogaltas.com\/index.php?rest_route=\/wp\/v2\/types\/product"}],"replies":[{"embeddable":true,"href":"https:\/\/eskisehirdogaltas.com\/index.php?rest_route=%2Fwp%2Fv2%2Fcomments&post=7980"}],"wp:featuredmedia":[{"embeddable":true,"href":"https:\/\/eskisehirdogaltas.com\/index.php?rest_route=\/wp\/v2\/media\/7979"}],"wp:attachment":[{"href":"https:\/\/eskisehirdogaltas.com\/index.php?rest_route=%2Fwp%2Fv2%2Fmedia&parent=7980"}],"wp:term":[{"taxonomy":"product_brand","embeddable":true,"href":"https:\/\/eskisehirdogaltas.com\/index.php?rest_route=%2Fwp%2Fv2%2Fproduct_brand&post=7980"},{"taxonomy":"product_cat","embeddable":true,"href":"https:\/\/eskisehirdogaltas.com\/index.php?rest_route=%2Fwp%2Fv2%2Fproduct_cat&post=7980"},{"taxonomy":"product_tag","embeddable":true,"href":"https:\/\/eskisehirdogaltas.com\/index.php?rest_route=%2Fwp%2Fv2%2Fproduct_tag&post=7980"}],"curies":[{"name":"wp","href":"https:\/\/api.w.org\/{rel}","templated":true}]}}