{"id":8092,"date":"2020-06-16T14:36:36","date_gmt":"2020-06-16T11:36:36","guid":{"rendered":"http:\/\/dogaltasci.com\/?post_type=product&#038;p=8092"},"modified":"2020-06-16T17:43:36","modified_gmt":"2020-06-16T14:43:36","slug":"kayrak-tas-zemin-kaplama","status":"publish","type":"product","link":"https:\/\/eskisehirdogaltas.com\/?product=kayrak-tas-zemin-kaplama","title":{"rendered":"Kayrak Ta\u015f Zemin Kaplama"},"content":{"rendered":"","protected":false},"excerpt":{"rendered":"<p>Kayrak ta\u015f\u0131 zemin kaplama\u00a0 ta\u015f ocaklar\u0131nda \u00e7\u0131kart\u0131lan kayrak ta\u015flar\u0131 zemin kaplama lar\u0131nda kullan\u0131lmak \u00fczere 4-6 cm ve ustu ta\u015flar ayr\u0131l\u0131r paletlenerek sat\u0131\u015fa sunulur<\/p>\n<p>Kayrak ta\u015f\u0131 zemin kaplamalar\u0131 park ve bah\u00e7elerde ,Y\u00fcr\u00fcy\u00fc\u015f yollar\u0131nda,Ara\u00e7 otoparklar\u0131nda ,Kald\u0131r\u0131mlarda ve her t\u00fcrl\u00fc sert zemin d\u00f6\u015femelerinde kullan\u0131lmaktad\u0131r<\/p>\n<p>Bir ton kayrak ta\u015f\u0131ndan yakla\u015f\u0131k 6 m2 zemin kaplanabilmektedir<\/p>\n<p>Ta\u015f Yap\u0131 olarak, Eski\u015fehir Merkez&#8217;de faaliyet g\u00f6steren firmam\u0131z, T\u00fcrkiye&#8217;nin her yerine kayrak ta\u015f\u0131 ve di\u011fer ta\u015flar\u0131n sat\u0131\u015f\u0131n\u0131 ve uygulama i\u015flemlerini \u00fcstleniyor. Siz de kayrak ta\u015f\u0131 i\u00e7in sipari\u015f, fiyatland\u0131rma ve merak ettiklerinizle ilgili bizimle g\u00f6r\u00fc\u015febilirsiniz. Sazova Mah. Ulusal Egemenlik Bulv. Evciler Sk. No: 17\/A Tepeba\u015f\u0131 \/ Eski\u015fehir adresinde bulunan firmam\u0131z\u0131 ziyaret edebilir, bizlere 0 222 324 10 77 ve 0 507 003 96 03 numaral\u0131 telefondan bizlere ula\u015fabilirsiniz.<\/p>\n<p>En iyi kayrak ta\u015flar\u0131na sahip olmak i\u00e7in, hemen aray\u0131n.<\/p>\n<p>&nbsp;<\/p>\n","protected":false},"featured_media":8102,"comment_status":"open","ping_status":"closed","template":"","meta":{"_acf_changed":false},"product_brand":[],"product_cat":[51],"product_tag":[],"class_list":{"0":"post-8092","1":"product","2":"type-product","3":"status-publish","4":"has-post-thumbnail","6":"product_cat-kayrak-tas-zemin-kaplama","8":"first","9":"instock","10":"shipping-taxable","11":"product-type-simple"},"acf":[],"yoast_head":"<!-- This site is optimized with the Yoast SEO plugin v24.6 - https:\/\/yoast.com\/wordpress\/plugins\/seo\/ -->\n<title>Kayrak Ta\u015f Zemin Kaplama - Eski\u015fehir do\u011falta\u015f<\/title>\n<meta name=\"robots\" content=\"index, follow, max-snippet:-1, max-image-preview:large, max-video-preview:-1\" \/>\n<link rel=\"canonical\" href=\"https:\/\/eskisehirdogaltas.com\/?product=kayrak-tas-zemin-kaplama\" \/>\n<meta property=\"og:locale\" content=\"tr_TR\" \/>\n<meta property=\"og:type\" content=\"article\" \/>\n<meta property=\"og:title\" content=\"Kayrak Ta\u015f Zemin Kaplama - Eski\u015fehir do\u011falta\u015f\" \/>\n<meta property=\"og:description\" content=\"Kayrak ta\u015f\u0131 zemin kaplama\u00a0 ta\u015f ocaklar\u0131nda \u00e7\u0131kart\u0131lan kayrak ta\u015flar\u0131 zemin kaplama lar\u0131nda kullan\u0131lmak \u00fczere 4-6 cm ve ustu ta\u015flar ayr\u0131l\u0131r paletlenerek sat\u0131\u015fa sunulur  Kayrak ta\u015f\u0131 zemin kaplamalar\u0131 park ve bah\u00e7elerde ,Y\u00fcr\u00fcy\u00fc\u015f yollar\u0131nda,Ara\u00e7 otoparklar\u0131nda ,Kald\u0131r\u0131mlarda ve her t\u00fcrl\u00fc sert zemin d\u00f6\u015femelerinde kullan\u0131lmaktad\u0131r  Bir ton kayrak ta\u015f\u0131ndan yakla\u015f\u0131k 6 m2 zemin kaplanabilmektedir  Ta\u015f Yap\u0131 olarak, Eski\u015fehir Merkez&#039;de faaliyet g\u00f6steren firmam\u0131z, T\u00fcrkiye&#039;nin her yerine kayrak ta\u015f\u0131 ve di\u011fer ta\u015flar\u0131n sat\u0131\u015f\u0131n\u0131 ve uygulama i\u015flemlerini \u00fcstleniyor. Siz de kayrak ta\u015f\u0131 i\u00e7in sipari\u015f, fiyatland\u0131rma ve merak ettiklerinizle ilgili bizimle g\u00f6r\u00fc\u015febilirsiniz. Sazova Mah. Ulusal Egemenlik Bulv. Evciler Sk. No: 17\/A Tepeba\u015f\u0131 \/ Eski\u015fehir adresinde bulunan firmam\u0131z\u0131 ziyaret edebilir, bizlere 0 222 324 10 77 ve 0 507 003 96 03 numaral\u0131 telefondan bizlere ula\u015fabilirsiniz.  En iyi kayrak ta\u015flar\u0131na sahip olmak i\u00e7in, hemen aray\u0131n.  &nbsp;\" \/>\n<meta property=\"og:url\" content=\"https:\/\/eskisehirdogaltas.com\/?product=kayrak-tas-zemin-kaplama\" \/>\n<meta property=\"og:site_name\" content=\"Eski\u015fehir do\u011falta\u015f\" \/>\n<meta property=\"article:modified_time\" content=\"2020-06-16T14:43:36+00:00\" \/>\n<meta property=\"og:image\" content=\"https:\/\/eskisehirdogaltas.com\/wp-content\/uploads\/2020\/06\/\u015felale-ve-s\u00fcs-havuzlar\u0131_6-2.gif\" \/>\n\t<meta property=\"og:image:width\" content=\"1024\" \/>\n\t<meta property=\"og:image:height\" content=\"600\" \/>\n\t<meta property=\"og:image:type\" content=\"image\/gif\" \/>\n<meta name=\"twitter:card\" content=\"summary_large_image\" \/>\n<script type=\"application\/ld+json\" class=\"yoast-schema-graph\">{\"@context\":\"https:\/\/schema.org\",\"@graph\":[{\"@type\":\"WebPage\",\"@id\":\"https:\/\/eskisehirdogaltas.com\/?product=kayrak-tas-zemin-kaplama\",\"url\":\"https:\/\/eskisehirdogaltas.com\/?product=kayrak-tas-zemin-kaplama\",\"name\":\"Kayrak Ta\u015f Zemin Kaplama - Eski\u015fehir do\u011falta\u015f\",\"isPartOf\":{\"@id\":\"https:\/\/eskisehirdogaltas.com\/#website\"},\"primaryImageOfPage\":{\"@id\":\"https:\/\/eskisehirdogaltas.com\/?product=kayrak-tas-zemin-kaplama#primaryimage\"},\"image\":{\"@id\":\"https:\/\/eskisehirdogaltas.com\/?product=kayrak-tas-zemin-kaplama#primaryimage\"},\"thumbnailUrl\":\"https:\/\/eskisehirdogaltas.com\/wp-content\/uploads\/2020\/06\/\u015felale-ve-s\u00fcs-havuzlar\u0131_6-2.gif\",\"datePublished\":\"2020-06-16T11:36:36+00:00\",\"dateModified\":\"2020-06-16T14:43:36+00:00\",\"breadcrumb\":{\"@id\":\"https:\/\/eskisehirdogaltas.com\/?product=kayrak-tas-zemin-kaplama#breadcrumb\"},\"inLanguage\":\"tr\",\"potentialAction\":[{\"@type\":\"ReadAction\",\"target\":[\"https:\/\/eskisehirdogaltas.com\/?product=kayrak-tas-zemin-kaplama\"]}]},{\"@type\":\"ImageObject\",\"inLanguage\":\"tr\",\"@id\":\"https:\/\/eskisehirdogaltas.com\/?product=kayrak-tas-zemin-kaplama#primaryimage\",\"url\":\"https:\/\/eskisehirdogaltas.com\/wp-content\/uploads\/2020\/06\/\u015felale-ve-s\u00fcs-havuzlar\u0131_6-2.gif\",\"contentUrl\":\"https:\/\/eskisehirdogaltas.com\/wp-content\/uploads\/2020\/06\/\u015felale-ve-s\u00fcs-havuzlar\u0131_6-2.gif\",\"width\":1024,\"height\":600},{\"@type\":\"BreadcrumbList\",\"@id\":\"https:\/\/eskisehirdogaltas.com\/?product=kayrak-tas-zemin-kaplama#breadcrumb\",\"itemListElement\":[{\"@type\":\"ListItem\",\"position\":1,\"name\":\"Ana sayfa\",\"item\":\"https:\/\/eskisehirdogaltas.com\/\"},{\"@type\":\"ListItem\",\"position\":2,\"name\":\"Shop\",\"item\":\"https:\/\/eskisehirdogaltas.com\/?page_id=2789\"},{\"@type\":\"ListItem\",\"position\":3,\"name\":\"Kayrak Ta\u015f Zemin Kaplama\"}]},{\"@type\":\"WebSite\",\"@id\":\"https:\/\/eskisehirdogaltas.com\/#website\",\"url\":\"https:\/\/eskisehirdogaltas.com\/\",\"name\":\"Eski\u015fehir do\u011falta\u015f\",\"description\":\"TA\u015e YAPI MARKET\",\"potentialAction\":[{\"@type\":\"SearchAction\",\"target\":{\"@type\":\"EntryPoint\",\"urlTemplate\":\"https:\/\/eskisehirdogaltas.com\/?s={search_term_string}\"},\"query-input\":{\"@type\":\"PropertyValueSpecification\",\"valueRequired\":true,\"valueName\":\"search_term_string\"}}],\"inLanguage\":\"tr\"}]}<\/script>\n<!-- \/ Yoast SEO plugin. -->","yoast_head_json":{"title":"Kayrak Ta\u015f Zemin Kaplama - Eski\u015fehir do\u011falta\u015f","robots":{"index":"index","follow":"follow","max-snippet":"max-snippet:-1","max-image-preview":"max-image-preview:large","max-video-preview":"max-video-preview:-1"},"canonical":"https:\/\/eskisehirdogaltas.com\/?product=kayrak-tas-zemin-kaplama","og_locale":"tr_TR","og_type":"article","og_title":"Kayrak Ta\u015f Zemin Kaplama - Eski\u015fehir do\u011falta\u015f","og_description":"Kayrak ta\u015f\u0131 zemin kaplama\u00a0 ta\u015f ocaklar\u0131nda \u00e7\u0131kart\u0131lan kayrak ta\u015flar\u0131 zemin kaplama lar\u0131nda kullan\u0131lmak \u00fczere 4-6 cm ve ustu ta\u015flar ayr\u0131l\u0131r paletlenerek sat\u0131\u015fa sunulur  Kayrak ta\u015f\u0131 zemin kaplamalar\u0131 park ve bah\u00e7elerde ,Y\u00fcr\u00fcy\u00fc\u015f yollar\u0131nda,Ara\u00e7 otoparklar\u0131nda ,Kald\u0131r\u0131mlarda ve her t\u00fcrl\u00fc sert zemin d\u00f6\u015femelerinde kullan\u0131lmaktad\u0131r  Bir ton kayrak ta\u015f\u0131ndan yakla\u015f\u0131k 6 m2 zemin kaplanabilmektedir  Ta\u015f Yap\u0131 olarak, Eski\u015fehir Merkez'de faaliyet g\u00f6steren firmam\u0131z, T\u00fcrkiye'nin her yerine kayrak ta\u015f\u0131 ve di\u011fer ta\u015flar\u0131n sat\u0131\u015f\u0131n\u0131 ve uygulama i\u015flemlerini \u00fcstleniyor. Siz de kayrak ta\u015f\u0131 i\u00e7in sipari\u015f, fiyatland\u0131rma ve merak ettiklerinizle ilgili bizimle g\u00f6r\u00fc\u015febilirsiniz. Sazova Mah. Ulusal Egemenlik Bulv. Evciler Sk. No: 17\/A Tepeba\u015f\u0131 \/ Eski\u015fehir adresinde bulunan firmam\u0131z\u0131 ziyaret edebilir, bizlere 0 222 324 10 77 ve 0 507 003 96 03 numaral\u0131 telefondan bizlere ula\u015fabilirsiniz.  En iyi kayrak ta\u015flar\u0131na sahip olmak i\u00e7in, hemen aray\u0131n.  &nbsp;","og_url":"https:\/\/eskisehirdogaltas.com\/?product=kayrak-tas-zemin-kaplama","og_site_name":"Eski\u015fehir do\u011falta\u015f","article_modified_time":"2020-06-16T14:43:36+00:00","og_image":[{"width":1024,"height":600,"url":"https:\/\/eskisehirdogaltas.com\/wp-content\/uploads\/2020\/06\/\u015felale-ve-s\u00fcs-havuzlar\u0131_6-2.gif","type":"image\/gif"}],"twitter_card":"summary_large_image","schema":{"@context":"https:\/\/schema.org","@graph":[{"@type":"WebPage","@id":"https:\/\/eskisehirdogaltas.com\/?product=kayrak-tas-zemin-kaplama","url":"https:\/\/eskisehirdogaltas.com\/?product=kayrak-tas-zemin-kaplama","name":"Kayrak Ta\u015f Zemin Kaplama - Eski\u015fehir do\u011falta\u015f","isPartOf":{"@id":"https:\/\/eskisehirdogaltas.com\/#website"},"primaryImageOfPage":{"@id":"https:\/\/eskisehirdogaltas.com\/?product=kayrak-tas-zemin-kaplama#primaryimage"},"image":{"@id":"https:\/\/eskisehirdogaltas.com\/?product=kayrak-tas-zemin-kaplama#primaryimage"},"thumbnailUrl":"https:\/\/eskisehirdogaltas.com\/wp-content\/uploads\/2020\/06\/\u015felale-ve-s\u00fcs-havuzlar\u0131_6-2.gif","datePublished":"2020-06-16T11:36:36+00:00","dateModified":"2020-06-16T14:43:36+00:00","breadcrumb":{"@id":"https:\/\/eskisehirdogaltas.com\/?product=kayrak-tas-zemin-kaplama#breadcrumb"},"inLanguage":"tr","potentialAction":[{"@type":"ReadAction","target":["https:\/\/eskisehirdogaltas.com\/?product=kayrak-tas-zemin-kaplama"]}]},{"@type":"ImageObject","inLanguage":"tr","@id":"https:\/\/eskisehirdogaltas.com\/?product=kayrak-tas-zemin-kaplama#primaryimage","url":"https:\/\/eskisehirdogaltas.com\/wp-content\/uploads\/2020\/06\/\u015felale-ve-s\u00fcs-havuzlar\u0131_6-2.gif","contentUrl":"https:\/\/eskisehirdogaltas.com\/wp-content\/uploads\/2020\/06\/\u015felale-ve-s\u00fcs-havuzlar\u0131_6-2.gif","width":1024,"height":600},{"@type":"BreadcrumbList","@id":"https:\/\/eskisehirdogaltas.com\/?product=kayrak-tas-zemin-kaplama#breadcrumb","itemListElement":[{"@type":"ListItem","position":1,"name":"Ana sayfa","item":"https:\/\/eskisehirdogaltas.com\/"},{"@type":"ListItem","position":2,"name":"Shop","item":"https:\/\/eskisehirdogaltas.com\/?page_id=2789"},{"@type":"ListItem","position":3,"name":"Kayrak Ta\u015f Zemin Kaplama"}]},{"@type":"WebSite","@id":"https:\/\/eskisehirdogaltas.com\/#website","url":"https:\/\/eskisehirdogaltas.com\/","name":"Eski\u015fehir do\u011falta\u015f","description":"TA\u015e YAPI MARKET","potentialAction":[{"@type":"SearchAction","target":{"@type":"EntryPoint","urlTemplate":"https:\/\/eskisehirdogaltas.com\/?s={search_term_string}"},"query-input":{"@type":"PropertyValueSpecification","valueRequired":true,"valueName":"search_term_string"}}],"inLanguage":"tr"}]}},"_links":{"self":[{"href":"https:\/\/eskisehirdogaltas.com\/index.php?rest_route=\/wp\/v2\/product\/8092","targetHints":{"allow":["GET"]}}],"collection":[{"href":"https:\/\/eskisehirdogaltas.com\/index.php?rest_route=\/wp\/v2\/product"}],"about":[{"href":"https:\/\/eskisehirdogaltas.com\/index.php?rest_route=\/wp\/v2\/types\/product"}],"replies":[{"embeddable":true,"href":"https:\/\/eskisehirdogaltas.com\/index.php?rest_route=%2Fwp%2Fv2%2Fcomments&post=8092"}],"wp:featuredmedia":[{"embeddable":true,"href":"https:\/\/eskisehirdogaltas.com\/index.php?rest_route=\/wp\/v2\/media\/8102"}],"wp:attachment":[{"href":"https:\/\/eskisehirdogaltas.com\/index.php?rest_route=%2Fwp%2Fv2%2Fmedia&parent=8092"}],"wp:term":[{"taxonomy":"product_brand","embeddable":true,"href":"https:\/\/eskisehirdogaltas.com\/index.php?rest_route=%2Fwp%2Fv2%2Fproduct_brand&post=8092"},{"taxonomy":"product_cat","embeddable":true,"href":"https:\/\/eskisehirdogaltas.com\/index.php?rest_route=%2Fwp%2Fv2%2Fproduct_cat&post=8092"},{"taxonomy":"product_tag","embeddable":true,"href":"https:\/\/eskisehirdogaltas.com\/index.php?rest_route=%2Fwp%2Fv2%2Fproduct_tag&post=8092"}],"curies":[{"name":"wp","href":"https:\/\/api.w.org\/{rel}","templated":true}]}}