{"id":8134,"date":"2020-06-20T20:01:02","date_gmt":"2020-06-20T17:01:02","guid":{"rendered":"http:\/\/dogaltasci.com\/?post_type=product&#038;p=8134"},"modified":"2020-06-20T20:15:28","modified_gmt":"2020-06-20T17:15:28","slug":"andazit-tasi","status":"publish","type":"product","link":"https:\/\/eskisehirdogaltas.com\/?product=andazit-tasi","title":{"rendered":"Andazit ta\u015f\u0131"},"content":{"rendered":"","protected":false},"excerpt":{"rendered":"<p>Andezit ta\u015f\u0131, Sel\u00e7uklu&#8217;lardan g\u00fcn\u00fcm\u00fcze kadar yap\u0131 sekt\u00f6r\u00fcn\u00fcn g\u00f6zde &#8216;yap\u0131 ta\u015flar\u0131ndan&#8217; biri. Art\u0131k dekorasyon uygulamalar\u0131n\u0131n olmazsa olmaz\u0131&#8230;<\/p>\n<p>Yollarda, kald\u0131r\u0131mlarda, duvarlarda ve bir\u00e7ok alanda kullan\u0131lan dekoratif ta\u015flar her zaman dikkatimizi \u00e7ekmi\u015ftir. Hatta bu t\u00fcr ta\u015flar\u0131 g\u00f6r\u00fcnce en \u00e7ok kulland\u0131\u011f\u0131m\u0131z alanlarda dekoratif ta\u015flar g\u00f6rmek isteyerek hay\u0131flan\u0131r\u0131z. Yap\u0131 sekt\u00f6r\u00fcn\u00fcn vazge\u00e7ilmezleri aras\u0131nda yer alan ta\u015flardan biri olan Andezit ta\u015f\u0131, \u00fclkemizde yayg\u0131n olarak kullan\u0131lan dekoratif ta\u015flar aras\u0131nda mermerden sonra ba\u015f\u0131 \u00e7ekiyor.<\/p>\n<p>Andezit Ta\u015f\u0131n\u0131n Kullan\u0131m Alanlar\u0131<br \/>\nAndezitler daha \u00e7ok kald\u0131r\u0131mlar ba\u015fta olmak \u00fczere merdivenlerden d\u0131\u015f duvar kaplamalar\u0131na kadar bir\u00e7ok alanda kullan\u0131l\u0131yor. Ve kullan\u0131m alanlar\u0131 giderek yayg\u0131nla\u015f\u0131yor.<br \/>\nYayg\u0131n olarak plaka ve levha \u015feklide kullan\u0131lan Andezitlerin bord\u00fcr uygulamalar\u0131na da s\u0131k rastlan\u0131yor. Ba\u015fl\u0131ca kullan\u0131m\u0131 g\u00f6r\u00fclen alanlar\u0131 \u015f\u00f6yle s\u0131ralayabiliriz: Kald\u0131r\u0131mlar, bord\u00fcr uygulamalar\u0131, bah\u00e7e d\u00fczenlemeleri, d\u0131\u015f cephe kaplamalar\u0131, parke uygulamalar\u0131, d\u00f6\u015femeler, \u015f\u00f6mineler, \u015fad\u0131rvanlar, harpu\u015fta (a\u00e7\u0131k duvar \u00fcst\u00fc) uygulamalar\u0131, e\u011fimli y\u00fczeyler, pencere kenarlar\u0131, \u00e7e\u015fmeler, oluklar, tretuvarlar, mezarl\u0131klar, tarihi yap\u0131lar\u0131n restorasyon uygulamalar\u0131, d\u0131\u015f ortamlarda kullan\u0131lan bank, \u00e7i\u00e7eklik ve \u00e7\u00f6p kutular\u0131, merdiven basamak Andezit ta\u015flar\u0131ndan kabartmalar, desenler ve dekoratif uygulamalar yap\u0131labildi\u011fi i\u00e7in kullan\u0131m alanlar\u0131 da giderek art\u0131yor. Bazen bir \u00e7e\u015fmede desenli bir kemer yap\u0131labilirken, tarihi bir binada Osmanl\u0131 tu\u011fras\u0131 da i\u015flenebiliyor. Yap\u0131 \u00e7e\u015fitlili\u011fine g\u00f6re Andezit ta\u015f\u0131n\u0131 i\u015fleyenlerin hayal d\u00fcnyas\u0131n\u0131n kapasitesiyle dekoratif \u00f6zelliklerini art\u0131rmak m\u00fcmk\u00fcnmaklar\u0131, ref\u00fcAndezit ta\u015f\u0131n\u0131n bu kadar yayg\u0131n olarak kullan\u0131lmas\u0131n\u0131n temel nedeni dayan\u0131kl\u0131l\u0131\u011f\u0131 ve a\u015f\u0131nmaya kar\u015f\u0131 direncidir. Kaymaz bir malzeme oldu\u011fu i\u00e7in in\u015faat ve yap\u0131 sekt\u00f6r\u00fcn\u00fcn g\u00f6zdesi olan Andezit, \u0131s\u0131 yal\u0131t\u0131m\u0131 \u00f6zelli\u011fini de b\u00fcnyesinde bar\u0131nd\u0131r\u0131r. Yaz\u0131n serinlik veren bu ta\u015flar, k\u0131\u015f aylar\u0131nda da \u0131s\u0131 kayb\u0131n\u0131 \u00f6nleyebiliyor. Bu \u00f6zelli\u011fi ile \u00f6zellikle b\u00fcy\u00fck yap\u0131larda tercih edilen kaplama malzemesidir. Do\u011fal bir ta\u015f olmas\u0131 sebebiyle a\u015f\u0131nmaya da dayan\u0131kl\u0131 olan Andezitler, kayd\u0131rmaz \u00f6zelli\u011fi ile kald\u0131r\u0131mlarda \u00e7ok s\u0131k rastlad\u0131\u011f\u0131m\u0131z dekoratif ta\u015flard\u0131r.<br \/>\nAndezit ta\u015f\u0131n\u0131n teknik ve kimyasal \u00f6zellikleri ta\u015f\u0131n \u00e7\u0131kar\u0131ld\u0131\u011f\u0131 b\u00f6lge ve uygulanan i\u015fleme g\u00f6re de\u011fi\u015fiklik arz ediyor. Ancak genel olarak bir Andezit ta\u015f\u0131n\u0131n teknik ve kimyasal \u00f6zellikleri \u015f\u00f6yledir:<br \/>\n\uf0a7 \u00d6zg\u00fcl a\u011f\u0131rl\u0131k 2.67 gr\/cm3<br \/>\n\uf0a7 Doluluk oran\u0131 %83.9<br \/>\n\uf0a7 Nem oran\u0131 %1.14<br \/>\n\uf0a7 Bas\u0131n\u00e7 dayan\u0131m\u0131 716 kg\/cm2<br \/>\n\uf0a7 Porozite %9.51<br \/>\n\uf0a7 A\u015f\u0131nma dayan\u0131m\u0131 18.1 cm2\/cm2<br \/>\n\uf0a7 G\u00f6zeneklilik %16.10<br \/>\n\uf0a7 Ezilme dayan\u0131m\u0131 163 kg\/cm3<br \/>\n\uf0a7 Darbe dayan\u0131m\u0131 12 kg\/cm2<br \/>\n\uf0a7 A\u011f\u0131rl\u0131k\u00e7a su emme durumu %6.54 jler\u2026<\/p>\n<p>&nbsp;<\/p>\n<p>&nbsp;<\/p>\n","protected":false},"featured_media":8136,"comment_status":"open","ping_status":"closed","template":"","meta":{"_acf_changed":false},"product_brand":[],"product_cat":[52],"product_tag":[],"class_list":{"0":"post-8134","1":"product","2":"type-product","3":"status-publish","4":"has-post-thumbnail","6":"product_cat-andazit","8":"first","9":"instock","10":"shipping-taxable","11":"product-type-simple"},"acf":[],"yoast_head":"<!-- This site is optimized with the Yoast SEO plugin v24.6 - https:\/\/yoast.com\/wordpress\/plugins\/seo\/ -->\n<title>Andazit ta\u015f\u0131 - Eski\u015fehir do\u011falta\u015f<\/title>\n<meta name=\"robots\" content=\"index, follow, max-snippet:-1, max-image-preview:large, max-video-preview:-1\" \/>\n<link rel=\"canonical\" href=\"https:\/\/eskisehirdogaltas.com\/?product=andazit-tasi\" \/>\n<meta property=\"og:locale\" content=\"tr_TR\" \/>\n<meta property=\"og:type\" content=\"article\" \/>\n<meta property=\"og:title\" content=\"Andazit ta\u015f\u0131 - Eski\u015fehir do\u011falta\u015f\" \/>\n<meta property=\"og:description\" content=\"Andezit ta\u015f\u0131, Sel\u00e7uklu&#039;lardan g\u00fcn\u00fcm\u00fcze kadar yap\u0131 sekt\u00f6r\u00fcn\u00fcn g\u00f6zde &#039;yap\u0131 ta\u015flar\u0131ndan&#039; biri. Art\u0131k dekorasyon uygulamalar\u0131n\u0131n olmazsa olmaz\u0131...  Yollarda, kald\u0131r\u0131mlarda, duvarlarda ve bir\u00e7ok alanda kullan\u0131lan dekoratif ta\u015flar her zaman dikkatimizi \u00e7ekmi\u015ftir. Hatta bu t\u00fcr ta\u015flar\u0131 g\u00f6r\u00fcnce en \u00e7ok kulland\u0131\u011f\u0131m\u0131z alanlarda dekoratif ta\u015flar g\u00f6rmek isteyerek hay\u0131flan\u0131r\u0131z. Yap\u0131 sekt\u00f6r\u00fcn\u00fcn vazge\u00e7ilmezleri aras\u0131nda yer alan ta\u015flardan biri olan Andezit ta\u015f\u0131, \u00fclkemizde yayg\u0131n olarak kullan\u0131lan dekoratif ta\u015flar aras\u0131nda mermerden sonra ba\u015f\u0131 \u00e7ekiyor.  Andezit Ta\u015f\u0131n\u0131n Kullan\u0131m Alanlar\u0131 Andezitler daha \u00e7ok kald\u0131r\u0131mlar ba\u015fta olmak \u00fczere merdivenlerden d\u0131\u015f duvar kaplamalar\u0131na kadar bir\u00e7ok alanda kullan\u0131l\u0131yor. Ve kullan\u0131m alanlar\u0131 giderek yayg\u0131nla\u015f\u0131yor. Yayg\u0131n olarak plaka ve levha \u015feklide kullan\u0131lan Andezitlerin bord\u00fcr uygulamalar\u0131na da s\u0131k rastlan\u0131yor. Ba\u015fl\u0131ca kullan\u0131m\u0131 g\u00f6r\u00fclen alanlar\u0131 \u015f\u00f6yle s\u0131ralayabiliriz: Kald\u0131r\u0131mlar, bord\u00fcr uygulamalar\u0131, bah\u00e7e d\u00fczenlemeleri, d\u0131\u015f cephe kaplamalar\u0131, parke uygulamalar\u0131, d\u00f6\u015femeler, \u015f\u00f6mineler, \u015fad\u0131rvanlar, harpu\u015fta (a\u00e7\u0131k duvar \u00fcst\u00fc) uygulamalar\u0131, e\u011fimli y\u00fczeyler, pencere kenarlar\u0131, \u00e7e\u015fmeler, oluklar, tretuvarlar, mezarl\u0131klar, tarihi yap\u0131lar\u0131n restorasyon uygulamalar\u0131, d\u0131\u015f ortamlarda kullan\u0131lan bank, \u00e7i\u00e7eklik ve \u00e7\u00f6p kutular\u0131, merdiven basamak Andezit ta\u015flar\u0131ndan kabartmalar, desenler ve dekoratif uygulamalar yap\u0131labildi\u011fi i\u00e7in kullan\u0131m alanlar\u0131 da giderek art\u0131yor. Bazen bir \u00e7e\u015fmede desenli bir kemer yap\u0131labilirken, tarihi bir binada Osmanl\u0131 tu\u011fras\u0131 da i\u015flenebiliyor. Yap\u0131 \u00e7e\u015fitlili\u011fine g\u00f6re Andezit ta\u015f\u0131n\u0131 i\u015fleyenlerin hayal d\u00fcnyas\u0131n\u0131n kapasitesiyle dekoratif \u00f6zelliklerini art\u0131rmak m\u00fcmk\u00fcnmaklar\u0131, ref\u00fcAndezit ta\u015f\u0131n\u0131n bu kadar yayg\u0131n olarak kullan\u0131lmas\u0131n\u0131n temel nedeni dayan\u0131kl\u0131l\u0131\u011f\u0131 ve a\u015f\u0131nmaya kar\u015f\u0131 direncidir. Kaymaz bir malzeme oldu\u011fu i\u00e7in in\u015faat ve yap\u0131 sekt\u00f6r\u00fcn\u00fcn g\u00f6zdesi olan Andezit, \u0131s\u0131 yal\u0131t\u0131m\u0131 \u00f6zelli\u011fini de b\u00fcnyesinde bar\u0131nd\u0131r\u0131r. Yaz\u0131n serinlik veren bu ta\u015flar, k\u0131\u015f aylar\u0131nda da \u0131s\u0131 kayb\u0131n\u0131 \u00f6nleyebiliyor. Bu \u00f6zelli\u011fi ile \u00f6zellikle b\u00fcy\u00fck yap\u0131larda tercih edilen kaplama malzemesidir. Do\u011fal bir ta\u015f olmas\u0131 sebebiyle a\u015f\u0131nmaya da dayan\u0131kl\u0131 olan Andezitler, kayd\u0131rmaz \u00f6zelli\u011fi ile kald\u0131r\u0131mlarda \u00e7ok s\u0131k rastlad\u0131\u011f\u0131m\u0131z dekoratif ta\u015flard\u0131r. Andezit ta\u015f\u0131n\u0131n teknik ve kimyasal \u00f6zellikleri ta\u015f\u0131n \u00e7\u0131kar\u0131ld\u0131\u011f\u0131 b\u00f6lge ve uygulanan i\u015fleme g\u00f6re de\u011fi\u015fiklik arz ediyor. Ancak genel olarak bir Andezit ta\u015f\u0131n\u0131n teknik ve kimyasal \u00f6zellikleri \u015f\u00f6yledir: \uf0a7 \u00d6zg\u00fcl a\u011f\u0131rl\u0131k 2.67 gr\/cm3 \uf0a7 Doluluk oran\u0131 %83.9 \uf0a7 Nem oran\u0131 %1.14 \uf0a7 Bas\u0131n\u00e7 dayan\u0131m\u0131 716 kg\/cm2 \uf0a7 Porozite %9.51 \uf0a7 A\u015f\u0131nma dayan\u0131m\u0131 18.1 cm2\/cm2 \uf0a7 G\u00f6zeneklilik %16.10 \uf0a7 Ezilme dayan\u0131m\u0131 163 kg\/cm3 \uf0a7 Darbe dayan\u0131m\u0131 12 kg\/cm2 \uf0a7 A\u011f\u0131rl\u0131k\u00e7a su emme durumu %6.54 jler\u2026  &nbsp;  &nbsp;\" \/>\n<meta property=\"og:url\" content=\"https:\/\/eskisehirdogaltas.com\/?product=andazit-tasi\" \/>\n<meta property=\"og:site_name\" content=\"Eski\u015fehir do\u011falta\u015f\" \/>\n<meta property=\"article:modified_time\" content=\"2020-06-20T17:15:28+00:00\" \/>\n<meta property=\"og:image\" content=\"https:\/\/eskisehirdogaltas.com\/wp-content\/uploads\/2020\/06\/andezit-ta\u015f\u0131-_6-1.gif\" \/>\n\t<meta property=\"og:image:width\" content=\"1024\" \/>\n\t<meta property=\"og:image:height\" content=\"600\" \/>\n\t<meta property=\"og:image:type\" content=\"image\/gif\" \/>\n<meta name=\"twitter:card\" content=\"summary_large_image\" \/>\n<script type=\"application\/ld+json\" class=\"yoast-schema-graph\">{\"@context\":\"https:\/\/schema.org\",\"@graph\":[{\"@type\":\"WebPage\",\"@id\":\"https:\/\/eskisehirdogaltas.com\/?product=andazit-tasi\",\"url\":\"https:\/\/eskisehirdogaltas.com\/?product=andazit-tasi\",\"name\":\"Andazit ta\u015f\u0131 - Eski\u015fehir do\u011falta\u015f\",\"isPartOf\":{\"@id\":\"https:\/\/eskisehirdogaltas.com\/#website\"},\"primaryImageOfPage\":{\"@id\":\"https:\/\/eskisehirdogaltas.com\/?product=andazit-tasi#primaryimage\"},\"image\":{\"@id\":\"https:\/\/eskisehirdogaltas.com\/?product=andazit-tasi#primaryimage\"},\"thumbnailUrl\":\"https:\/\/eskisehirdogaltas.com\/wp-content\/uploads\/2020\/06\/andezit-ta\u015f\u0131-_6-1.gif\",\"datePublished\":\"2020-06-20T17:01:02+00:00\",\"dateModified\":\"2020-06-20T17:15:28+00:00\",\"breadcrumb\":{\"@id\":\"https:\/\/eskisehirdogaltas.com\/?product=andazit-tasi#breadcrumb\"},\"inLanguage\":\"tr\",\"potentialAction\":[{\"@type\":\"ReadAction\",\"target\":[\"https:\/\/eskisehirdogaltas.com\/?product=andazit-tasi\"]}]},{\"@type\":\"ImageObject\",\"inLanguage\":\"tr\",\"@id\":\"https:\/\/eskisehirdogaltas.com\/?product=andazit-tasi#primaryimage\",\"url\":\"https:\/\/eskisehirdogaltas.com\/wp-content\/uploads\/2020\/06\/andezit-ta\u015f\u0131-_6-1.gif\",\"contentUrl\":\"https:\/\/eskisehirdogaltas.com\/wp-content\/uploads\/2020\/06\/andezit-ta\u015f\u0131-_6-1.gif\",\"width\":1024,\"height\":600},{\"@type\":\"BreadcrumbList\",\"@id\":\"https:\/\/eskisehirdogaltas.com\/?product=andazit-tasi#breadcrumb\",\"itemListElement\":[{\"@type\":\"ListItem\",\"position\":1,\"name\":\"Ana sayfa\",\"item\":\"https:\/\/eskisehirdogaltas.com\/\"},{\"@type\":\"ListItem\",\"position\":2,\"name\":\"Shop\",\"item\":\"https:\/\/eskisehirdogaltas.com\/?page_id=2789\"},{\"@type\":\"ListItem\",\"position\":3,\"name\":\"Andazit ta\u015f\u0131\"}]},{\"@type\":\"WebSite\",\"@id\":\"https:\/\/eskisehirdogaltas.com\/#website\",\"url\":\"https:\/\/eskisehirdogaltas.com\/\",\"name\":\"Eski\u015fehir do\u011falta\u015f\",\"description\":\"TA\u015e YAPI MARKET\",\"potentialAction\":[{\"@type\":\"SearchAction\",\"target\":{\"@type\":\"EntryPoint\",\"urlTemplate\":\"https:\/\/eskisehirdogaltas.com\/?s={search_term_string}\"},\"query-input\":{\"@type\":\"PropertyValueSpecification\",\"valueRequired\":true,\"valueName\":\"search_term_string\"}}],\"inLanguage\":\"tr\"}]}<\/script>\n<!-- \/ Yoast SEO plugin. -->","yoast_head_json":{"title":"Andazit ta\u015f\u0131 - Eski\u015fehir do\u011falta\u015f","robots":{"index":"index","follow":"follow","max-snippet":"max-snippet:-1","max-image-preview":"max-image-preview:large","max-video-preview":"max-video-preview:-1"},"canonical":"https:\/\/eskisehirdogaltas.com\/?product=andazit-tasi","og_locale":"tr_TR","og_type":"article","og_title":"Andazit ta\u015f\u0131 - Eski\u015fehir do\u011falta\u015f","og_description":"Andezit ta\u015f\u0131, Sel\u00e7uklu'lardan g\u00fcn\u00fcm\u00fcze kadar yap\u0131 sekt\u00f6r\u00fcn\u00fcn g\u00f6zde 'yap\u0131 ta\u015flar\u0131ndan' biri. Art\u0131k dekorasyon uygulamalar\u0131n\u0131n olmazsa olmaz\u0131...  Yollarda, kald\u0131r\u0131mlarda, duvarlarda ve bir\u00e7ok alanda kullan\u0131lan dekoratif ta\u015flar her zaman dikkatimizi \u00e7ekmi\u015ftir. Hatta bu t\u00fcr ta\u015flar\u0131 g\u00f6r\u00fcnce en \u00e7ok kulland\u0131\u011f\u0131m\u0131z alanlarda dekoratif ta\u015flar g\u00f6rmek isteyerek hay\u0131flan\u0131r\u0131z. Yap\u0131 sekt\u00f6r\u00fcn\u00fcn vazge\u00e7ilmezleri aras\u0131nda yer alan ta\u015flardan biri olan Andezit ta\u015f\u0131, \u00fclkemizde yayg\u0131n olarak kullan\u0131lan dekoratif ta\u015flar aras\u0131nda mermerden sonra ba\u015f\u0131 \u00e7ekiyor.  Andezit Ta\u015f\u0131n\u0131n Kullan\u0131m Alanlar\u0131 Andezitler daha \u00e7ok kald\u0131r\u0131mlar ba\u015fta olmak \u00fczere merdivenlerden d\u0131\u015f duvar kaplamalar\u0131na kadar bir\u00e7ok alanda kullan\u0131l\u0131yor. Ve kullan\u0131m alanlar\u0131 giderek yayg\u0131nla\u015f\u0131yor. Yayg\u0131n olarak plaka ve levha \u015feklide kullan\u0131lan Andezitlerin bord\u00fcr uygulamalar\u0131na da s\u0131k rastlan\u0131yor. Ba\u015fl\u0131ca kullan\u0131m\u0131 g\u00f6r\u00fclen alanlar\u0131 \u015f\u00f6yle s\u0131ralayabiliriz: Kald\u0131r\u0131mlar, bord\u00fcr uygulamalar\u0131, bah\u00e7e d\u00fczenlemeleri, d\u0131\u015f cephe kaplamalar\u0131, parke uygulamalar\u0131, d\u00f6\u015femeler, \u015f\u00f6mineler, \u015fad\u0131rvanlar, harpu\u015fta (a\u00e7\u0131k duvar \u00fcst\u00fc) uygulamalar\u0131, e\u011fimli y\u00fczeyler, pencere kenarlar\u0131, \u00e7e\u015fmeler, oluklar, tretuvarlar, mezarl\u0131klar, tarihi yap\u0131lar\u0131n restorasyon uygulamalar\u0131, d\u0131\u015f ortamlarda kullan\u0131lan bank, \u00e7i\u00e7eklik ve \u00e7\u00f6p kutular\u0131, merdiven basamak Andezit ta\u015flar\u0131ndan kabartmalar, desenler ve dekoratif uygulamalar yap\u0131labildi\u011fi i\u00e7in kullan\u0131m alanlar\u0131 da giderek art\u0131yor. Bazen bir \u00e7e\u015fmede desenli bir kemer yap\u0131labilirken, tarihi bir binada Osmanl\u0131 tu\u011fras\u0131 da i\u015flenebiliyor. Yap\u0131 \u00e7e\u015fitlili\u011fine g\u00f6re Andezit ta\u015f\u0131n\u0131 i\u015fleyenlerin hayal d\u00fcnyas\u0131n\u0131n kapasitesiyle dekoratif \u00f6zelliklerini art\u0131rmak m\u00fcmk\u00fcnmaklar\u0131, ref\u00fcAndezit ta\u015f\u0131n\u0131n bu kadar yayg\u0131n olarak kullan\u0131lmas\u0131n\u0131n temel nedeni dayan\u0131kl\u0131l\u0131\u011f\u0131 ve a\u015f\u0131nmaya kar\u015f\u0131 direncidir. Kaymaz bir malzeme oldu\u011fu i\u00e7in in\u015faat ve yap\u0131 sekt\u00f6r\u00fcn\u00fcn g\u00f6zdesi olan Andezit, \u0131s\u0131 yal\u0131t\u0131m\u0131 \u00f6zelli\u011fini de b\u00fcnyesinde bar\u0131nd\u0131r\u0131r. Yaz\u0131n serinlik veren bu ta\u015flar, k\u0131\u015f aylar\u0131nda da \u0131s\u0131 kayb\u0131n\u0131 \u00f6nleyebiliyor. Bu \u00f6zelli\u011fi ile \u00f6zellikle b\u00fcy\u00fck yap\u0131larda tercih edilen kaplama malzemesidir. Do\u011fal bir ta\u015f olmas\u0131 sebebiyle a\u015f\u0131nmaya da dayan\u0131kl\u0131 olan Andezitler, kayd\u0131rmaz \u00f6zelli\u011fi ile kald\u0131r\u0131mlarda \u00e7ok s\u0131k rastlad\u0131\u011f\u0131m\u0131z dekoratif ta\u015flard\u0131r. Andezit ta\u015f\u0131n\u0131n teknik ve kimyasal \u00f6zellikleri ta\u015f\u0131n \u00e7\u0131kar\u0131ld\u0131\u011f\u0131 b\u00f6lge ve uygulanan i\u015fleme g\u00f6re de\u011fi\u015fiklik arz ediyor. Ancak genel olarak bir Andezit ta\u015f\u0131n\u0131n teknik ve kimyasal \u00f6zellikleri \u015f\u00f6yledir: \uf0a7 \u00d6zg\u00fcl a\u011f\u0131rl\u0131k 2.67 gr\/cm3 \uf0a7 Doluluk oran\u0131 %83.9 \uf0a7 Nem oran\u0131 %1.14 \uf0a7 Bas\u0131n\u00e7 dayan\u0131m\u0131 716 kg\/cm2 \uf0a7 Porozite %9.51 \uf0a7 A\u015f\u0131nma dayan\u0131m\u0131 18.1 cm2\/cm2 \uf0a7 G\u00f6zeneklilik %16.10 \uf0a7 Ezilme dayan\u0131m\u0131 163 kg\/cm3 \uf0a7 Darbe dayan\u0131m\u0131 12 kg\/cm2 \uf0a7 A\u011f\u0131rl\u0131k\u00e7a su emme durumu %6.54 jler\u2026  &nbsp;  &nbsp;","og_url":"https:\/\/eskisehirdogaltas.com\/?product=andazit-tasi","og_site_name":"Eski\u015fehir do\u011falta\u015f","article_modified_time":"2020-06-20T17:15:28+00:00","og_image":[{"width":1024,"height":600,"url":"https:\/\/eskisehirdogaltas.com\/wp-content\/uploads\/2020\/06\/andezit-ta\u015f\u0131-_6-1.gif","type":"image\/gif"}],"twitter_card":"summary_large_image","schema":{"@context":"https:\/\/schema.org","@graph":[{"@type":"WebPage","@id":"https:\/\/eskisehirdogaltas.com\/?product=andazit-tasi","url":"https:\/\/eskisehirdogaltas.com\/?product=andazit-tasi","name":"Andazit ta\u015f\u0131 - Eski\u015fehir do\u011falta\u015f","isPartOf":{"@id":"https:\/\/eskisehirdogaltas.com\/#website"},"primaryImageOfPage":{"@id":"https:\/\/eskisehirdogaltas.com\/?product=andazit-tasi#primaryimage"},"image":{"@id":"https:\/\/eskisehirdogaltas.com\/?product=andazit-tasi#primaryimage"},"thumbnailUrl":"https:\/\/eskisehirdogaltas.com\/wp-content\/uploads\/2020\/06\/andezit-ta\u015f\u0131-_6-1.gif","datePublished":"2020-06-20T17:01:02+00:00","dateModified":"2020-06-20T17:15:28+00:00","breadcrumb":{"@id":"https:\/\/eskisehirdogaltas.com\/?product=andazit-tasi#breadcrumb"},"inLanguage":"tr","potentialAction":[{"@type":"ReadAction","target":["https:\/\/eskisehirdogaltas.com\/?product=andazit-tasi"]}]},{"@type":"ImageObject","inLanguage":"tr","@id":"https:\/\/eskisehirdogaltas.com\/?product=andazit-tasi#primaryimage","url":"https:\/\/eskisehirdogaltas.com\/wp-content\/uploads\/2020\/06\/andezit-ta\u015f\u0131-_6-1.gif","contentUrl":"https:\/\/eskisehirdogaltas.com\/wp-content\/uploads\/2020\/06\/andezit-ta\u015f\u0131-_6-1.gif","width":1024,"height":600},{"@type":"BreadcrumbList","@id":"https:\/\/eskisehirdogaltas.com\/?product=andazit-tasi#breadcrumb","itemListElement":[{"@type":"ListItem","position":1,"name":"Ana sayfa","item":"https:\/\/eskisehirdogaltas.com\/"},{"@type":"ListItem","position":2,"name":"Shop","item":"https:\/\/eskisehirdogaltas.com\/?page_id=2789"},{"@type":"ListItem","position":3,"name":"Andazit ta\u015f\u0131"}]},{"@type":"WebSite","@id":"https:\/\/eskisehirdogaltas.com\/#website","url":"https:\/\/eskisehirdogaltas.com\/","name":"Eski\u015fehir do\u011falta\u015f","description":"TA\u015e YAPI MARKET","potentialAction":[{"@type":"SearchAction","target":{"@type":"EntryPoint","urlTemplate":"https:\/\/eskisehirdogaltas.com\/?s={search_term_string}"},"query-input":{"@type":"PropertyValueSpecification","valueRequired":true,"valueName":"search_term_string"}}],"inLanguage":"tr"}]}},"_links":{"self":[{"href":"https:\/\/eskisehirdogaltas.com\/index.php?rest_route=\/wp\/v2\/product\/8134","targetHints":{"allow":["GET"]}}],"collection":[{"href":"https:\/\/eskisehirdogaltas.com\/index.php?rest_route=\/wp\/v2\/product"}],"about":[{"href":"https:\/\/eskisehirdogaltas.com\/index.php?rest_route=\/wp\/v2\/types\/product"}],"replies":[{"embeddable":true,"href":"https:\/\/eskisehirdogaltas.com\/index.php?rest_route=%2Fwp%2Fv2%2Fcomments&post=8134"}],"wp:featuredmedia":[{"embeddable":true,"href":"https:\/\/eskisehirdogaltas.com\/index.php?rest_route=\/wp\/v2\/media\/8136"}],"wp:attachment":[{"href":"https:\/\/eskisehirdogaltas.com\/index.php?rest_route=%2Fwp%2Fv2%2Fmedia&parent=8134"}],"wp:term":[{"taxonomy":"product_brand","embeddable":true,"href":"https:\/\/eskisehirdogaltas.com\/index.php?rest_route=%2Fwp%2Fv2%2Fproduct_brand&post=8134"},{"taxonomy":"product_cat","embeddable":true,"href":"https:\/\/eskisehirdogaltas.com\/index.php?rest_route=%2Fwp%2Fv2%2Fproduct_cat&post=8134"},{"taxonomy":"product_tag","embeddable":true,"href":"https:\/\/eskisehirdogaltas.com\/index.php?rest_route=%2Fwp%2Fv2%2Fproduct_tag&post=8134"}],"curies":[{"name":"wp","href":"https:\/\/api.w.org\/{rel}","templated":true}]}}