{"id":8293,"date":"2020-11-15T17:06:38","date_gmt":"2020-11-15T14:06:38","guid":{"rendered":"http:\/\/dogaltasci.com\/?post_type=product&#038;p=8293"},"modified":"2021-04-12T16:18:16","modified_gmt":"2021-04-12T13:18:16","slug":"kaplama-tugla","status":"publish","type":"product","link":"https:\/\/eskisehirdogaltas.com\/?product=kaplama-tugla","title":{"rendered":"kaplama tu\u011fla"},"content":{"rendered":"<p>K\u00fclt\u00fcr tu\u011flas\u0131 \u00fcr\u00fcnlerini, evinizin duvarlar\u0131nda, ofisinizin veya i\u015f yerinizin dekorasyonu i\u00e7in, ma\u011fazalar ve marketlerde, oteller ve restoranlar gibi ya\u015fam alanlar\u0131n\u0131n dekoratif g\u00f6r\u00fcnmesi maksad\u0131 ile kullanabilirsiniz.<\/p>\n<p><strong>Tu\u011fla duvar kaplama<\/strong>\u00a0\u00fcr\u00fcnleri, g\u00fcn\u00fcm\u00fczde ev yal\u0131t\u0131m\u0131 ve ev dekorasyonu konusunda dikkat \u00e7eken \u00fcr\u00fcnler aras\u0131ndad\u0131r.\u00a0<strong>Tu\u011fla duvar kaplama<\/strong>\u00a0\u00fcr\u00fcnleri, duvar dekorasyonu konusunda olduk\u00e7a iyi \u00f6zelliklere sahiptir. Ancak farkl\u0131 malzemelerden \u00fcretilen \u00fcr\u00fcnler aras\u0131nda bu \u00f6zelliklerde de\u011fi\u015fiklikler s\u00f6z konusudur. Fakat evlerinizi ve ofislerinizi\u00a0<strong>\u0131s\u0131 yal\u0131t\u0131m\u0131na kar\u015f\u0131 dayan\u0131kl\u0131<\/strong>\u00a0bir hale getirmek istiyorsan\u0131z,\u00a0<strong>tu\u011fla duvar kaplama<\/strong>\u00a0\u00fcr\u00fcnlerini tercih etmenizde fayda bulunmaktad\u0131r.<\/p>\n<p><strong>Tu\u011fla duvar kaplama fiyatlar\u0131<\/strong>, \u00fcr\u00fcn\u00fcn imal edildi\u011fi hammaddenin \u00e7e\u015fidine g\u00f6re de\u011fi\u015fiklik g\u00f6sterebilir. Ancak fiyatlar ortalama olarak her t\u00fcrl\u00fc b\u00fct\u00e7enin al\u0131m g\u00fcc\u00fcne uygundur. Bu nedenle\u00a0<strong>tu\u011fla kaplama<\/strong>\u00a0sadece l\u00fcks evlerde ya da ofislerde kullan\u0131lacak \u00fcr\u00fcnler aras\u0131nda de\u011fildir. Her t\u00fcrl\u00fc b\u00fct\u00e7enin sat\u0131n alabilece\u011fi se\u00e7enekler sunulmaktad\u0131r. Bu se\u00e7enekler aras\u0131nda ayn\u0131 zamanda renk se\u00e7enekleri de olduk\u00e7a geni\u015ftir. Dilerseniz beyaz tonlar\u0131 dilerseniz de tu\u011fla rengi tonlar\u0131nda\u00a0<strong>duvar panelleri<\/strong>\u00a0tercih ederek evinizin havas\u0131n\u0131 de\u011fi\u015ftirebilirsiniz.<\/p>\n<p>&nbsp;<\/p>\n<p>Ek olarak\u00a0<strong>d\u0131\u015f cephe kaplama<\/strong>\u00a0konusunda da s\u0131kl\u0131kla tercih edilen tu\u011fla\u00a0<strong>duvar kaplama panelleri,<\/strong>\u00a0sizlere \u0131s\u0131 yal\u0131t\u0131m konusunda kal\u0131c\u0131 ve dayan\u0131kl\u0131 se\u00e7enekler sunmaktad\u0131r. Bu se\u00e7enekler uygun fiyatl\u0131 oldu\u011fundan dolay\u0131 duvar kaplama i\u015flemi art\u0131k hem ucuzdur hem de uzun \u00f6m\u00fcrl\u00fcd\u00fcr.<\/p>\n<p>&nbsp;<\/p>\n<p><strong>Duvar kaplama<\/strong>\u00a0\u00fcr\u00fcnleri aras\u0131nda s\u0131kl\u0131kla tercih edilen\u00a0<strong>tu\u011fla desenli duvar kaplama<\/strong>\u00a0\u00fcr\u00fcnleri, darbelere ve s\u0131v\u0131 temas\u0131na kar\u015f\u0131 da dayan\u0131kl\u0131d\u0131r. Ayn\u0131 zamanda kolay temizlenme imkan\u0131na sahip olmas\u0131 da avantajlar\u0131ndan sadece birisidir. Bu avantajlar\u0131 sayesinde\u00a0<strong>tu\u011fla kaplama<\/strong>\u00a0hem i\u015flevsel hem de dekoratif \u00fcr\u00fcnler aras\u0131ndad\u0131r.<\/p>\n","protected":false},"excerpt":{"rendered":"<p>K\u00fclt\u00fcr tu\u011flas\u0131 \u00fcr\u00fcnlerini, evinizin duvarlar\u0131nda, ofisinizin veya i\u015f yerinizin dekorasyonu i\u00e7in, ma\u011fazalar ve marketlerde, oteller ve restoranlar gibi ya\u015fam alanlar\u0131n\u0131n dekoratif g\u00f6r\u00fcnmesi maksad\u0131 ile kullanabilirsiniz. Tu\u011fla duvar kaplama\u00a0\u00fcr\u00fcnleri, g\u00fcn\u00fcm\u00fczde ev yal\u0131t\u0131m\u0131 ve ev dekorasyonu konusunda dikkat \u00e7eken \u00fcr\u00fcnler aras\u0131ndad\u0131r.\u00a0Tu\u011fla duvar kaplama\u00a0\u00fcr\u00fcnleri, duvar dekorasyonu konusunda olduk\u00e7a iyi \u00f6zelliklere sahiptir. Ancak farkl\u0131 malzemelerden \u00fcretilen \u00fcr\u00fcnler aras\u0131nda bu&#8230;<\/p>\n","protected":false},"featured_media":8298,"comment_status":"open","ping_status":"closed","template":"","meta":{"_acf_changed":false},"product_brand":[],"product_cat":[83],"product_tag":[],"class_list":{"0":"post-8293","1":"product","2":"type-product","3":"status-publish","4":"has-post-thumbnail","6":"product_cat-kaplama-tuglasi","8":"first","9":"instock","10":"shipping-taxable","11":"product-type-simple"},"acf":[],"yoast_head":"<!-- This site is optimized with the Yoast SEO plugin v24.6 - https:\/\/yoast.com\/wordpress\/plugins\/seo\/ -->\n<title>kaplama tu\u011fla - Eski\u015fehir do\u011falta\u015f<\/title>\n<meta name=\"robots\" content=\"index, follow, max-snippet:-1, max-image-preview:large, max-video-preview:-1\" \/>\n<link rel=\"canonical\" href=\"https:\/\/eskisehirdogaltas.com\/?product=kaplama-tugla\" \/>\n<meta property=\"og:locale\" content=\"tr_TR\" \/>\n<meta property=\"og:type\" content=\"article\" \/>\n<meta property=\"og:title\" content=\"kaplama tu\u011fla - Eski\u015fehir do\u011falta\u015f\" \/>\n<meta property=\"og:description\" content=\"K\u00fclt\u00fcr tu\u011flas\u0131 \u00fcr\u00fcnlerini, evinizin duvarlar\u0131nda, ofisinizin veya i\u015f yerinizin dekorasyonu i\u00e7in, ma\u011fazalar ve marketlerde, oteller ve restoranlar gibi ya\u015fam alanlar\u0131n\u0131n dekoratif g\u00f6r\u00fcnmesi maksad\u0131 ile kullanabilirsiniz. Tu\u011fla duvar kaplama\u00a0\u00fcr\u00fcnleri, g\u00fcn\u00fcm\u00fczde ev yal\u0131t\u0131m\u0131 ve ev dekorasyonu konusunda dikkat \u00e7eken \u00fcr\u00fcnler aras\u0131ndad\u0131r.\u00a0Tu\u011fla duvar kaplama\u00a0\u00fcr\u00fcnleri, duvar dekorasyonu konusunda olduk\u00e7a iyi \u00f6zelliklere sahiptir. Ancak farkl\u0131 malzemelerden \u00fcretilen \u00fcr\u00fcnler aras\u0131nda bu...\" \/>\n<meta property=\"og:url\" content=\"https:\/\/eskisehirdogaltas.com\/?product=kaplama-tugla\" \/>\n<meta property=\"og:site_name\" content=\"Eski\u015fehir do\u011falta\u015f\" \/>\n<meta property=\"article:modified_time\" content=\"2021-04-12T13:18:16+00:00\" \/>\n<meta property=\"og:image\" content=\"https:\/\/eskisehirdogaltas.com\/wp-content\/uploads\/2020\/11\/kaplama-tugla.gif\" \/>\n\t<meta property=\"og:image:width\" content=\"1024\" \/>\n\t<meta property=\"og:image:height\" content=\"600\" \/>\n\t<meta property=\"og:image:type\" content=\"image\/gif\" \/>\n<meta name=\"twitter:card\" content=\"summary_large_image\" \/>\n<meta name=\"twitter:label1\" content=\"Tahmini okuma s\u00fcresi\" \/>\n\t<meta name=\"twitter:data1\" content=\"2 dakika\" \/>\n<script type=\"application\/ld+json\" class=\"yoast-schema-graph\">{\"@context\":\"https:\/\/schema.org\",\"@graph\":[{\"@type\":\"WebPage\",\"@id\":\"https:\/\/eskisehirdogaltas.com\/?product=kaplama-tugla\",\"url\":\"https:\/\/eskisehirdogaltas.com\/?product=kaplama-tugla\",\"name\":\"kaplama tu\u011fla - Eski\u015fehir do\u011falta\u015f\",\"isPartOf\":{\"@id\":\"https:\/\/eskisehirdogaltas.com\/#website\"},\"primaryImageOfPage\":{\"@id\":\"https:\/\/eskisehirdogaltas.com\/?product=kaplama-tugla#primaryimage\"},\"image\":{\"@id\":\"https:\/\/eskisehirdogaltas.com\/?product=kaplama-tugla#primaryimage\"},\"thumbnailUrl\":\"https:\/\/eskisehirdogaltas.com\/wp-content\/uploads\/2020\/11\/kaplama-tugla.gif\",\"datePublished\":\"2020-11-15T14:06:38+00:00\",\"dateModified\":\"2021-04-12T13:18:16+00:00\",\"breadcrumb\":{\"@id\":\"https:\/\/eskisehirdogaltas.com\/?product=kaplama-tugla#breadcrumb\"},\"inLanguage\":\"tr\",\"potentialAction\":[{\"@type\":\"ReadAction\",\"target\":[\"https:\/\/eskisehirdogaltas.com\/?product=kaplama-tugla\"]}]},{\"@type\":\"ImageObject\",\"inLanguage\":\"tr\",\"@id\":\"https:\/\/eskisehirdogaltas.com\/?product=kaplama-tugla#primaryimage\",\"url\":\"https:\/\/eskisehirdogaltas.com\/wp-content\/uploads\/2020\/11\/kaplama-tugla.gif\",\"contentUrl\":\"https:\/\/eskisehirdogaltas.com\/wp-content\/uploads\/2020\/11\/kaplama-tugla.gif\",\"width\":1024,\"height\":600},{\"@type\":\"BreadcrumbList\",\"@id\":\"https:\/\/eskisehirdogaltas.com\/?product=kaplama-tugla#breadcrumb\",\"itemListElement\":[{\"@type\":\"ListItem\",\"position\":1,\"name\":\"Ana sayfa\",\"item\":\"https:\/\/eskisehirdogaltas.com\/\"},{\"@type\":\"ListItem\",\"position\":2,\"name\":\"Shop\",\"item\":\"https:\/\/eskisehirdogaltas.com\/?page_id=2789\"},{\"@type\":\"ListItem\",\"position\":3,\"name\":\"kaplama tu\u011fla\"}]},{\"@type\":\"WebSite\",\"@id\":\"https:\/\/eskisehirdogaltas.com\/#website\",\"url\":\"https:\/\/eskisehirdogaltas.com\/\",\"name\":\"Eski\u015fehir do\u011falta\u015f\",\"description\":\"TA\u015e YAPI MARKET\",\"potentialAction\":[{\"@type\":\"SearchAction\",\"target\":{\"@type\":\"EntryPoint\",\"urlTemplate\":\"https:\/\/eskisehirdogaltas.com\/?s={search_term_string}\"},\"query-input\":{\"@type\":\"PropertyValueSpecification\",\"valueRequired\":true,\"valueName\":\"search_term_string\"}}],\"inLanguage\":\"tr\"}]}<\/script>\n<!-- \/ Yoast SEO plugin. -->","yoast_head_json":{"title":"kaplama tu\u011fla - Eski\u015fehir do\u011falta\u015f","robots":{"index":"index","follow":"follow","max-snippet":"max-snippet:-1","max-image-preview":"max-image-preview:large","max-video-preview":"max-video-preview:-1"},"canonical":"https:\/\/eskisehirdogaltas.com\/?product=kaplama-tugla","og_locale":"tr_TR","og_type":"article","og_title":"kaplama tu\u011fla - Eski\u015fehir do\u011falta\u015f","og_description":"K\u00fclt\u00fcr tu\u011flas\u0131 \u00fcr\u00fcnlerini, evinizin duvarlar\u0131nda, ofisinizin veya i\u015f yerinizin dekorasyonu i\u00e7in, ma\u011fazalar ve marketlerde, oteller ve restoranlar gibi ya\u015fam alanlar\u0131n\u0131n dekoratif g\u00f6r\u00fcnmesi maksad\u0131 ile kullanabilirsiniz. Tu\u011fla duvar kaplama\u00a0\u00fcr\u00fcnleri, g\u00fcn\u00fcm\u00fczde ev yal\u0131t\u0131m\u0131 ve ev dekorasyonu konusunda dikkat \u00e7eken \u00fcr\u00fcnler aras\u0131ndad\u0131r.\u00a0Tu\u011fla duvar kaplama\u00a0\u00fcr\u00fcnleri, duvar dekorasyonu konusunda olduk\u00e7a iyi \u00f6zelliklere sahiptir. Ancak farkl\u0131 malzemelerden \u00fcretilen \u00fcr\u00fcnler aras\u0131nda bu...","og_url":"https:\/\/eskisehirdogaltas.com\/?product=kaplama-tugla","og_site_name":"Eski\u015fehir do\u011falta\u015f","article_modified_time":"2021-04-12T13:18:16+00:00","og_image":[{"width":1024,"height":600,"url":"https:\/\/eskisehirdogaltas.com\/wp-content\/uploads\/2020\/11\/kaplama-tugla.gif","type":"image\/gif"}],"twitter_card":"summary_large_image","twitter_misc":{"Tahmini okuma s\u00fcresi":"2 dakika"},"schema":{"@context":"https:\/\/schema.org","@graph":[{"@type":"WebPage","@id":"https:\/\/eskisehirdogaltas.com\/?product=kaplama-tugla","url":"https:\/\/eskisehirdogaltas.com\/?product=kaplama-tugla","name":"kaplama tu\u011fla - Eski\u015fehir do\u011falta\u015f","isPartOf":{"@id":"https:\/\/eskisehirdogaltas.com\/#website"},"primaryImageOfPage":{"@id":"https:\/\/eskisehirdogaltas.com\/?product=kaplama-tugla#primaryimage"},"image":{"@id":"https:\/\/eskisehirdogaltas.com\/?product=kaplama-tugla#primaryimage"},"thumbnailUrl":"https:\/\/eskisehirdogaltas.com\/wp-content\/uploads\/2020\/11\/kaplama-tugla.gif","datePublished":"2020-11-15T14:06:38+00:00","dateModified":"2021-04-12T13:18:16+00:00","breadcrumb":{"@id":"https:\/\/eskisehirdogaltas.com\/?product=kaplama-tugla#breadcrumb"},"inLanguage":"tr","potentialAction":[{"@type":"ReadAction","target":["https:\/\/eskisehirdogaltas.com\/?product=kaplama-tugla"]}]},{"@type":"ImageObject","inLanguage":"tr","@id":"https:\/\/eskisehirdogaltas.com\/?product=kaplama-tugla#primaryimage","url":"https:\/\/eskisehirdogaltas.com\/wp-content\/uploads\/2020\/11\/kaplama-tugla.gif","contentUrl":"https:\/\/eskisehirdogaltas.com\/wp-content\/uploads\/2020\/11\/kaplama-tugla.gif","width":1024,"height":600},{"@type":"BreadcrumbList","@id":"https:\/\/eskisehirdogaltas.com\/?product=kaplama-tugla#breadcrumb","itemListElement":[{"@type":"ListItem","position":1,"name":"Ana sayfa","item":"https:\/\/eskisehirdogaltas.com\/"},{"@type":"ListItem","position":2,"name":"Shop","item":"https:\/\/eskisehirdogaltas.com\/?page_id=2789"},{"@type":"ListItem","position":3,"name":"kaplama tu\u011fla"}]},{"@type":"WebSite","@id":"https:\/\/eskisehirdogaltas.com\/#website","url":"https:\/\/eskisehirdogaltas.com\/","name":"Eski\u015fehir do\u011falta\u015f","description":"TA\u015e YAPI MARKET","potentialAction":[{"@type":"SearchAction","target":{"@type":"EntryPoint","urlTemplate":"https:\/\/eskisehirdogaltas.com\/?s={search_term_string}"},"query-input":{"@type":"PropertyValueSpecification","valueRequired":true,"valueName":"search_term_string"}}],"inLanguage":"tr"}]}},"_links":{"self":[{"href":"https:\/\/eskisehirdogaltas.com\/index.php?rest_route=\/wp\/v2\/product\/8293","targetHints":{"allow":["GET"]}}],"collection":[{"href":"https:\/\/eskisehirdogaltas.com\/index.php?rest_route=\/wp\/v2\/product"}],"about":[{"href":"https:\/\/eskisehirdogaltas.com\/index.php?rest_route=\/wp\/v2\/types\/product"}],"replies":[{"embeddable":true,"href":"https:\/\/eskisehirdogaltas.com\/index.php?rest_route=%2Fwp%2Fv2%2Fcomments&post=8293"}],"wp:featuredmedia":[{"embeddable":true,"href":"https:\/\/eskisehirdogaltas.com\/index.php?rest_route=\/wp\/v2\/media\/8298"}],"wp:attachment":[{"href":"https:\/\/eskisehirdogaltas.com\/index.php?rest_route=%2Fwp%2Fv2%2Fmedia&parent=8293"}],"wp:term":[{"taxonomy":"product_brand","embeddable":true,"href":"https:\/\/eskisehirdogaltas.com\/index.php?rest_route=%2Fwp%2Fv2%2Fproduct_brand&post=8293"},{"taxonomy":"product_cat","embeddable":true,"href":"https:\/\/eskisehirdogaltas.com\/index.php?rest_route=%2Fwp%2Fv2%2Fproduct_cat&post=8293"},{"taxonomy":"product_tag","embeddable":true,"href":"https:\/\/eskisehirdogaltas.com\/index.php?rest_route=%2Fwp%2Fv2%2Fproduct_tag&post=8293"}],"curies":[{"name":"wp","href":"https:\/\/api.w.org\/{rel}","templated":true}]}}