{"id":8304,"date":"2021-03-07T15:46:28","date_gmt":"2021-03-07T12:46:28","guid":{"rendered":"http:\/\/dogaltasci.com\/?post_type=product&#038;p=8304"},"modified":"2021-04-12T16:04:59","modified_gmt":"2021-04-12T13:04:59","slug":"ebatli-kayrak-antrasit-gri","status":"publish","type":"product","link":"https:\/\/eskisehirdogaltas.com\/?product=ebatli-kayrak-antrasit-gri","title":{"rendered":"Ebatl\u0131 Kayrak Antrasit Gri"},"content":{"rendered":"<p>Ebatl\u0131 Kayrak Antrasit Gri Denizli b\u00f6lgesinde bulunan kuvars l\u0131 Kayrak ta\u015f\u0131 ebatlanarak elde edilmektedir<\/p>\n<p>ebatlar\u0131:7.5 ,10,12, 15 , boy serbest ebatlar\u0131nda olarak \u00e7o\u011funlukta \u00fcretilmektedir istek \u00fczerine farkl\u0131 boy ve \u00f6l\u00e7\u00fclerde de \u00fcretilebilir<\/p>\n<p>ebatl\u0131 kesilmi\u015f do\u011fal Kayrak ta\u015f\u0131 bina ve yap\u0131lar da bir \u00e7ok alanda kullan\u0131lmaktad\u0131r estetik bir g\u00f6r\u00fcn\u00fcm\u00fcn yan\u0131nda sa\u011flaml\u0131k ,dayan\u0131kl\u0131l\u0131k ,\u0131s\u0131 ,ses yal\u0131t\u0131m\u0131 da kazand\u0131rmaktad\u0131r<\/p>\n<p>Ta\u015f yap\u0131 do\u011falta\u015f olarak kaliteyi ucuza sunmaya devam ediyor uz sipari\u015f bilgi ve \u00f6nerilerinizi bekliyoruz..<\/p>\n","protected":false},"excerpt":{"rendered":"<p>Ebatl\u0131 Kayrak Antrasit Gri Denizli b\u00f6lgesinde bulunan kuvars l\u0131 Kayrak ta\u015f\u0131 ebatlanarak elde edilmektedir ebatlar\u0131:7.5 ,10,12, 15 , boy serbest ebatlar\u0131nda olarak \u00e7o\u011funlukta \u00fcretilmektedir istek \u00fczerine farkl\u0131 boy ve \u00f6l\u00e7\u00fclerde de \u00fcretilebilir ebatl\u0131 kesilmi\u015f do\u011fal Kayrak ta\u015f\u0131 bina ve yap\u0131lar da bir \u00e7ok alanda kullan\u0131lmaktad\u0131r estetik bir g\u00f6r\u00fcn\u00fcm\u00fcn yan\u0131nda sa\u011flaml\u0131k ,dayan\u0131kl\u0131l\u0131k ,\u0131s\u0131 ,ses yal\u0131t\u0131m\u0131 da&#8230;<\/p>\n","protected":false},"featured_media":8182,"comment_status":"open","ping_status":"closed","template":"","meta":{"_acf_changed":false},"product_brand":[],"product_cat":[84],"product_tag":[],"class_list":{"0":"post-8304","1":"product","2":"type-product","3":"status-publish","4":"has-post-thumbnail","6":"product_cat-ebatli-kayrak-tasi","8":"first","9":"instock","10":"shipping-taxable","11":"product-type-simple"},"acf":[],"yoast_head":"<!-- This site is optimized with the Yoast SEO plugin v24.6 - https:\/\/yoast.com\/wordpress\/plugins\/seo\/ -->\n<title>Ebatl\u0131 Kayrak Antrasit Gri - Eski\u015fehir do\u011falta\u015f Ebatl\u0131 kayrak ta\u015f<\/title>\n<meta name=\"description\" content=\"Ebatl\u0131 kayrak ta\u015f\u0131 do\u011fal kayrak ta\u015f\u0131 kesilerek ebatlanarak \u00fcretilmktedir Ebatl\u0131 kayrak ta\u015f\u0131 do\u011fal olmas\u0131 nedeni ile tercih edilmektedir\" \/>\n<meta name=\"robots\" content=\"index, follow, max-snippet:-1, max-image-preview:large, max-video-preview:-1\" \/>\n<link rel=\"canonical\" href=\"https:\/\/eskisehirdogaltas.com\/?product=ebatli-kayrak-antrasit-gri\" \/>\n<meta property=\"og:locale\" content=\"tr_TR\" \/>\n<meta property=\"og:type\" content=\"article\" \/>\n<meta property=\"og:title\" content=\"Ebatl\u0131 Kayrak Antrasit Gri - Eski\u015fehir do\u011falta\u015f Ebatl\u0131 kayrak ta\u015f\" \/>\n<meta property=\"og:description\" content=\"Ebatl\u0131 kayrak ta\u015f\u0131 do\u011fal kayrak ta\u015f\u0131 kesilerek ebatlanarak \u00fcretilmktedir Ebatl\u0131 kayrak ta\u015f\u0131 do\u011fal olmas\u0131 nedeni ile tercih edilmektedir\" \/>\n<meta property=\"og:url\" content=\"https:\/\/eskisehirdogaltas.com\/?product=ebatli-kayrak-antrasit-gri\" \/>\n<meta property=\"og:site_name\" content=\"Eski\u015fehir do\u011falta\u015f\" \/>\n<meta property=\"article:modified_time\" content=\"2021-04-12T13:04:59+00:00\" \/>\n<meta property=\"og:image\" content=\"https:\/\/eskisehirdogaltas.com\/wp-content\/uploads\/2020\/07\/20200702_101954-1-scaled.jpg\" \/>\n\t<meta property=\"og:image:width\" content=\"2560\" \/>\n\t<meta property=\"og:image:height\" content=\"1920\" \/>\n\t<meta property=\"og:image:type\" content=\"image\/jpeg\" \/>\n<meta name=\"twitter:card\" content=\"summary_large_image\" \/>\n<meta name=\"twitter:label1\" content=\"Tahmini okuma s\u00fcresi\" \/>\n\t<meta name=\"twitter:data1\" content=\"1 dakika\" \/>\n<script type=\"application\/ld+json\" class=\"yoast-schema-graph\">{\"@context\":\"https:\/\/schema.org\",\"@graph\":[{\"@type\":\"WebPage\",\"@id\":\"https:\/\/eskisehirdogaltas.com\/?product=ebatli-kayrak-antrasit-gri\",\"url\":\"https:\/\/eskisehirdogaltas.com\/?product=ebatli-kayrak-antrasit-gri\",\"name\":\"Ebatl\u0131 Kayrak Antrasit Gri - Eski\u015fehir do\u011falta\u015f Ebatl\u0131 kayrak ta\u015f\",\"isPartOf\":{\"@id\":\"https:\/\/eskisehirdogaltas.com\/#website\"},\"primaryImageOfPage\":{\"@id\":\"https:\/\/eskisehirdogaltas.com\/?product=ebatli-kayrak-antrasit-gri#primaryimage\"},\"image\":{\"@id\":\"https:\/\/eskisehirdogaltas.com\/?product=ebatli-kayrak-antrasit-gri#primaryimage\"},\"thumbnailUrl\":\"https:\/\/eskisehirdogaltas.com\/wp-content\/uploads\/2020\/07\/20200702_101954-1-scaled.jpg\",\"datePublished\":\"2021-03-07T12:46:28+00:00\",\"dateModified\":\"2021-04-12T13:04:59+00:00\",\"description\":\"Ebatl\u0131 kayrak ta\u015f\u0131 do\u011fal kayrak ta\u015f\u0131 kesilerek ebatlanarak \u00fcretilmktedir Ebatl\u0131 kayrak ta\u015f\u0131 do\u011fal olmas\u0131 nedeni ile tercih edilmektedir\",\"breadcrumb\":{\"@id\":\"https:\/\/eskisehirdogaltas.com\/?product=ebatli-kayrak-antrasit-gri#breadcrumb\"},\"inLanguage\":\"tr\",\"potentialAction\":[{\"@type\":\"ReadAction\",\"target\":[\"https:\/\/eskisehirdogaltas.com\/?product=ebatli-kayrak-antrasit-gri\"]}]},{\"@type\":\"ImageObject\",\"inLanguage\":\"tr\",\"@id\":\"https:\/\/eskisehirdogaltas.com\/?product=ebatli-kayrak-antrasit-gri#primaryimage\",\"url\":\"https:\/\/eskisehirdogaltas.com\/wp-content\/uploads\/2020\/07\/20200702_101954-1-scaled.jpg\",\"contentUrl\":\"https:\/\/eskisehirdogaltas.com\/wp-content\/uploads\/2020\/07\/20200702_101954-1-scaled.jpg\",\"width\":2560,\"height\":1920},{\"@type\":\"BreadcrumbList\",\"@id\":\"https:\/\/eskisehirdogaltas.com\/?product=ebatli-kayrak-antrasit-gri#breadcrumb\",\"itemListElement\":[{\"@type\":\"ListItem\",\"position\":1,\"name\":\"Ana sayfa\",\"item\":\"https:\/\/eskisehirdogaltas.com\/\"},{\"@type\":\"ListItem\",\"position\":2,\"name\":\"Shop\",\"item\":\"https:\/\/eskisehirdogaltas.com\/?page_id=2789\"},{\"@type\":\"ListItem\",\"position\":3,\"name\":\"Ebatl\u0131 Kayrak Antrasit Gri\"}]},{\"@type\":\"WebSite\",\"@id\":\"https:\/\/eskisehirdogaltas.com\/#website\",\"url\":\"https:\/\/eskisehirdogaltas.com\/\",\"name\":\"Eski\u015fehir do\u011falta\u015f\",\"description\":\"TA\u015e YAPI MARKET\",\"potentialAction\":[{\"@type\":\"SearchAction\",\"target\":{\"@type\":\"EntryPoint\",\"urlTemplate\":\"https:\/\/eskisehirdogaltas.com\/?s={search_term_string}\"},\"query-input\":{\"@type\":\"PropertyValueSpecification\",\"valueRequired\":true,\"valueName\":\"search_term_string\"}}],\"inLanguage\":\"tr\"}]}<\/script>\n<!-- \/ Yoast SEO plugin. -->","yoast_head_json":{"title":"Ebatl\u0131 Kayrak Antrasit Gri - Eski\u015fehir do\u011falta\u015f Ebatl\u0131 kayrak ta\u015f","description":"Ebatl\u0131 kayrak ta\u015f\u0131 do\u011fal kayrak ta\u015f\u0131 kesilerek ebatlanarak \u00fcretilmktedir Ebatl\u0131 kayrak ta\u015f\u0131 do\u011fal olmas\u0131 nedeni ile tercih edilmektedir","robots":{"index":"index","follow":"follow","max-snippet":"max-snippet:-1","max-image-preview":"max-image-preview:large","max-video-preview":"max-video-preview:-1"},"canonical":"https:\/\/eskisehirdogaltas.com\/?product=ebatli-kayrak-antrasit-gri","og_locale":"tr_TR","og_type":"article","og_title":"Ebatl\u0131 Kayrak Antrasit Gri - Eski\u015fehir do\u011falta\u015f Ebatl\u0131 kayrak ta\u015f","og_description":"Ebatl\u0131 kayrak ta\u015f\u0131 do\u011fal kayrak ta\u015f\u0131 kesilerek ebatlanarak \u00fcretilmktedir Ebatl\u0131 kayrak ta\u015f\u0131 do\u011fal olmas\u0131 nedeni ile tercih edilmektedir","og_url":"https:\/\/eskisehirdogaltas.com\/?product=ebatli-kayrak-antrasit-gri","og_site_name":"Eski\u015fehir do\u011falta\u015f","article_modified_time":"2021-04-12T13:04:59+00:00","og_image":[{"width":2560,"height":1920,"url":"https:\/\/eskisehirdogaltas.com\/wp-content\/uploads\/2020\/07\/20200702_101954-1-scaled.jpg","type":"image\/jpeg"}],"twitter_card":"summary_large_image","twitter_misc":{"Tahmini okuma s\u00fcresi":"1 dakika"},"schema":{"@context":"https:\/\/schema.org","@graph":[{"@type":"WebPage","@id":"https:\/\/eskisehirdogaltas.com\/?product=ebatli-kayrak-antrasit-gri","url":"https:\/\/eskisehirdogaltas.com\/?product=ebatli-kayrak-antrasit-gri","name":"Ebatl\u0131 Kayrak Antrasit Gri - Eski\u015fehir do\u011falta\u015f Ebatl\u0131 kayrak ta\u015f","isPartOf":{"@id":"https:\/\/eskisehirdogaltas.com\/#website"},"primaryImageOfPage":{"@id":"https:\/\/eskisehirdogaltas.com\/?product=ebatli-kayrak-antrasit-gri#primaryimage"},"image":{"@id":"https:\/\/eskisehirdogaltas.com\/?product=ebatli-kayrak-antrasit-gri#primaryimage"},"thumbnailUrl":"https:\/\/eskisehirdogaltas.com\/wp-content\/uploads\/2020\/07\/20200702_101954-1-scaled.jpg","datePublished":"2021-03-07T12:46:28+00:00","dateModified":"2021-04-12T13:04:59+00:00","description":"Ebatl\u0131 kayrak ta\u015f\u0131 do\u011fal kayrak ta\u015f\u0131 kesilerek ebatlanarak \u00fcretilmktedir Ebatl\u0131 kayrak ta\u015f\u0131 do\u011fal olmas\u0131 nedeni ile tercih edilmektedir","breadcrumb":{"@id":"https:\/\/eskisehirdogaltas.com\/?product=ebatli-kayrak-antrasit-gri#breadcrumb"},"inLanguage":"tr","potentialAction":[{"@type":"ReadAction","target":["https:\/\/eskisehirdogaltas.com\/?product=ebatli-kayrak-antrasit-gri"]}]},{"@type":"ImageObject","inLanguage":"tr","@id":"https:\/\/eskisehirdogaltas.com\/?product=ebatli-kayrak-antrasit-gri#primaryimage","url":"https:\/\/eskisehirdogaltas.com\/wp-content\/uploads\/2020\/07\/20200702_101954-1-scaled.jpg","contentUrl":"https:\/\/eskisehirdogaltas.com\/wp-content\/uploads\/2020\/07\/20200702_101954-1-scaled.jpg","width":2560,"height":1920},{"@type":"BreadcrumbList","@id":"https:\/\/eskisehirdogaltas.com\/?product=ebatli-kayrak-antrasit-gri#breadcrumb","itemListElement":[{"@type":"ListItem","position":1,"name":"Ana sayfa","item":"https:\/\/eskisehirdogaltas.com\/"},{"@type":"ListItem","position":2,"name":"Shop","item":"https:\/\/eskisehirdogaltas.com\/?page_id=2789"},{"@type":"ListItem","position":3,"name":"Ebatl\u0131 Kayrak Antrasit Gri"}]},{"@type":"WebSite","@id":"https:\/\/eskisehirdogaltas.com\/#website","url":"https:\/\/eskisehirdogaltas.com\/","name":"Eski\u015fehir do\u011falta\u015f","description":"TA\u015e YAPI MARKET","potentialAction":[{"@type":"SearchAction","target":{"@type":"EntryPoint","urlTemplate":"https:\/\/eskisehirdogaltas.com\/?s={search_term_string}"},"query-input":{"@type":"PropertyValueSpecification","valueRequired":true,"valueName":"search_term_string"}}],"inLanguage":"tr"}]}},"_links":{"self":[{"href":"https:\/\/eskisehirdogaltas.com\/index.php?rest_route=\/wp\/v2\/product\/8304","targetHints":{"allow":["GET"]}}],"collection":[{"href":"https:\/\/eskisehirdogaltas.com\/index.php?rest_route=\/wp\/v2\/product"}],"about":[{"href":"https:\/\/eskisehirdogaltas.com\/index.php?rest_route=\/wp\/v2\/types\/product"}],"replies":[{"embeddable":true,"href":"https:\/\/eskisehirdogaltas.com\/index.php?rest_route=%2Fwp%2Fv2%2Fcomments&post=8304"}],"wp:featuredmedia":[{"embeddable":true,"href":"https:\/\/eskisehirdogaltas.com\/index.php?rest_route=\/wp\/v2\/media\/8182"}],"wp:attachment":[{"href":"https:\/\/eskisehirdogaltas.com\/index.php?rest_route=%2Fwp%2Fv2%2Fmedia&parent=8304"}],"wp:term":[{"taxonomy":"product_brand","embeddable":true,"href":"https:\/\/eskisehirdogaltas.com\/index.php?rest_route=%2Fwp%2Fv2%2Fproduct_brand&post=8304"},{"taxonomy":"product_cat","embeddable":true,"href":"https:\/\/eskisehirdogaltas.com\/index.php?rest_route=%2Fwp%2Fv2%2Fproduct_cat&post=8304"},{"taxonomy":"product_tag","embeddable":true,"href":"https:\/\/eskisehirdogaltas.com\/index.php?rest_route=%2Fwp%2Fv2%2Fproduct_tag&post=8304"}],"curies":[{"name":"wp","href":"https:\/\/api.w.org\/{rel}","templated":true}]}}