{"id":8309,"date":"2021-03-07T16:06:15","date_gmt":"2021-03-07T13:06:15","guid":{"rendered":"http:\/\/dogaltasci.com\/?post_type=product&#038;p=8309"},"modified":"2021-03-07T17:07:16","modified_gmt":"2021-03-07T14:07:16","slug":"tas-ocaklarimiz","status":"publish","type":"product","link":"https:\/\/eskisehirdogaltas.com\/?product=tas-ocaklarimiz","title":{"rendered":"Ta\u015f Ocaklar\u0131m\u0131z"},"content":{"rendered":"<p>Bodrum ta\u015f oca\u011f\u0131m\u0131z tam kapasite ile hizmet vermektedir,<\/p>\n<p>Bodrum ta\u015f oca\u011f\u0131m\u0131zda<\/p>\n<p>Kaplama ta\u015f\u0131 1,3cm kal\u0131nl\u0131k<\/p>\n<p>Zemin d\u00f6\u015feme\u00a0 3,6 cm<\/p>\n<p>duvar ta\u015f\u0131 6,10 cm ebatlar\u0131nda ta\u015flar stoklar\u0131m\u0131zda bulunmaktad\u0131r<\/p>\n<p>Kayrak ta\u015flar\u0131 duvar kaplamalar\u0131nda, y\u00fcr\u00fcy\u00fc\u015f yollar\u0131nda cephe kaplamalar\u0131,\u015f\u00f6mine ,barbek\u00fc ta\u015f ev vb her t\u00fcrl\u00fc yap\u0131da kullan\u0131labilir<\/p>\n","protected":false},"excerpt":{"rendered":"<p>Bodrum ta\u015f oca\u011f\u0131m\u0131z tam kapasite ile hizmet vermektedir, Bodrum ta\u015f oca\u011f\u0131m\u0131zda Kaplama ta\u015f\u0131 1,3cm kal\u0131nl\u0131k Zemin d\u00f6\u015feme\u00a0 3,6 cm duvar ta\u015f\u0131 6,10 cm ebatlar\u0131nda ta\u015flar stoklar\u0131m\u0131zda bulunmaktad\u0131r Kayrak ta\u015flar\u0131 duvar kaplamalar\u0131nda, y\u00fcr\u00fcy\u00fc\u015f yollar\u0131nda cephe kaplamalar\u0131,\u015f\u00f6mine ,barbek\u00fc ta\u015f ev vb her t\u00fcrl\u00fc yap\u0131da kullan\u0131labilir<\/p>\n","protected":false},"featured_media":8310,"comment_status":"open","ping_status":"closed","template":"","meta":{"_acf_changed":false},"product_brand":[],"product_cat":[85],"product_tag":[],"class_list":{"0":"post-8309","1":"product","2":"type-product","3":"status-publish","4":"has-post-thumbnail","6":"product_cat-tas-ocaklarimiz","8":"first","9":"instock","10":"shipping-taxable","11":"product-type-simple"},"acf":[],"yoast_head":"<!-- This site is optimized with the Yoast SEO plugin v24.6 - https:\/\/yoast.com\/wordpress\/plugins\/seo\/ -->\n<title>Ta\u015f Ocaklar\u0131m\u0131z - Eski\u015fehir do\u011falta\u015f<\/title>\n<meta name=\"robots\" content=\"index, follow, max-snippet:-1, max-image-preview:large, max-video-preview:-1\" \/>\n<link rel=\"canonical\" href=\"https:\/\/eskisehirdogaltas.com\/?product=tas-ocaklarimiz\" \/>\n<meta property=\"og:locale\" content=\"tr_TR\" \/>\n<meta property=\"og:type\" content=\"article\" \/>\n<meta property=\"og:title\" content=\"Ta\u015f Ocaklar\u0131m\u0131z - Eski\u015fehir do\u011falta\u015f\" \/>\n<meta property=\"og:description\" content=\"Bodrum ta\u015f oca\u011f\u0131m\u0131z tam kapasite ile hizmet vermektedir, Bodrum ta\u015f oca\u011f\u0131m\u0131zda Kaplama ta\u015f\u0131 1,3cm kal\u0131nl\u0131k Zemin d\u00f6\u015feme\u00a0 3,6 cm duvar ta\u015f\u0131 6,10 cm ebatlar\u0131nda ta\u015flar stoklar\u0131m\u0131zda bulunmaktad\u0131r Kayrak ta\u015flar\u0131 duvar kaplamalar\u0131nda, y\u00fcr\u00fcy\u00fc\u015f yollar\u0131nda cephe kaplamalar\u0131,\u015f\u00f6mine ,barbek\u00fc ta\u015f ev vb her t\u00fcrl\u00fc yap\u0131da kullan\u0131labilir\" \/>\n<meta property=\"og:url\" content=\"https:\/\/eskisehirdogaltas.com\/?product=tas-ocaklarimiz\" \/>\n<meta property=\"og:site_name\" content=\"Eski\u015fehir do\u011falta\u015f\" \/>\n<meta property=\"article:modified_time\" content=\"2021-03-07T14:07:16+00:00\" \/>\n<meta property=\"og:image\" content=\"https:\/\/eskisehirdogaltas.com\/wp-content\/uploads\/2021\/03\/tas-ocaklarimiz.gif\" \/>\n\t<meta property=\"og:image:width\" content=\"1024\" \/>\n\t<meta property=\"og:image:height\" content=\"600\" \/>\n\t<meta property=\"og:image:type\" content=\"image\/gif\" \/>\n<meta name=\"twitter:card\" content=\"summary_large_image\" \/>\n<meta name=\"twitter:label1\" content=\"Tahmini okuma s\u00fcresi\" \/>\n\t<meta name=\"twitter:data1\" content=\"1 dakika\" \/>\n<script type=\"application\/ld+json\" class=\"yoast-schema-graph\">{\"@context\":\"https:\/\/schema.org\",\"@graph\":[{\"@type\":\"WebPage\",\"@id\":\"https:\/\/eskisehirdogaltas.com\/?product=tas-ocaklarimiz\",\"url\":\"https:\/\/eskisehirdogaltas.com\/?product=tas-ocaklarimiz\",\"name\":\"Ta\u015f Ocaklar\u0131m\u0131z - Eski\u015fehir do\u011falta\u015f\",\"isPartOf\":{\"@id\":\"https:\/\/eskisehirdogaltas.com\/#website\"},\"primaryImageOfPage\":{\"@id\":\"https:\/\/eskisehirdogaltas.com\/?product=tas-ocaklarimiz#primaryimage\"},\"image\":{\"@id\":\"https:\/\/eskisehirdogaltas.com\/?product=tas-ocaklarimiz#primaryimage\"},\"thumbnailUrl\":\"https:\/\/eskisehirdogaltas.com\/wp-content\/uploads\/2021\/03\/tas-ocaklarimiz.gif\",\"datePublished\":\"2021-03-07T13:06:15+00:00\",\"dateModified\":\"2021-03-07T14:07:16+00:00\",\"breadcrumb\":{\"@id\":\"https:\/\/eskisehirdogaltas.com\/?product=tas-ocaklarimiz#breadcrumb\"},\"inLanguage\":\"tr\",\"potentialAction\":[{\"@type\":\"ReadAction\",\"target\":[\"https:\/\/eskisehirdogaltas.com\/?product=tas-ocaklarimiz\"]}]},{\"@type\":\"ImageObject\",\"inLanguage\":\"tr\",\"@id\":\"https:\/\/eskisehirdogaltas.com\/?product=tas-ocaklarimiz#primaryimage\",\"url\":\"https:\/\/eskisehirdogaltas.com\/wp-content\/uploads\/2021\/03\/tas-ocaklarimiz.gif\",\"contentUrl\":\"https:\/\/eskisehirdogaltas.com\/wp-content\/uploads\/2021\/03\/tas-ocaklarimiz.gif\",\"width\":1024,\"height\":600,\"caption\":\"ta\u015f ocaklar\u0131m\u0131z\"},{\"@type\":\"BreadcrumbList\",\"@id\":\"https:\/\/eskisehirdogaltas.com\/?product=tas-ocaklarimiz#breadcrumb\",\"itemListElement\":[{\"@type\":\"ListItem\",\"position\":1,\"name\":\"Ana sayfa\",\"item\":\"https:\/\/eskisehirdogaltas.com\/\"},{\"@type\":\"ListItem\",\"position\":2,\"name\":\"Shop\",\"item\":\"https:\/\/eskisehirdogaltas.com\/?page_id=2789\"},{\"@type\":\"ListItem\",\"position\":3,\"name\":\"Ta\u015f Ocaklar\u0131m\u0131z\"}]},{\"@type\":\"WebSite\",\"@id\":\"https:\/\/eskisehirdogaltas.com\/#website\",\"url\":\"https:\/\/eskisehirdogaltas.com\/\",\"name\":\"Eski\u015fehir do\u011falta\u015f\",\"description\":\"TA\u015e YAPI MARKET\",\"potentialAction\":[{\"@type\":\"SearchAction\",\"target\":{\"@type\":\"EntryPoint\",\"urlTemplate\":\"https:\/\/eskisehirdogaltas.com\/?s={search_term_string}\"},\"query-input\":{\"@type\":\"PropertyValueSpecification\",\"valueRequired\":true,\"valueName\":\"search_term_string\"}}],\"inLanguage\":\"tr\"}]}<\/script>\n<!-- \/ Yoast SEO plugin. -->","yoast_head_json":{"title":"Ta\u015f Ocaklar\u0131m\u0131z - Eski\u015fehir do\u011falta\u015f","robots":{"index":"index","follow":"follow","max-snippet":"max-snippet:-1","max-image-preview":"max-image-preview:large","max-video-preview":"max-video-preview:-1"},"canonical":"https:\/\/eskisehirdogaltas.com\/?product=tas-ocaklarimiz","og_locale":"tr_TR","og_type":"article","og_title":"Ta\u015f Ocaklar\u0131m\u0131z - Eski\u015fehir do\u011falta\u015f","og_description":"Bodrum ta\u015f oca\u011f\u0131m\u0131z tam kapasite ile hizmet vermektedir, Bodrum ta\u015f oca\u011f\u0131m\u0131zda Kaplama ta\u015f\u0131 1,3cm kal\u0131nl\u0131k Zemin d\u00f6\u015feme\u00a0 3,6 cm duvar ta\u015f\u0131 6,10 cm ebatlar\u0131nda ta\u015flar stoklar\u0131m\u0131zda bulunmaktad\u0131r Kayrak ta\u015flar\u0131 duvar kaplamalar\u0131nda, y\u00fcr\u00fcy\u00fc\u015f yollar\u0131nda cephe kaplamalar\u0131,\u015f\u00f6mine ,barbek\u00fc ta\u015f ev vb her t\u00fcrl\u00fc yap\u0131da kullan\u0131labilir","og_url":"https:\/\/eskisehirdogaltas.com\/?product=tas-ocaklarimiz","og_site_name":"Eski\u015fehir do\u011falta\u015f","article_modified_time":"2021-03-07T14:07:16+00:00","og_image":[{"width":1024,"height":600,"url":"https:\/\/eskisehirdogaltas.com\/wp-content\/uploads\/2021\/03\/tas-ocaklarimiz.gif","type":"image\/gif"}],"twitter_card":"summary_large_image","twitter_misc":{"Tahmini okuma s\u00fcresi":"1 dakika"},"schema":{"@context":"https:\/\/schema.org","@graph":[{"@type":"WebPage","@id":"https:\/\/eskisehirdogaltas.com\/?product=tas-ocaklarimiz","url":"https:\/\/eskisehirdogaltas.com\/?product=tas-ocaklarimiz","name":"Ta\u015f Ocaklar\u0131m\u0131z - Eski\u015fehir do\u011falta\u015f","isPartOf":{"@id":"https:\/\/eskisehirdogaltas.com\/#website"},"primaryImageOfPage":{"@id":"https:\/\/eskisehirdogaltas.com\/?product=tas-ocaklarimiz#primaryimage"},"image":{"@id":"https:\/\/eskisehirdogaltas.com\/?product=tas-ocaklarimiz#primaryimage"},"thumbnailUrl":"https:\/\/eskisehirdogaltas.com\/wp-content\/uploads\/2021\/03\/tas-ocaklarimiz.gif","datePublished":"2021-03-07T13:06:15+00:00","dateModified":"2021-03-07T14:07:16+00:00","breadcrumb":{"@id":"https:\/\/eskisehirdogaltas.com\/?product=tas-ocaklarimiz#breadcrumb"},"inLanguage":"tr","potentialAction":[{"@type":"ReadAction","target":["https:\/\/eskisehirdogaltas.com\/?product=tas-ocaklarimiz"]}]},{"@type":"ImageObject","inLanguage":"tr","@id":"https:\/\/eskisehirdogaltas.com\/?product=tas-ocaklarimiz#primaryimage","url":"https:\/\/eskisehirdogaltas.com\/wp-content\/uploads\/2021\/03\/tas-ocaklarimiz.gif","contentUrl":"https:\/\/eskisehirdogaltas.com\/wp-content\/uploads\/2021\/03\/tas-ocaklarimiz.gif","width":1024,"height":600,"caption":"ta\u015f ocaklar\u0131m\u0131z"},{"@type":"BreadcrumbList","@id":"https:\/\/eskisehirdogaltas.com\/?product=tas-ocaklarimiz#breadcrumb","itemListElement":[{"@type":"ListItem","position":1,"name":"Ana sayfa","item":"https:\/\/eskisehirdogaltas.com\/"},{"@type":"ListItem","position":2,"name":"Shop","item":"https:\/\/eskisehirdogaltas.com\/?page_id=2789"},{"@type":"ListItem","position":3,"name":"Ta\u015f Ocaklar\u0131m\u0131z"}]},{"@type":"WebSite","@id":"https:\/\/eskisehirdogaltas.com\/#website","url":"https:\/\/eskisehirdogaltas.com\/","name":"Eski\u015fehir do\u011falta\u015f","description":"TA\u015e YAPI MARKET","potentialAction":[{"@type":"SearchAction","target":{"@type":"EntryPoint","urlTemplate":"https:\/\/eskisehirdogaltas.com\/?s={search_term_string}"},"query-input":{"@type":"PropertyValueSpecification","valueRequired":true,"valueName":"search_term_string"}}],"inLanguage":"tr"}]}},"_links":{"self":[{"href":"https:\/\/eskisehirdogaltas.com\/index.php?rest_route=\/wp\/v2\/product\/8309","targetHints":{"allow":["GET"]}}],"collection":[{"href":"https:\/\/eskisehirdogaltas.com\/index.php?rest_route=\/wp\/v2\/product"}],"about":[{"href":"https:\/\/eskisehirdogaltas.com\/index.php?rest_route=\/wp\/v2\/types\/product"}],"replies":[{"embeddable":true,"href":"https:\/\/eskisehirdogaltas.com\/index.php?rest_route=%2Fwp%2Fv2%2Fcomments&post=8309"}],"wp:featuredmedia":[{"embeddable":true,"href":"https:\/\/eskisehirdogaltas.com\/index.php?rest_route=\/wp\/v2\/media\/8310"}],"wp:attachment":[{"href":"https:\/\/eskisehirdogaltas.com\/index.php?rest_route=%2Fwp%2Fv2%2Fmedia&parent=8309"}],"wp:term":[{"taxonomy":"product_brand","embeddable":true,"href":"https:\/\/eskisehirdogaltas.com\/index.php?rest_route=%2Fwp%2Fv2%2Fproduct_brand&post=8309"},{"taxonomy":"product_cat","embeddable":true,"href":"https:\/\/eskisehirdogaltas.com\/index.php?rest_route=%2Fwp%2Fv2%2Fproduct_cat&post=8309"},{"taxonomy":"product_tag","embeddable":true,"href":"https:\/\/eskisehirdogaltas.com\/index.php?rest_route=%2Fwp%2Fv2%2Fproduct_tag&post=8309"}],"curies":[{"name":"wp","href":"https:\/\/api.w.org\/{rel}","templated":true}]}}