{"id":8354,"date":"2021-03-09T18:23:35","date_gmt":"2021-03-09T15:23:35","guid":{"rendered":"http:\/\/dogaltasci.com\/?post_type=product&#038;p=8354"},"modified":"2021-03-09T18:33:52","modified_gmt":"2021-03-09T15:33:52","slug":"beyaz-cakil-tasi","status":"publish","type":"product","link":"https:\/\/eskisehirdogaltas.com\/?product=beyaz-cakil-tasi","title":{"rendered":"Beyaz \u00c7ak\u0131l Ta\u015f\u0131"},"content":{"rendered":"<section class=\"elementor-section elementor-top-section elementor-element elementor-element-7bf9e55 elementor-section-boxed elementor-section-height-default elementor-section-height-default\" data-id=\"7bf9e55\" data-element_type=\"section\">\n<div class=\"elementor-container elementor-column-gap-default\">\n<div class=\"elementor-row\">\n<div class=\"elementor-column elementor-col-100 elementor-top-column elementor-element elementor-element-39a805d\" data-id=\"39a805d\" data-element_type=\"column\">\n<div class=\"elementor-column-wrap elementor-element-populated\">\n<div class=\"elementor-widget-wrap\">\n<div class=\"elementor-element elementor-element-675bcc4 elementor-widget elementor-widget-text-editor\" data-id=\"675bcc4\" data-element_type=\"widget\" data-widget_type=\"text-editor.default\">\n<div class=\"elementor-widget-container\">\n<div class=\"elementor-text-editor elementor-clearfix\">\n<p>Dekoratif beyaz \u00e7ak\u0131l ta\u015f\u0131 ge\u00e7mi\u015ften g\u00fcn\u00fcm\u00fcze kadar uygulanmakta olan s\u00fcsleme i\u015fi bug\u00fcn daha avantajl\u0131 \u015fekillerde insanlara ula\u015fmaktad\u0131r. Son d\u00f6nemlerde d\u00fcnyan\u0131n neredeyse her taraf\u0131nda kullan\u0131lan \u00e7ak\u0131l ta\u015flar\u0131 , sa\u011fl\u0131kl\u0131 cnc kesim ve \u00e7evre dostu olmas\u0131 sebebi ile insan sa\u011fl\u0131\u011f\u0131n\u0131 etkileyecek herhangi bir yap\u0131 i\u00e7ermez. Peyzaj \u00e7al\u0131\u015fmalar\u0131 ve s\u00fcslemelerinde en \u00e7ok kullan\u0131lan ta\u015flar aras\u0131nda ilk s\u0131rada beyaz \u00e7ak\u0131l ta\u015flar\u0131 yerini almaktad\u0131r.<\/p>\n<h4>Peyzaj \u00c7al\u0131\u015fmalar\u0131nda Kullan\u0131lan Beyaz \u00c7ak\u0131l Ta\u015f\u0131<\/h4>\n<p><strong>\u00c7ak\u0131l Ta\u015f\u0131<\/strong>n\u0131n bu kadar tercih edilmesinin nedeni ise farkl\u0131 renklerinin mevcut olmas\u0131 sebebiyle i\u015fleme ve desen olu\u015fumuna imkan vermesidir. S\u0131k tercih edilmesindeki bir di\u011fer sebep ise yap\u0131 olarak farkl\u0131 boyutlar\u0131n\u0131n da mevcut olmas\u0131d\u0131r. Ta\u015flar\u0131n ebatlar\u0131n\u0131n ayarlanmas\u0131 i\u00e7in ayr\u0131 bir i\u015flem yap\u0131lmas\u0131n\u0131 gerektirmez. Kullan\u0131ld\u0131\u011f\u0131 mekana \u015f\u0131k ve estetik bir g\u00f6r\u00fcn\u00fcm kazand\u0131ran Beyaz <strong>\u00a0\u00e7ak\u0131l ta\u015flar\u0131 <\/strong>\u00a0siyah,beyaz, ye\u015fil, gri, bordo\u00a0 ve kahve renkleri de mevcuttur. Bu nedenle kullan\u0131ld\u0131\u011f\u0131 mekanda desen ve motiflerin olu\u015fturulmas\u0131 i\u00e7in ideal bir ta\u015ft\u0131r. Antik Roma ve Bizans d\u00f6nemlerinde kullan\u0131lm\u0131\u015f olan \u00e7ak\u0131l ta\u015flar\u0131, Osmanl\u0131 d\u00f6neminde de peyzaj \u00e7al\u0131\u015fmalar\u0131 i\u00e7in kullan\u0131lan bir materyaldir. <strong>Do\u011fal ta\u015flar<\/strong> aras\u0131nda en \u015f\u0131k ve modern g\u00f6r\u00fcn\u00fcme sahip olan ta\u015f \u00e7ak\u0131l ta\u015flar\u0131 olmu\u015ftur.<\/p>\n<p>Beyaz \u00e7ak\u0131l ta\u015flar\u0131 1cm den ba\u015flay\u0131p 20 cm ye kadar boy ve ebatlar\u0131 mevcuttur,<\/p>\n<\/div>\n<\/div>\n<\/div>\n<\/div>\n<\/div>\n<\/div>\n<\/div>\n<\/div>\n<\/section>\n<section class=\"elementor-section elementor-top-section elementor-element elementor-element-cbd985b elementor-section-boxed elementor-section-height-default elementor-section-height-default\" data-id=\"cbd985b\" data-element_type=\"section\">\n<div class=\"elementor-container elementor-column-gap-default\">\n<div class=\"elementor-row\">\n<div class=\"elementor-column elementor-col-100 elementor-top-column elementor-element elementor-element-6b35093\" data-id=\"6b35093\" data-element_type=\"column\">\n<div class=\"elementor-column-wrap elementor-element-populated\">\n<div class=\"elementor-widget-wrap\">\n<div class=\"elementor-element elementor-element-fcb135b elementor-widget elementor-widget-heading\" data-id=\"fcb135b\" data-element_type=\"widget\" data-widget_type=\"heading.default\">\n<div class=\"elementor-widget-container\"><\/div>\n<\/div>\n<\/div>\n<\/div>\n<\/div>\n<\/div>\n<\/div>\n<\/section>\n","protected":false},"excerpt":{"rendered":"<p>Dekoratif beyaz \u00e7ak\u0131l ta\u015f\u0131 ge\u00e7mi\u015ften g\u00fcn\u00fcm\u00fcze kadar uygulanmakta olan s\u00fcsleme i\u015fi bug\u00fcn daha avantajl\u0131 \u015fekillerde insanlara ula\u015fmaktad\u0131r. Son d\u00f6nemlerde d\u00fcnyan\u0131n neredeyse her taraf\u0131nda kullan\u0131lan \u00e7ak\u0131l ta\u015flar\u0131 , sa\u011fl\u0131kl\u0131 cnc kesim ve \u00e7evre dostu olmas\u0131 sebebi ile insan sa\u011fl\u0131\u011f\u0131n\u0131 etkileyecek herhangi bir yap\u0131 i\u00e7ermez. Peyzaj \u00e7al\u0131\u015fmalar\u0131 ve s\u00fcslemelerinde en \u00e7ok kullan\u0131lan ta\u015flar aras\u0131nda ilk s\u0131rada beyaz&#8230;<\/p>\n","protected":false},"featured_media":8352,"comment_status":"open","ping_status":"closed","template":"","meta":{"_acf_changed":false},"product_brand":[],"product_cat":[44],"product_tag":[],"class_list":{"0":"post-8354","1":"product","2":"type-product","3":"status-publish","4":"has-post-thumbnail","6":"product_cat-dolamit-ve-cakiltaslari","8":"first","9":"instock","10":"shipping-taxable","11":"product-type-simple"},"acf":[],"yoast_head":"<!-- This site is optimized with the Yoast SEO plugin v24.6 - https:\/\/yoast.com\/wordpress\/plugins\/seo\/ -->\n<title>Beyaz \u00c7ak\u0131l Ta\u015f\u0131 - Eski\u015fehir do\u011falta\u015f<\/title>\n<meta name=\"description\" content=\"Beyaz \u00e7ak\u0131l ta\u015f\u0131 en uygun fiyatlarla do\u011frudan \u00fcreticisinden Ta\u015f Yap\u0131 Do\u011fal Ta\u015f&#039;ta. Park ve bah\u00e7elerde, s\u00fcs bitkileri ve a\u011fa\u00e7, saks\u0131 diplerinde\" \/>\n<meta name=\"robots\" content=\"index, follow, max-snippet:-1, max-image-preview:large, max-video-preview:-1\" \/>\n<link rel=\"canonical\" href=\"https:\/\/eskisehirdogaltas.com\/?product=beyaz-cakil-tasi\" \/>\n<meta property=\"og:locale\" content=\"tr_TR\" \/>\n<meta property=\"og:type\" content=\"article\" \/>\n<meta property=\"og:title\" content=\"Beyaz \u00c7ak\u0131l Ta\u015f\u0131 - Eski\u015fehir do\u011falta\u015f\" \/>\n<meta property=\"og:description\" content=\"Beyaz \u00e7ak\u0131l ta\u015f\u0131 en uygun fiyatlarla do\u011frudan \u00fcreticisinden Ta\u015f Yap\u0131 Do\u011fal Ta\u015f&#039;ta. Park ve bah\u00e7elerde, s\u00fcs bitkileri ve a\u011fa\u00e7, saks\u0131 diplerinde\" \/>\n<meta property=\"og:url\" content=\"https:\/\/eskisehirdogaltas.com\/?product=beyaz-cakil-tasi\" \/>\n<meta property=\"og:site_name\" content=\"Eski\u015fehir do\u011falta\u015f\" \/>\n<meta property=\"article:modified_time\" content=\"2021-03-09T15:33:52+00:00\" \/>\n<meta property=\"og:image\" content=\"https:\/\/eskisehirdogaltas.com\/wp-content\/uploads\/2021\/03\/tamburlu-dolamit-3-5-cm_3.gif\" \/>\n\t<meta property=\"og:image:width\" content=\"858\" \/>\n\t<meta property=\"og:image:height\" content=\"768\" \/>\n\t<meta property=\"og:image:type\" content=\"image\/gif\" \/>\n<meta name=\"twitter:card\" content=\"summary_large_image\" \/>\n<meta name=\"twitter:label1\" content=\"Tahmini okuma s\u00fcresi\" \/>\n\t<meta name=\"twitter:data1\" content=\"1 dakika\" \/>\n<script type=\"application\/ld+json\" class=\"yoast-schema-graph\">{\"@context\":\"https:\/\/schema.org\",\"@graph\":[{\"@type\":\"WebPage\",\"@id\":\"https:\/\/eskisehirdogaltas.com\/?product=beyaz-cakil-tasi\",\"url\":\"https:\/\/eskisehirdogaltas.com\/?product=beyaz-cakil-tasi\",\"name\":\"Beyaz \u00c7ak\u0131l Ta\u015f\u0131 - Eski\u015fehir do\u011falta\u015f\",\"isPartOf\":{\"@id\":\"https:\/\/eskisehirdogaltas.com\/#website\"},\"primaryImageOfPage\":{\"@id\":\"https:\/\/eskisehirdogaltas.com\/?product=beyaz-cakil-tasi#primaryimage\"},\"image\":{\"@id\":\"https:\/\/eskisehirdogaltas.com\/?product=beyaz-cakil-tasi#primaryimage\"},\"thumbnailUrl\":\"https:\/\/eskisehirdogaltas.com\/wp-content\/uploads\/2021\/03\/tamburlu-dolamit-3-5-cm_3.gif\",\"datePublished\":\"2021-03-09T15:23:35+00:00\",\"dateModified\":\"2021-03-09T15:33:52+00:00\",\"description\":\"Beyaz \u00e7ak\u0131l ta\u015f\u0131 en uygun fiyatlarla do\u011frudan \u00fcreticisinden Ta\u015f Yap\u0131 Do\u011fal Ta\u015f'ta. Park ve bah\u00e7elerde, s\u00fcs bitkileri ve a\u011fa\u00e7, saks\u0131 diplerinde\",\"breadcrumb\":{\"@id\":\"https:\/\/eskisehirdogaltas.com\/?product=beyaz-cakil-tasi#breadcrumb\"},\"inLanguage\":\"tr\",\"potentialAction\":[{\"@type\":\"ReadAction\",\"target\":[\"https:\/\/eskisehirdogaltas.com\/?product=beyaz-cakil-tasi\"]}]},{\"@type\":\"ImageObject\",\"inLanguage\":\"tr\",\"@id\":\"https:\/\/eskisehirdogaltas.com\/?product=beyaz-cakil-tasi#primaryimage\",\"url\":\"https:\/\/eskisehirdogaltas.com\/wp-content\/uploads\/2021\/03\/tamburlu-dolamit-3-5-cm_3.gif\",\"contentUrl\":\"https:\/\/eskisehirdogaltas.com\/wp-content\/uploads\/2021\/03\/tamburlu-dolamit-3-5-cm_3.gif\",\"width\":858,\"height\":768},{\"@type\":\"BreadcrumbList\",\"@id\":\"https:\/\/eskisehirdogaltas.com\/?product=beyaz-cakil-tasi#breadcrumb\",\"itemListElement\":[{\"@type\":\"ListItem\",\"position\":1,\"name\":\"Ana sayfa\",\"item\":\"https:\/\/eskisehirdogaltas.com\/\"},{\"@type\":\"ListItem\",\"position\":2,\"name\":\"Shop\",\"item\":\"https:\/\/eskisehirdogaltas.com\/?page_id=2789\"},{\"@type\":\"ListItem\",\"position\":3,\"name\":\"Beyaz \u00c7ak\u0131l Ta\u015f\u0131\"}]},{\"@type\":\"WebSite\",\"@id\":\"https:\/\/eskisehirdogaltas.com\/#website\",\"url\":\"https:\/\/eskisehirdogaltas.com\/\",\"name\":\"Eski\u015fehir do\u011falta\u015f\",\"description\":\"TA\u015e YAPI MARKET\",\"potentialAction\":[{\"@type\":\"SearchAction\",\"target\":{\"@type\":\"EntryPoint\",\"urlTemplate\":\"https:\/\/eskisehirdogaltas.com\/?s={search_term_string}\"},\"query-input\":{\"@type\":\"PropertyValueSpecification\",\"valueRequired\":true,\"valueName\":\"search_term_string\"}}],\"inLanguage\":\"tr\"}]}<\/script>\n<!-- \/ Yoast SEO plugin. -->","yoast_head_json":{"title":"Beyaz \u00c7ak\u0131l Ta\u015f\u0131 - Eski\u015fehir do\u011falta\u015f","description":"Beyaz \u00e7ak\u0131l ta\u015f\u0131 en uygun fiyatlarla do\u011frudan \u00fcreticisinden Ta\u015f Yap\u0131 Do\u011fal Ta\u015f'ta. Park ve bah\u00e7elerde, s\u00fcs bitkileri ve a\u011fa\u00e7, saks\u0131 diplerinde","robots":{"index":"index","follow":"follow","max-snippet":"max-snippet:-1","max-image-preview":"max-image-preview:large","max-video-preview":"max-video-preview:-1"},"canonical":"https:\/\/eskisehirdogaltas.com\/?product=beyaz-cakil-tasi","og_locale":"tr_TR","og_type":"article","og_title":"Beyaz \u00c7ak\u0131l Ta\u015f\u0131 - Eski\u015fehir do\u011falta\u015f","og_description":"Beyaz \u00e7ak\u0131l ta\u015f\u0131 en uygun fiyatlarla do\u011frudan \u00fcreticisinden Ta\u015f Yap\u0131 Do\u011fal Ta\u015f'ta. Park ve bah\u00e7elerde, s\u00fcs bitkileri ve a\u011fa\u00e7, saks\u0131 diplerinde","og_url":"https:\/\/eskisehirdogaltas.com\/?product=beyaz-cakil-tasi","og_site_name":"Eski\u015fehir do\u011falta\u015f","article_modified_time":"2021-03-09T15:33:52+00:00","og_image":[{"width":858,"height":768,"url":"https:\/\/eskisehirdogaltas.com\/wp-content\/uploads\/2021\/03\/tamburlu-dolamit-3-5-cm_3.gif","type":"image\/gif"}],"twitter_card":"summary_large_image","twitter_misc":{"Tahmini okuma s\u00fcresi":"1 dakika"},"schema":{"@context":"https:\/\/schema.org","@graph":[{"@type":"WebPage","@id":"https:\/\/eskisehirdogaltas.com\/?product=beyaz-cakil-tasi","url":"https:\/\/eskisehirdogaltas.com\/?product=beyaz-cakil-tasi","name":"Beyaz \u00c7ak\u0131l Ta\u015f\u0131 - Eski\u015fehir do\u011falta\u015f","isPartOf":{"@id":"https:\/\/eskisehirdogaltas.com\/#website"},"primaryImageOfPage":{"@id":"https:\/\/eskisehirdogaltas.com\/?product=beyaz-cakil-tasi#primaryimage"},"image":{"@id":"https:\/\/eskisehirdogaltas.com\/?product=beyaz-cakil-tasi#primaryimage"},"thumbnailUrl":"https:\/\/eskisehirdogaltas.com\/wp-content\/uploads\/2021\/03\/tamburlu-dolamit-3-5-cm_3.gif","datePublished":"2021-03-09T15:23:35+00:00","dateModified":"2021-03-09T15:33:52+00:00","description":"Beyaz \u00e7ak\u0131l ta\u015f\u0131 en uygun fiyatlarla do\u011frudan \u00fcreticisinden Ta\u015f Yap\u0131 Do\u011fal Ta\u015f'ta. Park ve bah\u00e7elerde, s\u00fcs bitkileri ve a\u011fa\u00e7, saks\u0131 diplerinde","breadcrumb":{"@id":"https:\/\/eskisehirdogaltas.com\/?product=beyaz-cakil-tasi#breadcrumb"},"inLanguage":"tr","potentialAction":[{"@type":"ReadAction","target":["https:\/\/eskisehirdogaltas.com\/?product=beyaz-cakil-tasi"]}]},{"@type":"ImageObject","inLanguage":"tr","@id":"https:\/\/eskisehirdogaltas.com\/?product=beyaz-cakil-tasi#primaryimage","url":"https:\/\/eskisehirdogaltas.com\/wp-content\/uploads\/2021\/03\/tamburlu-dolamit-3-5-cm_3.gif","contentUrl":"https:\/\/eskisehirdogaltas.com\/wp-content\/uploads\/2021\/03\/tamburlu-dolamit-3-5-cm_3.gif","width":858,"height":768},{"@type":"BreadcrumbList","@id":"https:\/\/eskisehirdogaltas.com\/?product=beyaz-cakil-tasi#breadcrumb","itemListElement":[{"@type":"ListItem","position":1,"name":"Ana sayfa","item":"https:\/\/eskisehirdogaltas.com\/"},{"@type":"ListItem","position":2,"name":"Shop","item":"https:\/\/eskisehirdogaltas.com\/?page_id=2789"},{"@type":"ListItem","position":3,"name":"Beyaz \u00c7ak\u0131l Ta\u015f\u0131"}]},{"@type":"WebSite","@id":"https:\/\/eskisehirdogaltas.com\/#website","url":"https:\/\/eskisehirdogaltas.com\/","name":"Eski\u015fehir do\u011falta\u015f","description":"TA\u015e YAPI MARKET","potentialAction":[{"@type":"SearchAction","target":{"@type":"EntryPoint","urlTemplate":"https:\/\/eskisehirdogaltas.com\/?s={search_term_string}"},"query-input":{"@type":"PropertyValueSpecification","valueRequired":true,"valueName":"search_term_string"}}],"inLanguage":"tr"}]}},"_links":{"self":[{"href":"https:\/\/eskisehirdogaltas.com\/index.php?rest_route=\/wp\/v2\/product\/8354","targetHints":{"allow":["GET"]}}],"collection":[{"href":"https:\/\/eskisehirdogaltas.com\/index.php?rest_route=\/wp\/v2\/product"}],"about":[{"href":"https:\/\/eskisehirdogaltas.com\/index.php?rest_route=\/wp\/v2\/types\/product"}],"replies":[{"embeddable":true,"href":"https:\/\/eskisehirdogaltas.com\/index.php?rest_route=%2Fwp%2Fv2%2Fcomments&post=8354"}],"wp:featuredmedia":[{"embeddable":true,"href":"https:\/\/eskisehirdogaltas.com\/index.php?rest_route=\/wp\/v2\/media\/8352"}],"wp:attachment":[{"href":"https:\/\/eskisehirdogaltas.com\/index.php?rest_route=%2Fwp%2Fv2%2Fmedia&parent=8354"}],"wp:term":[{"taxonomy":"product_brand","embeddable":true,"href":"https:\/\/eskisehirdogaltas.com\/index.php?rest_route=%2Fwp%2Fv2%2Fproduct_brand&post=8354"},{"taxonomy":"product_cat","embeddable":true,"href":"https:\/\/eskisehirdogaltas.com\/index.php?rest_route=%2Fwp%2Fv2%2Fproduct_cat&post=8354"},{"taxonomy":"product_tag","embeddable":true,"href":"https:\/\/eskisehirdogaltas.com\/index.php?rest_route=%2Fwp%2Fv2%2Fproduct_tag&post=8354"}],"curies":[{"name":"wp","href":"https:\/\/api.w.org\/{rel}","templated":true}]}}