{"id":8355,"date":"2021-03-10T18:45:00","date_gmt":"2021-03-10T15:45:00","guid":{"rendered":"http:\/\/dogaltasci.com\/?post_type=product&#038;p=8355"},"modified":"2021-03-11T12:23:43","modified_gmt":"2021-03-11T09:23:43","slug":"ebatli-bodrum-kayrak-tasi-bodrum-kayrak-tasi","status":"publish","type":"product","link":"https:\/\/eskisehirdogaltas.com\/?product=ebatli-bodrum-kayrak-tasi-bodrum-kayrak-tasi","title":{"rendered":"Ebatl\u0131 Bodrum Kayrak Ta\u015f\u0131"},"content":{"rendered":"<div class=\"w-tabs style_default switch_click type_togglable remove_indents title_atleft icon_chevron iconpos_right accordion initialized\">\n<div class=\"w-tabs-sections\">\n<div class=\"w-tabs-sections-h\">\n<div id=\"about\" class=\"w-tabs-section active\">\n<div class=\"w-tabs-section-content\">\n<div class=\"w-tabs-section-content-h i-cf\">\n<div class=\"w-post-elm post_content\">\n<p>Ebatl\u0131 bodrum kayrak ta\u015f\u0131, Bodrum b\u00f6lgesinde bulunan ta\u015f ocaklar\u0131nda \u00e7\u0131kart\u0131larak at\u00f6lyelerde ebatlanarak elde edilmektedir.<\/p>\n<p>ebatlar\u0131:7.5 ,10,12, 15 , boy serbest ebatlar\u0131nda olarak \u00e7o\u011funlukta \u00fcretilmektedir. \u0130stek \u00fczerine farkl\u0131 boy ve \u00f6l\u00e7\u00fclerde de \u00fcretilebilir<\/p>\n<p>Ebatl\u0131 kesilmi\u015f do\u011fal Bodrum Kayrak ta\u015f\u0131 bina ve yap\u0131lar da bir \u00e7ok alanda kullan\u0131lmakta d\u0131\u015f. Cephe kaplamalar\u0131, i\u00e7 mekan tasar\u0131mlar\u0131nda \u015f\u00f6mine barbek\u00fclerde, y\u00fcr\u00fcy\u00fc\u015f yollar\u0131nda basamaklarda bah\u00e7e duvarlar\u0131nda, duvar \u00fcst\u00fc harpu\u015ftalarda estetik bir g\u00f6r\u00fcn\u00fcm\u00fcn yan\u0131nda sa\u011flaml\u0131k ,dayan\u0131kl\u0131l\u0131k ,\u0131s\u0131 ,ses yal\u0131t\u0131m\u0131 da kazand\u0131rarak yap\u0131lar\u0131n uzun zaman sorunsuz ayakta kalmas\u0131n\u0131 sa\u011flamaktad\u0131r.<\/p>\n<p>Ebatl\u0131 ve kesilmi\u015f Bodrum kayrak ta\u015f\u0131\u00a0 do\u011fal bir g\u00fczelli\u011fe sahiptir. Bu nedenle g\u00fcn\u00fcm\u00fczde s\u0131k\u00e7a tercih edilen ta\u015flar aras\u0131ndad\u0131r. A\u015f\u0131nmaya kar\u015f\u0131 olduk\u00e7a dayan\u0131kl\u0131d\u0131r. kaygan bir y\u00fczeyi olmad\u0131\u011f\u0131 i\u00e7in zeminlerde rahatl\u0131kla kullan\u0131labilir\u00a0 Her hangi bir esnekli\u011fi yoktur. Farkl\u0131 mineraller bar\u0131nd\u0131rd\u0131\u011f\u0131ndan de\u011fi\u015fik renk ve desenleri vard\u0131r.<\/p>\n<p>Ta\u015f yap\u0131 do\u011falta\u015f olarak kaliteyi ucuza sunmaya devam ediyor uz sipari\u015f bilgi ve \u00f6nerilerinizi bekliyoruz..<\/p>\n<\/div>\n<\/div>\n<\/div>\n<\/div>\n<div id=\"delivery\" class=\"w-tabs-section\">\n<div class=\"w-tabs-section-header-h\">\n<h4 class=\"w-tabs-section-title\">Teslimat Bilgileri<\/h4>\n<p>Ebatl\u0131 Bodrum kayrak ta\u015f\u0131 stoklar\u0131m\u0131zda mevcuttur b\u00fcy\u00fck ve farkl\u0131 ebatlar i\u00e7in bizimle ileti\u015fime ge\u00e7tikten sonra program al\u0131p m\u00fcmk\u00fcn oldu\u011fu en k\u0131sa zamanda teslim edilir termin s\u00fcrelerine uymak Ta\u015f Yap\u0131 do\u011falta\u015f i\u00e7in ahlaki bir \u00f6neme, de\u011fere sahiptir.<\/p>\n<div class=\"w-tabs-section-control\"><\/div>\n<\/div>\n<\/div>\n<\/div>\n<\/div>\n<\/div>\n","protected":false},"excerpt":{"rendered":"<p>Ebatl\u0131 bodrum kayrak ta\u015f\u0131, Bodrum b\u00f6lgesinde bulunan ta\u015f ocaklar\u0131nda \u00e7\u0131kart\u0131larak at\u00f6lyelerde ebatlanarak elde edilmektedir. ebatlar\u0131:7.5 ,10,12, 15 , boy serbest ebatlar\u0131nda olarak \u00e7o\u011funlukta \u00fcretilmektedir. \u0130stek \u00fczerine farkl\u0131 boy ve \u00f6l\u00e7\u00fclerde de \u00fcretilebilir Ebatl\u0131 kesilmi\u015f do\u011fal Bodrum Kayrak ta\u015f\u0131 bina ve yap\u0131lar da bir \u00e7ok alanda kullan\u0131lmakta d\u0131\u015f. Cephe kaplamalar\u0131, i\u00e7 mekan tasar\u0131mlar\u0131nda \u015f\u00f6mine barbek\u00fclerde, y\u00fcr\u00fcy\u00fc\u015f&#8230;<\/p>\n","protected":false},"featured_media":8359,"comment_status":"open","ping_status":"closed","template":"","meta":{"_acf_changed":false},"product_brand":[],"product_cat":[84],"product_tag":[],"class_list":{"0":"post-8355","1":"product","2":"type-product","3":"status-publish","4":"has-post-thumbnail","6":"product_cat-ebatli-kayrak-tasi","8":"first","9":"instock","10":"shipping-taxable","11":"product-type-simple"},"acf":[],"yoast_head":"<!-- This site is optimized with the Yoast SEO plugin v24.6 - https:\/\/yoast.com\/wordpress\/plugins\/seo\/ -->\n<title>Ebatl\u0131 Bodrum Kayrak Ta\u015f\u0131 - Eski\u015fehir do\u011falta\u015f Ebatl\u0131 Bodrum Kayrak Ta\u015f\u0131<\/title>\n<meta name=\"description\" content=\"Ebatl\u0131 bodrum kayrak ta\u015f\u0131 sar\u0131 ve siyah renkleri mevcuttur istenilen bir \u00e7ok ebatlarda kesilebilmektedir yap\u0131lara estetik bir g\u00f6r\u00fcn\u00fcm sa\u011flar.\" \/>\n<meta name=\"robots\" content=\"index, follow, max-snippet:-1, max-image-preview:large, max-video-preview:-1\" \/>\n<link rel=\"canonical\" href=\"https:\/\/eskisehirdogaltas.com\/?product=ebatli-bodrum-kayrak-tasi-bodrum-kayrak-tasi\" \/>\n<meta property=\"og:locale\" content=\"tr_TR\" \/>\n<meta property=\"og:type\" content=\"article\" \/>\n<meta property=\"og:title\" content=\"Ebatl\u0131 Bodrum Kayrak Ta\u015f\u0131 - Eski\u015fehir do\u011falta\u015f Ebatl\u0131 Bodrum Kayrak Ta\u015f\u0131\" \/>\n<meta property=\"og:description\" content=\"Ebatl\u0131 bodrum kayrak ta\u015f\u0131 sar\u0131 ve siyah renkleri mevcuttur istenilen bir \u00e7ok ebatlarda kesilebilmektedir yap\u0131lara estetik bir g\u00f6r\u00fcn\u00fcm sa\u011flar.\" \/>\n<meta property=\"og:url\" content=\"https:\/\/eskisehirdogaltas.com\/?product=ebatli-bodrum-kayrak-tasi-bodrum-kayrak-tasi\" \/>\n<meta property=\"og:site_name\" content=\"Eski\u015fehir do\u011falta\u015f\" \/>\n<meta property=\"article:modified_time\" content=\"2021-03-11T09:23:43+00:00\" \/>\n<meta property=\"og:image\" content=\"https:\/\/eskisehirdogaltas.com\/wp-content\/uploads\/2021\/03\/tas-evler_45.gif\" \/>\n\t<meta property=\"og:image:width\" content=\"1024\" \/>\n\t<meta property=\"og:image:height\" content=\"600\" \/>\n\t<meta property=\"og:image:type\" content=\"image\/gif\" \/>\n<meta name=\"twitter:card\" content=\"summary_large_image\" \/>\n<meta name=\"twitter:label1\" content=\"Tahmini okuma s\u00fcresi\" \/>\n\t<meta name=\"twitter:data1\" content=\"1 dakika\" \/>\n<script type=\"application\/ld+json\" class=\"yoast-schema-graph\">{\"@context\":\"https:\/\/schema.org\",\"@graph\":[{\"@type\":\"WebPage\",\"@id\":\"https:\/\/eskisehirdogaltas.com\/?product=ebatli-bodrum-kayrak-tasi-bodrum-kayrak-tasi\",\"url\":\"https:\/\/eskisehirdogaltas.com\/?product=ebatli-bodrum-kayrak-tasi-bodrum-kayrak-tasi\",\"name\":\"Ebatl\u0131 Bodrum Kayrak Ta\u015f\u0131 - Eski\u015fehir do\u011falta\u015f Ebatl\u0131 Bodrum Kayrak Ta\u015f\u0131\",\"isPartOf\":{\"@id\":\"https:\/\/eskisehirdogaltas.com\/#website\"},\"primaryImageOfPage\":{\"@id\":\"https:\/\/eskisehirdogaltas.com\/?product=ebatli-bodrum-kayrak-tasi-bodrum-kayrak-tasi#primaryimage\"},\"image\":{\"@id\":\"https:\/\/eskisehirdogaltas.com\/?product=ebatli-bodrum-kayrak-tasi-bodrum-kayrak-tasi#primaryimage\"},\"thumbnailUrl\":\"https:\/\/eskisehirdogaltas.com\/wp-content\/uploads\/2021\/03\/tas-evler_45.gif\",\"datePublished\":\"2021-03-10T15:45:00+00:00\",\"dateModified\":\"2021-03-11T09:23:43+00:00\",\"description\":\"Ebatl\u0131 bodrum kayrak ta\u015f\u0131 sar\u0131 ve siyah renkleri mevcuttur istenilen bir \u00e7ok ebatlarda kesilebilmektedir yap\u0131lara estetik bir g\u00f6r\u00fcn\u00fcm sa\u011flar.\",\"breadcrumb\":{\"@id\":\"https:\/\/eskisehirdogaltas.com\/?product=ebatli-bodrum-kayrak-tasi-bodrum-kayrak-tasi#breadcrumb\"},\"inLanguage\":\"tr\",\"potentialAction\":[{\"@type\":\"ReadAction\",\"target\":[\"https:\/\/eskisehirdogaltas.com\/?product=ebatli-bodrum-kayrak-tasi-bodrum-kayrak-tasi\"]}]},{\"@type\":\"ImageObject\",\"inLanguage\":\"tr\",\"@id\":\"https:\/\/eskisehirdogaltas.com\/?product=ebatli-bodrum-kayrak-tasi-bodrum-kayrak-tasi#primaryimage\",\"url\":\"https:\/\/eskisehirdogaltas.com\/wp-content\/uploads\/2021\/03\/tas-evler_45.gif\",\"contentUrl\":\"https:\/\/eskisehirdogaltas.com\/wp-content\/uploads\/2021\/03\/tas-evler_45.gif\",\"width\":1024,\"height\":600,\"caption\":\"Ebatl\u0131 Bodrum Kayrak Ta\u015f\u0131\"},{\"@type\":\"BreadcrumbList\",\"@id\":\"https:\/\/eskisehirdogaltas.com\/?product=ebatli-bodrum-kayrak-tasi-bodrum-kayrak-tasi#breadcrumb\",\"itemListElement\":[{\"@type\":\"ListItem\",\"position\":1,\"name\":\"Ana sayfa\",\"item\":\"https:\/\/eskisehirdogaltas.com\/\"},{\"@type\":\"ListItem\",\"position\":2,\"name\":\"Shop\",\"item\":\"https:\/\/eskisehirdogaltas.com\/?page_id=2789\"},{\"@type\":\"ListItem\",\"position\":3,\"name\":\"Ebatl\u0131 Bodrum Kayrak Ta\u015f\u0131\"}]},{\"@type\":\"WebSite\",\"@id\":\"https:\/\/eskisehirdogaltas.com\/#website\",\"url\":\"https:\/\/eskisehirdogaltas.com\/\",\"name\":\"Eski\u015fehir do\u011falta\u015f\",\"description\":\"TA\u015e YAPI MARKET\",\"potentialAction\":[{\"@type\":\"SearchAction\",\"target\":{\"@type\":\"EntryPoint\",\"urlTemplate\":\"https:\/\/eskisehirdogaltas.com\/?s={search_term_string}\"},\"query-input\":{\"@type\":\"PropertyValueSpecification\",\"valueRequired\":true,\"valueName\":\"search_term_string\"}}],\"inLanguage\":\"tr\"}]}<\/script>\n<!-- \/ Yoast SEO plugin. -->","yoast_head_json":{"title":"Ebatl\u0131 Bodrum Kayrak Ta\u015f\u0131 - Eski\u015fehir do\u011falta\u015f Ebatl\u0131 Bodrum Kayrak Ta\u015f\u0131","description":"Ebatl\u0131 bodrum kayrak ta\u015f\u0131 sar\u0131 ve siyah renkleri mevcuttur istenilen bir \u00e7ok ebatlarda kesilebilmektedir yap\u0131lara estetik bir g\u00f6r\u00fcn\u00fcm sa\u011flar.","robots":{"index":"index","follow":"follow","max-snippet":"max-snippet:-1","max-image-preview":"max-image-preview:large","max-video-preview":"max-video-preview:-1"},"canonical":"https:\/\/eskisehirdogaltas.com\/?product=ebatli-bodrum-kayrak-tasi-bodrum-kayrak-tasi","og_locale":"tr_TR","og_type":"article","og_title":"Ebatl\u0131 Bodrum Kayrak Ta\u015f\u0131 - Eski\u015fehir do\u011falta\u015f Ebatl\u0131 Bodrum Kayrak Ta\u015f\u0131","og_description":"Ebatl\u0131 bodrum kayrak ta\u015f\u0131 sar\u0131 ve siyah renkleri mevcuttur istenilen bir \u00e7ok ebatlarda kesilebilmektedir yap\u0131lara estetik bir g\u00f6r\u00fcn\u00fcm sa\u011flar.","og_url":"https:\/\/eskisehirdogaltas.com\/?product=ebatli-bodrum-kayrak-tasi-bodrum-kayrak-tasi","og_site_name":"Eski\u015fehir do\u011falta\u015f","article_modified_time":"2021-03-11T09:23:43+00:00","og_image":[{"width":1024,"height":600,"url":"https:\/\/eskisehirdogaltas.com\/wp-content\/uploads\/2021\/03\/tas-evler_45.gif","type":"image\/gif"}],"twitter_card":"summary_large_image","twitter_misc":{"Tahmini okuma s\u00fcresi":"1 dakika"},"schema":{"@context":"https:\/\/schema.org","@graph":[{"@type":"WebPage","@id":"https:\/\/eskisehirdogaltas.com\/?product=ebatli-bodrum-kayrak-tasi-bodrum-kayrak-tasi","url":"https:\/\/eskisehirdogaltas.com\/?product=ebatli-bodrum-kayrak-tasi-bodrum-kayrak-tasi","name":"Ebatl\u0131 Bodrum Kayrak Ta\u015f\u0131 - Eski\u015fehir do\u011falta\u015f Ebatl\u0131 Bodrum Kayrak Ta\u015f\u0131","isPartOf":{"@id":"https:\/\/eskisehirdogaltas.com\/#website"},"primaryImageOfPage":{"@id":"https:\/\/eskisehirdogaltas.com\/?product=ebatli-bodrum-kayrak-tasi-bodrum-kayrak-tasi#primaryimage"},"image":{"@id":"https:\/\/eskisehirdogaltas.com\/?product=ebatli-bodrum-kayrak-tasi-bodrum-kayrak-tasi#primaryimage"},"thumbnailUrl":"https:\/\/eskisehirdogaltas.com\/wp-content\/uploads\/2021\/03\/tas-evler_45.gif","datePublished":"2021-03-10T15:45:00+00:00","dateModified":"2021-03-11T09:23:43+00:00","description":"Ebatl\u0131 bodrum kayrak ta\u015f\u0131 sar\u0131 ve siyah renkleri mevcuttur istenilen bir \u00e7ok ebatlarda kesilebilmektedir yap\u0131lara estetik bir g\u00f6r\u00fcn\u00fcm sa\u011flar.","breadcrumb":{"@id":"https:\/\/eskisehirdogaltas.com\/?product=ebatli-bodrum-kayrak-tasi-bodrum-kayrak-tasi#breadcrumb"},"inLanguage":"tr","potentialAction":[{"@type":"ReadAction","target":["https:\/\/eskisehirdogaltas.com\/?product=ebatli-bodrum-kayrak-tasi-bodrum-kayrak-tasi"]}]},{"@type":"ImageObject","inLanguage":"tr","@id":"https:\/\/eskisehirdogaltas.com\/?product=ebatli-bodrum-kayrak-tasi-bodrum-kayrak-tasi#primaryimage","url":"https:\/\/eskisehirdogaltas.com\/wp-content\/uploads\/2021\/03\/tas-evler_45.gif","contentUrl":"https:\/\/eskisehirdogaltas.com\/wp-content\/uploads\/2021\/03\/tas-evler_45.gif","width":1024,"height":600,"caption":"Ebatl\u0131 Bodrum Kayrak Ta\u015f\u0131"},{"@type":"BreadcrumbList","@id":"https:\/\/eskisehirdogaltas.com\/?product=ebatli-bodrum-kayrak-tasi-bodrum-kayrak-tasi#breadcrumb","itemListElement":[{"@type":"ListItem","position":1,"name":"Ana sayfa","item":"https:\/\/eskisehirdogaltas.com\/"},{"@type":"ListItem","position":2,"name":"Shop","item":"https:\/\/eskisehirdogaltas.com\/?page_id=2789"},{"@type":"ListItem","position":3,"name":"Ebatl\u0131 Bodrum Kayrak Ta\u015f\u0131"}]},{"@type":"WebSite","@id":"https:\/\/eskisehirdogaltas.com\/#website","url":"https:\/\/eskisehirdogaltas.com\/","name":"Eski\u015fehir do\u011falta\u015f","description":"TA\u015e YAPI MARKET","potentialAction":[{"@type":"SearchAction","target":{"@type":"EntryPoint","urlTemplate":"https:\/\/eskisehirdogaltas.com\/?s={search_term_string}"},"query-input":{"@type":"PropertyValueSpecification","valueRequired":true,"valueName":"search_term_string"}}],"inLanguage":"tr"}]}},"_links":{"self":[{"href":"https:\/\/eskisehirdogaltas.com\/index.php?rest_route=\/wp\/v2\/product\/8355","targetHints":{"allow":["GET"]}}],"collection":[{"href":"https:\/\/eskisehirdogaltas.com\/index.php?rest_route=\/wp\/v2\/product"}],"about":[{"href":"https:\/\/eskisehirdogaltas.com\/index.php?rest_route=\/wp\/v2\/types\/product"}],"replies":[{"embeddable":true,"href":"https:\/\/eskisehirdogaltas.com\/index.php?rest_route=%2Fwp%2Fv2%2Fcomments&post=8355"}],"wp:featuredmedia":[{"embeddable":true,"href":"https:\/\/eskisehirdogaltas.com\/index.php?rest_route=\/wp\/v2\/media\/8359"}],"wp:attachment":[{"href":"https:\/\/eskisehirdogaltas.com\/index.php?rest_route=%2Fwp%2Fv2%2Fmedia&parent=8355"}],"wp:term":[{"taxonomy":"product_brand","embeddable":true,"href":"https:\/\/eskisehirdogaltas.com\/index.php?rest_route=%2Fwp%2Fv2%2Fproduct_brand&post=8355"},{"taxonomy":"product_cat","embeddable":true,"href":"https:\/\/eskisehirdogaltas.com\/index.php?rest_route=%2Fwp%2Fv2%2Fproduct_cat&post=8355"},{"taxonomy":"product_tag","embeddable":true,"href":"https:\/\/eskisehirdogaltas.com\/index.php?rest_route=%2Fwp%2Fv2%2Fproduct_tag&post=8355"}],"curies":[{"name":"wp","href":"https:\/\/api.w.org\/{rel}","templated":true}]}}