{"id":8445,"date":"2021-03-11T12:42:57","date_gmt":"2021-03-11T09:42:57","guid":{"rendered":"http:\/\/dogaltasci.com\/?post_type=product&#038;p=8445"},"modified":"2021-03-11T13:40:20","modified_gmt":"2021-03-11T10:40:20","slug":"renkli-cakil-taslari","status":"publish","type":"product","link":"https:\/\/eskisehirdogaltas.com\/?product=renkli-cakil-taslari","title":{"rendered":"Renkli \u00c7ak\u0131l Ta\u015flar\u0131"},"content":{"rendered":"<p>Renkli \u00c7ak\u0131l Ta\u015flar\u0131<\/p>\n<p>Deniz k\u0131y\u0131lar\u0131nda ya da derelerde suyun a\u015f\u0131nd\u0131rmas\u0131yla birlikte yuvarlak &#8211; yass\u0131 hal alan \u00e7ak\u0131l ta\u015flar\u0131,Ayr\u0131ca tambur makinalar\u0131nda i\u015flenerek de \u00e7e\u015fitli renklerde \u00fcretilmektedir. G\u00fcn\u00fcm\u00fczde dekorasyon amac\u0131yla kullan\u0131l\u0131yor. Son d\u00f6nemlerde beton ve asfalt malzemeden ka\u00e7\u0131n\u0131lmas\u0131yla birlikte, en \u00e7ok tercih edilen ta\u015f \u00e7e\u015fitlerinden biri haline gelen \u00e7ak\u0131l ta\u015flar\u0131ndan y\u00fcr\u00fcy\u00fc\u015f alanlar\u0131nda da yararlan\u0131l\u0131yor.<\/p>\n<p>\u00c7ak\u0131l ta\u015flar\u0131n\u0131n en \u00e7ok kullan\u0131ld\u0131klar\u0131 b\u00f6lgeler \u015fu \u015fekilde:<\/p>\n<ul>\n<li>Parklarda ve y\u00fcr\u00fcy\u00fc\u015f alanlar\u0131nda: \u00c7ak\u0131l ta\u015flar\u0131, otlar\u0131n yeniden \u00e7\u0131kmas\u0131n\u0131 engelledi\u011fi i\u00e7in tercih ediliyor.<\/li>\n<li>\u0130\u00e7 ve d\u0131\u015f mekanlarda dekorasyon: \u00c7ak\u0131l ta\u015flar\u0131, farkl\u0131 renkleri nedeniyle dekorasyon i\u00e7in en \u00e7ok kullan\u0131lan ta\u015flar aras\u0131nda yer al\u0131yor. saks\u0131larda bitkilere. faydal\u0131 oldu\u011fu i\u00e7in de tercih edilmekte<\/li>\n<li>Sazova Mah. Ulusal Egemenlik Bulv. Evciler Sk. No: 17\/A Tepeba\u015f\u0131 \/ Eski\u015fehir adresinde bulunan firmam\u0131z\u0131 ziyaret edebilir, ya da bizlere 0507 003 96 03 numaral\u0131 telefondan ula\u015fabilirsiniz. G\u00f6r\u00fc\u015fmemiz s\u0131ras\u0131nda \u00e7ak\u0131l ta\u015f\u0131 \u00e7e\u015fitleri ve akl\u0131n\u0131za gelen t\u00fcm sorulara yan\u0131t bulabilir ve g\u00f6n\u00fcl rahatl\u0131\u011f\u0131yla sipari\u015f verebilirsiniz.\n<p>&nbsp;<\/li>\n<\/ul>\n","protected":false},"excerpt":{"rendered":"<p>Renkli \u00c7ak\u0131l Ta\u015flar\u0131 Deniz k\u0131y\u0131lar\u0131nda ya da derelerde suyun a\u015f\u0131nd\u0131rmas\u0131yla birlikte yuvarlak &#8211; yass\u0131 hal alan \u00e7ak\u0131l ta\u015flar\u0131,Ayr\u0131ca tambur makinalar\u0131nda i\u015flenerek de \u00e7e\u015fitli renklerde \u00fcretilmektedir. G\u00fcn\u00fcm\u00fczde dekorasyon amac\u0131yla kullan\u0131l\u0131yor. Son d\u00f6nemlerde beton ve asfalt malzemeden ka\u00e7\u0131n\u0131lmas\u0131yla birlikte, en \u00e7ok tercih edilen ta\u015f \u00e7e\u015fitlerinden biri haline gelen \u00e7ak\u0131l ta\u015flar\u0131ndan y\u00fcr\u00fcy\u00fc\u015f alanlar\u0131nda da yararlan\u0131l\u0131yor. \u00c7ak\u0131l ta\u015flar\u0131n\u0131n en&#8230;<\/p>\n","protected":false},"featured_media":8457,"comment_status":"open","ping_status":"closed","template":"","meta":{"_acf_changed":false},"product_brand":[],"product_cat":[44],"product_tag":[],"class_list":{"0":"post-8445","1":"product","2":"type-product","3":"status-publish","4":"has-post-thumbnail","6":"product_cat-dolamit-ve-cakiltaslari","8":"first","9":"instock","10":"shipping-taxable","11":"product-type-simple"},"acf":[],"yoast_head":"<!-- This site is optimized with the Yoast SEO plugin v24.6 - https:\/\/yoast.com\/wordpress\/plugins\/seo\/ -->\n<title>Renkli \u00c7ak\u0131l Ta\u015flar\u0131 - Eski\u015fehir do\u011falta\u015f<\/title>\n<meta name=\"description\" content=\"Renkli \u00e7ak\u0131l ta\u015flar\u0131 do\u011fada bulunan renkli ta\u015flar\u0131n tambur makinas\u0131ndan i\u015flenerek elde edilmekte d\u0131r.Bir \u00e7ok renk ve ebat mevcuttur\" \/>\n<meta name=\"robots\" content=\"index, follow, max-snippet:-1, max-image-preview:large, max-video-preview:-1\" \/>\n<link rel=\"canonical\" href=\"https:\/\/eskisehirdogaltas.com\/?product=renkli-cakil-taslari\" \/>\n<meta property=\"og:locale\" content=\"tr_TR\" \/>\n<meta property=\"og:type\" content=\"article\" \/>\n<meta property=\"og:title\" content=\"Renkli \u00c7ak\u0131l Ta\u015flar\u0131 - Eski\u015fehir do\u011falta\u015f\" \/>\n<meta property=\"og:description\" content=\"Renkli \u00e7ak\u0131l ta\u015flar\u0131 do\u011fada bulunan renkli ta\u015flar\u0131n tambur makinas\u0131ndan i\u015flenerek elde edilmekte d\u0131r.Bir \u00e7ok renk ve ebat mevcuttur\" \/>\n<meta property=\"og:url\" content=\"https:\/\/eskisehirdogaltas.com\/?product=renkli-cakil-taslari\" \/>\n<meta property=\"og:site_name\" content=\"Eski\u015fehir do\u011falta\u015f\" \/>\n<meta property=\"article:modified_time\" content=\"2021-03-11T10:40:20+00:00\" \/>\n<meta property=\"og:image\" content=\"https:\/\/eskisehirdogaltas.com\/wp-content\/uploads\/2021\/03\/Renkli-Caki-Taslari_14.gif\" \/>\n\t<meta property=\"og:image:width\" content=\"1024\" \/>\n\t<meta property=\"og:image:height\" content=\"600\" \/>\n\t<meta property=\"og:image:type\" content=\"image\/gif\" \/>\n<meta name=\"twitter:card\" content=\"summary_large_image\" \/>\n<meta name=\"twitter:label1\" content=\"Tahmini okuma s\u00fcresi\" \/>\n\t<meta name=\"twitter:data1\" content=\"1 dakika\" \/>\n<script type=\"application\/ld+json\" class=\"yoast-schema-graph\">{\"@context\":\"https:\/\/schema.org\",\"@graph\":[{\"@type\":\"WebPage\",\"@id\":\"https:\/\/eskisehirdogaltas.com\/?product=renkli-cakil-taslari\",\"url\":\"https:\/\/eskisehirdogaltas.com\/?product=renkli-cakil-taslari\",\"name\":\"Renkli \u00c7ak\u0131l Ta\u015flar\u0131 - Eski\u015fehir do\u011falta\u015f\",\"isPartOf\":{\"@id\":\"https:\/\/eskisehirdogaltas.com\/#website\"},\"primaryImageOfPage\":{\"@id\":\"https:\/\/eskisehirdogaltas.com\/?product=renkli-cakil-taslari#primaryimage\"},\"image\":{\"@id\":\"https:\/\/eskisehirdogaltas.com\/?product=renkli-cakil-taslari#primaryimage\"},\"thumbnailUrl\":\"https:\/\/eskisehirdogaltas.com\/wp-content\/uploads\/2021\/03\/Renkli-Caki-Taslari_14.gif\",\"datePublished\":\"2021-03-11T09:42:57+00:00\",\"dateModified\":\"2021-03-11T10:40:20+00:00\",\"description\":\"Renkli \u00e7ak\u0131l ta\u015flar\u0131 do\u011fada bulunan renkli ta\u015flar\u0131n tambur makinas\u0131ndan i\u015flenerek elde edilmekte d\u0131r.Bir \u00e7ok renk ve ebat mevcuttur\",\"breadcrumb\":{\"@id\":\"https:\/\/eskisehirdogaltas.com\/?product=renkli-cakil-taslari#breadcrumb\"},\"inLanguage\":\"tr\",\"potentialAction\":[{\"@type\":\"ReadAction\",\"target\":[\"https:\/\/eskisehirdogaltas.com\/?product=renkli-cakil-taslari\"]}]},{\"@type\":\"ImageObject\",\"inLanguage\":\"tr\",\"@id\":\"https:\/\/eskisehirdogaltas.com\/?product=renkli-cakil-taslari#primaryimage\",\"url\":\"https:\/\/eskisehirdogaltas.com\/wp-content\/uploads\/2021\/03\/Renkli-Caki-Taslari_14.gif\",\"contentUrl\":\"https:\/\/eskisehirdogaltas.com\/wp-content\/uploads\/2021\/03\/Renkli-Caki-Taslari_14.gif\",\"width\":1024,\"height\":600,\"caption\":\"Renkli \u00c7ak\u0131 Ta\u015flar\u0131\"},{\"@type\":\"BreadcrumbList\",\"@id\":\"https:\/\/eskisehirdogaltas.com\/?product=renkli-cakil-taslari#breadcrumb\",\"itemListElement\":[{\"@type\":\"ListItem\",\"position\":1,\"name\":\"Ana sayfa\",\"item\":\"https:\/\/eskisehirdogaltas.com\/\"},{\"@type\":\"ListItem\",\"position\":2,\"name\":\"Shop\",\"item\":\"https:\/\/eskisehirdogaltas.com\/?page_id=2789\"},{\"@type\":\"ListItem\",\"position\":3,\"name\":\"Renkli \u00c7ak\u0131l Ta\u015flar\u0131\"}]},{\"@type\":\"WebSite\",\"@id\":\"https:\/\/eskisehirdogaltas.com\/#website\",\"url\":\"https:\/\/eskisehirdogaltas.com\/\",\"name\":\"Eski\u015fehir do\u011falta\u015f\",\"description\":\"TA\u015e YAPI MARKET\",\"potentialAction\":[{\"@type\":\"SearchAction\",\"target\":{\"@type\":\"EntryPoint\",\"urlTemplate\":\"https:\/\/eskisehirdogaltas.com\/?s={search_term_string}\"},\"query-input\":{\"@type\":\"PropertyValueSpecification\",\"valueRequired\":true,\"valueName\":\"search_term_string\"}}],\"inLanguage\":\"tr\"}]}<\/script>\n<!-- \/ Yoast SEO plugin. -->","yoast_head_json":{"title":"Renkli \u00c7ak\u0131l Ta\u015flar\u0131 - Eski\u015fehir do\u011falta\u015f","description":"Renkli \u00e7ak\u0131l ta\u015flar\u0131 do\u011fada bulunan renkli ta\u015flar\u0131n tambur makinas\u0131ndan i\u015flenerek elde edilmekte d\u0131r.Bir \u00e7ok renk ve ebat mevcuttur","robots":{"index":"index","follow":"follow","max-snippet":"max-snippet:-1","max-image-preview":"max-image-preview:large","max-video-preview":"max-video-preview:-1"},"canonical":"https:\/\/eskisehirdogaltas.com\/?product=renkli-cakil-taslari","og_locale":"tr_TR","og_type":"article","og_title":"Renkli \u00c7ak\u0131l Ta\u015flar\u0131 - Eski\u015fehir do\u011falta\u015f","og_description":"Renkli \u00e7ak\u0131l ta\u015flar\u0131 do\u011fada bulunan renkli ta\u015flar\u0131n tambur makinas\u0131ndan i\u015flenerek elde edilmekte d\u0131r.Bir \u00e7ok renk ve ebat mevcuttur","og_url":"https:\/\/eskisehirdogaltas.com\/?product=renkli-cakil-taslari","og_site_name":"Eski\u015fehir do\u011falta\u015f","article_modified_time":"2021-03-11T10:40:20+00:00","og_image":[{"width":1024,"height":600,"url":"https:\/\/eskisehirdogaltas.com\/wp-content\/uploads\/2021\/03\/Renkli-Caki-Taslari_14.gif","type":"image\/gif"}],"twitter_card":"summary_large_image","twitter_misc":{"Tahmini okuma s\u00fcresi":"1 dakika"},"schema":{"@context":"https:\/\/schema.org","@graph":[{"@type":"WebPage","@id":"https:\/\/eskisehirdogaltas.com\/?product=renkli-cakil-taslari","url":"https:\/\/eskisehirdogaltas.com\/?product=renkli-cakil-taslari","name":"Renkli \u00c7ak\u0131l Ta\u015flar\u0131 - Eski\u015fehir do\u011falta\u015f","isPartOf":{"@id":"https:\/\/eskisehirdogaltas.com\/#website"},"primaryImageOfPage":{"@id":"https:\/\/eskisehirdogaltas.com\/?product=renkli-cakil-taslari#primaryimage"},"image":{"@id":"https:\/\/eskisehirdogaltas.com\/?product=renkli-cakil-taslari#primaryimage"},"thumbnailUrl":"https:\/\/eskisehirdogaltas.com\/wp-content\/uploads\/2021\/03\/Renkli-Caki-Taslari_14.gif","datePublished":"2021-03-11T09:42:57+00:00","dateModified":"2021-03-11T10:40:20+00:00","description":"Renkli \u00e7ak\u0131l ta\u015flar\u0131 do\u011fada bulunan renkli ta\u015flar\u0131n tambur makinas\u0131ndan i\u015flenerek elde edilmekte d\u0131r.Bir \u00e7ok renk ve ebat mevcuttur","breadcrumb":{"@id":"https:\/\/eskisehirdogaltas.com\/?product=renkli-cakil-taslari#breadcrumb"},"inLanguage":"tr","potentialAction":[{"@type":"ReadAction","target":["https:\/\/eskisehirdogaltas.com\/?product=renkli-cakil-taslari"]}]},{"@type":"ImageObject","inLanguage":"tr","@id":"https:\/\/eskisehirdogaltas.com\/?product=renkli-cakil-taslari#primaryimage","url":"https:\/\/eskisehirdogaltas.com\/wp-content\/uploads\/2021\/03\/Renkli-Caki-Taslari_14.gif","contentUrl":"https:\/\/eskisehirdogaltas.com\/wp-content\/uploads\/2021\/03\/Renkli-Caki-Taslari_14.gif","width":1024,"height":600,"caption":"Renkli \u00c7ak\u0131 Ta\u015flar\u0131"},{"@type":"BreadcrumbList","@id":"https:\/\/eskisehirdogaltas.com\/?product=renkli-cakil-taslari#breadcrumb","itemListElement":[{"@type":"ListItem","position":1,"name":"Ana sayfa","item":"https:\/\/eskisehirdogaltas.com\/"},{"@type":"ListItem","position":2,"name":"Shop","item":"https:\/\/eskisehirdogaltas.com\/?page_id=2789"},{"@type":"ListItem","position":3,"name":"Renkli \u00c7ak\u0131l Ta\u015flar\u0131"}]},{"@type":"WebSite","@id":"https:\/\/eskisehirdogaltas.com\/#website","url":"https:\/\/eskisehirdogaltas.com\/","name":"Eski\u015fehir do\u011falta\u015f","description":"TA\u015e YAPI MARKET","potentialAction":[{"@type":"SearchAction","target":{"@type":"EntryPoint","urlTemplate":"https:\/\/eskisehirdogaltas.com\/?s={search_term_string}"},"query-input":{"@type":"PropertyValueSpecification","valueRequired":true,"valueName":"search_term_string"}}],"inLanguage":"tr"}]}},"_links":{"self":[{"href":"https:\/\/eskisehirdogaltas.com\/index.php?rest_route=\/wp\/v2\/product\/8445","targetHints":{"allow":["GET"]}}],"collection":[{"href":"https:\/\/eskisehirdogaltas.com\/index.php?rest_route=\/wp\/v2\/product"}],"about":[{"href":"https:\/\/eskisehirdogaltas.com\/index.php?rest_route=\/wp\/v2\/types\/product"}],"replies":[{"embeddable":true,"href":"https:\/\/eskisehirdogaltas.com\/index.php?rest_route=%2Fwp%2Fv2%2Fcomments&post=8445"}],"wp:featuredmedia":[{"embeddable":true,"href":"https:\/\/eskisehirdogaltas.com\/index.php?rest_route=\/wp\/v2\/media\/8457"}],"wp:attachment":[{"href":"https:\/\/eskisehirdogaltas.com\/index.php?rest_route=%2Fwp%2Fv2%2Fmedia&parent=8445"}],"wp:term":[{"taxonomy":"product_brand","embeddable":true,"href":"https:\/\/eskisehirdogaltas.com\/index.php?rest_route=%2Fwp%2Fv2%2Fproduct_brand&post=8445"},{"taxonomy":"product_cat","embeddable":true,"href":"https:\/\/eskisehirdogaltas.com\/index.php?rest_route=%2Fwp%2Fv2%2Fproduct_cat&post=8445"},{"taxonomy":"product_tag","embeddable":true,"href":"https:\/\/eskisehirdogaltas.com\/index.php?rest_route=%2Fwp%2Fv2%2Fproduct_tag&post=8445"}],"curies":[{"name":"wp","href":"https:\/\/api.w.org\/{rel}","templated":true}]}}