{"id":8465,"date":"2021-03-15T15:33:13","date_gmt":"2021-03-15T12:33:13","guid":{"rendered":"http:\/\/dogaltasci.com\/?post_type=product&#038;p=8465"},"modified":"2021-03-15T15:51:27","modified_gmt":"2021-03-15T12:51:27","slug":"ebatli-kayrak-tasi-siyah-sari","status":"publish","type":"product","link":"https:\/\/eskisehirdogaltas.com\/?product=ebatli-kayrak-tasi-siyah-sari","title":{"rendered":"Ebatl\u0131 Kayrak Ta\u015f\u0131 Siyah Sar\u0131"},"content":{"rendered":"<p>Ebatl\u0131 sar\u0131 siyah kayrak ta\u015f\u0131. do\u011fal kayrak ta\u015flar\u0131ndan se\u00e7ilerek uygun boy ve ebatlar\u0131 ayr\u0131l\u0131r daha sonrada kesilmek sureti ile \u00e7e\u015fitli boy ve ebatlara ayr\u0131l\u0131r. Ebatl\u0131 Siyah Sar\u0131 kayrak\u00a0 ta\u015f\u0131 do\u011fal bir g\u00fczelli\u011fe sahiptir. Bu nedenle g\u00fcn\u00fcm\u00fczde s\u0131k\u00e7a tercih edilen ta\u015flar aras\u0131ndad\u0131r. A\u015f\u0131nmaya kar\u015f\u0131 olduk\u00e7a dayan\u0131kl\u0131d\u0131r. Her hangi bir esnekli\u011fi yoktur. Farkl\u0131 mineraller bar\u0131nd\u0131rd\u0131\u011f\u0131ndan de\u011fi\u015fik renk ve desenleri vard\u0131r. Y\u00fczeylerinde p\u00fcr\u00fczler vard\u0131r.<\/p>\n","protected":false},"excerpt":{"rendered":"<p>Ebatl\u0131 sar\u0131 siyah kayrak ta\u015f\u0131. do\u011fal kayrak ta\u015flar\u0131ndan se\u00e7ilerek uygun boy ve ebatlar\u0131 ayr\u0131l\u0131r daha sonrada kesilmek sureti ile \u00e7e\u015fitli boy ve ebatlara ayr\u0131l\u0131r. Ebatl\u0131 Siyah Sar\u0131 kayrak\u00a0 ta\u015f\u0131 do\u011fal bir g\u00fczelli\u011fe sahiptir. Bu nedenle g\u00fcn\u00fcm\u00fczde s\u0131k\u00e7a tercih edilen ta\u015flar aras\u0131ndad\u0131r. A\u015f\u0131nmaya kar\u015f\u0131 olduk\u00e7a dayan\u0131kl\u0131d\u0131r. Her hangi bir esnekli\u011fi yoktur. Farkl\u0131 mineraller bar\u0131nd\u0131rd\u0131\u011f\u0131ndan de\u011fi\u015fik renk&#8230;<\/p>\n","protected":false},"featured_media":8466,"comment_status":"open","ping_status":"closed","template":"","meta":{"_acf_changed":false},"product_brand":[],"product_cat":[84],"product_tag":[],"class_list":{"0":"post-8465","1":"product","2":"type-product","3":"status-publish","4":"has-post-thumbnail","6":"product_cat-ebatli-kayrak-tasi","8":"first","9":"instock","10":"shipping-taxable","11":"product-type-simple"},"acf":[],"yoast_head":"<!-- This site is optimized with the Yoast SEO plugin v24.6 - https:\/\/yoast.com\/wordpress\/plugins\/seo\/ -->\n<title>Ebatl\u0131 Kayrak Ta\u015f\u0131 Siyah Sar\u0131 - Eski\u015fehir do\u011falta\u015f \u015fefafl\u0131k<\/title>\n<meta name=\"description\" content=\"Ebatl\u0131 Kayrak Ta\u015f\u0131 Siyah Sar\u0131. stoklar\u0131m\u0131za girmi\u015ftir ebatl\u0131 fileli boy serbest olarak \u00fcretimiz devam etmekte detayl\u0131 bilgi i\u00e7in aray\u0131n\u0131z..\" \/>\n<meta name=\"robots\" content=\"index, follow, max-snippet:-1, max-image-preview:large, max-video-preview:-1\" \/>\n<link rel=\"canonical\" href=\"https:\/\/eskisehirdogaltas.com\/?product=ebatli-kayrak-tasi-siyah-sari\" \/>\n<meta property=\"og:locale\" content=\"tr_TR\" \/>\n<meta property=\"og:type\" content=\"article\" \/>\n<meta property=\"og:title\" content=\"Ebatl\u0131 Kayrak Ta\u015f\u0131 Siyah Sar\u0131 - Eski\u015fehir do\u011falta\u015f \u015fefafl\u0131k\" \/>\n<meta property=\"og:description\" content=\"Ebatl\u0131 Kayrak Ta\u015f\u0131 Siyah Sar\u0131. stoklar\u0131m\u0131za girmi\u015ftir ebatl\u0131 fileli boy serbest olarak \u00fcretimiz devam etmekte detayl\u0131 bilgi i\u00e7in aray\u0131n\u0131z..\" \/>\n<meta property=\"og:url\" content=\"https:\/\/eskisehirdogaltas.com\/?product=ebatli-kayrak-tasi-siyah-sari\" \/>\n<meta property=\"og:site_name\" content=\"Eski\u015fehir do\u011falta\u015f\" \/>\n<meta property=\"article:modified_time\" content=\"2021-03-15T12:51:27+00:00\" \/>\n<meta property=\"og:image\" content=\"https:\/\/eskisehirdogaltas.com\/wp-content\/uploads\/2021\/03\/ebatli-siyah-sari_8.gif\" \/>\n\t<meta property=\"og:image:width\" content=\"1024\" \/>\n\t<meta property=\"og:image:height\" content=\"600\" \/>\n\t<meta property=\"og:image:type\" content=\"image\/gif\" \/>\n<meta name=\"twitter:card\" content=\"summary_large_image\" \/>\n<meta name=\"twitter:label1\" content=\"Tahmini okuma s\u00fcresi\" \/>\n\t<meta name=\"twitter:data1\" content=\"1 dakika\" \/>\n<script type=\"application\/ld+json\" class=\"yoast-schema-graph\">{\"@context\":\"https:\/\/schema.org\",\"@graph\":[{\"@type\":\"WebPage\",\"@id\":\"https:\/\/eskisehirdogaltas.com\/?product=ebatli-kayrak-tasi-siyah-sari\",\"url\":\"https:\/\/eskisehirdogaltas.com\/?product=ebatli-kayrak-tasi-siyah-sari\",\"name\":\"Ebatl\u0131 Kayrak Ta\u015f\u0131 Siyah Sar\u0131 - Eski\u015fehir do\u011falta\u015f \u015fefafl\u0131k\",\"isPartOf\":{\"@id\":\"https:\/\/eskisehirdogaltas.com\/#website\"},\"primaryImageOfPage\":{\"@id\":\"https:\/\/eskisehirdogaltas.com\/?product=ebatli-kayrak-tasi-siyah-sari#primaryimage\"},\"image\":{\"@id\":\"https:\/\/eskisehirdogaltas.com\/?product=ebatli-kayrak-tasi-siyah-sari#primaryimage\"},\"thumbnailUrl\":\"https:\/\/eskisehirdogaltas.com\/wp-content\/uploads\/2021\/03\/ebatli-siyah-sari_8.gif\",\"datePublished\":\"2021-03-15T12:33:13+00:00\",\"dateModified\":\"2021-03-15T12:51:27+00:00\",\"description\":\"Ebatl\u0131 Kayrak Ta\u015f\u0131 Siyah Sar\u0131. stoklar\u0131m\u0131za girmi\u015ftir ebatl\u0131 fileli boy serbest olarak \u00fcretimiz devam etmekte detayl\u0131 bilgi i\u00e7in aray\u0131n\u0131z..\",\"breadcrumb\":{\"@id\":\"https:\/\/eskisehirdogaltas.com\/?product=ebatli-kayrak-tasi-siyah-sari#breadcrumb\"},\"inLanguage\":\"tr\",\"potentialAction\":[{\"@type\":\"ReadAction\",\"target\":[\"https:\/\/eskisehirdogaltas.com\/?product=ebatli-kayrak-tasi-siyah-sari\"]}]},{\"@type\":\"ImageObject\",\"inLanguage\":\"tr\",\"@id\":\"https:\/\/eskisehirdogaltas.com\/?product=ebatli-kayrak-tasi-siyah-sari#primaryimage\",\"url\":\"https:\/\/eskisehirdogaltas.com\/wp-content\/uploads\/2021\/03\/ebatli-siyah-sari_8.gif\",\"contentUrl\":\"https:\/\/eskisehirdogaltas.com\/wp-content\/uploads\/2021\/03\/ebatli-siyah-sari_8.gif\",\"width\":1024,\"height\":600,\"caption\":\"Ebatl\u0131 Kayrak Ta\u015f\u0131 Siyah Sar\u0131\"},{\"@type\":\"BreadcrumbList\",\"@id\":\"https:\/\/eskisehirdogaltas.com\/?product=ebatli-kayrak-tasi-siyah-sari#breadcrumb\",\"itemListElement\":[{\"@type\":\"ListItem\",\"position\":1,\"name\":\"Ana sayfa\",\"item\":\"https:\/\/eskisehirdogaltas.com\/\"},{\"@type\":\"ListItem\",\"position\":2,\"name\":\"Shop\",\"item\":\"https:\/\/eskisehirdogaltas.com\/?page_id=2789\"},{\"@type\":\"ListItem\",\"position\":3,\"name\":\"Ebatl\u0131 Kayrak Ta\u015f\u0131 Siyah Sar\u0131\"}]},{\"@type\":\"WebSite\",\"@id\":\"https:\/\/eskisehirdogaltas.com\/#website\",\"url\":\"https:\/\/eskisehirdogaltas.com\/\",\"name\":\"Eski\u015fehir do\u011falta\u015f\",\"description\":\"TA\u015e YAPI MARKET\",\"potentialAction\":[{\"@type\":\"SearchAction\",\"target\":{\"@type\":\"EntryPoint\",\"urlTemplate\":\"https:\/\/eskisehirdogaltas.com\/?s={search_term_string}\"},\"query-input\":{\"@type\":\"PropertyValueSpecification\",\"valueRequired\":true,\"valueName\":\"search_term_string\"}}],\"inLanguage\":\"tr\"}]}<\/script>\n<!-- \/ Yoast SEO plugin. -->","yoast_head_json":{"title":"Ebatl\u0131 Kayrak Ta\u015f\u0131 Siyah Sar\u0131 - Eski\u015fehir do\u011falta\u015f \u015fefafl\u0131k","description":"Ebatl\u0131 Kayrak Ta\u015f\u0131 Siyah Sar\u0131. stoklar\u0131m\u0131za girmi\u015ftir ebatl\u0131 fileli boy serbest olarak \u00fcretimiz devam etmekte detayl\u0131 bilgi i\u00e7in aray\u0131n\u0131z..","robots":{"index":"index","follow":"follow","max-snippet":"max-snippet:-1","max-image-preview":"max-image-preview:large","max-video-preview":"max-video-preview:-1"},"canonical":"https:\/\/eskisehirdogaltas.com\/?product=ebatli-kayrak-tasi-siyah-sari","og_locale":"tr_TR","og_type":"article","og_title":"Ebatl\u0131 Kayrak Ta\u015f\u0131 Siyah Sar\u0131 - Eski\u015fehir do\u011falta\u015f \u015fefafl\u0131k","og_description":"Ebatl\u0131 Kayrak Ta\u015f\u0131 Siyah Sar\u0131. stoklar\u0131m\u0131za girmi\u015ftir ebatl\u0131 fileli boy serbest olarak \u00fcretimiz devam etmekte detayl\u0131 bilgi i\u00e7in aray\u0131n\u0131z..","og_url":"https:\/\/eskisehirdogaltas.com\/?product=ebatli-kayrak-tasi-siyah-sari","og_site_name":"Eski\u015fehir do\u011falta\u015f","article_modified_time":"2021-03-15T12:51:27+00:00","og_image":[{"width":1024,"height":600,"url":"https:\/\/eskisehirdogaltas.com\/wp-content\/uploads\/2021\/03\/ebatli-siyah-sari_8.gif","type":"image\/gif"}],"twitter_card":"summary_large_image","twitter_misc":{"Tahmini okuma s\u00fcresi":"1 dakika"},"schema":{"@context":"https:\/\/schema.org","@graph":[{"@type":"WebPage","@id":"https:\/\/eskisehirdogaltas.com\/?product=ebatli-kayrak-tasi-siyah-sari","url":"https:\/\/eskisehirdogaltas.com\/?product=ebatli-kayrak-tasi-siyah-sari","name":"Ebatl\u0131 Kayrak Ta\u015f\u0131 Siyah Sar\u0131 - Eski\u015fehir do\u011falta\u015f \u015fefafl\u0131k","isPartOf":{"@id":"https:\/\/eskisehirdogaltas.com\/#website"},"primaryImageOfPage":{"@id":"https:\/\/eskisehirdogaltas.com\/?product=ebatli-kayrak-tasi-siyah-sari#primaryimage"},"image":{"@id":"https:\/\/eskisehirdogaltas.com\/?product=ebatli-kayrak-tasi-siyah-sari#primaryimage"},"thumbnailUrl":"https:\/\/eskisehirdogaltas.com\/wp-content\/uploads\/2021\/03\/ebatli-siyah-sari_8.gif","datePublished":"2021-03-15T12:33:13+00:00","dateModified":"2021-03-15T12:51:27+00:00","description":"Ebatl\u0131 Kayrak Ta\u015f\u0131 Siyah Sar\u0131. stoklar\u0131m\u0131za girmi\u015ftir ebatl\u0131 fileli boy serbest olarak \u00fcretimiz devam etmekte detayl\u0131 bilgi i\u00e7in aray\u0131n\u0131z..","breadcrumb":{"@id":"https:\/\/eskisehirdogaltas.com\/?product=ebatli-kayrak-tasi-siyah-sari#breadcrumb"},"inLanguage":"tr","potentialAction":[{"@type":"ReadAction","target":["https:\/\/eskisehirdogaltas.com\/?product=ebatli-kayrak-tasi-siyah-sari"]}]},{"@type":"ImageObject","inLanguage":"tr","@id":"https:\/\/eskisehirdogaltas.com\/?product=ebatli-kayrak-tasi-siyah-sari#primaryimage","url":"https:\/\/eskisehirdogaltas.com\/wp-content\/uploads\/2021\/03\/ebatli-siyah-sari_8.gif","contentUrl":"https:\/\/eskisehirdogaltas.com\/wp-content\/uploads\/2021\/03\/ebatli-siyah-sari_8.gif","width":1024,"height":600,"caption":"Ebatl\u0131 Kayrak Ta\u015f\u0131 Siyah Sar\u0131"},{"@type":"BreadcrumbList","@id":"https:\/\/eskisehirdogaltas.com\/?product=ebatli-kayrak-tasi-siyah-sari#breadcrumb","itemListElement":[{"@type":"ListItem","position":1,"name":"Ana sayfa","item":"https:\/\/eskisehirdogaltas.com\/"},{"@type":"ListItem","position":2,"name":"Shop","item":"https:\/\/eskisehirdogaltas.com\/?page_id=2789"},{"@type":"ListItem","position":3,"name":"Ebatl\u0131 Kayrak Ta\u015f\u0131 Siyah Sar\u0131"}]},{"@type":"WebSite","@id":"https:\/\/eskisehirdogaltas.com\/#website","url":"https:\/\/eskisehirdogaltas.com\/","name":"Eski\u015fehir do\u011falta\u015f","description":"TA\u015e YAPI MARKET","potentialAction":[{"@type":"SearchAction","target":{"@type":"EntryPoint","urlTemplate":"https:\/\/eskisehirdogaltas.com\/?s={search_term_string}"},"query-input":{"@type":"PropertyValueSpecification","valueRequired":true,"valueName":"search_term_string"}}],"inLanguage":"tr"}]}},"_links":{"self":[{"href":"https:\/\/eskisehirdogaltas.com\/index.php?rest_route=\/wp\/v2\/product\/8465","targetHints":{"allow":["GET"]}}],"collection":[{"href":"https:\/\/eskisehirdogaltas.com\/index.php?rest_route=\/wp\/v2\/product"}],"about":[{"href":"https:\/\/eskisehirdogaltas.com\/index.php?rest_route=\/wp\/v2\/types\/product"}],"replies":[{"embeddable":true,"href":"https:\/\/eskisehirdogaltas.com\/index.php?rest_route=%2Fwp%2Fv2%2Fcomments&post=8465"}],"wp:featuredmedia":[{"embeddable":true,"href":"https:\/\/eskisehirdogaltas.com\/index.php?rest_route=\/wp\/v2\/media\/8466"}],"wp:attachment":[{"href":"https:\/\/eskisehirdogaltas.com\/index.php?rest_route=%2Fwp%2Fv2%2Fmedia&parent=8465"}],"wp:term":[{"taxonomy":"product_brand","embeddable":true,"href":"https:\/\/eskisehirdogaltas.com\/index.php?rest_route=%2Fwp%2Fv2%2Fproduct_brand&post=8465"},{"taxonomy":"product_cat","embeddable":true,"href":"https:\/\/eskisehirdogaltas.com\/index.php?rest_route=%2Fwp%2Fv2%2Fproduct_cat&post=8465"},{"taxonomy":"product_tag","embeddable":true,"href":"https:\/\/eskisehirdogaltas.com\/index.php?rest_route=%2Fwp%2Fv2%2Fproduct_tag&post=8465"}],"curies":[{"name":"wp","href":"https:\/\/api.w.org\/{rel}","templated":true}]}}