{"id":8499,"date":"2021-03-21T00:06:45","date_gmt":"2021-03-20T21:06:45","guid":{"rendered":"http:\/\/dogaltasci.com\/?post_type=product&#038;p=8499"},"modified":"2021-03-21T00:21:23","modified_gmt":"2021-03-20T21:21:23","slug":"traverten-zemin-kaplama","status":"publish","type":"product","link":"https:\/\/eskisehirdogaltas.com\/?product=traverten-zemin-kaplama","title":{"rendered":"Traverten Zemin Kaplama"},"content":{"rendered":"<p>Traverten zemin kaplama i\u00e7 mekan &amp; d\u0131\u015f mekan t\u00fcm \u0131slak ve kuru alanlarda d\u00f6\u015feme kaplama malzemesi olarak rahatl\u0131kla kullan\u0131labilir.<br \/>\nDo\u011fal travertenden \u00fcretilip eskitme cilal\u0131 honlu mucarta i\u015flemi de yap\u0131labilir.<\/p>\n<p>Traverten ta\u015f\u0131n y\u00fczeyi f\u0131r\u00e7alanarak eskitilmi\u015f, rustik g\u00f6r\u00fcn\u00fcm\u00fcn yan\u0131 s\u0131ra kayd\u0131rmazl\u0131k \u00f6zelli\u011fi kazand\u0131r\u0131lm\u0131\u015ft\u0131r. Travertenlerin \u00f6zellikle d\u0131\u015f mekanlarda s\u0131k\u00e7a tercih edilmesinin sebebi sa\u011flam ve uzun \u00f6m\u00fcrl\u00fc olu\u015funun yan\u0131 s\u0131ra, estetik g\u00f6r\u00fcnt\u00fcs\u00fc ve kayd\u0131rmaz \u00f6zelli\u011fidir.<br \/>\nT\u00fcm hava \u015fartlar\u0131na dayan\u0131kl\u0131 olan Zemin Kaplama traverten do\u011fal ta\u015f french pattern set \u00f6zellikle yurt d\u0131\u015f\u0131 villa projelerinde mimarlar\u0131n s\u0131k\u00e7a tercih etti\u011fi kaplama \u00fcr\u00fcn\u00fcd\u00fcr.<\/p>\n<p><em>*Do\u011fal Ta\u015f Traverten d\u00f6\u015feme ta\u015flar\u0131\u00a0tek ba\u015f\u0131na kargoda\u00a0hassas ve k\u0131r\u0131labilir oldu\u011fundan,Kargo ile sipari\u015f miktar\u0131 minimum 25m2 dir.<br \/>\nKargoda palet \u00fczeri sevk edilir. 25 m2 den az\u00a0paletsiz g\u00f6nderilen \u00fcr\u00fcnlerin kargoda hasar riski al\u0131c\u0131ya aittir.<br \/>\n25m2 alt\u0131 ihtiya\u00e7lar\u0131n\u0131z i\u00e7in l\u00fctfen bizimle ileti\u015fime ge\u00e7iniz.<br \/>\nDenizli Ma\u011fazam\u0131zdan kendiniz de teslim alabilirsiniz.<\/em><\/p>\n<p><strong>Traverten Zemin D\u00f6\u015feme Nerelerde Kullan\u0131l\u0131r?<\/strong><\/p>\n<p>-Havuz Kenar\u0131 D\u00f6\u015femesi<br \/>\n-Villa bina kenar\u0131 y\u00fcr\u00fcme yolu d\u00f6\u015feme<br \/>\n-Banyo zemin d\u00f6\u015feme<br \/>\n-Mutfak yer d\u00f6\u015feme<br \/>\n-Bina merdiven sahanl\u0131\u011f\u0131 d\u00f6\u015femesi<br \/>\n-Bah\u00e7e yer d\u00f6\u015femesi<\/p>\n","protected":false},"excerpt":{"rendered":"<p>Traverten zemin kaplama i\u00e7 mekan &amp; d\u0131\u015f mekan t\u00fcm \u0131slak ve kuru alanlarda d\u00f6\u015feme kaplama malzemesi olarak rahatl\u0131kla kullan\u0131labilir. Do\u011fal travertenden \u00fcretilip eskitme cilal\u0131 honlu mucarta i\u015flemi de yap\u0131labilir. Traverten ta\u015f\u0131n y\u00fczeyi f\u0131r\u00e7alanarak eskitilmi\u015f, rustik g\u00f6r\u00fcn\u00fcm\u00fcn yan\u0131 s\u0131ra kayd\u0131rmazl\u0131k \u00f6zelli\u011fi kazand\u0131r\u0131lm\u0131\u015ft\u0131r. Travertenlerin \u00f6zellikle d\u0131\u015f mekanlarda s\u0131k\u00e7a tercih edilmesinin sebebi sa\u011flam ve uzun \u00f6m\u00fcrl\u00fc olu\u015funun yan\u0131&#8230;<\/p>\n","protected":false},"featured_media":8500,"comment_status":"open","ping_status":"closed","template":"","meta":{"_acf_changed":false},"product_brand":[],"product_cat":[42],"product_tag":[],"class_list":{"0":"post-8499","1":"product","2":"type-product","3":"status-publish","4":"has-post-thumbnail","6":"product_cat-travertenler","8":"first","9":"instock","10":"shipping-taxable","11":"product-type-simple"},"acf":[],"yoast_head":"<!-- This site is optimized with the Yoast SEO plugin v24.6 - https:\/\/yoast.com\/wordpress\/plugins\/seo\/ -->\n<title>Traverten Zemin Kaplama - Eski\u015fehir do\u011falta\u015f<\/title>\n<meta name=\"description\" content=\"Traverten Zemin Kaplama: traverten ta\u015flar\u0131 yumu\u015fak dokusu ve g\u00f6zenekli olu\u015fu sebebiyle en \u00e7ok tercih edilen ta\u015flar kategorisinde yer al\u0131r\" \/>\n<meta name=\"robots\" content=\"index, follow, max-snippet:-1, max-image-preview:large, max-video-preview:-1\" \/>\n<link rel=\"canonical\" href=\"https:\/\/eskisehirdogaltas.com\/?product=traverten-zemin-kaplama\" \/>\n<meta property=\"og:locale\" content=\"tr_TR\" \/>\n<meta property=\"og:type\" content=\"article\" \/>\n<meta property=\"og:title\" content=\"Traverten Zemin Kaplama - Eski\u015fehir do\u011falta\u015f\" \/>\n<meta property=\"og:description\" content=\"Traverten Zemin Kaplama: traverten ta\u015flar\u0131 yumu\u015fak dokusu ve g\u00f6zenekli olu\u015fu sebebiyle en \u00e7ok tercih edilen ta\u015flar kategorisinde yer al\u0131r\" \/>\n<meta property=\"og:url\" content=\"https:\/\/eskisehirdogaltas.com\/?product=traverten-zemin-kaplama\" \/>\n<meta property=\"og:site_name\" content=\"Eski\u015fehir do\u011falta\u015f\" \/>\n<meta property=\"article:modified_time\" content=\"2021-03-20T21:21:23+00:00\" \/>\n<meta property=\"og:image\" content=\"https:\/\/eskisehirdogaltas.com\/wp-content\/uploads\/2021\/03\/traverten-zemin-kaplama_2.gif\" \/>\n\t<meta property=\"og:image:width\" content=\"1024\" \/>\n\t<meta property=\"og:image:height\" content=\"600\" \/>\n\t<meta property=\"og:image:type\" content=\"image\/gif\" \/>\n<meta name=\"twitter:card\" content=\"summary_large_image\" \/>\n<meta name=\"twitter:label1\" content=\"Tahmini okuma s\u00fcresi\" \/>\n\t<meta name=\"twitter:data1\" content=\"1 dakika\" \/>\n<script type=\"application\/ld+json\" class=\"yoast-schema-graph\">{\"@context\":\"https:\/\/schema.org\",\"@graph\":[{\"@type\":\"WebPage\",\"@id\":\"https:\/\/eskisehirdogaltas.com\/?product=traverten-zemin-kaplama\",\"url\":\"https:\/\/eskisehirdogaltas.com\/?product=traverten-zemin-kaplama\",\"name\":\"Traverten Zemin Kaplama - Eski\u015fehir do\u011falta\u015f\",\"isPartOf\":{\"@id\":\"https:\/\/eskisehirdogaltas.com\/#website\"},\"primaryImageOfPage\":{\"@id\":\"https:\/\/eskisehirdogaltas.com\/?product=traverten-zemin-kaplama#primaryimage\"},\"image\":{\"@id\":\"https:\/\/eskisehirdogaltas.com\/?product=traverten-zemin-kaplama#primaryimage\"},\"thumbnailUrl\":\"https:\/\/eskisehirdogaltas.com\/wp-content\/uploads\/2021\/03\/traverten-zemin-kaplama_2.gif\",\"datePublished\":\"2021-03-20T21:06:45+00:00\",\"dateModified\":\"2021-03-20T21:21:23+00:00\",\"description\":\"Traverten Zemin Kaplama: traverten ta\u015flar\u0131 yumu\u015fak dokusu ve g\u00f6zenekli olu\u015fu sebebiyle en \u00e7ok tercih edilen ta\u015flar kategorisinde yer al\u0131r\",\"breadcrumb\":{\"@id\":\"https:\/\/eskisehirdogaltas.com\/?product=traverten-zemin-kaplama#breadcrumb\"},\"inLanguage\":\"tr\",\"potentialAction\":[{\"@type\":\"ReadAction\",\"target\":[\"https:\/\/eskisehirdogaltas.com\/?product=traverten-zemin-kaplama\"]}]},{\"@type\":\"ImageObject\",\"inLanguage\":\"tr\",\"@id\":\"https:\/\/eskisehirdogaltas.com\/?product=traverten-zemin-kaplama#primaryimage\",\"url\":\"https:\/\/eskisehirdogaltas.com\/wp-content\/uploads\/2021\/03\/traverten-zemin-kaplama_2.gif\",\"contentUrl\":\"https:\/\/eskisehirdogaltas.com\/wp-content\/uploads\/2021\/03\/traverten-zemin-kaplama_2.gif\",\"width\":1024,\"height\":600,\"caption\":\"traverten zemin kaplama_\"},{\"@type\":\"BreadcrumbList\",\"@id\":\"https:\/\/eskisehirdogaltas.com\/?product=traverten-zemin-kaplama#breadcrumb\",\"itemListElement\":[{\"@type\":\"ListItem\",\"position\":1,\"name\":\"Ana sayfa\",\"item\":\"https:\/\/eskisehirdogaltas.com\/\"},{\"@type\":\"ListItem\",\"position\":2,\"name\":\"Shop\",\"item\":\"https:\/\/eskisehirdogaltas.com\/?page_id=2789\"},{\"@type\":\"ListItem\",\"position\":3,\"name\":\"Traverten Zemin Kaplama\"}]},{\"@type\":\"WebSite\",\"@id\":\"https:\/\/eskisehirdogaltas.com\/#website\",\"url\":\"https:\/\/eskisehirdogaltas.com\/\",\"name\":\"Eski\u015fehir do\u011falta\u015f\",\"description\":\"TA\u015e YAPI MARKET\",\"potentialAction\":[{\"@type\":\"SearchAction\",\"target\":{\"@type\":\"EntryPoint\",\"urlTemplate\":\"https:\/\/eskisehirdogaltas.com\/?s={search_term_string}\"},\"query-input\":{\"@type\":\"PropertyValueSpecification\",\"valueRequired\":true,\"valueName\":\"search_term_string\"}}],\"inLanguage\":\"tr\"}]}<\/script>\n<!-- \/ Yoast SEO plugin. -->","yoast_head_json":{"title":"Traverten Zemin Kaplama - Eski\u015fehir do\u011falta\u015f","description":"Traverten Zemin Kaplama: traverten ta\u015flar\u0131 yumu\u015fak dokusu ve g\u00f6zenekli olu\u015fu sebebiyle en \u00e7ok tercih edilen ta\u015flar kategorisinde yer al\u0131r","robots":{"index":"index","follow":"follow","max-snippet":"max-snippet:-1","max-image-preview":"max-image-preview:large","max-video-preview":"max-video-preview:-1"},"canonical":"https:\/\/eskisehirdogaltas.com\/?product=traverten-zemin-kaplama","og_locale":"tr_TR","og_type":"article","og_title":"Traverten Zemin Kaplama - Eski\u015fehir do\u011falta\u015f","og_description":"Traverten Zemin Kaplama: traverten ta\u015flar\u0131 yumu\u015fak dokusu ve g\u00f6zenekli olu\u015fu sebebiyle en \u00e7ok tercih edilen ta\u015flar kategorisinde yer al\u0131r","og_url":"https:\/\/eskisehirdogaltas.com\/?product=traverten-zemin-kaplama","og_site_name":"Eski\u015fehir do\u011falta\u015f","article_modified_time":"2021-03-20T21:21:23+00:00","og_image":[{"width":1024,"height":600,"url":"https:\/\/eskisehirdogaltas.com\/wp-content\/uploads\/2021\/03\/traverten-zemin-kaplama_2.gif","type":"image\/gif"}],"twitter_card":"summary_large_image","twitter_misc":{"Tahmini okuma s\u00fcresi":"1 dakika"},"schema":{"@context":"https:\/\/schema.org","@graph":[{"@type":"WebPage","@id":"https:\/\/eskisehirdogaltas.com\/?product=traverten-zemin-kaplama","url":"https:\/\/eskisehirdogaltas.com\/?product=traverten-zemin-kaplama","name":"Traverten Zemin Kaplama - Eski\u015fehir do\u011falta\u015f","isPartOf":{"@id":"https:\/\/eskisehirdogaltas.com\/#website"},"primaryImageOfPage":{"@id":"https:\/\/eskisehirdogaltas.com\/?product=traverten-zemin-kaplama#primaryimage"},"image":{"@id":"https:\/\/eskisehirdogaltas.com\/?product=traverten-zemin-kaplama#primaryimage"},"thumbnailUrl":"https:\/\/eskisehirdogaltas.com\/wp-content\/uploads\/2021\/03\/traverten-zemin-kaplama_2.gif","datePublished":"2021-03-20T21:06:45+00:00","dateModified":"2021-03-20T21:21:23+00:00","description":"Traverten Zemin Kaplama: traverten ta\u015flar\u0131 yumu\u015fak dokusu ve g\u00f6zenekli olu\u015fu sebebiyle en \u00e7ok tercih edilen ta\u015flar kategorisinde yer al\u0131r","breadcrumb":{"@id":"https:\/\/eskisehirdogaltas.com\/?product=traverten-zemin-kaplama#breadcrumb"},"inLanguage":"tr","potentialAction":[{"@type":"ReadAction","target":["https:\/\/eskisehirdogaltas.com\/?product=traverten-zemin-kaplama"]}]},{"@type":"ImageObject","inLanguage":"tr","@id":"https:\/\/eskisehirdogaltas.com\/?product=traverten-zemin-kaplama#primaryimage","url":"https:\/\/eskisehirdogaltas.com\/wp-content\/uploads\/2021\/03\/traverten-zemin-kaplama_2.gif","contentUrl":"https:\/\/eskisehirdogaltas.com\/wp-content\/uploads\/2021\/03\/traverten-zemin-kaplama_2.gif","width":1024,"height":600,"caption":"traverten zemin kaplama_"},{"@type":"BreadcrumbList","@id":"https:\/\/eskisehirdogaltas.com\/?product=traverten-zemin-kaplama#breadcrumb","itemListElement":[{"@type":"ListItem","position":1,"name":"Ana sayfa","item":"https:\/\/eskisehirdogaltas.com\/"},{"@type":"ListItem","position":2,"name":"Shop","item":"https:\/\/eskisehirdogaltas.com\/?page_id=2789"},{"@type":"ListItem","position":3,"name":"Traverten Zemin Kaplama"}]},{"@type":"WebSite","@id":"https:\/\/eskisehirdogaltas.com\/#website","url":"https:\/\/eskisehirdogaltas.com\/","name":"Eski\u015fehir do\u011falta\u015f","description":"TA\u015e YAPI MARKET","potentialAction":[{"@type":"SearchAction","target":{"@type":"EntryPoint","urlTemplate":"https:\/\/eskisehirdogaltas.com\/?s={search_term_string}"},"query-input":{"@type":"PropertyValueSpecification","valueRequired":true,"valueName":"search_term_string"}}],"inLanguage":"tr"}]}},"_links":{"self":[{"href":"https:\/\/eskisehirdogaltas.com\/index.php?rest_route=\/wp\/v2\/product\/8499","targetHints":{"allow":["GET"]}}],"collection":[{"href":"https:\/\/eskisehirdogaltas.com\/index.php?rest_route=\/wp\/v2\/product"}],"about":[{"href":"https:\/\/eskisehirdogaltas.com\/index.php?rest_route=\/wp\/v2\/types\/product"}],"replies":[{"embeddable":true,"href":"https:\/\/eskisehirdogaltas.com\/index.php?rest_route=%2Fwp%2Fv2%2Fcomments&post=8499"}],"wp:featuredmedia":[{"embeddable":true,"href":"https:\/\/eskisehirdogaltas.com\/index.php?rest_route=\/wp\/v2\/media\/8500"}],"wp:attachment":[{"href":"https:\/\/eskisehirdogaltas.com\/index.php?rest_route=%2Fwp%2Fv2%2Fmedia&parent=8499"}],"wp:term":[{"taxonomy":"product_brand","embeddable":true,"href":"https:\/\/eskisehirdogaltas.com\/index.php?rest_route=%2Fwp%2Fv2%2Fproduct_brand&post=8499"},{"taxonomy":"product_cat","embeddable":true,"href":"https:\/\/eskisehirdogaltas.com\/index.php?rest_route=%2Fwp%2Fv2%2Fproduct_cat&post=8499"},{"taxonomy":"product_tag","embeddable":true,"href":"https:\/\/eskisehirdogaltas.com\/index.php?rest_route=%2Fwp%2Fv2%2Fproduct_tag&post=8499"}],"curies":[{"name":"wp","href":"https:\/\/api.w.org\/{rel}","templated":true}]}}