{"id":8537,"date":"2021-04-10T22:22:13","date_gmt":"2021-04-10T19:22:13","guid":{"rendered":"http:\/\/eskisehirdogaltas.com\/?post_type=product&#038;p=8537"},"modified":"2022-02-02T11:19:38","modified_gmt":"2022-02-02T08:19:38","slug":"ebatli-kayrak","status":"publish","type":"product","link":"https:\/\/eskisehirdogaltas.com\/?product=ebatli-kayrak","title":{"rendered":"kesilmi\u015f kayrak ta\u015f\u0131"},"content":{"rendered":"","protected":false},"excerpt":{"rendered":"<p>Ebatl\u0131 kayrak ta\u015f\u0131,g\u00fcn\u00fcm\u00fczde bir \u00e7ok i\u00e7 ve d\u0131\u015f mekanlarda dekoratif ama\u00e7l\u0131 uygulamalarda kullan\u0131lmaktad\u0131r. Ebatl\u0131 kayrak ta\u015f\u0131 uygulamas\u0131 binan\u0131n i\u00e7 ve d\u0131\u015f mekanlar\u0131nda olduk\u00e7a modern ve zengin bir g\u00f6r\u00fcn\u00fcm sa\u011flar, siz hayal edin biz hayallerinizi ger\u00e7ekle\u015ftirelim&#8230;<\/p>\n","protected":false},"featured_media":8538,"comment_status":"open","ping_status":"closed","template":"","meta":{"_acf_changed":false},"product_brand":[],"product_cat":[84],"product_tag":[],"class_list":{"0":"post-8537","1":"product","2":"type-product","3":"status-publish","4":"has-post-thumbnail","6":"product_cat-ebatli-kayrak-tasi","8":"first","9":"instock","10":"shipping-taxable","11":"product-type-simple"},"acf":[],"yoast_head":"<!-- This site is optimized with the Yoast SEO plugin v24.6 - https:\/\/yoast.com\/wordpress\/plugins\/seo\/ -->\n<title>kesilmi\u015f kayrak ta\u015f\u0131 - Eski\u015fehir do\u011falta\u015f<\/title>\n<meta name=\"robots\" content=\"index, follow, max-snippet:-1, max-image-preview:large, max-video-preview:-1\" \/>\n<link rel=\"canonical\" href=\"https:\/\/eskisehirdogaltas.com\/?product=ebatli-kayrak\" \/>\n<meta property=\"og:locale\" content=\"tr_TR\" \/>\n<meta property=\"og:type\" content=\"article\" \/>\n<meta property=\"og:title\" content=\"kesilmi\u015f kayrak ta\u015f\u0131 - Eski\u015fehir do\u011falta\u015f\" \/>\n<meta property=\"og:description\" content=\"Ebatl\u0131 kayrak ta\u015f\u0131,g\u00fcn\u00fcm\u00fczde bir \u00e7ok i\u00e7 ve d\u0131\u015f mekanlarda dekoratif ama\u00e7l\u0131 uygulamalarda kullan\u0131lmaktad\u0131r. Ebatl\u0131 kayrak ta\u015f\u0131 uygulamas\u0131 binan\u0131n i\u00e7 ve d\u0131\u015f mekanlar\u0131nda olduk\u00e7a modern ve zengin bir g\u00f6r\u00fcn\u00fcm sa\u011flar, siz hayal edin biz hayallerinizi ger\u00e7ekle\u015ftirelim...\" \/>\n<meta property=\"og:url\" content=\"https:\/\/eskisehirdogaltas.com\/?product=ebatli-kayrak\" \/>\n<meta property=\"og:site_name\" content=\"Eski\u015fehir do\u011falta\u015f\" \/>\n<meta property=\"article:modified_time\" content=\"2022-02-02T08:19:38+00:00\" \/>\n<meta property=\"og:image\" content=\"https:\/\/eskisehirdogaltas.com\/wp-content\/uploads\/2021\/04\/IMG_20210408_174034-scaled.jpg\" \/>\n\t<meta property=\"og:image:width\" content=\"1178\" \/>\n\t<meta property=\"og:image:height\" content=\"2560\" \/>\n\t<meta property=\"og:image:type\" content=\"image\/jpeg\" \/>\n<meta name=\"twitter:card\" content=\"summary_large_image\" \/>\n<script type=\"application\/ld+json\" class=\"yoast-schema-graph\">{\"@context\":\"https:\/\/schema.org\",\"@graph\":[{\"@type\":\"WebPage\",\"@id\":\"https:\/\/eskisehirdogaltas.com\/?product=ebatli-kayrak\",\"url\":\"https:\/\/eskisehirdogaltas.com\/?product=ebatli-kayrak\",\"name\":\"kesilmi\u015f kayrak ta\u015f\u0131 - Eski\u015fehir do\u011falta\u015f\",\"isPartOf\":{\"@id\":\"https:\/\/eskisehirdogaltas.com\/#website\"},\"primaryImageOfPage\":{\"@id\":\"https:\/\/eskisehirdogaltas.com\/?product=ebatli-kayrak#primaryimage\"},\"image\":{\"@id\":\"https:\/\/eskisehirdogaltas.com\/?product=ebatli-kayrak#primaryimage\"},\"thumbnailUrl\":\"https:\/\/eskisehirdogaltas.com\/wp-content\/uploads\/2021\/04\/IMG_20210408_174034-scaled.jpg\",\"datePublished\":\"2021-04-10T19:22:13+00:00\",\"dateModified\":\"2022-02-02T08:19:38+00:00\",\"breadcrumb\":{\"@id\":\"https:\/\/eskisehirdogaltas.com\/?product=ebatli-kayrak#breadcrumb\"},\"inLanguage\":\"tr\",\"potentialAction\":[{\"@type\":\"ReadAction\",\"target\":[\"https:\/\/eskisehirdogaltas.com\/?product=ebatli-kayrak\"]}]},{\"@type\":\"ImageObject\",\"inLanguage\":\"tr\",\"@id\":\"https:\/\/eskisehirdogaltas.com\/?product=ebatli-kayrak#primaryimage\",\"url\":\"https:\/\/eskisehirdogaltas.com\/wp-content\/uploads\/2021\/04\/IMG_20210408_174034-scaled.jpg\",\"contentUrl\":\"https:\/\/eskisehirdogaltas.com\/wp-content\/uploads\/2021\/04\/IMG_20210408_174034-scaled.jpg\",\"width\":1178,\"height\":2560},{\"@type\":\"BreadcrumbList\",\"@id\":\"https:\/\/eskisehirdogaltas.com\/?product=ebatli-kayrak#breadcrumb\",\"itemListElement\":[{\"@type\":\"ListItem\",\"position\":1,\"name\":\"Ana sayfa\",\"item\":\"https:\/\/eskisehirdogaltas.com\/\"},{\"@type\":\"ListItem\",\"position\":2,\"name\":\"Shop\",\"item\":\"https:\/\/eskisehirdogaltas.com\/?page_id=2789\"},{\"@type\":\"ListItem\",\"position\":3,\"name\":\"kesilmi\u015f kayrak ta\u015f\u0131\"}]},{\"@type\":\"WebSite\",\"@id\":\"https:\/\/eskisehirdogaltas.com\/#website\",\"url\":\"https:\/\/eskisehirdogaltas.com\/\",\"name\":\"Eski\u015fehir do\u011falta\u015f\",\"description\":\"TA\u015e YAPI MARKET\",\"potentialAction\":[{\"@type\":\"SearchAction\",\"target\":{\"@type\":\"EntryPoint\",\"urlTemplate\":\"https:\/\/eskisehirdogaltas.com\/?s={search_term_string}\"},\"query-input\":{\"@type\":\"PropertyValueSpecification\",\"valueRequired\":true,\"valueName\":\"search_term_string\"}}],\"inLanguage\":\"tr\"}]}<\/script>\n<!-- \/ Yoast SEO plugin. -->","yoast_head_json":{"title":"kesilmi\u015f kayrak ta\u015f\u0131 - Eski\u015fehir do\u011falta\u015f","robots":{"index":"index","follow":"follow","max-snippet":"max-snippet:-1","max-image-preview":"max-image-preview:large","max-video-preview":"max-video-preview:-1"},"canonical":"https:\/\/eskisehirdogaltas.com\/?product=ebatli-kayrak","og_locale":"tr_TR","og_type":"article","og_title":"kesilmi\u015f kayrak ta\u015f\u0131 - Eski\u015fehir do\u011falta\u015f","og_description":"Ebatl\u0131 kayrak ta\u015f\u0131,g\u00fcn\u00fcm\u00fczde bir \u00e7ok i\u00e7 ve d\u0131\u015f mekanlarda dekoratif ama\u00e7l\u0131 uygulamalarda kullan\u0131lmaktad\u0131r. Ebatl\u0131 kayrak ta\u015f\u0131 uygulamas\u0131 binan\u0131n i\u00e7 ve d\u0131\u015f mekanlar\u0131nda olduk\u00e7a modern ve zengin bir g\u00f6r\u00fcn\u00fcm sa\u011flar, siz hayal edin biz hayallerinizi ger\u00e7ekle\u015ftirelim...","og_url":"https:\/\/eskisehirdogaltas.com\/?product=ebatli-kayrak","og_site_name":"Eski\u015fehir do\u011falta\u015f","article_modified_time":"2022-02-02T08:19:38+00:00","og_image":[{"width":1178,"height":2560,"url":"https:\/\/eskisehirdogaltas.com\/wp-content\/uploads\/2021\/04\/IMG_20210408_174034-scaled.jpg","type":"image\/jpeg"}],"twitter_card":"summary_large_image","schema":{"@context":"https:\/\/schema.org","@graph":[{"@type":"WebPage","@id":"https:\/\/eskisehirdogaltas.com\/?product=ebatli-kayrak","url":"https:\/\/eskisehirdogaltas.com\/?product=ebatli-kayrak","name":"kesilmi\u015f kayrak ta\u015f\u0131 - Eski\u015fehir do\u011falta\u015f","isPartOf":{"@id":"https:\/\/eskisehirdogaltas.com\/#website"},"primaryImageOfPage":{"@id":"https:\/\/eskisehirdogaltas.com\/?product=ebatli-kayrak#primaryimage"},"image":{"@id":"https:\/\/eskisehirdogaltas.com\/?product=ebatli-kayrak#primaryimage"},"thumbnailUrl":"https:\/\/eskisehirdogaltas.com\/wp-content\/uploads\/2021\/04\/IMG_20210408_174034-scaled.jpg","datePublished":"2021-04-10T19:22:13+00:00","dateModified":"2022-02-02T08:19:38+00:00","breadcrumb":{"@id":"https:\/\/eskisehirdogaltas.com\/?product=ebatli-kayrak#breadcrumb"},"inLanguage":"tr","potentialAction":[{"@type":"ReadAction","target":["https:\/\/eskisehirdogaltas.com\/?product=ebatli-kayrak"]}]},{"@type":"ImageObject","inLanguage":"tr","@id":"https:\/\/eskisehirdogaltas.com\/?product=ebatli-kayrak#primaryimage","url":"https:\/\/eskisehirdogaltas.com\/wp-content\/uploads\/2021\/04\/IMG_20210408_174034-scaled.jpg","contentUrl":"https:\/\/eskisehirdogaltas.com\/wp-content\/uploads\/2021\/04\/IMG_20210408_174034-scaled.jpg","width":1178,"height":2560},{"@type":"BreadcrumbList","@id":"https:\/\/eskisehirdogaltas.com\/?product=ebatli-kayrak#breadcrumb","itemListElement":[{"@type":"ListItem","position":1,"name":"Ana sayfa","item":"https:\/\/eskisehirdogaltas.com\/"},{"@type":"ListItem","position":2,"name":"Shop","item":"https:\/\/eskisehirdogaltas.com\/?page_id=2789"},{"@type":"ListItem","position":3,"name":"kesilmi\u015f kayrak ta\u015f\u0131"}]},{"@type":"WebSite","@id":"https:\/\/eskisehirdogaltas.com\/#website","url":"https:\/\/eskisehirdogaltas.com\/","name":"Eski\u015fehir do\u011falta\u015f","description":"TA\u015e YAPI MARKET","potentialAction":[{"@type":"SearchAction","target":{"@type":"EntryPoint","urlTemplate":"https:\/\/eskisehirdogaltas.com\/?s={search_term_string}"},"query-input":{"@type":"PropertyValueSpecification","valueRequired":true,"valueName":"search_term_string"}}],"inLanguage":"tr"}]}},"_links":{"self":[{"href":"https:\/\/eskisehirdogaltas.com\/index.php?rest_route=\/wp\/v2\/product\/8537","targetHints":{"allow":["GET"]}}],"collection":[{"href":"https:\/\/eskisehirdogaltas.com\/index.php?rest_route=\/wp\/v2\/product"}],"about":[{"href":"https:\/\/eskisehirdogaltas.com\/index.php?rest_route=\/wp\/v2\/types\/product"}],"replies":[{"embeddable":true,"href":"https:\/\/eskisehirdogaltas.com\/index.php?rest_route=%2Fwp%2Fv2%2Fcomments&post=8537"}],"wp:featuredmedia":[{"embeddable":true,"href":"https:\/\/eskisehirdogaltas.com\/index.php?rest_route=\/wp\/v2\/media\/8538"}],"wp:attachment":[{"href":"https:\/\/eskisehirdogaltas.com\/index.php?rest_route=%2Fwp%2Fv2%2Fmedia&parent=8537"}],"wp:term":[{"taxonomy":"product_brand","embeddable":true,"href":"https:\/\/eskisehirdogaltas.com\/index.php?rest_route=%2Fwp%2Fv2%2Fproduct_brand&post=8537"},{"taxonomy":"product_cat","embeddable":true,"href":"https:\/\/eskisehirdogaltas.com\/index.php?rest_route=%2Fwp%2Fv2%2Fproduct_cat&post=8537"},{"taxonomy":"product_tag","embeddable":true,"href":"https:\/\/eskisehirdogaltas.com\/index.php?rest_route=%2Fwp%2Fv2%2Fproduct_tag&post=8537"}],"curies":[{"name":"wp","href":"https:\/\/api.w.org\/{rel}","templated":true}]}}