{"id":8561,"date":"2021-05-10T23:49:21","date_gmt":"2021-05-10T20:49:21","guid":{"rendered":"http:\/\/eskisehirdogaltas.com\/?post_type=product&#038;p=8561"},"modified":"2021-09-01T11:46:01","modified_gmt":"2021-09-01T08:46:01","slug":"kayrak-tasi-2","status":"publish","type":"product","link":"https:\/\/eskisehirdogaltas.com\/?product=kayrak-tasi-2","title":{"rendered":"Kayrak ta\u015f\u0131"},"content":{"rendered":"<p><img loading=\"lazy\" decoding=\"async\" class=\"alignnone size-medium wp-image-8562\" src=\"https:\/\/eskisehirdogaltas.com\/wp-content\/uploads\/2021\/05\/IMG_20210508_155220-300x138.jpg\" alt=\"\" width=\"300\" height=\"138\" srcset=\"https:\/\/eskisehirdogaltas.com\/wp-content\/uploads\/2021\/05\/IMG_20210508_155220-300x138.jpg 300w, https:\/\/eskisehirdogaltas.com\/wp-content\/uploads\/2021\/05\/IMG_20210508_155220-1024x471.jpg 1024w, https:\/\/eskisehirdogaltas.com\/wp-content\/uploads\/2021\/05\/IMG_20210508_155220-1536x707.jpg 1536w, https:\/\/eskisehirdogaltas.com\/wp-content\/uploads\/2021\/05\/IMG_20210508_155220-2048x942.jpg 2048w, https:\/\/eskisehirdogaltas.com\/wp-content\/uploads\/2021\/05\/IMG_20210508_155220-600x276.jpg 600w\" sizes=\"auto, (max-width: 300px) 100vw, 300px\" \/> <img loading=\"lazy\" decoding=\"async\" class=\"alignnone size-medium wp-image-8563\" src=\"https:\/\/eskisehirdogaltas.com\/wp-content\/uploads\/2021\/05\/IMG_20210508_154505-300x138.jpg\" alt=\"\" width=\"300\" height=\"138\" srcset=\"https:\/\/eskisehirdogaltas.com\/wp-content\/uploads\/2021\/05\/IMG_20210508_154505-300x138.jpg 300w, https:\/\/eskisehirdogaltas.com\/wp-content\/uploads\/2021\/05\/IMG_20210508_154505-1024x471.jpg 1024w, https:\/\/eskisehirdogaltas.com\/wp-content\/uploads\/2021\/05\/IMG_20210508_154505-1536x707.jpg 1536w, https:\/\/eskisehirdogaltas.com\/wp-content\/uploads\/2021\/05\/IMG_20210508_154505-2048x942.jpg 2048w, https:\/\/eskisehirdogaltas.com\/wp-content\/uploads\/2021\/05\/IMG_20210508_154505-600x276.jpg 600w\" sizes=\"auto, (max-width: 300px) 100vw, 300px\" \/> <img loading=\"lazy\" decoding=\"async\" class=\"alignnone size-medium wp-image-8564\" src=\"https:\/\/eskisehirdogaltas.com\/wp-content\/uploads\/2021\/05\/IMG_20210508_155206-138x300.jpg\" alt=\"\" width=\"138\" height=\"300\" srcset=\"https:\/\/eskisehirdogaltas.com\/wp-content\/uploads\/2021\/05\/IMG_20210508_155206-138x300.jpg 138w, https:\/\/eskisehirdogaltas.com\/wp-content\/uploads\/2021\/05\/IMG_20210508_155206-471x1024.jpg 471w, https:\/\/eskisehirdogaltas.com\/wp-content\/uploads\/2021\/05\/IMG_20210508_155206-707x1536.jpg 707w, https:\/\/eskisehirdogaltas.com\/wp-content\/uploads\/2021\/05\/IMG_20210508_155206-942x2048.jpg 942w, https:\/\/eskisehirdogaltas.com\/wp-content\/uploads\/2021\/05\/IMG_20210508_155206-600x1304.jpg 600w, https:\/\/eskisehirdogaltas.com\/wp-content\/uploads\/2021\/05\/IMG_20210508_155206-scaled.jpg 1178w\" sizes=\"auto, (max-width: 138px) 100vw, 138px\" \/><\/p>\n","protected":false},"excerpt":{"rendered":"","protected":false},"featured_media":8569,"comment_status":"open","ping_status":"closed","template":"","meta":{"_acf_changed":false},"product_brand":[],"product_cat":[51],"product_tag":[],"class_list":{"0":"post-8561","1":"product","2":"type-product","3":"status-publish","4":"has-post-thumbnail","6":"product_cat-kayrak-tas-zemin-kaplama","8":"first","9":"instock","10":"shipping-taxable","11":"product-type-simple"},"acf":[],"yoast_head":"<!-- This site is optimized with the Yoast SEO plugin v24.6 - https:\/\/yoast.com\/wordpress\/plugins\/seo\/ -->\n<title>Kayrak ta\u015f\u0131 - Eski\u015fehir do\u011falta\u015f<\/title>\n<meta name=\"robots\" content=\"index, follow, max-snippet:-1, max-image-preview:large, max-video-preview:-1\" \/>\n<link rel=\"canonical\" href=\"https:\/\/eskisehirdogaltas.com\/?product=kayrak-tasi-2\" \/>\n<meta property=\"og:locale\" content=\"tr_TR\" \/>\n<meta property=\"og:type\" content=\"article\" \/>\n<meta property=\"og:title\" content=\"Kayrak ta\u015f\u0131 - Eski\u015fehir do\u011falta\u015f\" \/>\n<meta property=\"og:url\" content=\"https:\/\/eskisehirdogaltas.com\/?product=kayrak-tasi-2\" \/>\n<meta property=\"og:site_name\" content=\"Eski\u015fehir do\u011falta\u015f\" \/>\n<meta property=\"article:modified_time\" content=\"2021-09-01T08:46:01+00:00\" \/>\n<meta property=\"og:image\" content=\"https:\/\/eskisehirdogaltas.com\/wp-content\/uploads\/2021\/05\/IMG_20210517_124238-scaled.jpg\" \/>\n\t<meta property=\"og:image:width\" content=\"1178\" \/>\n\t<meta property=\"og:image:height\" content=\"2560\" \/>\n\t<meta property=\"og:image:type\" content=\"image\/jpeg\" \/>\n<meta name=\"twitter:card\" content=\"summary_large_image\" \/>\n<meta name=\"twitter:label1\" content=\"Tahmini okuma s\u00fcresi\" \/>\n\t<meta name=\"twitter:data1\" content=\"1 dakika\" \/>\n<script type=\"application\/ld+json\" class=\"yoast-schema-graph\">{\"@context\":\"https:\/\/schema.org\",\"@graph\":[{\"@type\":\"WebPage\",\"@id\":\"https:\/\/eskisehirdogaltas.com\/?product=kayrak-tasi-2\",\"url\":\"https:\/\/eskisehirdogaltas.com\/?product=kayrak-tasi-2\",\"name\":\"Kayrak ta\u015f\u0131 - Eski\u015fehir do\u011falta\u015f\",\"isPartOf\":{\"@id\":\"https:\/\/eskisehirdogaltas.com\/#website\"},\"primaryImageOfPage\":{\"@id\":\"https:\/\/eskisehirdogaltas.com\/?product=kayrak-tasi-2#primaryimage\"},\"image\":{\"@id\":\"https:\/\/eskisehirdogaltas.com\/?product=kayrak-tasi-2#primaryimage\"},\"thumbnailUrl\":\"https:\/\/eskisehirdogaltas.com\/wp-content\/uploads\/2021\/05\/IMG_20210517_124238-scaled.jpg\",\"datePublished\":\"2021-05-10T20:49:21+00:00\",\"dateModified\":\"2021-09-01T08:46:01+00:00\",\"breadcrumb\":{\"@id\":\"https:\/\/eskisehirdogaltas.com\/?product=kayrak-tasi-2#breadcrumb\"},\"inLanguage\":\"tr\",\"potentialAction\":[{\"@type\":\"ReadAction\",\"target\":[\"https:\/\/eskisehirdogaltas.com\/?product=kayrak-tasi-2\"]}]},{\"@type\":\"ImageObject\",\"inLanguage\":\"tr\",\"@id\":\"https:\/\/eskisehirdogaltas.com\/?product=kayrak-tasi-2#primaryimage\",\"url\":\"https:\/\/eskisehirdogaltas.com\/wp-content\/uploads\/2021\/05\/IMG_20210517_124238-scaled.jpg\",\"contentUrl\":\"https:\/\/eskisehirdogaltas.com\/wp-content\/uploads\/2021\/05\/IMG_20210517_124238-scaled.jpg\",\"width\":1178,\"height\":2560},{\"@type\":\"BreadcrumbList\",\"@id\":\"https:\/\/eskisehirdogaltas.com\/?product=kayrak-tasi-2#breadcrumb\",\"itemListElement\":[{\"@type\":\"ListItem\",\"position\":1,\"name\":\"Ana sayfa\",\"item\":\"https:\/\/eskisehirdogaltas.com\/\"},{\"@type\":\"ListItem\",\"position\":2,\"name\":\"Shop\",\"item\":\"https:\/\/eskisehirdogaltas.com\/?page_id=2789\"},{\"@type\":\"ListItem\",\"position\":3,\"name\":\"Kayrak ta\u015f\u0131\"}]},{\"@type\":\"WebSite\",\"@id\":\"https:\/\/eskisehirdogaltas.com\/#website\",\"url\":\"https:\/\/eskisehirdogaltas.com\/\",\"name\":\"Eski\u015fehir do\u011falta\u015f\",\"description\":\"TA\u015e YAPI MARKET\",\"potentialAction\":[{\"@type\":\"SearchAction\",\"target\":{\"@type\":\"EntryPoint\",\"urlTemplate\":\"https:\/\/eskisehirdogaltas.com\/?s={search_term_string}\"},\"query-input\":{\"@type\":\"PropertyValueSpecification\",\"valueRequired\":true,\"valueName\":\"search_term_string\"}}],\"inLanguage\":\"tr\"}]}<\/script>\n<!-- \/ Yoast SEO plugin. -->","yoast_head_json":{"title":"Kayrak ta\u015f\u0131 - Eski\u015fehir do\u011falta\u015f","robots":{"index":"index","follow":"follow","max-snippet":"max-snippet:-1","max-image-preview":"max-image-preview:large","max-video-preview":"max-video-preview:-1"},"canonical":"https:\/\/eskisehirdogaltas.com\/?product=kayrak-tasi-2","og_locale":"tr_TR","og_type":"article","og_title":"Kayrak ta\u015f\u0131 - Eski\u015fehir do\u011falta\u015f","og_url":"https:\/\/eskisehirdogaltas.com\/?product=kayrak-tasi-2","og_site_name":"Eski\u015fehir do\u011falta\u015f","article_modified_time":"2021-09-01T08:46:01+00:00","og_image":[{"width":1178,"height":2560,"url":"https:\/\/eskisehirdogaltas.com\/wp-content\/uploads\/2021\/05\/IMG_20210517_124238-scaled.jpg","type":"image\/jpeg"}],"twitter_card":"summary_large_image","twitter_misc":{"Tahmini okuma s\u00fcresi":"1 dakika"},"schema":{"@context":"https:\/\/schema.org","@graph":[{"@type":"WebPage","@id":"https:\/\/eskisehirdogaltas.com\/?product=kayrak-tasi-2","url":"https:\/\/eskisehirdogaltas.com\/?product=kayrak-tasi-2","name":"Kayrak ta\u015f\u0131 - Eski\u015fehir do\u011falta\u015f","isPartOf":{"@id":"https:\/\/eskisehirdogaltas.com\/#website"},"primaryImageOfPage":{"@id":"https:\/\/eskisehirdogaltas.com\/?product=kayrak-tasi-2#primaryimage"},"image":{"@id":"https:\/\/eskisehirdogaltas.com\/?product=kayrak-tasi-2#primaryimage"},"thumbnailUrl":"https:\/\/eskisehirdogaltas.com\/wp-content\/uploads\/2021\/05\/IMG_20210517_124238-scaled.jpg","datePublished":"2021-05-10T20:49:21+00:00","dateModified":"2021-09-01T08:46:01+00:00","breadcrumb":{"@id":"https:\/\/eskisehirdogaltas.com\/?product=kayrak-tasi-2#breadcrumb"},"inLanguage":"tr","potentialAction":[{"@type":"ReadAction","target":["https:\/\/eskisehirdogaltas.com\/?product=kayrak-tasi-2"]}]},{"@type":"ImageObject","inLanguage":"tr","@id":"https:\/\/eskisehirdogaltas.com\/?product=kayrak-tasi-2#primaryimage","url":"https:\/\/eskisehirdogaltas.com\/wp-content\/uploads\/2021\/05\/IMG_20210517_124238-scaled.jpg","contentUrl":"https:\/\/eskisehirdogaltas.com\/wp-content\/uploads\/2021\/05\/IMG_20210517_124238-scaled.jpg","width":1178,"height":2560},{"@type":"BreadcrumbList","@id":"https:\/\/eskisehirdogaltas.com\/?product=kayrak-tasi-2#breadcrumb","itemListElement":[{"@type":"ListItem","position":1,"name":"Ana sayfa","item":"https:\/\/eskisehirdogaltas.com\/"},{"@type":"ListItem","position":2,"name":"Shop","item":"https:\/\/eskisehirdogaltas.com\/?page_id=2789"},{"@type":"ListItem","position":3,"name":"Kayrak ta\u015f\u0131"}]},{"@type":"WebSite","@id":"https:\/\/eskisehirdogaltas.com\/#website","url":"https:\/\/eskisehirdogaltas.com\/","name":"Eski\u015fehir do\u011falta\u015f","description":"TA\u015e YAPI MARKET","potentialAction":[{"@type":"SearchAction","target":{"@type":"EntryPoint","urlTemplate":"https:\/\/eskisehirdogaltas.com\/?s={search_term_string}"},"query-input":{"@type":"PropertyValueSpecification","valueRequired":true,"valueName":"search_term_string"}}],"inLanguage":"tr"}]}},"_links":{"self":[{"href":"https:\/\/eskisehirdogaltas.com\/index.php?rest_route=\/wp\/v2\/product\/8561","targetHints":{"allow":["GET"]}}],"collection":[{"href":"https:\/\/eskisehirdogaltas.com\/index.php?rest_route=\/wp\/v2\/product"}],"about":[{"href":"https:\/\/eskisehirdogaltas.com\/index.php?rest_route=\/wp\/v2\/types\/product"}],"replies":[{"embeddable":true,"href":"https:\/\/eskisehirdogaltas.com\/index.php?rest_route=%2Fwp%2Fv2%2Fcomments&post=8561"}],"wp:featuredmedia":[{"embeddable":true,"href":"https:\/\/eskisehirdogaltas.com\/index.php?rest_route=\/wp\/v2\/media\/8569"}],"wp:attachment":[{"href":"https:\/\/eskisehirdogaltas.com\/index.php?rest_route=%2Fwp%2Fv2%2Fmedia&parent=8561"}],"wp:term":[{"taxonomy":"product_brand","embeddable":true,"href":"https:\/\/eskisehirdogaltas.com\/index.php?rest_route=%2Fwp%2Fv2%2Fproduct_brand&post=8561"},{"taxonomy":"product_cat","embeddable":true,"href":"https:\/\/eskisehirdogaltas.com\/index.php?rest_route=%2Fwp%2Fv2%2Fproduct_cat&post=8561"},{"taxonomy":"product_tag","embeddable":true,"href":"https:\/\/eskisehirdogaltas.com\/index.php?rest_route=%2Fwp%2Fv2%2Fproduct_tag&post=8561"}],"curies":[{"name":"wp","href":"https:\/\/api.w.org\/{rel}","templated":true}]}}