{"id":8577,"date":"2021-06-25T07:32:38","date_gmt":"2021-06-25T04:32:38","guid":{"rendered":"http:\/\/eskisehirdogaltas.com\/?post_type=product&#038;p=8577"},"modified":"2021-09-01T11:28:25","modified_gmt":"2021-09-01T08:28:25","slug":"kayrak-tasi-3","status":"publish","type":"product","link":"https:\/\/eskisehirdogaltas.com\/?product=kayrak-tasi-3","title":{"rendered":"Kayrak ta\u015f\u0131"},"content":{"rendered":"<p>Kayrak ta\u015f\u0131 bina cephelerinde ve zemin d\u00f6\u015femelerde kullan\u0131lan olduk\u00e7a \u015f\u0131k bir tasar\u0131ma hayat veren bir \u00fcr\u00fcnd\u00fcr ayn\u0131 zamanda bina etraf\u0131n\u0131 tamamen kayrak ta\u015f\u0131 ile kaplad\u0131\u011f\u0131n\u0131z zaman \u0131s\u0131 yal\u0131t\u0131m g\u00f6revini y\u00fczde 70e tamamlar<\/p>\n","protected":false},"excerpt":{"rendered":"<p>Kayrak ta\u015f\u0131 bina cephelerinde ve zemin d\u00f6\u015femelerde kullan\u0131lan olduk\u00e7a \u015f\u0131k bir tasar\u0131ma hayat veren bir \u00fcr\u00fcnd\u00fcr ayn\u0131 zamanda bina etraf\u0131n\u0131 tamamen kayrak ta\u015f\u0131 ile kaplad\u0131\u011f\u0131n\u0131z zaman \u0131s\u0131 yal\u0131t\u0131m g\u00f6revini y\u00fczde 70e tamamlar<\/p>\n","protected":false},"featured_media":8488,"comment_status":"open","ping_status":"closed","template":"","meta":{"_acf_changed":false},"product_brand":[],"product_cat":[41],"product_tag":[],"class_list":{"0":"post-8577","1":"product","2":"type-product","3":"status-publish","4":"has-post-thumbnail","6":"product_cat-kayrak-taslari","8":"first","9":"instock","10":"shipping-taxable","11":"product-type-simple"},"acf":[],"yoast_head":"<!-- This site is optimized with the Yoast SEO plugin v24.6 - https:\/\/yoast.com\/wordpress\/plugins\/seo\/ -->\n<title>Kayrak ta\u015f\u0131 - Eski\u015fehir do\u011falta\u015f<\/title>\n<meta name=\"robots\" content=\"index, follow, max-snippet:-1, max-image-preview:large, max-video-preview:-1\" \/>\n<link rel=\"canonical\" href=\"https:\/\/eskisehirdogaltas.com\/?product=kayrak-tasi-3\" \/>\n<meta property=\"og:locale\" content=\"tr_TR\" \/>\n<meta property=\"og:type\" content=\"article\" \/>\n<meta property=\"og:title\" content=\"Kayrak ta\u015f\u0131 - Eski\u015fehir do\u011falta\u015f\" \/>\n<meta property=\"og:description\" content=\"Kayrak ta\u015f\u0131 bina cephelerinde ve zemin d\u00f6\u015femelerde kullan\u0131lan olduk\u00e7a \u015f\u0131k bir tasar\u0131ma hayat veren bir \u00fcr\u00fcnd\u00fcr ayn\u0131 zamanda bina etraf\u0131n\u0131 tamamen kayrak ta\u015f\u0131 ile kaplad\u0131\u011f\u0131n\u0131z zaman \u0131s\u0131 yal\u0131t\u0131m g\u00f6revini y\u00fczde 70e tamamlar\" \/>\n<meta property=\"og:url\" content=\"https:\/\/eskisehirdogaltas.com\/?product=kayrak-tasi-3\" \/>\n<meta property=\"og:site_name\" content=\"Eski\u015fehir do\u011falta\u015f\" \/>\n<meta property=\"article:modified_time\" content=\"2021-09-01T08:28:25+00:00\" \/>\n<meta property=\"og:image\" content=\"https:\/\/eskisehirdogaltas.com\/wp-content\/uploads\/2021\/03\/shoow-room_17.gif\" \/>\n\t<meta property=\"og:image:width\" content=\"1024\" \/>\n\t<meta property=\"og:image:height\" content=\"600\" \/>\n\t<meta property=\"og:image:type\" content=\"image\/gif\" \/>\n<meta name=\"twitter:card\" content=\"summary_large_image\" \/>\n<meta name=\"twitter:label1\" content=\"Tahmini okuma s\u00fcresi\" \/>\n\t<meta name=\"twitter:data1\" content=\"1 dakika\" \/>\n<script type=\"application\/ld+json\" class=\"yoast-schema-graph\">{\"@context\":\"https:\/\/schema.org\",\"@graph\":[{\"@type\":\"WebPage\",\"@id\":\"https:\/\/eskisehirdogaltas.com\/?product=kayrak-tasi-3\",\"url\":\"https:\/\/eskisehirdogaltas.com\/?product=kayrak-tasi-3\",\"name\":\"Kayrak ta\u015f\u0131 - Eski\u015fehir do\u011falta\u015f\",\"isPartOf\":{\"@id\":\"https:\/\/eskisehirdogaltas.com\/#website\"},\"primaryImageOfPage\":{\"@id\":\"https:\/\/eskisehirdogaltas.com\/?product=kayrak-tasi-3#primaryimage\"},\"image\":{\"@id\":\"https:\/\/eskisehirdogaltas.com\/?product=kayrak-tasi-3#primaryimage\"},\"thumbnailUrl\":\"https:\/\/eskisehirdogaltas.com\/wp-content\/uploads\/2021\/03\/shoow-room_17.gif\",\"datePublished\":\"2021-06-25T04:32:38+00:00\",\"dateModified\":\"2021-09-01T08:28:25+00:00\",\"breadcrumb\":{\"@id\":\"https:\/\/eskisehirdogaltas.com\/?product=kayrak-tasi-3#breadcrumb\"},\"inLanguage\":\"tr\",\"potentialAction\":[{\"@type\":\"ReadAction\",\"target\":[\"https:\/\/eskisehirdogaltas.com\/?product=kayrak-tasi-3\"]}]},{\"@type\":\"ImageObject\",\"inLanguage\":\"tr\",\"@id\":\"https:\/\/eskisehirdogaltas.com\/?product=kayrak-tasi-3#primaryimage\",\"url\":\"https:\/\/eskisehirdogaltas.com\/wp-content\/uploads\/2021\/03\/shoow-room_17.gif\",\"contentUrl\":\"https:\/\/eskisehirdogaltas.com\/wp-content\/uploads\/2021\/03\/shoow-room_17.gif\",\"width\":1024,\"height\":600},{\"@type\":\"BreadcrumbList\",\"@id\":\"https:\/\/eskisehirdogaltas.com\/?product=kayrak-tasi-3#breadcrumb\",\"itemListElement\":[{\"@type\":\"ListItem\",\"position\":1,\"name\":\"Ana sayfa\",\"item\":\"https:\/\/eskisehirdogaltas.com\/\"},{\"@type\":\"ListItem\",\"position\":2,\"name\":\"Shop\",\"item\":\"https:\/\/eskisehirdogaltas.com\/?page_id=2789\"},{\"@type\":\"ListItem\",\"position\":3,\"name\":\"Kayrak ta\u015f\u0131\"}]},{\"@type\":\"WebSite\",\"@id\":\"https:\/\/eskisehirdogaltas.com\/#website\",\"url\":\"https:\/\/eskisehirdogaltas.com\/\",\"name\":\"Eski\u015fehir do\u011falta\u015f\",\"description\":\"TA\u015e YAPI MARKET\",\"potentialAction\":[{\"@type\":\"SearchAction\",\"target\":{\"@type\":\"EntryPoint\",\"urlTemplate\":\"https:\/\/eskisehirdogaltas.com\/?s={search_term_string}\"},\"query-input\":{\"@type\":\"PropertyValueSpecification\",\"valueRequired\":true,\"valueName\":\"search_term_string\"}}],\"inLanguage\":\"tr\"}]}<\/script>\n<!-- \/ Yoast SEO plugin. -->","yoast_head_json":{"title":"Kayrak ta\u015f\u0131 - Eski\u015fehir do\u011falta\u015f","robots":{"index":"index","follow":"follow","max-snippet":"max-snippet:-1","max-image-preview":"max-image-preview:large","max-video-preview":"max-video-preview:-1"},"canonical":"https:\/\/eskisehirdogaltas.com\/?product=kayrak-tasi-3","og_locale":"tr_TR","og_type":"article","og_title":"Kayrak ta\u015f\u0131 - Eski\u015fehir do\u011falta\u015f","og_description":"Kayrak ta\u015f\u0131 bina cephelerinde ve zemin d\u00f6\u015femelerde kullan\u0131lan olduk\u00e7a \u015f\u0131k bir tasar\u0131ma hayat veren bir \u00fcr\u00fcnd\u00fcr ayn\u0131 zamanda bina etraf\u0131n\u0131 tamamen kayrak ta\u015f\u0131 ile kaplad\u0131\u011f\u0131n\u0131z zaman \u0131s\u0131 yal\u0131t\u0131m g\u00f6revini y\u00fczde 70e tamamlar","og_url":"https:\/\/eskisehirdogaltas.com\/?product=kayrak-tasi-3","og_site_name":"Eski\u015fehir do\u011falta\u015f","article_modified_time":"2021-09-01T08:28:25+00:00","og_image":[{"width":1024,"height":600,"url":"https:\/\/eskisehirdogaltas.com\/wp-content\/uploads\/2021\/03\/shoow-room_17.gif","type":"image\/gif"}],"twitter_card":"summary_large_image","twitter_misc":{"Tahmini okuma s\u00fcresi":"1 dakika"},"schema":{"@context":"https:\/\/schema.org","@graph":[{"@type":"WebPage","@id":"https:\/\/eskisehirdogaltas.com\/?product=kayrak-tasi-3","url":"https:\/\/eskisehirdogaltas.com\/?product=kayrak-tasi-3","name":"Kayrak ta\u015f\u0131 - Eski\u015fehir do\u011falta\u015f","isPartOf":{"@id":"https:\/\/eskisehirdogaltas.com\/#website"},"primaryImageOfPage":{"@id":"https:\/\/eskisehirdogaltas.com\/?product=kayrak-tasi-3#primaryimage"},"image":{"@id":"https:\/\/eskisehirdogaltas.com\/?product=kayrak-tasi-3#primaryimage"},"thumbnailUrl":"https:\/\/eskisehirdogaltas.com\/wp-content\/uploads\/2021\/03\/shoow-room_17.gif","datePublished":"2021-06-25T04:32:38+00:00","dateModified":"2021-09-01T08:28:25+00:00","breadcrumb":{"@id":"https:\/\/eskisehirdogaltas.com\/?product=kayrak-tasi-3#breadcrumb"},"inLanguage":"tr","potentialAction":[{"@type":"ReadAction","target":["https:\/\/eskisehirdogaltas.com\/?product=kayrak-tasi-3"]}]},{"@type":"ImageObject","inLanguage":"tr","@id":"https:\/\/eskisehirdogaltas.com\/?product=kayrak-tasi-3#primaryimage","url":"https:\/\/eskisehirdogaltas.com\/wp-content\/uploads\/2021\/03\/shoow-room_17.gif","contentUrl":"https:\/\/eskisehirdogaltas.com\/wp-content\/uploads\/2021\/03\/shoow-room_17.gif","width":1024,"height":600},{"@type":"BreadcrumbList","@id":"https:\/\/eskisehirdogaltas.com\/?product=kayrak-tasi-3#breadcrumb","itemListElement":[{"@type":"ListItem","position":1,"name":"Ana sayfa","item":"https:\/\/eskisehirdogaltas.com\/"},{"@type":"ListItem","position":2,"name":"Shop","item":"https:\/\/eskisehirdogaltas.com\/?page_id=2789"},{"@type":"ListItem","position":3,"name":"Kayrak ta\u015f\u0131"}]},{"@type":"WebSite","@id":"https:\/\/eskisehirdogaltas.com\/#website","url":"https:\/\/eskisehirdogaltas.com\/","name":"Eski\u015fehir do\u011falta\u015f","description":"TA\u015e YAPI MARKET","potentialAction":[{"@type":"SearchAction","target":{"@type":"EntryPoint","urlTemplate":"https:\/\/eskisehirdogaltas.com\/?s={search_term_string}"},"query-input":{"@type":"PropertyValueSpecification","valueRequired":true,"valueName":"search_term_string"}}],"inLanguage":"tr"}]}},"_links":{"self":[{"href":"https:\/\/eskisehirdogaltas.com\/index.php?rest_route=\/wp\/v2\/product\/8577","targetHints":{"allow":["GET"]}}],"collection":[{"href":"https:\/\/eskisehirdogaltas.com\/index.php?rest_route=\/wp\/v2\/product"}],"about":[{"href":"https:\/\/eskisehirdogaltas.com\/index.php?rest_route=\/wp\/v2\/types\/product"}],"replies":[{"embeddable":true,"href":"https:\/\/eskisehirdogaltas.com\/index.php?rest_route=%2Fwp%2Fv2%2Fcomments&post=8577"}],"wp:featuredmedia":[{"embeddable":true,"href":"https:\/\/eskisehirdogaltas.com\/index.php?rest_route=\/wp\/v2\/media\/8488"}],"wp:attachment":[{"href":"https:\/\/eskisehirdogaltas.com\/index.php?rest_route=%2Fwp%2Fv2%2Fmedia&parent=8577"}],"wp:term":[{"taxonomy":"product_brand","embeddable":true,"href":"https:\/\/eskisehirdogaltas.com\/index.php?rest_route=%2Fwp%2Fv2%2Fproduct_brand&post=8577"},{"taxonomy":"product_cat","embeddable":true,"href":"https:\/\/eskisehirdogaltas.com\/index.php?rest_route=%2Fwp%2Fv2%2Fproduct_cat&post=8577"},{"taxonomy":"product_tag","embeddable":true,"href":"https:\/\/eskisehirdogaltas.com\/index.php?rest_route=%2Fwp%2Fv2%2Fproduct_tag&post=8577"}],"curies":[{"name":"wp","href":"https:\/\/api.w.org\/{rel}","templated":true}]}}