{"id":8613,"date":"2022-01-11T17:36:01","date_gmt":"2022-01-11T14:36:01","guid":{"rendered":"http:\/\/eskisehirdogaltas.com\/?post_type=product&#038;p=8613"},"modified":"2022-02-03T15:04:12","modified_gmt":"2022-02-03T12:04:12","slug":"klinker-tugla-cephe-kaplama-tuglasi","status":"publish","type":"product","link":"https:\/\/eskisehirdogaltas.com\/?product=klinker-tugla-cephe-kaplama-tuglasi","title":{"rendered":"KL\u0130NKER TU\u011eLA"},"content":{"rendered":"","protected":false},"excerpt":{"rendered":"","protected":false},"featured_media":8671,"comment_status":"open","ping_status":"closed","template":"","meta":{"_acf_changed":false},"product_brand":[],"product_cat":[94,93],"product_tag":[],"class_list":{"0":"post-8613","1":"product","2":"type-product","3":"status-publish","4":"has-post-thumbnail","6":"product_cat-klinker-tugla-klinker-tugla","7":"product_cat-klinker-tugla","9":"first","10":"instock","11":"shipping-taxable","12":"product-type-simple"},"acf":[],"yoast_head":"<!-- This site is optimized with the Yoast SEO plugin v24.6 - https:\/\/yoast.com\/wordpress\/plugins\/seo\/ -->\n<title>KL\u0130NKER TU\u011eLA - Eski\u015fehir do\u011falta\u015f<\/title>\n<meta name=\"description\" content=\"clinker cephe kaplama tu\u011flas\u0131 kaliteli ve uygun fiyat avantajlar\u0131 ile ta\u015f yap\u0131 do\u011falta\u015f ta sizleri bekliyor\" \/>\n<meta name=\"robots\" content=\"index, follow, max-snippet:-1, max-image-preview:large, max-video-preview:-1\" \/>\n<link rel=\"canonical\" href=\"https:\/\/eskisehirdogaltas.com\/?product=klinker-tugla-cephe-kaplama-tuglasi\" \/>\n<meta property=\"og:locale\" content=\"tr_TR\" \/>\n<meta property=\"og:type\" content=\"article\" \/>\n<meta property=\"og:title\" content=\"KL\u0130NKER TU\u011eLA - Eski\u015fehir do\u011falta\u015f\" \/>\n<meta property=\"og:description\" content=\"clinker cephe kaplama tu\u011flas\u0131 kaliteli ve uygun fiyat avantajlar\u0131 ile ta\u015f yap\u0131 do\u011falta\u015f ta sizleri bekliyor\" \/>\n<meta property=\"og:url\" content=\"https:\/\/eskisehirdogaltas.com\/?product=klinker-tugla-cephe-kaplama-tuglasi\" \/>\n<meta property=\"og:site_name\" content=\"Eski\u015fehir do\u011falta\u015f\" \/>\n<meta property=\"article:modified_time\" content=\"2022-02-03T12:04:12+00:00\" \/>\n<meta property=\"og:image\" content=\"https:\/\/eskisehirdogaltas.com\/wp-content\/uploads\/2022\/01\/tugla.jpg\" \/>\n\t<meta property=\"og:image:width\" content=\"225\" \/>\n\t<meta property=\"og:image:height\" content=\"225\" \/>\n\t<meta property=\"og:image:type\" content=\"image\/jpeg\" \/>\n<meta name=\"twitter:card\" content=\"summary_large_image\" \/>\n<script type=\"application\/ld+json\" class=\"yoast-schema-graph\">{\"@context\":\"https:\/\/schema.org\",\"@graph\":[{\"@type\":\"WebPage\",\"@id\":\"https:\/\/eskisehirdogaltas.com\/?product=klinker-tugla-cephe-kaplama-tuglasi\",\"url\":\"https:\/\/eskisehirdogaltas.com\/?product=klinker-tugla-cephe-kaplama-tuglasi\",\"name\":\"KL\u0130NKER TU\u011eLA - Eski\u015fehir do\u011falta\u015f\",\"isPartOf\":{\"@id\":\"https:\/\/eskisehirdogaltas.com\/#website\"},\"primaryImageOfPage\":{\"@id\":\"https:\/\/eskisehirdogaltas.com\/?product=klinker-tugla-cephe-kaplama-tuglasi#primaryimage\"},\"image\":{\"@id\":\"https:\/\/eskisehirdogaltas.com\/?product=klinker-tugla-cephe-kaplama-tuglasi#primaryimage\"},\"thumbnailUrl\":\"https:\/\/eskisehirdogaltas.com\/wp-content\/uploads\/2022\/01\/tugla.jpg\",\"datePublished\":\"2022-01-11T14:36:01+00:00\",\"dateModified\":\"2022-02-03T12:04:12+00:00\",\"description\":\"clinker cephe kaplama tu\u011flas\u0131 kaliteli ve uygun fiyat avantajlar\u0131 ile ta\u015f yap\u0131 do\u011falta\u015f ta sizleri bekliyor\",\"breadcrumb\":{\"@id\":\"https:\/\/eskisehirdogaltas.com\/?product=klinker-tugla-cephe-kaplama-tuglasi#breadcrumb\"},\"inLanguage\":\"tr\",\"potentialAction\":[{\"@type\":\"ReadAction\",\"target\":[\"https:\/\/eskisehirdogaltas.com\/?product=klinker-tugla-cephe-kaplama-tuglasi\"]}]},{\"@type\":\"ImageObject\",\"inLanguage\":\"tr\",\"@id\":\"https:\/\/eskisehirdogaltas.com\/?product=klinker-tugla-cephe-kaplama-tuglasi#primaryimage\",\"url\":\"https:\/\/eskisehirdogaltas.com\/wp-content\/uploads\/2022\/01\/tugla.jpg\",\"contentUrl\":\"https:\/\/eskisehirdogaltas.com\/wp-content\/uploads\/2022\/01\/tugla.jpg\",\"width\":225,\"height\":225},{\"@type\":\"BreadcrumbList\",\"@id\":\"https:\/\/eskisehirdogaltas.com\/?product=klinker-tugla-cephe-kaplama-tuglasi#breadcrumb\",\"itemListElement\":[{\"@type\":\"ListItem\",\"position\":1,\"name\":\"Ana sayfa\",\"item\":\"https:\/\/eskisehirdogaltas.com\/\"},{\"@type\":\"ListItem\",\"position\":2,\"name\":\"Shop\",\"item\":\"https:\/\/eskisehirdogaltas.com\/?page_id=2789\"},{\"@type\":\"ListItem\",\"position\":3,\"name\":\"KL\u0130NKER TU\u011eLA\"}]},{\"@type\":\"WebSite\",\"@id\":\"https:\/\/eskisehirdogaltas.com\/#website\",\"url\":\"https:\/\/eskisehirdogaltas.com\/\",\"name\":\"Eski\u015fehir do\u011falta\u015f\",\"description\":\"TA\u015e YAPI MARKET\",\"potentialAction\":[{\"@type\":\"SearchAction\",\"target\":{\"@type\":\"EntryPoint\",\"urlTemplate\":\"https:\/\/eskisehirdogaltas.com\/?s={search_term_string}\"},\"query-input\":{\"@type\":\"PropertyValueSpecification\",\"valueRequired\":true,\"valueName\":\"search_term_string\"}}],\"inLanguage\":\"tr\"}]}<\/script>\n<!-- \/ Yoast SEO plugin. -->","yoast_head_json":{"title":"KL\u0130NKER TU\u011eLA - Eski\u015fehir do\u011falta\u015f","description":"clinker cephe kaplama tu\u011flas\u0131 kaliteli ve uygun fiyat avantajlar\u0131 ile ta\u015f yap\u0131 do\u011falta\u015f ta sizleri bekliyor","robots":{"index":"index","follow":"follow","max-snippet":"max-snippet:-1","max-image-preview":"max-image-preview:large","max-video-preview":"max-video-preview:-1"},"canonical":"https:\/\/eskisehirdogaltas.com\/?product=klinker-tugla-cephe-kaplama-tuglasi","og_locale":"tr_TR","og_type":"article","og_title":"KL\u0130NKER TU\u011eLA - Eski\u015fehir do\u011falta\u015f","og_description":"clinker cephe kaplama tu\u011flas\u0131 kaliteli ve uygun fiyat avantajlar\u0131 ile ta\u015f yap\u0131 do\u011falta\u015f ta sizleri bekliyor","og_url":"https:\/\/eskisehirdogaltas.com\/?product=klinker-tugla-cephe-kaplama-tuglasi","og_site_name":"Eski\u015fehir do\u011falta\u015f","article_modified_time":"2022-02-03T12:04:12+00:00","og_image":[{"width":225,"height":225,"url":"https:\/\/eskisehirdogaltas.com\/wp-content\/uploads\/2022\/01\/tugla.jpg","type":"image\/jpeg"}],"twitter_card":"summary_large_image","schema":{"@context":"https:\/\/schema.org","@graph":[{"@type":"WebPage","@id":"https:\/\/eskisehirdogaltas.com\/?product=klinker-tugla-cephe-kaplama-tuglasi","url":"https:\/\/eskisehirdogaltas.com\/?product=klinker-tugla-cephe-kaplama-tuglasi","name":"KL\u0130NKER TU\u011eLA - Eski\u015fehir do\u011falta\u015f","isPartOf":{"@id":"https:\/\/eskisehirdogaltas.com\/#website"},"primaryImageOfPage":{"@id":"https:\/\/eskisehirdogaltas.com\/?product=klinker-tugla-cephe-kaplama-tuglasi#primaryimage"},"image":{"@id":"https:\/\/eskisehirdogaltas.com\/?product=klinker-tugla-cephe-kaplama-tuglasi#primaryimage"},"thumbnailUrl":"https:\/\/eskisehirdogaltas.com\/wp-content\/uploads\/2022\/01\/tugla.jpg","datePublished":"2022-01-11T14:36:01+00:00","dateModified":"2022-02-03T12:04:12+00:00","description":"clinker cephe kaplama tu\u011flas\u0131 kaliteli ve uygun fiyat avantajlar\u0131 ile ta\u015f yap\u0131 do\u011falta\u015f ta sizleri bekliyor","breadcrumb":{"@id":"https:\/\/eskisehirdogaltas.com\/?product=klinker-tugla-cephe-kaplama-tuglasi#breadcrumb"},"inLanguage":"tr","potentialAction":[{"@type":"ReadAction","target":["https:\/\/eskisehirdogaltas.com\/?product=klinker-tugla-cephe-kaplama-tuglasi"]}]},{"@type":"ImageObject","inLanguage":"tr","@id":"https:\/\/eskisehirdogaltas.com\/?product=klinker-tugla-cephe-kaplama-tuglasi#primaryimage","url":"https:\/\/eskisehirdogaltas.com\/wp-content\/uploads\/2022\/01\/tugla.jpg","contentUrl":"https:\/\/eskisehirdogaltas.com\/wp-content\/uploads\/2022\/01\/tugla.jpg","width":225,"height":225},{"@type":"BreadcrumbList","@id":"https:\/\/eskisehirdogaltas.com\/?product=klinker-tugla-cephe-kaplama-tuglasi#breadcrumb","itemListElement":[{"@type":"ListItem","position":1,"name":"Ana sayfa","item":"https:\/\/eskisehirdogaltas.com\/"},{"@type":"ListItem","position":2,"name":"Shop","item":"https:\/\/eskisehirdogaltas.com\/?page_id=2789"},{"@type":"ListItem","position":3,"name":"KL\u0130NKER TU\u011eLA"}]},{"@type":"WebSite","@id":"https:\/\/eskisehirdogaltas.com\/#website","url":"https:\/\/eskisehirdogaltas.com\/","name":"Eski\u015fehir do\u011falta\u015f","description":"TA\u015e YAPI MARKET","potentialAction":[{"@type":"SearchAction","target":{"@type":"EntryPoint","urlTemplate":"https:\/\/eskisehirdogaltas.com\/?s={search_term_string}"},"query-input":{"@type":"PropertyValueSpecification","valueRequired":true,"valueName":"search_term_string"}}],"inLanguage":"tr"}]}},"_links":{"self":[{"href":"https:\/\/eskisehirdogaltas.com\/index.php?rest_route=\/wp\/v2\/product\/8613","targetHints":{"allow":["GET"]}}],"collection":[{"href":"https:\/\/eskisehirdogaltas.com\/index.php?rest_route=\/wp\/v2\/product"}],"about":[{"href":"https:\/\/eskisehirdogaltas.com\/index.php?rest_route=\/wp\/v2\/types\/product"}],"replies":[{"embeddable":true,"href":"https:\/\/eskisehirdogaltas.com\/index.php?rest_route=%2Fwp%2Fv2%2Fcomments&post=8613"}],"wp:featuredmedia":[{"embeddable":true,"href":"https:\/\/eskisehirdogaltas.com\/index.php?rest_route=\/wp\/v2\/media\/8671"}],"wp:attachment":[{"href":"https:\/\/eskisehirdogaltas.com\/index.php?rest_route=%2Fwp%2Fv2%2Fmedia&parent=8613"}],"wp:term":[{"taxonomy":"product_brand","embeddable":true,"href":"https:\/\/eskisehirdogaltas.com\/index.php?rest_route=%2Fwp%2Fv2%2Fproduct_brand&post=8613"},{"taxonomy":"product_cat","embeddable":true,"href":"https:\/\/eskisehirdogaltas.com\/index.php?rest_route=%2Fwp%2Fv2%2Fproduct_cat&post=8613"},{"taxonomy":"product_tag","embeddable":true,"href":"https:\/\/eskisehirdogaltas.com\/index.php?rest_route=%2Fwp%2Fv2%2Fproduct_tag&post=8613"}],"curies":[{"name":"wp","href":"https:\/\/api.w.org\/{rel}","templated":true}]}}