{"id":8692,"date":"2022-02-13T13:39:04","date_gmt":"2022-02-13T10:39:04","guid":{"rendered":"http:\/\/eskisehirdogaltas.com\/?post_type=product&#038;p=8692"},"modified":"2025-02-10T11:41:20","modified_gmt":"2025-02-10T08:41:20","slug":"kayrak-tasi-7","status":"publish","type":"product","link":"https:\/\/eskisehirdogaltas.com\/?product=kayrak-tasi-7","title":{"rendered":"kayrak ta\u015flar\u0131"},"content":{"rendered":"<p>Kayrak ta\u015f\u0131 ta\u015f ocaklar\u0131ndan \u00f6zel uygulamalarla \u00e7\u0131kart\u0131lan ve i\u015flenen, tamamen do\u011fal ve \u00f6zel bir ta\u015ft\u0131r.kayrak ta\u015f\u0131 Her t\u00fcrl\u00fc yap\u0131 sekt\u00f6r\u00fcn\u00fcn i\u00e7 ve d\u0131\u015f duvar kaplamalar\u0131nda, \u015f\u00f6mine, barbek\u00fc, baca ve f\u0131r\u0131n gibi alanlarda, yaya ve ara\u00e7 yollar\u0131 ile park ve bah\u00e7e d\u00fczenlemelerinde kullan\u0131labilir.<\/p>\n","protected":false},"excerpt":{"rendered":"<p>Kayrak ta\u015f\u0131 ta\u015f ocaklar\u0131ndan \u00f6zel uygulamalarla \u00e7\u0131kart\u0131lan ve i\u015flenen, tamamen do\u011fal ve \u00f6zel bir ta\u015ft\u0131r.kayrak ta\u015f\u0131 Her t\u00fcrl\u00fc yap\u0131 sekt\u00f6r\u00fcn\u00fcn i\u00e7 ve d\u0131\u015f duvar kaplamalar\u0131nda, \u015f\u00f6mine, barbek\u00fc, baca ve f\u0131r\u0131n gibi alanlarda, yaya ve ara\u00e7 yollar\u0131 ile park ve bah\u00e7e d\u00fczenlemelerinde kullan\u0131labilir.<\/p>\n","protected":false},"featured_media":8329,"comment_status":"open","ping_status":"closed","template":"","meta":{"_acf_changed":false},"product_brand":[],"product_cat":[41],"product_tag":[],"class_list":{"0":"post-8692","1":"product","2":"type-product","3":"status-publish","4":"has-post-thumbnail","6":"product_cat-kayrak-taslari","8":"first","9":"instock","10":"shipping-taxable","11":"product-type-simple"},"acf":[],"yoast_head":"<!-- This site is optimized with the Yoast SEO plugin v24.6 - https:\/\/yoast.com\/wordpress\/plugins\/seo\/ -->\n<title>kayrak ta\u015flar\u0131 - Eski\u015fehir do\u011falta\u015f<\/title>\n<meta name=\"description\" content=\"Kayrak ta\u015f\u0131 ta\u015f ocaklar\u0131ndan \u00f6zel uygulamalarla \u00e7\u0131kart\u0131lan ve i\u015flenen, tamamen do\u011fal ve \u00f6zel bir ta\u015ft\u0131r.cephe kaplamal\u0131rnda izolasyon g\u00f6revini g\u00f6r\u00fcr...\" \/>\n<meta name=\"robots\" content=\"index, follow, max-snippet:-1, max-image-preview:large, max-video-preview:-1\" \/>\n<link rel=\"canonical\" href=\"https:\/\/eskisehirdogaltas.com\/?product=kayrak-tasi-7\" \/>\n<meta property=\"og:locale\" content=\"tr_TR\" \/>\n<meta property=\"og:type\" content=\"article\" \/>\n<meta property=\"og:title\" content=\"kayrak ta\u015flar\u0131 - Eski\u015fehir do\u011falta\u015f\" \/>\n<meta property=\"og:description\" content=\"Kayrak ta\u015f\u0131 ta\u015f ocaklar\u0131ndan \u00f6zel uygulamalarla \u00e7\u0131kart\u0131lan ve i\u015flenen, tamamen do\u011fal ve \u00f6zel bir ta\u015ft\u0131r.cephe kaplamal\u0131rnda izolasyon g\u00f6revini g\u00f6r\u00fcr...\" \/>\n<meta property=\"og:url\" content=\"https:\/\/eskisehirdogaltas.com\/?product=kayrak-tasi-7\" \/>\n<meta property=\"og:site_name\" content=\"Eski\u015fehir do\u011falta\u015f\" \/>\n<meta property=\"article:modified_time\" content=\"2025-02-10T08:41:20+00:00\" \/>\n<meta property=\"og:image\" content=\"https:\/\/eskisehirdogaltas.com\/wp-content\/uploads\/2021\/03\/selale-ve-sus-havuzlari_33.gif\" \/>\n\t<meta property=\"og:image:width\" content=\"1024\" \/>\n\t<meta property=\"og:image:height\" content=\"600\" \/>\n\t<meta property=\"og:image:type\" content=\"image\/gif\" \/>\n<meta name=\"twitter:card\" content=\"summary_large_image\" \/>\n<meta name=\"twitter:label1\" content=\"Tahmini okuma s\u00fcresi\" \/>\n\t<meta name=\"twitter:data1\" content=\"1 dakika\" \/>\n<script type=\"application\/ld+json\" class=\"yoast-schema-graph\">{\"@context\":\"https:\/\/schema.org\",\"@graph\":[{\"@type\":\"WebPage\",\"@id\":\"https:\/\/eskisehirdogaltas.com\/?product=kayrak-tasi-7\",\"url\":\"https:\/\/eskisehirdogaltas.com\/?product=kayrak-tasi-7\",\"name\":\"kayrak ta\u015flar\u0131 - Eski\u015fehir do\u011falta\u015f\",\"isPartOf\":{\"@id\":\"https:\/\/eskisehirdogaltas.com\/#website\"},\"primaryImageOfPage\":{\"@id\":\"https:\/\/eskisehirdogaltas.com\/?product=kayrak-tasi-7#primaryimage\"},\"image\":{\"@id\":\"https:\/\/eskisehirdogaltas.com\/?product=kayrak-tasi-7#primaryimage\"},\"thumbnailUrl\":\"https:\/\/eskisehirdogaltas.com\/wp-content\/uploads\/2021\/03\/selale-ve-sus-havuzlari_33.gif\",\"datePublished\":\"2022-02-13T10:39:04+00:00\",\"dateModified\":\"2025-02-10T08:41:20+00:00\",\"description\":\"Kayrak ta\u015f\u0131 ta\u015f ocaklar\u0131ndan \u00f6zel uygulamalarla \u00e7\u0131kart\u0131lan ve i\u015flenen, tamamen do\u011fal ve \u00f6zel bir ta\u015ft\u0131r.cephe kaplamal\u0131rnda izolasyon g\u00f6revini g\u00f6r\u00fcr...\",\"breadcrumb\":{\"@id\":\"https:\/\/eskisehirdogaltas.com\/?product=kayrak-tasi-7#breadcrumb\"},\"inLanguage\":\"tr\",\"potentialAction\":[{\"@type\":\"ReadAction\",\"target\":[\"https:\/\/eskisehirdogaltas.com\/?product=kayrak-tasi-7\"]}]},{\"@type\":\"ImageObject\",\"inLanguage\":\"tr\",\"@id\":\"https:\/\/eskisehirdogaltas.com\/?product=kayrak-tasi-7#primaryimage\",\"url\":\"https:\/\/eskisehirdogaltas.com\/wp-content\/uploads\/2021\/03\/selale-ve-sus-havuzlari_33.gif\",\"contentUrl\":\"https:\/\/eskisehirdogaltas.com\/wp-content\/uploads\/2021\/03\/selale-ve-sus-havuzlari_33.gif\",\"width\":1024,\"height\":600},{\"@type\":\"BreadcrumbList\",\"@id\":\"https:\/\/eskisehirdogaltas.com\/?product=kayrak-tasi-7#breadcrumb\",\"itemListElement\":[{\"@type\":\"ListItem\",\"position\":1,\"name\":\"Ana sayfa\",\"item\":\"https:\/\/eskisehirdogaltas.com\/\"},{\"@type\":\"ListItem\",\"position\":2,\"name\":\"Shop\",\"item\":\"https:\/\/eskisehirdogaltas.com\/?page_id=2789\"},{\"@type\":\"ListItem\",\"position\":3,\"name\":\"kayrak ta\u015flar\u0131\"}]},{\"@type\":\"WebSite\",\"@id\":\"https:\/\/eskisehirdogaltas.com\/#website\",\"url\":\"https:\/\/eskisehirdogaltas.com\/\",\"name\":\"Eski\u015fehir do\u011falta\u015f\",\"description\":\"TA\u015e YAPI MARKET\",\"potentialAction\":[{\"@type\":\"SearchAction\",\"target\":{\"@type\":\"EntryPoint\",\"urlTemplate\":\"https:\/\/eskisehirdogaltas.com\/?s={search_term_string}\"},\"query-input\":{\"@type\":\"PropertyValueSpecification\",\"valueRequired\":true,\"valueName\":\"search_term_string\"}}],\"inLanguage\":\"tr\"}]}<\/script>\n<!-- \/ Yoast SEO plugin. -->","yoast_head_json":{"title":"kayrak ta\u015flar\u0131 - Eski\u015fehir do\u011falta\u015f","description":"Kayrak ta\u015f\u0131 ta\u015f ocaklar\u0131ndan \u00f6zel uygulamalarla \u00e7\u0131kart\u0131lan ve i\u015flenen, tamamen do\u011fal ve \u00f6zel bir ta\u015ft\u0131r.cephe kaplamal\u0131rnda izolasyon g\u00f6revini g\u00f6r\u00fcr...","robots":{"index":"index","follow":"follow","max-snippet":"max-snippet:-1","max-image-preview":"max-image-preview:large","max-video-preview":"max-video-preview:-1"},"canonical":"https:\/\/eskisehirdogaltas.com\/?product=kayrak-tasi-7","og_locale":"tr_TR","og_type":"article","og_title":"kayrak ta\u015flar\u0131 - Eski\u015fehir do\u011falta\u015f","og_description":"Kayrak ta\u015f\u0131 ta\u015f ocaklar\u0131ndan \u00f6zel uygulamalarla \u00e7\u0131kart\u0131lan ve i\u015flenen, tamamen do\u011fal ve \u00f6zel bir ta\u015ft\u0131r.cephe kaplamal\u0131rnda izolasyon g\u00f6revini g\u00f6r\u00fcr...","og_url":"https:\/\/eskisehirdogaltas.com\/?product=kayrak-tasi-7","og_site_name":"Eski\u015fehir do\u011falta\u015f","article_modified_time":"2025-02-10T08:41:20+00:00","og_image":[{"width":1024,"height":600,"url":"https:\/\/eskisehirdogaltas.com\/wp-content\/uploads\/2021\/03\/selale-ve-sus-havuzlari_33.gif","type":"image\/gif"}],"twitter_card":"summary_large_image","twitter_misc":{"Tahmini okuma s\u00fcresi":"1 dakika"},"schema":{"@context":"https:\/\/schema.org","@graph":[{"@type":"WebPage","@id":"https:\/\/eskisehirdogaltas.com\/?product=kayrak-tasi-7","url":"https:\/\/eskisehirdogaltas.com\/?product=kayrak-tasi-7","name":"kayrak ta\u015flar\u0131 - Eski\u015fehir do\u011falta\u015f","isPartOf":{"@id":"https:\/\/eskisehirdogaltas.com\/#website"},"primaryImageOfPage":{"@id":"https:\/\/eskisehirdogaltas.com\/?product=kayrak-tasi-7#primaryimage"},"image":{"@id":"https:\/\/eskisehirdogaltas.com\/?product=kayrak-tasi-7#primaryimage"},"thumbnailUrl":"https:\/\/eskisehirdogaltas.com\/wp-content\/uploads\/2021\/03\/selale-ve-sus-havuzlari_33.gif","datePublished":"2022-02-13T10:39:04+00:00","dateModified":"2025-02-10T08:41:20+00:00","description":"Kayrak ta\u015f\u0131 ta\u015f ocaklar\u0131ndan \u00f6zel uygulamalarla \u00e7\u0131kart\u0131lan ve i\u015flenen, tamamen do\u011fal ve \u00f6zel bir ta\u015ft\u0131r.cephe kaplamal\u0131rnda izolasyon g\u00f6revini g\u00f6r\u00fcr...","breadcrumb":{"@id":"https:\/\/eskisehirdogaltas.com\/?product=kayrak-tasi-7#breadcrumb"},"inLanguage":"tr","potentialAction":[{"@type":"ReadAction","target":["https:\/\/eskisehirdogaltas.com\/?product=kayrak-tasi-7"]}]},{"@type":"ImageObject","inLanguage":"tr","@id":"https:\/\/eskisehirdogaltas.com\/?product=kayrak-tasi-7#primaryimage","url":"https:\/\/eskisehirdogaltas.com\/wp-content\/uploads\/2021\/03\/selale-ve-sus-havuzlari_33.gif","contentUrl":"https:\/\/eskisehirdogaltas.com\/wp-content\/uploads\/2021\/03\/selale-ve-sus-havuzlari_33.gif","width":1024,"height":600},{"@type":"BreadcrumbList","@id":"https:\/\/eskisehirdogaltas.com\/?product=kayrak-tasi-7#breadcrumb","itemListElement":[{"@type":"ListItem","position":1,"name":"Ana sayfa","item":"https:\/\/eskisehirdogaltas.com\/"},{"@type":"ListItem","position":2,"name":"Shop","item":"https:\/\/eskisehirdogaltas.com\/?page_id=2789"},{"@type":"ListItem","position":3,"name":"kayrak ta\u015flar\u0131"}]},{"@type":"WebSite","@id":"https:\/\/eskisehirdogaltas.com\/#website","url":"https:\/\/eskisehirdogaltas.com\/","name":"Eski\u015fehir do\u011falta\u015f","description":"TA\u015e YAPI MARKET","potentialAction":[{"@type":"SearchAction","target":{"@type":"EntryPoint","urlTemplate":"https:\/\/eskisehirdogaltas.com\/?s={search_term_string}"},"query-input":{"@type":"PropertyValueSpecification","valueRequired":true,"valueName":"search_term_string"}}],"inLanguage":"tr"}]}},"_links":{"self":[{"href":"https:\/\/eskisehirdogaltas.com\/index.php?rest_route=\/wp\/v2\/product\/8692","targetHints":{"allow":["GET"]}}],"collection":[{"href":"https:\/\/eskisehirdogaltas.com\/index.php?rest_route=\/wp\/v2\/product"}],"about":[{"href":"https:\/\/eskisehirdogaltas.com\/index.php?rest_route=\/wp\/v2\/types\/product"}],"replies":[{"embeddable":true,"href":"https:\/\/eskisehirdogaltas.com\/index.php?rest_route=%2Fwp%2Fv2%2Fcomments&post=8692"}],"wp:featuredmedia":[{"embeddable":true,"href":"https:\/\/eskisehirdogaltas.com\/index.php?rest_route=\/wp\/v2\/media\/8329"}],"wp:attachment":[{"href":"https:\/\/eskisehirdogaltas.com\/index.php?rest_route=%2Fwp%2Fv2%2Fmedia&parent=8692"}],"wp:term":[{"taxonomy":"product_brand","embeddable":true,"href":"https:\/\/eskisehirdogaltas.com\/index.php?rest_route=%2Fwp%2Fv2%2Fproduct_brand&post=8692"},{"taxonomy":"product_cat","embeddable":true,"href":"https:\/\/eskisehirdogaltas.com\/index.php?rest_route=%2Fwp%2Fv2%2Fproduct_cat&post=8692"},{"taxonomy":"product_tag","embeddable":true,"href":"https:\/\/eskisehirdogaltas.com\/index.php?rest_route=%2Fwp%2Fv2%2Fproduct_tag&post=8692"}],"curies":[{"name":"wp","href":"https:\/\/api.w.org\/{rel}","templated":true}]}}