{"id":8693,"date":"2022-02-13T13:50:14","date_gmt":"2022-02-13T10:50:14","guid":{"rendered":"http:\/\/eskisehirdogaltas.com\/?post_type=product&#038;p=8693"},"modified":"2022-02-13T13:50:26","modified_gmt":"2022-02-13T10:50:26","slug":"patlatma-traverten-2","status":"publish","type":"product","link":"https:\/\/eskisehirdogaltas.com\/?product=patlatma-traverten-2","title":{"rendered":"patlatma traverten"},"content":{"rendered":"<p>Patlatma traverten, ta\u015f ocaklar\u0131ndan k\u00fctleler halinde \u00e7\u0131kar\u0131lan ham do\u011fal ta\u015flar\u0131n fabrikalarda belirli \u00f6l\u00e7\u00fclerde kesilerek y\u00fczeylerinin ta\u015flanmas\u0131ndan dolay\u0131 meydana \u00e7\u0131kan ve yayg\u0131n bir \u015fekilde dekoratif ama\u00e7l\u0131 olarak kullan\u0131lan bir do\u011falta\u015ft\u0131r. Patlatma taravertenler y\u00fczeylerinin ta\u015flanmas\u0131 yani patlat\u0131lmas\u0131ndan dolay\u0131 bu ismi alm\u0131\u015flard\u0131r.  Patlatma ta\u015f genel olarak iste\u011fe y\u00f6nelik olarak hem i\u00e7 hemde d\u0131\u015f mekanlarda kullan\u0131labilmektedir. Kullan\u0131m yeri olarak ki\u015finin istek ve zevkine g\u00f6re de\u011fi\u015fiklik g\u00f6sterebilir. Patlatma travertenler \u00e7ok fazla temizlik ve bak\u0131m gerektirmedi\u011finden uzun s\u00fcre\u00e7ler kullan\u0131labilir. <\/p>\n<p>PATLATMA TRAVERTEN\u0130N UYGULANMASI<\/p>\n<p>Patlatma travertenler ebatlar\u0131na g\u00f6re uygulanmas\u0131 farkl\u0131l\u0131k g\u00f6sterebilir. Fileli ve adet olarak \u00fcretilmektedir. Patlatma traverten uygulanacak zemin temizlenmeli ve ay\u0131plardan ar\u0131nm\u0131\u015f \u015fekilde olmal\u0131d\u0131r.Kalekim ve t\u00fcrevleri yap\u0131\u015ft\u0131rma harc\u0131 ile fileli yada tek tek olarak \u00f6zen ve sab\u0131rla uygulan\u0131r.Daha \u00f6nce patlatma ta\u015f yapmam\u0131\u015f bir usta bu i\u015fi yaparken zorluk \u00e7ekecektir. Ayr\u0131ca bir i\u015fi g\u00fczelli\u011fini malzemenin yan\u0131 s\u0131ra i\u015f\u00e7ilik daha \u00e7ok g\u00f6stermektedir. Uzman ekibimiz taraf\u0131ndan en iyi uygulama i\u00e7in l\u00fctfen irtibata ge\u00e7iniz.<\/p>\n","protected":false},"excerpt":{"rendered":"<p>Patlatma traverten, ta\u015f ocaklar\u0131ndan k\u00fctleler halinde \u00e7\u0131kar\u0131lan ham do\u011fal ta\u015flar\u0131n fabrikalarda belirli \u00f6l\u00e7\u00fclerde kesilerek y\u00fczeylerinin ta\u015flanmas\u0131ndan dolay\u0131 meydana \u00e7\u0131kan ve yayg\u0131n bir \u015fekilde dekoratif ama\u00e7l\u0131 olarak kullan\u0131lan bir do\u011falta\u015ft\u0131r. Patlatma taravertenler y\u00fczeylerinin ta\u015flanmas\u0131 yani patlat\u0131lmas\u0131ndan dolay\u0131 bu ismi alm\u0131\u015flard\u0131r. Patlatma ta\u015f genel olarak iste\u011fe y\u00f6nelik olarak hem i\u00e7 hemde d\u0131\u015f mekanlarda kullan\u0131labilmektedir. Kullan\u0131m yeri olarak&#8230;<\/p>\n","protected":false},"featured_media":8655,"comment_status":"open","ping_status":"closed","template":"","meta":{"_acf_changed":false},"product_brand":[],"product_cat":[104],"product_tag":[],"class_list":{"0":"post-8693","1":"product","2":"type-product","3":"status-publish","4":"has-post-thumbnail","6":"product_cat-patlatma-traverten","8":"first","9":"instock","10":"shipping-taxable","11":"product-type-simple"},"acf":[],"yoast_head":"<!-- This site is optimized with the Yoast SEO plugin v24.6 - https:\/\/yoast.com\/wordpress\/plugins\/seo\/ -->\n<title>patlatma traverten - Eski\u015fehir do\u011falta\u015f<\/title>\n<meta name=\"robots\" content=\"index, follow, max-snippet:-1, max-image-preview:large, max-video-preview:-1\" \/>\n<link rel=\"canonical\" href=\"https:\/\/eskisehirdogaltas.com\/?product=patlatma-traverten-2\" \/>\n<meta property=\"og:locale\" content=\"tr_TR\" \/>\n<meta property=\"og:type\" content=\"article\" \/>\n<meta property=\"og:title\" content=\"patlatma traverten - Eski\u015fehir do\u011falta\u015f\" \/>\n<meta property=\"og:description\" content=\"Patlatma traverten, ta\u015f ocaklar\u0131ndan k\u00fctleler halinde \u00e7\u0131kar\u0131lan ham do\u011fal ta\u015flar\u0131n fabrikalarda belirli \u00f6l\u00e7\u00fclerde kesilerek y\u00fczeylerinin ta\u015flanmas\u0131ndan dolay\u0131 meydana \u00e7\u0131kan ve yayg\u0131n bir \u015fekilde dekoratif ama\u00e7l\u0131 olarak kullan\u0131lan bir do\u011falta\u015ft\u0131r. Patlatma taravertenler y\u00fczeylerinin ta\u015flanmas\u0131 yani patlat\u0131lmas\u0131ndan dolay\u0131 bu ismi alm\u0131\u015flard\u0131r. Patlatma ta\u015f genel olarak iste\u011fe y\u00f6nelik olarak hem i\u00e7 hemde d\u0131\u015f mekanlarda kullan\u0131labilmektedir. Kullan\u0131m yeri olarak...\" \/>\n<meta property=\"og:url\" content=\"https:\/\/eskisehirdogaltas.com\/?product=patlatma-traverten-2\" \/>\n<meta property=\"og:site_name\" content=\"Eski\u015fehir do\u011falta\u015f\" \/>\n<meta property=\"article:modified_time\" content=\"2022-02-13T10:50:26+00:00\" \/>\n<meta property=\"og:image\" content=\"https:\/\/eskisehirdogaltas.com\/wp-content\/uploads\/2022\/02\/IMG_20200809_122132-scaled.jpg\" \/>\n\t<meta property=\"og:image:width\" content=\"1180\" \/>\n\t<meta property=\"og:image:height\" content=\"2560\" \/>\n\t<meta property=\"og:image:type\" content=\"image\/jpeg\" \/>\n<meta name=\"twitter:card\" content=\"summary_large_image\" \/>\n<meta name=\"twitter:label1\" content=\"Tahmini okuma s\u00fcresi\" \/>\n\t<meta name=\"twitter:data1\" content=\"1 dakika\" \/>\n<script type=\"application\/ld+json\" class=\"yoast-schema-graph\">{\"@context\":\"https:\/\/schema.org\",\"@graph\":[{\"@type\":\"WebPage\",\"@id\":\"https:\/\/eskisehirdogaltas.com\/?product=patlatma-traverten-2\",\"url\":\"https:\/\/eskisehirdogaltas.com\/?product=patlatma-traverten-2\",\"name\":\"patlatma traverten - Eski\u015fehir do\u011falta\u015f\",\"isPartOf\":{\"@id\":\"https:\/\/eskisehirdogaltas.com\/#website\"},\"primaryImageOfPage\":{\"@id\":\"https:\/\/eskisehirdogaltas.com\/?product=patlatma-traverten-2#primaryimage\"},\"image\":{\"@id\":\"https:\/\/eskisehirdogaltas.com\/?product=patlatma-traverten-2#primaryimage\"},\"thumbnailUrl\":\"https:\/\/eskisehirdogaltas.com\/wp-content\/uploads\/2022\/02\/IMG_20200809_122132-scaled.jpg\",\"datePublished\":\"2022-02-13T10:50:14+00:00\",\"dateModified\":\"2022-02-13T10:50:26+00:00\",\"breadcrumb\":{\"@id\":\"https:\/\/eskisehirdogaltas.com\/?product=patlatma-traverten-2#breadcrumb\"},\"inLanguage\":\"tr\",\"potentialAction\":[{\"@type\":\"ReadAction\",\"target\":[\"https:\/\/eskisehirdogaltas.com\/?product=patlatma-traverten-2\"]}]},{\"@type\":\"ImageObject\",\"inLanguage\":\"tr\",\"@id\":\"https:\/\/eskisehirdogaltas.com\/?product=patlatma-traverten-2#primaryimage\",\"url\":\"https:\/\/eskisehirdogaltas.com\/wp-content\/uploads\/2022\/02\/IMG_20200809_122132-scaled.jpg\",\"contentUrl\":\"https:\/\/eskisehirdogaltas.com\/wp-content\/uploads\/2022\/02\/IMG_20200809_122132-scaled.jpg\",\"width\":1180,\"height\":2560},{\"@type\":\"BreadcrumbList\",\"@id\":\"https:\/\/eskisehirdogaltas.com\/?product=patlatma-traverten-2#breadcrumb\",\"itemListElement\":[{\"@type\":\"ListItem\",\"position\":1,\"name\":\"Ana sayfa\",\"item\":\"https:\/\/eskisehirdogaltas.com\/\"},{\"@type\":\"ListItem\",\"position\":2,\"name\":\"Shop\",\"item\":\"https:\/\/eskisehirdogaltas.com\/?page_id=2789\"},{\"@type\":\"ListItem\",\"position\":3,\"name\":\"patlatma traverten\"}]},{\"@type\":\"WebSite\",\"@id\":\"https:\/\/eskisehirdogaltas.com\/#website\",\"url\":\"https:\/\/eskisehirdogaltas.com\/\",\"name\":\"Eski\u015fehir do\u011falta\u015f\",\"description\":\"TA\u015e YAPI MARKET\",\"potentialAction\":[{\"@type\":\"SearchAction\",\"target\":{\"@type\":\"EntryPoint\",\"urlTemplate\":\"https:\/\/eskisehirdogaltas.com\/?s={search_term_string}\"},\"query-input\":{\"@type\":\"PropertyValueSpecification\",\"valueRequired\":true,\"valueName\":\"search_term_string\"}}],\"inLanguage\":\"tr\"}]}<\/script>\n<!-- \/ Yoast SEO plugin. -->","yoast_head_json":{"title":"patlatma traverten - Eski\u015fehir do\u011falta\u015f","robots":{"index":"index","follow":"follow","max-snippet":"max-snippet:-1","max-image-preview":"max-image-preview:large","max-video-preview":"max-video-preview:-1"},"canonical":"https:\/\/eskisehirdogaltas.com\/?product=patlatma-traverten-2","og_locale":"tr_TR","og_type":"article","og_title":"patlatma traverten - Eski\u015fehir do\u011falta\u015f","og_description":"Patlatma traverten, ta\u015f ocaklar\u0131ndan k\u00fctleler halinde \u00e7\u0131kar\u0131lan ham do\u011fal ta\u015flar\u0131n fabrikalarda belirli \u00f6l\u00e7\u00fclerde kesilerek y\u00fczeylerinin ta\u015flanmas\u0131ndan dolay\u0131 meydana \u00e7\u0131kan ve yayg\u0131n bir \u015fekilde dekoratif ama\u00e7l\u0131 olarak kullan\u0131lan bir do\u011falta\u015ft\u0131r. Patlatma taravertenler y\u00fczeylerinin ta\u015flanmas\u0131 yani patlat\u0131lmas\u0131ndan dolay\u0131 bu ismi alm\u0131\u015flard\u0131r. Patlatma ta\u015f genel olarak iste\u011fe y\u00f6nelik olarak hem i\u00e7 hemde d\u0131\u015f mekanlarda kullan\u0131labilmektedir. Kullan\u0131m yeri olarak...","og_url":"https:\/\/eskisehirdogaltas.com\/?product=patlatma-traverten-2","og_site_name":"Eski\u015fehir do\u011falta\u015f","article_modified_time":"2022-02-13T10:50:26+00:00","og_image":[{"width":1180,"height":2560,"url":"https:\/\/eskisehirdogaltas.com\/wp-content\/uploads\/2022\/02\/IMG_20200809_122132-scaled.jpg","type":"image\/jpeg"}],"twitter_card":"summary_large_image","twitter_misc":{"Tahmini okuma s\u00fcresi":"1 dakika"},"schema":{"@context":"https:\/\/schema.org","@graph":[{"@type":"WebPage","@id":"https:\/\/eskisehirdogaltas.com\/?product=patlatma-traverten-2","url":"https:\/\/eskisehirdogaltas.com\/?product=patlatma-traverten-2","name":"patlatma traverten - Eski\u015fehir do\u011falta\u015f","isPartOf":{"@id":"https:\/\/eskisehirdogaltas.com\/#website"},"primaryImageOfPage":{"@id":"https:\/\/eskisehirdogaltas.com\/?product=patlatma-traverten-2#primaryimage"},"image":{"@id":"https:\/\/eskisehirdogaltas.com\/?product=patlatma-traverten-2#primaryimage"},"thumbnailUrl":"https:\/\/eskisehirdogaltas.com\/wp-content\/uploads\/2022\/02\/IMG_20200809_122132-scaled.jpg","datePublished":"2022-02-13T10:50:14+00:00","dateModified":"2022-02-13T10:50:26+00:00","breadcrumb":{"@id":"https:\/\/eskisehirdogaltas.com\/?product=patlatma-traverten-2#breadcrumb"},"inLanguage":"tr","potentialAction":[{"@type":"ReadAction","target":["https:\/\/eskisehirdogaltas.com\/?product=patlatma-traverten-2"]}]},{"@type":"ImageObject","inLanguage":"tr","@id":"https:\/\/eskisehirdogaltas.com\/?product=patlatma-traverten-2#primaryimage","url":"https:\/\/eskisehirdogaltas.com\/wp-content\/uploads\/2022\/02\/IMG_20200809_122132-scaled.jpg","contentUrl":"https:\/\/eskisehirdogaltas.com\/wp-content\/uploads\/2022\/02\/IMG_20200809_122132-scaled.jpg","width":1180,"height":2560},{"@type":"BreadcrumbList","@id":"https:\/\/eskisehirdogaltas.com\/?product=patlatma-traverten-2#breadcrumb","itemListElement":[{"@type":"ListItem","position":1,"name":"Ana sayfa","item":"https:\/\/eskisehirdogaltas.com\/"},{"@type":"ListItem","position":2,"name":"Shop","item":"https:\/\/eskisehirdogaltas.com\/?page_id=2789"},{"@type":"ListItem","position":3,"name":"patlatma traverten"}]},{"@type":"WebSite","@id":"https:\/\/eskisehirdogaltas.com\/#website","url":"https:\/\/eskisehirdogaltas.com\/","name":"Eski\u015fehir do\u011falta\u015f","description":"TA\u015e YAPI MARKET","potentialAction":[{"@type":"SearchAction","target":{"@type":"EntryPoint","urlTemplate":"https:\/\/eskisehirdogaltas.com\/?s={search_term_string}"},"query-input":{"@type":"PropertyValueSpecification","valueRequired":true,"valueName":"search_term_string"}}],"inLanguage":"tr"}]}},"_links":{"self":[{"href":"https:\/\/eskisehirdogaltas.com\/index.php?rest_route=\/wp\/v2\/product\/8693","targetHints":{"allow":["GET"]}}],"collection":[{"href":"https:\/\/eskisehirdogaltas.com\/index.php?rest_route=\/wp\/v2\/product"}],"about":[{"href":"https:\/\/eskisehirdogaltas.com\/index.php?rest_route=\/wp\/v2\/types\/product"}],"replies":[{"embeddable":true,"href":"https:\/\/eskisehirdogaltas.com\/index.php?rest_route=%2Fwp%2Fv2%2Fcomments&post=8693"}],"wp:featuredmedia":[{"embeddable":true,"href":"https:\/\/eskisehirdogaltas.com\/index.php?rest_route=\/wp\/v2\/media\/8655"}],"wp:attachment":[{"href":"https:\/\/eskisehirdogaltas.com\/index.php?rest_route=%2Fwp%2Fv2%2Fmedia&parent=8693"}],"wp:term":[{"taxonomy":"product_brand","embeddable":true,"href":"https:\/\/eskisehirdogaltas.com\/index.php?rest_route=%2Fwp%2Fv2%2Fproduct_brand&post=8693"},{"taxonomy":"product_cat","embeddable":true,"href":"https:\/\/eskisehirdogaltas.com\/index.php?rest_route=%2Fwp%2Fv2%2Fproduct_cat&post=8693"},{"taxonomy":"product_tag","embeddable":true,"href":"https:\/\/eskisehirdogaltas.com\/index.php?rest_route=%2Fwp%2Fv2%2Fproduct_tag&post=8693"}],"curies":[{"name":"wp","href":"https:\/\/api.w.org\/{rel}","templated":true}]}}