{"id":8711,"date":"2022-03-16T20:32:15","date_gmt":"2022-03-16T17:32:15","guid":{"rendered":"http:\/\/eskisehirdogaltas.com\/?post_type=product&#038;p=8711"},"modified":"2022-03-16T20:33:57","modified_gmt":"2022-03-16T17:33:57","slug":"tas-evler-2","status":"publish","type":"product","link":"https:\/\/eskisehirdogaltas.com\/?product=tas-evler-2","title":{"rendered":"ta\u015f evler"},"content":{"rendered":"<p>Ta\u015f evler nas\u0131l \u0131s\u0131n\u0131r: malzeme \u00f6zellikleri gere\u011fi ta\u015f kendinden yal\u0131t\u0131ml\u0131 bir malzemedir. Dolay\u0131s\u0131yla, s\u0131cak havay\u0131 i\u00e7erisinde bar\u0131nd\u0131rd\u0131\u011f\u0131 gibi so\u011fuk havay\u0131 da ayn\u0131 \u015fekilde i\u00e7eride tutmaktad\u0131r. E\u011fer bir ta\u015f ev sahibi iseniz ek bir yal\u0131t\u0131ma ihtiyac\u0131n\u0131z olmayacakt\u0131r. Tu\u011flaya k\u0131yasla termal k\u00fctlesinin daha b\u00fcy\u00fck olmas\u0131 nedeniyle enerji verimlili\u011fi bak\u0131m\u0131ndan tu\u011fla duvara, betonarme duvarlara k\u0131yasla daha iyi de\u011ferlere sahiptir.<br \/>\nTa\u015f konutlar, ta\u015f\u0131n sahip oldu\u011fu materyal \u00f6zelliklerinden \u00f6t\u00fcr\u00fc \u00e7\u00fcr\u00fcme, yanma ve b\u00f6cek istilalar\u0131na kar\u015f\u0131 dayan\u0131kl\u0131d\u0131r. \u00d6zellikle, ah\u015fap evlere k\u0131yasla bir\u00e7ok noktada ta\u015ftan yap\u0131lm\u0131\u015f bir eve sahip olmak olduk\u00e7a avantajl\u0131d\u0131r. Di\u011fer ev t\u00fcrlerine k\u0131yasla Ta\u015f Evlerin bak\u0131m onar\u0131m ve tadilat masraflar\u0131 olduk\u00e7a d\u00fc\u015f\u00fckt\u00fcr. Ta\u015f Ev metrekare fiyatlar\u0131 pahal\u0131 olsa da yapt\u0131raca\u011f\u0131n\u0131z evin \u00f6m\u00fcrl\u00fck olaca\u011f\u0131 d\u00fc\u015f\u00fcn\u00fcl\u00fcrse ilk ba\u015ftaki maliyet fark\u0131 kesinlikle g\u00f6z ard\u0131 edilebilmektedir. Ta\u015f duvarlar klasik tu\u011fla duvarlar gibi boyanmazlar dolay\u0131s\u0131yla her sene yeniden boya yapt\u0131rmak, duvarda g\u00f6r\u00fclen r\u00f6tre \u00e7atlaklar\u0131 gibi tadilat sorunlar\u0131 ile kar\u015f\u0131la\u015fmamaktas\u0131n\u0131z. E\u011fer bir y\u0131\u011fma ta\u015f yap\u0131da ya\u015f\u0131yorsan\u0131z kulland\u0131\u011f\u0131n\u0131z ta\u015flar \u00f6m\u00fcr boyu ayn\u0131 \u015fekilde g\u00f6r\u00fcnecektir.siz hayal edin biz TA\u015e YAPI olarak hayallerinizi ger\u00e7e\u011fe d\u00f6n\u00fc\u015ft\u00fcrelim&#8230;<\/p>\n","protected":false},"excerpt":{"rendered":"<p>Ta\u015f evler nas\u0131l \u0131s\u0131n\u0131r: malzeme \u00f6zellikleri gere\u011fi ta\u015f kendinden yal\u0131t\u0131ml\u0131 bir malzemedir. Dolay\u0131s\u0131yla, s\u0131cak havay\u0131 i\u00e7erisinde bar\u0131nd\u0131rd\u0131\u011f\u0131 gibi so\u011fuk havay\u0131 da ayn\u0131 \u015fekilde i\u00e7eride tutmaktad\u0131r. E\u011fer bir ta\u015f ev sahibi iseniz ek bir yal\u0131t\u0131ma ihtiyac\u0131n\u0131z olmayacakt\u0131r. Tu\u011flaya k\u0131yasla termal k\u00fctlesinin daha b\u00fcy\u00fck olmas\u0131 nedeniyle enerji verimlili\u011fi bak\u0131m\u0131ndan tu\u011fla duvara, betonarme duvarlara k\u0131yasla daha iyi de\u011ferlere&#8230;<\/p>\n","protected":false},"featured_media":8712,"comment_status":"open","ping_status":"closed","template":"","meta":{"_acf_changed":false},"product_brand":[],"product_cat":[105],"product_tag":[],"class_list":{"0":"post-8711","1":"product","2":"type-product","3":"status-publish","4":"has-post-thumbnail","6":"product_cat-tas-evler","8":"first","9":"instock","10":"shipping-taxable","11":"product-type-simple"},"acf":[],"yoast_head":"<!-- This site is optimized with the Yoast SEO plugin v24.6 - https:\/\/yoast.com\/wordpress\/plugins\/seo\/ -->\n<title>ta\u015f evler - Eski\u015fehir do\u011falta\u015f<\/title>\n<meta name=\"robots\" content=\"index, follow, max-snippet:-1, max-image-preview:large, max-video-preview:-1\" \/>\n<link rel=\"canonical\" href=\"https:\/\/eskisehirdogaltas.com\/?product=tas-evler-2\" \/>\n<meta property=\"og:locale\" content=\"tr_TR\" \/>\n<meta property=\"og:type\" content=\"article\" \/>\n<meta property=\"og:title\" content=\"ta\u015f evler - Eski\u015fehir do\u011falta\u015f\" \/>\n<meta property=\"og:description\" content=\"Ta\u015f evler nas\u0131l \u0131s\u0131n\u0131r: malzeme \u00f6zellikleri gere\u011fi ta\u015f kendinden yal\u0131t\u0131ml\u0131 bir malzemedir. Dolay\u0131s\u0131yla, s\u0131cak havay\u0131 i\u00e7erisinde bar\u0131nd\u0131rd\u0131\u011f\u0131 gibi so\u011fuk havay\u0131 da ayn\u0131 \u015fekilde i\u00e7eride tutmaktad\u0131r. E\u011fer bir ta\u015f ev sahibi iseniz ek bir yal\u0131t\u0131ma ihtiyac\u0131n\u0131z olmayacakt\u0131r. Tu\u011flaya k\u0131yasla termal k\u00fctlesinin daha b\u00fcy\u00fck olmas\u0131 nedeniyle enerji verimlili\u011fi bak\u0131m\u0131ndan tu\u011fla duvara, betonarme duvarlara k\u0131yasla daha iyi de\u011ferlere...\" \/>\n<meta property=\"og:url\" content=\"https:\/\/eskisehirdogaltas.com\/?product=tas-evler-2\" \/>\n<meta property=\"og:site_name\" content=\"Eski\u015fehir do\u011falta\u015f\" \/>\n<meta property=\"article:modified_time\" content=\"2022-03-16T17:33:57+00:00\" \/>\n<meta property=\"og:image\" content=\"https:\/\/eskisehirdogaltas.com\/wp-content\/uploads\/2022\/03\/tas-ev-2.jpg\" \/>\n\t<meta property=\"og:image:width\" content=\"403\" \/>\n\t<meta property=\"og:image:height\" content=\"403\" \/>\n\t<meta property=\"og:image:type\" content=\"image\/jpeg\" \/>\n<meta name=\"twitter:card\" content=\"summary_large_image\" \/>\n<meta name=\"twitter:label1\" content=\"Tahmini okuma s\u00fcresi\" \/>\n\t<meta name=\"twitter:data1\" content=\"1 dakika\" \/>\n<script type=\"application\/ld+json\" class=\"yoast-schema-graph\">{\"@context\":\"https:\/\/schema.org\",\"@graph\":[{\"@type\":\"WebPage\",\"@id\":\"https:\/\/eskisehirdogaltas.com\/?product=tas-evler-2\",\"url\":\"https:\/\/eskisehirdogaltas.com\/?product=tas-evler-2\",\"name\":\"ta\u015f evler - Eski\u015fehir do\u011falta\u015f\",\"isPartOf\":{\"@id\":\"https:\/\/eskisehirdogaltas.com\/#website\"},\"primaryImageOfPage\":{\"@id\":\"https:\/\/eskisehirdogaltas.com\/?product=tas-evler-2#primaryimage\"},\"image\":{\"@id\":\"https:\/\/eskisehirdogaltas.com\/?product=tas-evler-2#primaryimage\"},\"thumbnailUrl\":\"https:\/\/eskisehirdogaltas.com\/wp-content\/uploads\/2022\/03\/tas-ev-2.jpg\",\"datePublished\":\"2022-03-16T17:32:15+00:00\",\"dateModified\":\"2022-03-16T17:33:57+00:00\",\"breadcrumb\":{\"@id\":\"https:\/\/eskisehirdogaltas.com\/?product=tas-evler-2#breadcrumb\"},\"inLanguage\":\"tr\",\"potentialAction\":[{\"@type\":\"ReadAction\",\"target\":[\"https:\/\/eskisehirdogaltas.com\/?product=tas-evler-2\"]}]},{\"@type\":\"ImageObject\",\"inLanguage\":\"tr\",\"@id\":\"https:\/\/eskisehirdogaltas.com\/?product=tas-evler-2#primaryimage\",\"url\":\"https:\/\/eskisehirdogaltas.com\/wp-content\/uploads\/2022\/03\/tas-ev-2.jpg\",\"contentUrl\":\"https:\/\/eskisehirdogaltas.com\/wp-content\/uploads\/2022\/03\/tas-ev-2.jpg\",\"width\":403,\"height\":403},{\"@type\":\"BreadcrumbList\",\"@id\":\"https:\/\/eskisehirdogaltas.com\/?product=tas-evler-2#breadcrumb\",\"itemListElement\":[{\"@type\":\"ListItem\",\"position\":1,\"name\":\"Ana sayfa\",\"item\":\"https:\/\/eskisehirdogaltas.com\/\"},{\"@type\":\"ListItem\",\"position\":2,\"name\":\"Shop\",\"item\":\"https:\/\/eskisehirdogaltas.com\/?page_id=2789\"},{\"@type\":\"ListItem\",\"position\":3,\"name\":\"ta\u015f evler\"}]},{\"@type\":\"WebSite\",\"@id\":\"https:\/\/eskisehirdogaltas.com\/#website\",\"url\":\"https:\/\/eskisehirdogaltas.com\/\",\"name\":\"Eski\u015fehir do\u011falta\u015f\",\"description\":\"TA\u015e YAPI MARKET\",\"potentialAction\":[{\"@type\":\"SearchAction\",\"target\":{\"@type\":\"EntryPoint\",\"urlTemplate\":\"https:\/\/eskisehirdogaltas.com\/?s={search_term_string}\"},\"query-input\":{\"@type\":\"PropertyValueSpecification\",\"valueRequired\":true,\"valueName\":\"search_term_string\"}}],\"inLanguage\":\"tr\"}]}<\/script>\n<!-- \/ Yoast SEO plugin. -->","yoast_head_json":{"title":"ta\u015f evler - Eski\u015fehir do\u011falta\u015f","robots":{"index":"index","follow":"follow","max-snippet":"max-snippet:-1","max-image-preview":"max-image-preview:large","max-video-preview":"max-video-preview:-1"},"canonical":"https:\/\/eskisehirdogaltas.com\/?product=tas-evler-2","og_locale":"tr_TR","og_type":"article","og_title":"ta\u015f evler - Eski\u015fehir do\u011falta\u015f","og_description":"Ta\u015f evler nas\u0131l \u0131s\u0131n\u0131r: malzeme \u00f6zellikleri gere\u011fi ta\u015f kendinden yal\u0131t\u0131ml\u0131 bir malzemedir. Dolay\u0131s\u0131yla, s\u0131cak havay\u0131 i\u00e7erisinde bar\u0131nd\u0131rd\u0131\u011f\u0131 gibi so\u011fuk havay\u0131 da ayn\u0131 \u015fekilde i\u00e7eride tutmaktad\u0131r. E\u011fer bir ta\u015f ev sahibi iseniz ek bir yal\u0131t\u0131ma ihtiyac\u0131n\u0131z olmayacakt\u0131r. Tu\u011flaya k\u0131yasla termal k\u00fctlesinin daha b\u00fcy\u00fck olmas\u0131 nedeniyle enerji verimlili\u011fi bak\u0131m\u0131ndan tu\u011fla duvara, betonarme duvarlara k\u0131yasla daha iyi de\u011ferlere...","og_url":"https:\/\/eskisehirdogaltas.com\/?product=tas-evler-2","og_site_name":"Eski\u015fehir do\u011falta\u015f","article_modified_time":"2022-03-16T17:33:57+00:00","og_image":[{"width":403,"height":403,"url":"https:\/\/eskisehirdogaltas.com\/wp-content\/uploads\/2022\/03\/tas-ev-2.jpg","type":"image\/jpeg"}],"twitter_card":"summary_large_image","twitter_misc":{"Tahmini okuma s\u00fcresi":"1 dakika"},"schema":{"@context":"https:\/\/schema.org","@graph":[{"@type":"WebPage","@id":"https:\/\/eskisehirdogaltas.com\/?product=tas-evler-2","url":"https:\/\/eskisehirdogaltas.com\/?product=tas-evler-2","name":"ta\u015f evler - Eski\u015fehir do\u011falta\u015f","isPartOf":{"@id":"https:\/\/eskisehirdogaltas.com\/#website"},"primaryImageOfPage":{"@id":"https:\/\/eskisehirdogaltas.com\/?product=tas-evler-2#primaryimage"},"image":{"@id":"https:\/\/eskisehirdogaltas.com\/?product=tas-evler-2#primaryimage"},"thumbnailUrl":"https:\/\/eskisehirdogaltas.com\/wp-content\/uploads\/2022\/03\/tas-ev-2.jpg","datePublished":"2022-03-16T17:32:15+00:00","dateModified":"2022-03-16T17:33:57+00:00","breadcrumb":{"@id":"https:\/\/eskisehirdogaltas.com\/?product=tas-evler-2#breadcrumb"},"inLanguage":"tr","potentialAction":[{"@type":"ReadAction","target":["https:\/\/eskisehirdogaltas.com\/?product=tas-evler-2"]}]},{"@type":"ImageObject","inLanguage":"tr","@id":"https:\/\/eskisehirdogaltas.com\/?product=tas-evler-2#primaryimage","url":"https:\/\/eskisehirdogaltas.com\/wp-content\/uploads\/2022\/03\/tas-ev-2.jpg","contentUrl":"https:\/\/eskisehirdogaltas.com\/wp-content\/uploads\/2022\/03\/tas-ev-2.jpg","width":403,"height":403},{"@type":"BreadcrumbList","@id":"https:\/\/eskisehirdogaltas.com\/?product=tas-evler-2#breadcrumb","itemListElement":[{"@type":"ListItem","position":1,"name":"Ana sayfa","item":"https:\/\/eskisehirdogaltas.com\/"},{"@type":"ListItem","position":2,"name":"Shop","item":"https:\/\/eskisehirdogaltas.com\/?page_id=2789"},{"@type":"ListItem","position":3,"name":"ta\u015f evler"}]},{"@type":"WebSite","@id":"https:\/\/eskisehirdogaltas.com\/#website","url":"https:\/\/eskisehirdogaltas.com\/","name":"Eski\u015fehir do\u011falta\u015f","description":"TA\u015e YAPI MARKET","potentialAction":[{"@type":"SearchAction","target":{"@type":"EntryPoint","urlTemplate":"https:\/\/eskisehirdogaltas.com\/?s={search_term_string}"},"query-input":{"@type":"PropertyValueSpecification","valueRequired":true,"valueName":"search_term_string"}}],"inLanguage":"tr"}]}},"_links":{"self":[{"href":"https:\/\/eskisehirdogaltas.com\/index.php?rest_route=\/wp\/v2\/product\/8711","targetHints":{"allow":["GET"]}}],"collection":[{"href":"https:\/\/eskisehirdogaltas.com\/index.php?rest_route=\/wp\/v2\/product"}],"about":[{"href":"https:\/\/eskisehirdogaltas.com\/index.php?rest_route=\/wp\/v2\/types\/product"}],"replies":[{"embeddable":true,"href":"https:\/\/eskisehirdogaltas.com\/index.php?rest_route=%2Fwp%2Fv2%2Fcomments&post=8711"}],"wp:featuredmedia":[{"embeddable":true,"href":"https:\/\/eskisehirdogaltas.com\/index.php?rest_route=\/wp\/v2\/media\/8712"}],"wp:attachment":[{"href":"https:\/\/eskisehirdogaltas.com\/index.php?rest_route=%2Fwp%2Fv2%2Fmedia&parent=8711"}],"wp:term":[{"taxonomy":"product_brand","embeddable":true,"href":"https:\/\/eskisehirdogaltas.com\/index.php?rest_route=%2Fwp%2Fv2%2Fproduct_brand&post=8711"},{"taxonomy":"product_cat","embeddable":true,"href":"https:\/\/eskisehirdogaltas.com\/index.php?rest_route=%2Fwp%2Fv2%2Fproduct_cat&post=8711"},{"taxonomy":"product_tag","embeddable":true,"href":"https:\/\/eskisehirdogaltas.com\/index.php?rest_route=%2Fwp%2Fv2%2Fproduct_tag&post=8711"}],"curies":[{"name":"wp","href":"https:\/\/api.w.org\/{rel}","templated":true}]}}