{"id":8759,"date":"2023-09-08T10:25:42","date_gmt":"2023-09-08T07:25:42","guid":{"rendered":"http:\/\/eskisehirdogaltas.com\/?post_type=product&#038;p=8759"},"modified":"2025-06-02T00:25:04","modified_gmt":"2025-06-01T21:25:04","slug":"barbekuler","status":"publish","type":"product","link":"https:\/\/eskisehirdogaltas.com\/?product=barbekuler","title":{"rendered":"barbek\u00fcler"},"content":{"rendered":"","protected":true},"excerpt":{"rendered":"","protected":true},"featured_media":8760,"comment_status":"open","ping_status":"closed","template":"","meta":{"_acf_changed":false},"product_brand":[],"product_cat":[90],"product_tag":[],"class_list":{"0":"post-8759","1":"product","2":"type-product","3":"status-publish","4":"post-password-required","6":"product_cat-barbekuler","8":"first","9":"instock","10":"shipping-taxable","11":"purchasable","12":"product-type-simple"},"acf":[],"yoast_head":"<!-- This site is optimized with the Yoast SEO plugin v24.6 - https:\/\/yoast.com\/wordpress\/plugins\/seo\/ -->\n<title>barbek\u00fcler - Eski\u015fehir do\u011falta\u015f<\/title>\n<meta name=\"description\" content=\"barbek\u00fc \u00e7e\u015fitlerimiz mevcuttur,kurulumu pratik ve ekonomik olarak barbek\u00fclerimizi siz de\u011ferli m\u00fc\u015fterilerimizin hizmetine sunuyoruz...\" \/>\n<meta name=\"robots\" content=\"index, follow, max-snippet:-1, max-image-preview:large, max-video-preview:-1\" \/>\n<link rel=\"canonical\" href=\"https:\/\/eskisehirdogaltas.com\/?product=barbekuler\" \/>\n<meta property=\"og:locale\" content=\"tr_TR\" \/>\n<meta property=\"og:type\" content=\"article\" \/>\n<meta property=\"og:title\" content=\"barbek\u00fcler - Eski\u015fehir do\u011falta\u015f\" \/>\n<meta property=\"og:description\" content=\"barbek\u00fc \u00e7e\u015fitlerimiz mevcuttur,kurulumu pratik ve ekonomik olarak barbek\u00fclerimizi siz de\u011ferli m\u00fc\u015fterilerimizin hizmetine sunuyoruz...\" \/>\n<meta property=\"og:url\" content=\"https:\/\/eskisehirdogaltas.com\/?product=barbekuler\" \/>\n<meta property=\"og:site_name\" content=\"Eski\u015fehir do\u011falta\u015f\" \/>\n<meta property=\"article:modified_time\" content=\"2025-06-01T21:25:04+00:00\" \/>\n<meta name=\"twitter:card\" content=\"summary_large_image\" \/>\n<meta name=\"twitter:label1\" content=\"Tahmini okuma s\u00fcresi\" \/>\n\t<meta name=\"twitter:data1\" content=\"1 dakika\" \/>\n<script type=\"application\/ld+json\" class=\"yoast-schema-graph\">{\"@context\":\"https:\/\/schema.org\",\"@graph\":[{\"@type\":\"WebPage\",\"@id\":\"https:\/\/eskisehirdogaltas.com\/?product=barbekuler\",\"url\":\"https:\/\/eskisehirdogaltas.com\/?product=barbekuler\",\"name\":\"barbek\u00fcler - Eski\u015fehir do\u011falta\u015f\",\"isPartOf\":{\"@id\":\"https:\/\/eskisehirdogaltas.com\/#website\"},\"datePublished\":\"2023-09-08T07:25:42+00:00\",\"dateModified\":\"2025-06-01T21:25:04+00:00\",\"breadcrumb\":{\"@id\":\"https:\/\/eskisehirdogaltas.com\/?product=barbekuler#breadcrumb\"},\"inLanguage\":\"tr\"},{\"@type\":\"WebSite\",\"@id\":\"https:\/\/eskisehirdogaltas.com\/#website\",\"url\":\"https:\/\/eskisehirdogaltas.com\/\",\"name\":\"Eski\u015fehir do\u011falta\u015f\",\"description\":\"TA\u015e YAPI MARKET\",\"potentialAction\":[{\"@type\":\"SearchAction\",\"target\":{\"@type\":\"EntryPoint\",\"urlTemplate\":\"https:\/\/eskisehirdogaltas.com\/?s={search_term_string}\"},\"query-input\":{\"@type\":\"PropertyValueSpecification\",\"valueRequired\":true,\"valueName\":\"search_term_string\"}}],\"inLanguage\":\"tr\"}]}<\/script>\n<!-- \/ Yoast SEO plugin. -->","yoast_head_json":{"title":"barbek\u00fcler - Eski\u015fehir do\u011falta\u015f","description":"barbek\u00fc \u00e7e\u015fitlerimiz mevcuttur,kurulumu pratik ve ekonomik olarak barbek\u00fclerimizi siz de\u011ferli m\u00fc\u015fterilerimizin hizmetine sunuyoruz...","robots":{"index":"index","follow":"follow","max-snippet":"max-snippet:-1","max-image-preview":"max-image-preview:large","max-video-preview":"max-video-preview:-1"},"canonical":"https:\/\/eskisehirdogaltas.com\/?product=barbekuler","og_locale":"tr_TR","og_type":"article","og_title":"barbek\u00fcler - Eski\u015fehir do\u011falta\u015f","og_description":"barbek\u00fc \u00e7e\u015fitlerimiz mevcuttur,kurulumu pratik ve ekonomik olarak barbek\u00fclerimizi siz de\u011ferli m\u00fc\u015fterilerimizin hizmetine sunuyoruz...","og_url":"https:\/\/eskisehirdogaltas.com\/?product=barbekuler","og_site_name":"Eski\u015fehir do\u011falta\u015f","article_modified_time":"2025-06-01T21:25:04+00:00","twitter_card":"summary_large_image","twitter_misc":{"Tahmini okuma s\u00fcresi":"1 dakika"},"schema":{"@context":"https:\/\/schema.org","@graph":[{"@type":"WebPage","@id":"https:\/\/eskisehirdogaltas.com\/?product=barbekuler","url":"https:\/\/eskisehirdogaltas.com\/?product=barbekuler","name":"barbek\u00fcler - Eski\u015fehir do\u011falta\u015f","isPartOf":{"@id":"https:\/\/eskisehirdogaltas.com\/#website"},"datePublished":"2023-09-08T07:25:42+00:00","dateModified":"2025-06-01T21:25:04+00:00","breadcrumb":{"@id":"https:\/\/eskisehirdogaltas.com\/?product=barbekuler#breadcrumb"},"inLanguage":"tr"},{"@type":"WebSite","@id":"https:\/\/eskisehirdogaltas.com\/#website","url":"https:\/\/eskisehirdogaltas.com\/","name":"Eski\u015fehir do\u011falta\u015f","description":"TA\u015e YAPI MARKET","potentialAction":[{"@type":"SearchAction","target":{"@type":"EntryPoint","urlTemplate":"https:\/\/eskisehirdogaltas.com\/?s={search_term_string}"},"query-input":{"@type":"PropertyValueSpecification","valueRequired":true,"valueName":"search_term_string"}}],"inLanguage":"tr"}]}},"_links":{"self":[{"href":"https:\/\/eskisehirdogaltas.com\/index.php?rest_route=\/wp\/v2\/product\/8759","targetHints":{"allow":["GET"]}}],"collection":[{"href":"https:\/\/eskisehirdogaltas.com\/index.php?rest_route=\/wp\/v2\/product"}],"about":[{"href":"https:\/\/eskisehirdogaltas.com\/index.php?rest_route=\/wp\/v2\/types\/product"}],"replies":[{"embeddable":true,"href":"https:\/\/eskisehirdogaltas.com\/index.php?rest_route=%2Fwp%2Fv2%2Fcomments&post=8759"}],"wp:featuredmedia":[{"embeddable":true,"href":"https:\/\/eskisehirdogaltas.com\/index.php?rest_route=\/wp\/v2\/media\/8760"}],"wp:attachment":[{"href":"https:\/\/eskisehirdogaltas.com\/index.php?rest_route=%2Fwp%2Fv2%2Fmedia&parent=8759"}],"wp:term":[{"taxonomy":"product_brand","embeddable":true,"href":"https:\/\/eskisehirdogaltas.com\/index.php?rest_route=%2Fwp%2Fv2%2Fproduct_brand&post=8759"},{"taxonomy":"product_cat","embeddable":true,"href":"https:\/\/eskisehirdogaltas.com\/index.php?rest_route=%2Fwp%2Fv2%2Fproduct_cat&post=8759"},{"taxonomy":"product_tag","embeddable":true,"href":"https:\/\/eskisehirdogaltas.com\/index.php?rest_route=%2Fwp%2Fv2%2Fproduct_tag&post=8759"}],"curies":[{"name":"wp","href":"https:\/\/api.w.org\/{rel}","templated":true}]}}