{"id":8839,"date":"2024-10-09T16:18:23","date_gmt":"2024-10-09T13:18:23","guid":{"rendered":"https:\/\/eskisehirdogaltas.com\/?post_type=product&#038;p=8839"},"modified":"2025-02-08T13:10:31","modified_gmt":"2025-02-08T10:10:31","slug":"dolamit-cakil-taslari-kopya","status":"publish","type":"product","link":"https:\/\/eskisehirdogaltas.com\/?product=dolamit-cakil-taslari-kopya","title":{"rendered":"dolamit \u00e7ak\u0131l ta\u015flar\u0131 (Kopya)"},"content":{"rendered":"<p>dolamit \u00e7ak\u0131l ta\u015flar\u0131 kuru peyzaj uygulamalar\u0131nda kullan\u0131l\u0131r,\u00f6zellikle \u00e7amurlu alanlarda ve bah\u00e7enin ye\u015fermeyen alanlar\u0131nda kurtar\u0131c\u0131n\u0131z olarak bilinir.hem do\u011fall\u0131\u011f\u0131yla hem de g\u00f6rsel zenginli\u011fiyle bilinen bir \u00fcr\u00fcnd\u00fcr siz hayal edin biz ger\u00e7e\u011fe d\u00f6n\u00fc\u015ft\u00fcrelim&#8230;<\/p>\n","protected":false},"excerpt":{"rendered":"<p>dolamit \u00e7ak\u0131l ta\u015flar\u0131 kuru peyzaj uygulamalar\u0131nda kullan\u0131l\u0131r,\u00f6zellikle \u00e7amurlu alanlarda ve bah\u00e7enin ye\u015fermeyen alanlar\u0131nda kurtar\u0131c\u0131n\u0131z olarak bilinir.hem do\u011fall\u0131\u011f\u0131yla hem de g\u00f6rsel zenginli\u011fiyle bilinen bir \u00fcr\u00fcnd\u00fcr siz hayal edin biz ger\u00e7e\u011fe d\u00f6n\u00fc\u015ft\u00fcrelim&#8230;<\/p>\n","protected":false},"featured_media":8492,"comment_status":"open","ping_status":"closed","template":"","meta":{"_acf_changed":false},"product_brand":[],"product_cat":[44],"product_tag":[],"class_list":{"0":"post-8839","1":"product","2":"type-product","3":"status-publish","4":"has-post-thumbnail","6":"product_cat-dolamit-ve-cakiltaslari","8":"first","9":"instock","10":"shipping-taxable","11":"product-type-simple"},"acf":[],"yoast_head":"<!-- This site is optimized with the Yoast SEO plugin v24.6 - https:\/\/yoast.com\/wordpress\/plugins\/seo\/ -->\n<title>dolamit \u00e7ak\u0131l ta\u015flar\u0131 (Kopya) - Eski\u015fehir do\u011falta\u015f<\/title>\n<meta name=\"description\" content=\"dolamit \u00e7ak\u0131l ta\u015flar\u0131 kuru peyzaj uygulamalar\u0131nda kullan\u0131l\u0131r,\u00f6zellikle \u00e7amurlu alanlarda ve bah\u00e7enin ye\u015fermeyen alanlar\u0131nda kurtar\u0131c\u0131n\u0131z olarak bilinir.\" \/>\n<meta name=\"robots\" content=\"index, follow, max-snippet:-1, max-image-preview:large, max-video-preview:-1\" \/>\n<link rel=\"canonical\" href=\"https:\/\/eskisehirdogaltas.com\/?product=dolamit-cakil-taslari-kopya\" \/>\n<meta property=\"og:locale\" content=\"tr_TR\" \/>\n<meta property=\"og:type\" content=\"article\" \/>\n<meta property=\"og:title\" content=\"dolamit \u00e7ak\u0131l ta\u015flar\u0131 (Kopya) - Eski\u015fehir do\u011falta\u015f\" \/>\n<meta property=\"og:description\" content=\"dolamit \u00e7ak\u0131l ta\u015flar\u0131 kuru peyzaj uygulamalar\u0131nda kullan\u0131l\u0131r,\u00f6zellikle \u00e7amurlu alanlarda ve bah\u00e7enin ye\u015fermeyen alanlar\u0131nda kurtar\u0131c\u0131n\u0131z olarak bilinir.\" \/>\n<meta property=\"og:url\" content=\"https:\/\/eskisehirdogaltas.com\/?product=dolamit-cakil-taslari-kopya\" \/>\n<meta property=\"og:site_name\" content=\"Eski\u015fehir do\u011falta\u015f\" \/>\n<meta property=\"article:modified_time\" content=\"2025-02-08T10:10:31+00:00\" \/>\n<meta property=\"og:image\" content=\"https:\/\/eskisehirdogaltas.com\/wp-content\/uploads\/2021\/03\/shoow-room_27.gif\" \/>\n\t<meta property=\"og:image:width\" content=\"1024\" \/>\n\t<meta property=\"og:image:height\" content=\"600\" \/>\n\t<meta property=\"og:image:type\" content=\"image\/gif\" \/>\n<meta name=\"twitter:card\" content=\"summary_large_image\" \/>\n<meta name=\"twitter:label1\" content=\"Tahmini okuma s\u00fcresi\" \/>\n\t<meta name=\"twitter:data1\" content=\"1 dakika\" \/>\n<script type=\"application\/ld+json\" class=\"yoast-schema-graph\">{\"@context\":\"https:\/\/schema.org\",\"@graph\":[{\"@type\":\"WebPage\",\"@id\":\"https:\/\/eskisehirdogaltas.com\/?product=dolamit-cakil-taslari-kopya\",\"url\":\"https:\/\/eskisehirdogaltas.com\/?product=dolamit-cakil-taslari-kopya\",\"name\":\"dolamit \u00e7ak\u0131l ta\u015flar\u0131 (Kopya) - Eski\u015fehir do\u011falta\u015f\",\"isPartOf\":{\"@id\":\"https:\/\/eskisehirdogaltas.com\/#website\"},\"primaryImageOfPage\":{\"@id\":\"https:\/\/eskisehirdogaltas.com\/?product=dolamit-cakil-taslari-kopya#primaryimage\"},\"image\":{\"@id\":\"https:\/\/eskisehirdogaltas.com\/?product=dolamit-cakil-taslari-kopya#primaryimage\"},\"thumbnailUrl\":\"https:\/\/eskisehirdogaltas.com\/wp-content\/uploads\/2021\/03\/shoow-room_27.gif\",\"datePublished\":\"2024-10-09T13:18:23+00:00\",\"dateModified\":\"2025-02-08T10:10:31+00:00\",\"description\":\"dolamit \u00e7ak\u0131l ta\u015flar\u0131 kuru peyzaj uygulamalar\u0131nda kullan\u0131l\u0131r,\u00f6zellikle \u00e7amurlu alanlarda ve bah\u00e7enin ye\u015fermeyen alanlar\u0131nda kurtar\u0131c\u0131n\u0131z olarak bilinir.\",\"breadcrumb\":{\"@id\":\"https:\/\/eskisehirdogaltas.com\/?product=dolamit-cakil-taslari-kopya#breadcrumb\"},\"inLanguage\":\"tr\",\"potentialAction\":[{\"@type\":\"ReadAction\",\"target\":[\"https:\/\/eskisehirdogaltas.com\/?product=dolamit-cakil-taslari-kopya\"]}]},{\"@type\":\"ImageObject\",\"inLanguage\":\"tr\",\"@id\":\"https:\/\/eskisehirdogaltas.com\/?product=dolamit-cakil-taslari-kopya#primaryimage\",\"url\":\"https:\/\/eskisehirdogaltas.com\/wp-content\/uploads\/2021\/03\/shoow-room_27.gif\",\"contentUrl\":\"https:\/\/eskisehirdogaltas.com\/wp-content\/uploads\/2021\/03\/shoow-room_27.gif\",\"width\":1024,\"height\":600},{\"@type\":\"BreadcrumbList\",\"@id\":\"https:\/\/eskisehirdogaltas.com\/?product=dolamit-cakil-taslari-kopya#breadcrumb\",\"itemListElement\":[{\"@type\":\"ListItem\",\"position\":1,\"name\":\"Ana sayfa\",\"item\":\"https:\/\/eskisehirdogaltas.com\/\"},{\"@type\":\"ListItem\",\"position\":2,\"name\":\"Shop\",\"item\":\"https:\/\/eskisehirdogaltas.com\/?page_id=2789\"},{\"@type\":\"ListItem\",\"position\":3,\"name\":\"dolamit \u00e7ak\u0131l ta\u015flar\u0131 (Kopya)\"}]},{\"@type\":\"WebSite\",\"@id\":\"https:\/\/eskisehirdogaltas.com\/#website\",\"url\":\"https:\/\/eskisehirdogaltas.com\/\",\"name\":\"Eski\u015fehir do\u011falta\u015f\",\"description\":\"TA\u015e YAPI MARKET\",\"potentialAction\":[{\"@type\":\"SearchAction\",\"target\":{\"@type\":\"EntryPoint\",\"urlTemplate\":\"https:\/\/eskisehirdogaltas.com\/?s={search_term_string}\"},\"query-input\":{\"@type\":\"PropertyValueSpecification\",\"valueRequired\":true,\"valueName\":\"search_term_string\"}}],\"inLanguage\":\"tr\"}]}<\/script>\n<!-- \/ Yoast SEO plugin. -->","yoast_head_json":{"title":"dolamit \u00e7ak\u0131l ta\u015flar\u0131 (Kopya) - Eski\u015fehir do\u011falta\u015f","description":"dolamit \u00e7ak\u0131l ta\u015flar\u0131 kuru peyzaj uygulamalar\u0131nda kullan\u0131l\u0131r,\u00f6zellikle \u00e7amurlu alanlarda ve bah\u00e7enin ye\u015fermeyen alanlar\u0131nda kurtar\u0131c\u0131n\u0131z olarak bilinir.","robots":{"index":"index","follow":"follow","max-snippet":"max-snippet:-1","max-image-preview":"max-image-preview:large","max-video-preview":"max-video-preview:-1"},"canonical":"https:\/\/eskisehirdogaltas.com\/?product=dolamit-cakil-taslari-kopya","og_locale":"tr_TR","og_type":"article","og_title":"dolamit \u00e7ak\u0131l ta\u015flar\u0131 (Kopya) - Eski\u015fehir do\u011falta\u015f","og_description":"dolamit \u00e7ak\u0131l ta\u015flar\u0131 kuru peyzaj uygulamalar\u0131nda kullan\u0131l\u0131r,\u00f6zellikle \u00e7amurlu alanlarda ve bah\u00e7enin ye\u015fermeyen alanlar\u0131nda kurtar\u0131c\u0131n\u0131z olarak bilinir.","og_url":"https:\/\/eskisehirdogaltas.com\/?product=dolamit-cakil-taslari-kopya","og_site_name":"Eski\u015fehir do\u011falta\u015f","article_modified_time":"2025-02-08T10:10:31+00:00","og_image":[{"width":1024,"height":600,"url":"https:\/\/eskisehirdogaltas.com\/wp-content\/uploads\/2021\/03\/shoow-room_27.gif","type":"image\/gif"}],"twitter_card":"summary_large_image","twitter_misc":{"Tahmini okuma s\u00fcresi":"1 dakika"},"schema":{"@context":"https:\/\/schema.org","@graph":[{"@type":"WebPage","@id":"https:\/\/eskisehirdogaltas.com\/?product=dolamit-cakil-taslari-kopya","url":"https:\/\/eskisehirdogaltas.com\/?product=dolamit-cakil-taslari-kopya","name":"dolamit \u00e7ak\u0131l ta\u015flar\u0131 (Kopya) - Eski\u015fehir do\u011falta\u015f","isPartOf":{"@id":"https:\/\/eskisehirdogaltas.com\/#website"},"primaryImageOfPage":{"@id":"https:\/\/eskisehirdogaltas.com\/?product=dolamit-cakil-taslari-kopya#primaryimage"},"image":{"@id":"https:\/\/eskisehirdogaltas.com\/?product=dolamit-cakil-taslari-kopya#primaryimage"},"thumbnailUrl":"https:\/\/eskisehirdogaltas.com\/wp-content\/uploads\/2021\/03\/shoow-room_27.gif","datePublished":"2024-10-09T13:18:23+00:00","dateModified":"2025-02-08T10:10:31+00:00","description":"dolamit \u00e7ak\u0131l ta\u015flar\u0131 kuru peyzaj uygulamalar\u0131nda kullan\u0131l\u0131r,\u00f6zellikle \u00e7amurlu alanlarda ve bah\u00e7enin ye\u015fermeyen alanlar\u0131nda kurtar\u0131c\u0131n\u0131z olarak bilinir.","breadcrumb":{"@id":"https:\/\/eskisehirdogaltas.com\/?product=dolamit-cakil-taslari-kopya#breadcrumb"},"inLanguage":"tr","potentialAction":[{"@type":"ReadAction","target":["https:\/\/eskisehirdogaltas.com\/?product=dolamit-cakil-taslari-kopya"]}]},{"@type":"ImageObject","inLanguage":"tr","@id":"https:\/\/eskisehirdogaltas.com\/?product=dolamit-cakil-taslari-kopya#primaryimage","url":"https:\/\/eskisehirdogaltas.com\/wp-content\/uploads\/2021\/03\/shoow-room_27.gif","contentUrl":"https:\/\/eskisehirdogaltas.com\/wp-content\/uploads\/2021\/03\/shoow-room_27.gif","width":1024,"height":600},{"@type":"BreadcrumbList","@id":"https:\/\/eskisehirdogaltas.com\/?product=dolamit-cakil-taslari-kopya#breadcrumb","itemListElement":[{"@type":"ListItem","position":1,"name":"Ana sayfa","item":"https:\/\/eskisehirdogaltas.com\/"},{"@type":"ListItem","position":2,"name":"Shop","item":"https:\/\/eskisehirdogaltas.com\/?page_id=2789"},{"@type":"ListItem","position":3,"name":"dolamit \u00e7ak\u0131l ta\u015flar\u0131 (Kopya)"}]},{"@type":"WebSite","@id":"https:\/\/eskisehirdogaltas.com\/#website","url":"https:\/\/eskisehirdogaltas.com\/","name":"Eski\u015fehir do\u011falta\u015f","description":"TA\u015e YAPI MARKET","potentialAction":[{"@type":"SearchAction","target":{"@type":"EntryPoint","urlTemplate":"https:\/\/eskisehirdogaltas.com\/?s={search_term_string}"},"query-input":{"@type":"PropertyValueSpecification","valueRequired":true,"valueName":"search_term_string"}}],"inLanguage":"tr"}]}},"_links":{"self":[{"href":"https:\/\/eskisehirdogaltas.com\/index.php?rest_route=\/wp\/v2\/product\/8839","targetHints":{"allow":["GET"]}}],"collection":[{"href":"https:\/\/eskisehirdogaltas.com\/index.php?rest_route=\/wp\/v2\/product"}],"about":[{"href":"https:\/\/eskisehirdogaltas.com\/index.php?rest_route=\/wp\/v2\/types\/product"}],"replies":[{"embeddable":true,"href":"https:\/\/eskisehirdogaltas.com\/index.php?rest_route=%2Fwp%2Fv2%2Fcomments&post=8839"}],"wp:featuredmedia":[{"embeddable":true,"href":"https:\/\/eskisehirdogaltas.com\/index.php?rest_route=\/wp\/v2\/media\/8492"}],"wp:attachment":[{"href":"https:\/\/eskisehirdogaltas.com\/index.php?rest_route=%2Fwp%2Fv2%2Fmedia&parent=8839"}],"wp:term":[{"taxonomy":"product_brand","embeddable":true,"href":"https:\/\/eskisehirdogaltas.com\/index.php?rest_route=%2Fwp%2Fv2%2Fproduct_brand&post=8839"},{"taxonomy":"product_cat","embeddable":true,"href":"https:\/\/eskisehirdogaltas.com\/index.php?rest_route=%2Fwp%2Fv2%2Fproduct_cat&post=8839"},{"taxonomy":"product_tag","embeddable":true,"href":"https:\/\/eskisehirdogaltas.com\/index.php?rest_route=%2Fwp%2Fv2%2Fproduct_tag&post=8839"}],"curies":[{"name":"wp","href":"https:\/\/api.w.org\/{rel}","templated":true}]}}