{"id":8858,"date":"2025-01-22T11:40:16","date_gmt":"2025-01-22T08:40:16","guid":{"rendered":"https:\/\/eskisehirdogaltas.com\/?post_type=product&#038;p=8858"},"modified":"2025-01-27T14:59:30","modified_gmt":"2025-01-27T11:59:30","slug":"dolamit","status":"publish","type":"product","link":"https:\/\/eskisehirdogaltas.com\/?product=dolamit","title":{"rendered":"dolamit"},"content":{"rendered":"<p><img loading=\"lazy\" decoding=\"async\" class=\"alignnone size-medium wp-image-8851\" src=\"https:\/\/eskisehirdogaltas.com\/wp-content\/uploads\/2024\/10\/CFOP2357-5-169x300.jpg\" alt=\"\" width=\"169\" height=\"300\" srcset=\"https:\/\/eskisehirdogaltas.com\/wp-content\/uploads\/2024\/10\/CFOP2357-5-169x300.jpg 169w, https:\/\/eskisehirdogaltas.com\/wp-content\/uploads\/2024\/10\/CFOP2357-5-576x1024.jpg 576w, https:\/\/eskisehirdogaltas.com\/wp-content\/uploads\/2024\/10\/CFOP2357-5-600x1067.jpg 600w, https:\/\/eskisehirdogaltas.com\/wp-content\/uploads\/2024\/10\/CFOP2357-5-scaled.jpg 1440w\" sizes=\"auto, (max-width: 169px) 100vw, 169px\" \/><\/p>\n","protected":false},"excerpt":{"rendered":"<p><img loading=\"lazy\" decoding=\"async\" class=\"alignnone size-medium wp-image-8851\" src=\"https:\/\/eskisehirdogaltas.com\/wp-content\/uploads\/2024\/10\/CFOP2357-5-169x300.jpg\" alt=\"\" width=\"169\" height=\"300\" srcset=\"https:\/\/eskisehirdogaltas.com\/wp-content\/uploads\/2024\/10\/CFOP2357-5-169x300.jpg 169w, https:\/\/eskisehirdogaltas.com\/wp-content\/uploads\/2024\/10\/CFOP2357-5-576x1024.jpg 576w, https:\/\/eskisehirdogaltas.com\/wp-content\/uploads\/2024\/10\/CFOP2357-5-600x1067.jpg 600w, https:\/\/eskisehirdogaltas.com\/wp-content\/uploads\/2024\/10\/CFOP2357-5-scaled.jpg 1440w\" sizes=\"auto, (max-width: 169px) 100vw, 169px\" \/><\/p>\n","protected":false},"featured_media":8851,"comment_status":"open","ping_status":"closed","template":"","meta":{"_acf_changed":false},"product_brand":[],"product_cat":[44],"product_tag":[],"class_list":{"0":"post-8858","1":"product","2":"type-product","3":"status-publish","4":"has-post-thumbnail","6":"product_cat-dolamit-ve-cakiltaslari","8":"first","9":"instock","10":"shipping-taxable","11":"product-type-simple"},"acf":[],"yoast_head":"<!-- This site is optimized with the Yoast SEO plugin v24.6 - https:\/\/yoast.com\/wordpress\/plugins\/seo\/ -->\n<title>dolamit - Eski\u015fehir do\u011falta\u015f<\/title>\n<meta name=\"robots\" content=\"index, follow, max-snippet:-1, max-image-preview:large, max-video-preview:-1\" \/>\n<link rel=\"canonical\" href=\"https:\/\/eskisehirdogaltas.com\/?product=dolamit\" \/>\n<meta property=\"og:locale\" content=\"tr_TR\" \/>\n<meta property=\"og:type\" content=\"article\" \/>\n<meta property=\"og:title\" content=\"dolamit - Eski\u015fehir do\u011falta\u015f\" \/>\n<meta property=\"og:url\" content=\"https:\/\/eskisehirdogaltas.com\/?product=dolamit\" \/>\n<meta property=\"og:site_name\" content=\"Eski\u015fehir do\u011falta\u015f\" \/>\n<meta property=\"article:modified_time\" content=\"2025-01-27T11:59:30+00:00\" \/>\n<meta property=\"og:image\" content=\"https:\/\/eskisehirdogaltas.com\/wp-content\/uploads\/2024\/10\/CFOP2357-5-scaled.jpg\" \/>\n\t<meta property=\"og:image:width\" content=\"1440\" \/>\n\t<meta property=\"og:image:height\" content=\"2560\" \/>\n\t<meta property=\"og:image:type\" content=\"image\/jpeg\" \/>\n<meta name=\"twitter:card\" content=\"summary_large_image\" \/>\n<meta name=\"twitter:label1\" content=\"Tahmini okuma s\u00fcresi\" \/>\n\t<meta name=\"twitter:data1\" content=\"1 dakika\" \/>\n<script type=\"application\/ld+json\" class=\"yoast-schema-graph\">{\"@context\":\"https:\/\/schema.org\",\"@graph\":[{\"@type\":\"WebPage\",\"@id\":\"https:\/\/eskisehirdogaltas.com\/?product=dolamit\",\"url\":\"https:\/\/eskisehirdogaltas.com\/?product=dolamit\",\"name\":\"dolamit - Eski\u015fehir do\u011falta\u015f\",\"isPartOf\":{\"@id\":\"https:\/\/eskisehirdogaltas.com\/#website\"},\"primaryImageOfPage\":{\"@id\":\"https:\/\/eskisehirdogaltas.com\/?product=dolamit#primaryimage\"},\"image\":{\"@id\":\"https:\/\/eskisehirdogaltas.com\/?product=dolamit#primaryimage\"},\"thumbnailUrl\":\"https:\/\/eskisehirdogaltas.com\/wp-content\/uploads\/2024\/10\/CFOP2357-5-scaled.jpg\",\"datePublished\":\"2025-01-22T08:40:16+00:00\",\"dateModified\":\"2025-01-27T11:59:30+00:00\",\"breadcrumb\":{\"@id\":\"https:\/\/eskisehirdogaltas.com\/?product=dolamit#breadcrumb\"},\"inLanguage\":\"tr\",\"potentialAction\":[{\"@type\":\"ReadAction\",\"target\":[\"https:\/\/eskisehirdogaltas.com\/?product=dolamit\"]}]},{\"@type\":\"ImageObject\",\"inLanguage\":\"tr\",\"@id\":\"https:\/\/eskisehirdogaltas.com\/?product=dolamit#primaryimage\",\"url\":\"https:\/\/eskisehirdogaltas.com\/wp-content\/uploads\/2024\/10\/CFOP2357-5-scaled.jpg\",\"contentUrl\":\"https:\/\/eskisehirdogaltas.com\/wp-content\/uploads\/2024\/10\/CFOP2357-5-scaled.jpg\",\"width\":1440,\"height\":2560},{\"@type\":\"BreadcrumbList\",\"@id\":\"https:\/\/eskisehirdogaltas.com\/?product=dolamit#breadcrumb\",\"itemListElement\":[{\"@type\":\"ListItem\",\"position\":1,\"name\":\"Ana sayfa\",\"item\":\"https:\/\/eskisehirdogaltas.com\/\"},{\"@type\":\"ListItem\",\"position\":2,\"name\":\"Shop\",\"item\":\"https:\/\/eskisehirdogaltas.com\/?page_id=2789\"},{\"@type\":\"ListItem\",\"position\":3,\"name\":\"dolamit\"}]},{\"@type\":\"WebSite\",\"@id\":\"https:\/\/eskisehirdogaltas.com\/#website\",\"url\":\"https:\/\/eskisehirdogaltas.com\/\",\"name\":\"Eski\u015fehir do\u011falta\u015f\",\"description\":\"TA\u015e YAPI MARKET\",\"potentialAction\":[{\"@type\":\"SearchAction\",\"target\":{\"@type\":\"EntryPoint\",\"urlTemplate\":\"https:\/\/eskisehirdogaltas.com\/?s={search_term_string}\"},\"query-input\":{\"@type\":\"PropertyValueSpecification\",\"valueRequired\":true,\"valueName\":\"search_term_string\"}}],\"inLanguage\":\"tr\"}]}<\/script>\n<!-- \/ Yoast SEO plugin. -->","yoast_head_json":{"title":"dolamit - Eski\u015fehir do\u011falta\u015f","robots":{"index":"index","follow":"follow","max-snippet":"max-snippet:-1","max-image-preview":"max-image-preview:large","max-video-preview":"max-video-preview:-1"},"canonical":"https:\/\/eskisehirdogaltas.com\/?product=dolamit","og_locale":"tr_TR","og_type":"article","og_title":"dolamit - Eski\u015fehir do\u011falta\u015f","og_url":"https:\/\/eskisehirdogaltas.com\/?product=dolamit","og_site_name":"Eski\u015fehir do\u011falta\u015f","article_modified_time":"2025-01-27T11:59:30+00:00","og_image":[{"width":1440,"height":2560,"url":"https:\/\/eskisehirdogaltas.com\/wp-content\/uploads\/2024\/10\/CFOP2357-5-scaled.jpg","type":"image\/jpeg"}],"twitter_card":"summary_large_image","twitter_misc":{"Tahmini okuma s\u00fcresi":"1 dakika"},"schema":{"@context":"https:\/\/schema.org","@graph":[{"@type":"WebPage","@id":"https:\/\/eskisehirdogaltas.com\/?product=dolamit","url":"https:\/\/eskisehirdogaltas.com\/?product=dolamit","name":"dolamit - Eski\u015fehir do\u011falta\u015f","isPartOf":{"@id":"https:\/\/eskisehirdogaltas.com\/#website"},"primaryImageOfPage":{"@id":"https:\/\/eskisehirdogaltas.com\/?product=dolamit#primaryimage"},"image":{"@id":"https:\/\/eskisehirdogaltas.com\/?product=dolamit#primaryimage"},"thumbnailUrl":"https:\/\/eskisehirdogaltas.com\/wp-content\/uploads\/2024\/10\/CFOP2357-5-scaled.jpg","datePublished":"2025-01-22T08:40:16+00:00","dateModified":"2025-01-27T11:59:30+00:00","breadcrumb":{"@id":"https:\/\/eskisehirdogaltas.com\/?product=dolamit#breadcrumb"},"inLanguage":"tr","potentialAction":[{"@type":"ReadAction","target":["https:\/\/eskisehirdogaltas.com\/?product=dolamit"]}]},{"@type":"ImageObject","inLanguage":"tr","@id":"https:\/\/eskisehirdogaltas.com\/?product=dolamit#primaryimage","url":"https:\/\/eskisehirdogaltas.com\/wp-content\/uploads\/2024\/10\/CFOP2357-5-scaled.jpg","contentUrl":"https:\/\/eskisehirdogaltas.com\/wp-content\/uploads\/2024\/10\/CFOP2357-5-scaled.jpg","width":1440,"height":2560},{"@type":"BreadcrumbList","@id":"https:\/\/eskisehirdogaltas.com\/?product=dolamit#breadcrumb","itemListElement":[{"@type":"ListItem","position":1,"name":"Ana sayfa","item":"https:\/\/eskisehirdogaltas.com\/"},{"@type":"ListItem","position":2,"name":"Shop","item":"https:\/\/eskisehirdogaltas.com\/?page_id=2789"},{"@type":"ListItem","position":3,"name":"dolamit"}]},{"@type":"WebSite","@id":"https:\/\/eskisehirdogaltas.com\/#website","url":"https:\/\/eskisehirdogaltas.com\/","name":"Eski\u015fehir do\u011falta\u015f","description":"TA\u015e YAPI MARKET","potentialAction":[{"@type":"SearchAction","target":{"@type":"EntryPoint","urlTemplate":"https:\/\/eskisehirdogaltas.com\/?s={search_term_string}"},"query-input":{"@type":"PropertyValueSpecification","valueRequired":true,"valueName":"search_term_string"}}],"inLanguage":"tr"}]}},"_links":{"self":[{"href":"https:\/\/eskisehirdogaltas.com\/index.php?rest_route=\/wp\/v2\/product\/8858","targetHints":{"allow":["GET"]}}],"collection":[{"href":"https:\/\/eskisehirdogaltas.com\/index.php?rest_route=\/wp\/v2\/product"}],"about":[{"href":"https:\/\/eskisehirdogaltas.com\/index.php?rest_route=\/wp\/v2\/types\/product"}],"replies":[{"embeddable":true,"href":"https:\/\/eskisehirdogaltas.com\/index.php?rest_route=%2Fwp%2Fv2%2Fcomments&post=8858"}],"wp:featuredmedia":[{"embeddable":true,"href":"https:\/\/eskisehirdogaltas.com\/index.php?rest_route=\/wp\/v2\/media\/8851"}],"wp:attachment":[{"href":"https:\/\/eskisehirdogaltas.com\/index.php?rest_route=%2Fwp%2Fv2%2Fmedia&parent=8858"}],"wp:term":[{"taxonomy":"product_brand","embeddable":true,"href":"https:\/\/eskisehirdogaltas.com\/index.php?rest_route=%2Fwp%2Fv2%2Fproduct_brand&post=8858"},{"taxonomy":"product_cat","embeddable":true,"href":"https:\/\/eskisehirdogaltas.com\/index.php?rest_route=%2Fwp%2Fv2%2Fproduct_cat&post=8858"},{"taxonomy":"product_tag","embeddable":true,"href":"https:\/\/eskisehirdogaltas.com\/index.php?rest_route=%2Fwp%2Fv2%2Fproduct_tag&post=8858"}],"curies":[{"name":"wp","href":"https:\/\/api.w.org\/{rel}","templated":true}]}}